{"id":29066,"date":"2025-04-28T10:01:57","date_gmt":"2025-04-28T10:01:57","guid":{"rendered":"https:\/\/tthcompany.ma\/?post_type=product&#038;p=29066"},"modified":"2025-04-28T10:06:47","modified_gmt":"2025-04-28T10:06:47","slug":"ajax-motioncam-outdoor-8ma-white","status":"publish","type":"product","link":"https:\/\/tthcompany.ma\/index.php\/product\/ajax-motioncam-outdoor-8ma-white\/","title":{"rendered":"AJAX MOTIONCAM OUTDOOR (8MA) WHITE"},"content":{"rendered":"<p>Sp\u00e9cifications<\/p>\n<p>&nbsp;<\/p>\n<table width=\"574\" data-start=\"158\" data-end=\"11567\">\n<tbody>\n<tr data-start=\"158\" data-end=\"422\">\n<td width=\"248\">Cat\u00e9gorie<\/td>\n<td width=\"326\">D\u00e9tails<\/td>\n<\/tr>\n<tr data-start=\"688\" data-end=\"952\">\n<td width=\"248\" data-start=\"688\" data-end=\"726\">Technologie de communication<\/td>\n<td width=\"326\" data-start=\"726\" data-end=\"952\">Jeweller (commandes, alarmes et \u00e9v\u00e9nements) et Wings (transmission des photos)<\/td>\n<\/tr>\n<tr data-start=\"953\" data-end=\"1219\">\n<td width=\"248\" data-start=\"953\" data-end=\"992\">Caract\u00e9ristiques cl\u00e9s<\/td>\n<td width=\"326\" data-start=\"992\" data-end=\"1219\">Communication bidirectionnelle, Anti-sabotage avanc\u00e9, Chiffrement par blocs avec cl\u00e9 dynamique, Notifications instantan\u00e9es, Commande et configuration \u00e0 distance via application Ajax<\/td>\n<\/tr>\n<tr data-start=\"1220\" data-end=\"1485\">\n<td width=\"248\" data-start=\"1220\" data-end=\"1258\">Bandes de fr\u00e9quences<\/td>\n<td width=\"326\" data-start=\"1258\" data-end=\"1485\">866,0 \u00e0 866,5 MHz, 868,0-868,6 MHz, 868,7 \u00e0 869,2 MHz, 905,0 \u00e0 926,5 MHz, 915,85 \u00e0 926,5 MHz, 921,0 \u00e0 922,0 MHz (selon la r\u00e9gion de vente)<\/td>\n<\/tr>\n<tr data-start=\"1486\" data-end=\"1750\">\n<td width=\"248\" data-start=\"1486\" data-end=\"1524\">Puissance apparente rayonn\u00e9e<\/td>\n<td width=\"326\" data-start=\"1524\" data-end=\"1750\">Jusqu&#8217;\u00e0 20 mW<\/td>\n<\/tr>\n<tr data-start=\"1751\" data-end=\"2017\">\n<td width=\"248\" data-start=\"1751\" data-end=\"1793\">R\u00e9gulation automatique de puissance<\/td>\n<td width=\"326\" data-start=\"1793\" data-end=\"2017\">Oui, pour r\u00e9duire la consommation d&#8217;\u00e9nergie et les interf\u00e9rences<\/td>\n<\/tr>\n<tr data-start=\"2018\" data-end=\"2279\">\n<td width=\"248\" data-start=\"2018\" data-end=\"2056\">Modulation du signal radio<\/td>\n<td width=\"326\" data-start=\"2056\" data-end=\"2279\">GFSK<\/td>\n<\/tr>\n<tr data-start=\"2280\" data-end=\"2544\">\n<td width=\"248\" data-start=\"2280\" data-end=\"2318\">Port\u00e9e de la communication<\/td>\n<td width=\"326\" data-start=\"2318\" data-end=\"2544\">Jusqu&#8217;\u00e0 1 700 m (en champ libre)<\/td>\n<\/tr>\n<tr data-start=\"2545\" data-end=\"2809\">\n<td width=\"248\" data-start=\"2545\" data-end=\"2584\">Communication chiffr\u00e9e<\/td>\n<td width=\"326\" data-start=\"2584\" data-end=\"2809\">Oui, avec chiffrement par blocs et cl\u00e9 dynamique<\/td>\n<\/tr>\n<tr data-start=\"2810\" data-end=\"3072\">\n<td width=\"248\" data-start=\"2810\" data-end=\"2848\">Saut de fr\u00e9quence<\/td>\n<td width=\"326\" data-start=\"2848\" data-end=\"3072\">Oui, pour \u00e9viter les interf\u00e9rences radio et le brouillage<\/td>\n<\/tr>\n<tr data-start=\"3073\" data-end=\"3335\">\n<td width=\"248\" data-start=\"3073\" data-end=\"3111\">Capteurs de d\u00e9tection<\/td>\n<td width=\"326\" data-start=\"3111\" data-end=\"3335\">2 \u00d7 capteurs PIR<\/td>\n<\/tr>\n<tr data-start=\"3336\" data-end=\"3598\">\n<td width=\"248\" data-start=\"3336\" data-end=\"3374\">Photo par alarme<\/td>\n<td width=\"326\" data-start=\"3374\" data-end=\"3598\">La cam\u00e9ra s&#8217;active lors de la d\u00e9tection de mouvement<\/td>\n<\/tr>\n<tr data-start=\"3599\" data-end=\"3867\">\n<td width=\"248\" data-start=\"3599\" data-end=\"3642\">Distance de d\u00e9tection des mouvements<\/td>\n<td width=\"326\" data-start=\"3642\" data-end=\"3867\">3\u201315 m (hauteur d&#8217;installation : 0,8\u20131,3 m)<\/td>\n<\/tr>\n<tr data-start=\"3868\" data-end=\"4130\">\n<td width=\"248\" data-start=\"3868\" data-end=\"3906\">Angles de d\u00e9tection<\/td>\n<td width=\"326\" data-start=\"3906\" data-end=\"4130\">Horizontal : 90\u00b0, Cam\u00e9ra : horizontal : 105\u00b0, vertical : 50\u00b0<\/td>\n<\/tr>\n<tr data-start=\"4131\" data-end=\"4393\">\n<td width=\"248\" data-start=\"4131\" data-end=\"4169\">Distorsion t\u00e9l\u00e9visuelle<\/td>\n<td width=\"326\" data-start=\"4169\" data-end=\"4393\">Barillet \u2013 17 %<\/td>\n<\/tr>\n<tr data-start=\"4394\" data-end=\"4659\">\n<td width=\"248\" data-start=\"4394\" data-end=\"4433\">Vitesse de d\u00e9tection de mouvement<\/td>\n<td width=\"326\" data-start=\"4433\" data-end=\"4659\">De 0,3 \u00e0 2,0 m\/s<\/td>\n<\/tr>\n<tr data-start=\"4660\" data-end=\"4923\">\n<td width=\"248\" data-start=\"4660\" data-end=\"4698\">Sensibilit\u00e9<\/td>\n<td width=\"326\" data-start=\"4698\" data-end=\"4923\">3 niveaux, ajustable par un PRO ou un administrateur via l&#8217;application Ajax<\/td>\n<\/tr>\n<tr data-start=\"4924\" data-end=\"5187\">\n<td width=\"248\" data-start=\"4924\" data-end=\"4962\">Immunit\u00e9 aux animaux<\/td>\n<td width=\"326\" data-start=\"4962\" data-end=\"5187\">Hauteur : jusqu&#8217;\u00e0 80 cm<\/td>\n<\/tr>\n<tr data-start=\"5188\" data-end=\"5462\">\n<td width=\"248\" data-start=\"5188\" data-end=\"5237\">Pr\u00e9vention des d\u00e9clenchements intempestifs<\/td>\n<td width=\"326\" data-start=\"5237\" data-end=\"5462\">LISA, SmartDetect (algorithmes num\u00e9riques)<\/td>\n<\/tr>\n<tr data-start=\"5463\" data-end=\"5727\">\n<td width=\"248\" data-start=\"5463\" data-end=\"5501\">Compensation de temp\u00e9rature<\/td>\n<td width=\"326\" data-start=\"5501\" data-end=\"5727\">Oui, d\u00e9tection efficace entre \u201325 \u00b0C et +60 \u00b0C<\/td>\n<\/tr>\n<tr data-start=\"5728\" data-end=\"5993\">\n<td width=\"248\" data-start=\"5728\" data-end=\"5766\">R\u00e9solution photo r\u00e9glable<\/td>\n<td width=\"326\" data-start=\"5766\" data-end=\"5993\">640 \u00d7 352 px, 320 \u00d7 176 px (par d\u00e9faut)<\/td>\n<\/tr>\n<tr data-start=\"5994\" data-end=\"6257\">\n<td width=\"248\" data-start=\"5994\" data-end=\"6032\">R\u00e9tro\u00e9clairage IR<\/td>\n<td width=\"326\" data-start=\"6032\" data-end=\"6257\">Oui, pour photos dans des conditions de faible luminosit\u00e9<\/td>\n<\/tr>\n<tr data-start=\"6258\" data-end=\"6522\">\n<td width=\"248\" data-start=\"6258\" data-end=\"6296\">Photos en rafale<\/td>\n<td width=\"326\" data-start=\"6296\" data-end=\"6522\">De 1 \u00e0 5 images (r\u00e9solution 320 \u00d7 176 px), ajustable par un PRO ou un administrateur<\/td>\n<\/tr>\n<tr data-start=\"6523\" data-end=\"6789\">\n<td width=\"248\" data-start=\"6523\" data-end=\"6561\">D\u00e9lai de livraison des photos<\/td>\n<td width=\"326\" data-start=\"6561\" data-end=\"6789\">Jusqu&#8217;\u00e0 9 secondes (r\u00e9solution 320 \u00d7 176 px), jusqu&#8217;\u00e0 20 secondes (r\u00e9solution 640 \u00d7 352 px)<\/td>\n<\/tr>\n<tr data-start=\"6790\" data-end=\"7052\">\n<td width=\"248\" data-start=\"6790\" data-end=\"6828\">Protection anti-sabotage<\/td>\n<td width=\"326\" data-start=\"6828\" data-end=\"7052\">Alarme anti-sabotage pour tentatives d&#8217;arracher ou retirer le d\u00e9tecteur<\/td>\n<\/tr>\n<tr data-start=\"7053\" data-end=\"7327\">\n<td width=\"248\" data-start=\"7053\" data-end=\"7102\">Protection contre l&#8217;usurpation des donn\u00e9es<\/td>\n<td width=\"326\" data-start=\"7102\" data-end=\"7327\">Authentification du dispositif<\/td>\n<\/tr>\n<tr data-start=\"7328\" data-end=\"7591\">\n<td width=\"248\" data-start=\"7328\" data-end=\"7366\">Syst\u00e8me anti-masquage<\/td>\n<td width=\"326\" data-start=\"7366\" data-end=\"7591\">D\u00e9tecte les tentatives de bloquer la vue du d\u00e9tecteur<\/td>\n<\/tr>\n<tr data-start=\"7592\" data-end=\"7862\">\n<td width=\"248\" data-start=\"7592\" data-end=\"7636\">D\u00e9tection de l&#8217;\u00e9chec de communication<\/td>\n<td width=\"326\" data-start=\"7636\" data-end=\"7862\">Apr\u00e8s 36 secondes<\/td>\n<\/tr>\n<tr data-start=\"7863\" data-end=\"8126\">\n<td width=\"248\" data-start=\"7863\" data-end=\"7901\">Alimentation<\/td>\n<td width=\"326\" data-start=\"7901\" data-end=\"8126\">4 \u00d7 CR123A (batteries pr\u00e9install\u00e9es)<\/td>\n<\/tr>\n<tr data-start=\"8127\" data-end=\"8392\">\n<td width=\"248\" data-start=\"8127\" data-end=\"8165\">Dur\u00e9e de vie de la batterie<\/td>\n<td width=\"326\" data-start=\"8165\" data-end=\"8392\">Jusqu&#8217;\u00e0 3 ans (sans temporisation \u00e0 l&#8217;armement), jusqu&#8217;\u00e0 2,5 ans (avec temporisation \u00e0 l&#8217;armement)<\/td>\n<\/tr>\n<tr data-start=\"8393\" data-end=\"8658\">\n<td width=\"248\" data-start=\"8393\" data-end=\"8435\">Tension op\u00e9rationnelle du d\u00e9tecteur<\/td>\n<td width=\"326\" data-start=\"8435\" data-end=\"8658\">3,8\u22126,2 V\u2393<\/td>\n<\/tr>\n<tr data-start=\"8659\" data-end=\"8921\">\n<td width=\"248\" data-start=\"8659\" data-end=\"8697\">Consommation \u00e9lectrique au repos<\/td>\n<td width=\"326\" data-start=\"8697\" data-end=\"8921\">23 \u03bcA<\/td>\n<\/tr>\n<tr data-start=\"8922\" data-end=\"9185\">\n<td width=\"248\" data-start=\"8922\" data-end=\"8960\">Consommation \u00e9lectrique maximale<\/td>\n<td width=\"326\" data-start=\"8960\" data-end=\"9185\">906 mA<\/td>\n<\/tr>\n<tr data-start=\"9186\" data-end=\"9449\">\n<td width=\"248\" data-start=\"9186\" data-end=\"9224\">Capacit\u00e9 de la batterie<\/td>\n<td width=\"326\" data-start=\"9224\" data-end=\"9449\">3 200 mAh<\/td>\n<\/tr>\n<tr data-start=\"9450\" data-end=\"9712\">\n<td width=\"248\" data-start=\"9450\" data-end=\"9488\">Faible tension de la batterie<\/td>\n<td width=\"326\" data-start=\"9488\" data-end=\"9712\">4,65 V\u2393<\/td>\n<\/tr>\n<tr data-start=\"9713\" data-end=\"9980\">\n<td width=\"248\" data-start=\"9713\" data-end=\"9756\">Tension de fin de vie de la batterie<\/td>\n<td width=\"326\" data-start=\"9756\" data-end=\"9980\">3,8 V\u2393<\/td>\n<\/tr>\n<tr data-start=\"9981\" data-end=\"10245\">\n<td width=\"248\" data-start=\"9981\" data-end=\"10020\">Bo\u00eetier<\/td>\n<td width=\"326\" data-start=\"10020\" data-end=\"10245\">Dimensions : 206 \u00d7 108 \u00d7 93 mm, Poids : 470 g<\/td>\n<\/tr>\n<tr data-start=\"10246\" data-end=\"10509\">\n<td width=\"248\" data-start=\"10246\" data-end=\"10284\">Temp\u00e9rature de fonctionnement<\/td>\n<td width=\"326\" data-start=\"10284\" data-end=\"10509\">De \u201325 \u00b0C \u00e0 +60 \u00b0C<\/td>\n<\/tr>\n<tr data-start=\"10510\" data-end=\"10773\">\n<td width=\"248\" data-start=\"10510\" data-end=\"10548\">Humidit\u00e9 de fonctionnement<\/td>\n<td width=\"326\" data-start=\"10548\" data-end=\"10773\">Jusqu&#8217;\u00e0 95 %<\/td>\n<\/tr>\n<tr data-start=\"10774\" data-end=\"11036\">\n<td width=\"248\" data-start=\"10774\" data-end=\"10812\">Indice de protection<\/td>\n<td width=\"326\" data-start=\"10812\" data-end=\"11036\">IP55<\/td>\n<\/tr>\n<tr data-start=\"11037\" data-end=\"11301\">\n<td width=\"248\" data-start=\"11037\" data-end=\"11076\">Couleur<\/td>\n<td width=\"326\" data-start=\"11076\" data-end=\"11301\">Blanc<\/td>\n<\/tr>\n<tr data-start=\"11302\" data-end=\"11567\">\n<td width=\"248\" data-start=\"11302\" data-end=\"11340\">Contenu du kit<\/td>\n<td width=\"326\" data-start=\"11340\" data-end=\"11567\">MotionCam Outdoor Jeweller, Panneau de montage SmartBracket, Visi\u00e8re Hood, Kit d&#8217;installation, 4 \u00d7 batteries CR123A (pr\u00e9install\u00e9es), Guide de d\u00e9marrage rapide<\/td>\n<\/tr>\n<\/tbody>\n<\/table>\n","protected":false},"excerpt":{"rendered":"<p>AJAX MOTIONCAM OUTDOOR (8MA) WHITE est un d\u00e9tecteur de mouvement ext\u00e9rieur sans fil dot\u00e9 d&#8217;une cam\u00e9ra pour la v\u00e9rification des alarmes. Il d\u00e9tecte les mouvements jusqu&#8217;\u00e0 15 m\u00e8tres et prend automatiquement une s\u00e9rie de photos anim\u00e9es en cas d&#8217;intrusion, permettant une \u00e9valuation rapide de la situation.<\/p>\n","protected":false},"featured_media":29067,"comment_status":"open","ping_status":"closed","template":"","meta":{"om_disable_all_campaigns":false,"_monsterinsights_skip_tracking":false,"_monsterinsights_sitenote_active":false,"_monsterinsights_sitenote_note":"","_monsterinsights_sitenote_category":0},"product_cat":[1518,1517],"product_tag":[1521,1519,1520,1523,1522,283,1524,1531,1528,1529,1525,1530,1526,1527],"class_list":{"0":"post-29066","1":"product","2":"type-product","3":"status-publish","4":"has-post-thumbnail","6":"product_cat-protection-contre-les-intrusions","7":"product_cat-systeme-de-securite","8":"product_tag-alarme-gsm","9":"product_tag-alarme-maison","10":"product_tag-alarme-sans-fil","11":"product_tag-controle-acces","12":"product_tag-detecteur-mouvement","13":"product_tag-installation-alarme","14":"product_tag-kit-alarme","15":"product_tag-prix-alarme","16":"product_tag-securite-appartement","17":"product_tag-securite-entreprise","18":"product_tag-securite-intrusion","19":"product_tag-securite-maison","20":"product_tag-systeme-alarme","21":"product_tag-telesurveillance","22":"ts_product_brand-ajax","24":"first","25":"instock","26":"shipping-taxable","27":"purchasable","28":"product-type-simple","29":"add-to-wishlist-after_add_to_cart"},"aioseo_notices":[],"_links":{"self":[{"href":"https:\/\/tthcompany.ma\/index.php\/wp-json\/wp\/v2\/product\/29066","targetHints":{"allow":["GET"]}}],"collection":[{"href":"https:\/\/tthcompany.ma\/index.php\/wp-json\/wp\/v2\/product"}],"about":[{"href":"https:\/\/tthcompany.ma\/index.php\/wp-json\/wp\/v2\/types\/product"}],"replies":[{"embeddable":true,"href":"https:\/\/tthcompany.ma\/index.php\/wp-json\/wp\/v2\/comments?post=29066"}],"wp:featuredmedia":[{"embeddable":true,"href":"https:\/\/tthcompany.ma\/index.php\/wp-json\/wp\/v2\/media\/29067"}],"wp:attachment":[{"href":"https:\/\/tthcompany.ma\/index.php\/wp-json\/wp\/v2\/media?parent=29066"}],"wp:term":[{"taxonomy":"product_cat","embeddable":true,"href":"https:\/\/tthcompany.ma\/index.php\/wp-json\/wp\/v2\/product_cat?post=29066"},{"taxonomy":"product_tag","embeddable":true,"href":"https:\/\/tthcompany.ma\/index.php\/wp-json\/wp\/v2\/product_tag?post=29066"}],"curies":[{"name":"wp","href":"https:\/\/api.w.org\/{rel}","templated":true}]}}