{"id":29036,"date":"2025-04-28T09:08:18","date_gmt":"2025-04-28T09:08:18","guid":{"rendered":"https:\/\/tthcompany.ma\/?post_type=product&#038;p=29036"},"modified":"2025-04-28T09:27:18","modified_gmt":"2025-04-28T09:27:18","slug":"ajax-motioncam-8ma-white","status":"publish","type":"product","link":"https:\/\/tthcompany.ma\/index.php\/product\/ajax-motioncam-8ma-white\/","title":{"rendered":"AJAX MOTIONCAM (8MA) WHITE"},"content":{"rendered":"<p>Sp\u00e9cifications<\/p>\n<p>&nbsp;<\/p>\n<table width=\"574\" data-start=\"190\" data-end=\"9708\">\n<tbody>\n<tr data-start=\"190\" data-end=\"454\">\n<td width=\"248\">Cat\u00e9gorie<\/td>\n<td width=\"326\">D\u00e9tails<\/td>\n<\/tr>\n<tr data-start=\"720\" data-end=\"982\">\n<td width=\"248\" data-start=\"720\" data-end=\"758\">Technologie de communication<\/td>\n<td width=\"326\" data-start=\"758\" data-end=\"982\">Jeweller (alarme) et Wings (transmission des photos)<\/td>\n<\/tr>\n<tr data-start=\"983\" data-end=\"1245\">\n<td width=\"248\" data-start=\"983\" data-end=\"1022\">Caract\u00e9ristiques cl\u00e9s<\/td>\n<td width=\"326\" data-start=\"1022\" data-end=\"1245\">Communication bidirectionnelle, Anti-sabotage avanc\u00e9, Chiffrement par blocs avec cl\u00e9 dynamique, Notifications instantan\u00e9es, Commande et configuration \u00e0 distance via application Ajax<\/td>\n<\/tr>\n<tr data-start=\"1246\" data-end=\"1511\">\n<td width=\"248\" data-start=\"1246\" data-end=\"1284\">Bandes de fr\u00e9quences<\/td>\n<td width=\"326\" data-start=\"1284\" data-end=\"1511\">866,0 \u00e0 866,5 MHz, 868,0-868,6 MHz, 868,7 \u00e0 869,2 MHz, 905,0 \u00e0 926,5 MHz, 915,85 \u00e0 926,5 MHz, 921,0 \u00e0 922,0 MHz (selon la r\u00e9gion de vente)<\/td>\n<\/tr>\n<tr data-start=\"1512\" data-end=\"1776\">\n<td width=\"248\" data-start=\"1512\" data-end=\"1550\">Puissance apparente rayonn\u00e9e<\/td>\n<td width=\"326\" data-start=\"1550\" data-end=\"1776\">Jusqu&#8217;\u00e0 20 mW<\/td>\n<\/tr>\n<tr data-start=\"1777\" data-end=\"2038\">\n<td width=\"248\" data-start=\"1777\" data-end=\"1815\">Modulation du signal radio<\/td>\n<td width=\"326\" data-start=\"1815\" data-end=\"2038\">GFSK<\/td>\n<\/tr>\n<tr data-start=\"2039\" data-end=\"2303\">\n<td width=\"248\" data-start=\"2039\" data-end=\"2077\">Port\u00e9e de la communication<\/td>\n<td width=\"326\" data-start=\"2077\" data-end=\"2303\">Jusqu&#8217;\u00e0 1 700 m (en champ libre)<\/td>\n<\/tr>\n<tr data-start=\"2304\" data-end=\"2568\">\n<td width=\"248\" data-start=\"2304\" data-end=\"2343\">Communication chiffr\u00e9e<\/td>\n<td width=\"326\" data-start=\"2343\" data-end=\"2568\">Oui, avec chiffrement par blocs et cl\u00e9 dynamique<\/td>\n<\/tr>\n<tr data-start=\"2569\" data-end=\"2831\">\n<td width=\"248\" data-start=\"2569\" data-end=\"2607\">Saut de fr\u00e9quence<\/td>\n<td width=\"326\" data-start=\"2607\" data-end=\"2831\">Oui, pour \u00e9viter les interf\u00e9rences radio et le brouillage<\/td>\n<\/tr>\n<tr data-start=\"2832\" data-end=\"3094\">\n<td width=\"248\" data-start=\"2832\" data-end=\"2870\">Technologie Wings<\/td>\n<td width=\"326\" data-start=\"2870\" data-end=\"3094\">Communication sans fil pour transmission des photos<\/td>\n<\/tr>\n<tr data-start=\"3095\" data-end=\"3359\">\n<td width=\"248\" data-start=\"3095\" data-end=\"3133\">Port\u00e9e de la communication Wings<\/td>\n<td width=\"326\" data-start=\"3133\" data-end=\"3359\">Jusqu&#8217;\u00e0 1 700 m (en champ libre)<\/td>\n<\/tr>\n<tr data-start=\"3360\" data-end=\"3622\">\n<td width=\"248\" data-start=\"3360\" data-end=\"3398\">Capteur de d\u00e9tection<\/td>\n<td width=\"326\" data-start=\"3398\" data-end=\"3622\">PIR<\/td>\n<\/tr>\n<tr data-start=\"3623\" data-end=\"3891\">\n<td width=\"248\" data-start=\"3623\" data-end=\"3666\">Distance de d\u00e9tection des mouvements<\/td>\n<td width=\"326\" data-start=\"3666\" data-end=\"3891\">Jusqu&#8217;\u00e0 12 m<\/td>\n<\/tr>\n<tr data-start=\"3892\" data-end=\"4157\">\n<td width=\"248\" data-start=\"3892\" data-end=\"3930\">Angles de d\u00e9tection<\/td>\n<td width=\"326\" data-start=\"3930\" data-end=\"4157\">Horizontal : 88,5\u00b0, Vertical : 80\u00b0<\/td>\n<\/tr>\n<tr data-start=\"4158\" data-end=\"4425\">\n<td width=\"248\" data-start=\"4158\" data-end=\"4199\">Vitesse de d\u00e9tection des mouvements<\/td>\n<td width=\"326\" data-start=\"4199\" data-end=\"4425\">De 0,3 \u00e0 2,0 m\/s<\/td>\n<\/tr>\n<tr data-start=\"4426\" data-end=\"4689\">\n<td width=\"248\" data-start=\"4426\" data-end=\"4464\">Sensibilit\u00e9<\/td>\n<td width=\"326\" data-start=\"4464\" data-end=\"4689\">3 niveaux, r\u00e9glables par un PRO ou administrateur via l&#8217;application Ajax<\/td>\n<\/tr>\n<tr data-start=\"4690\" data-end=\"4953\">\n<td width=\"248\" data-start=\"4690\" data-end=\"4728\">Immunit\u00e9 aux animaux<\/td>\n<td width=\"326\" data-start=\"4728\" data-end=\"4953\">Poids : jusqu&#8217;\u00e0 20 kg, Hauteur : jusqu&#8217;\u00e0 50 cm<\/td>\n<\/tr>\n<tr data-start=\"4954\" data-end=\"5228\">\n<td width=\"248\" data-start=\"4954\" data-end=\"5003\">Pr\u00e9vention des d\u00e9clenchements intempestifs<\/td>\n<td width=\"326\" data-start=\"5003\" data-end=\"5228\">SmartDetect (algorithme logiciel)<\/td>\n<\/tr>\n<tr data-start=\"5229\" data-end=\"5493\">\n<td width=\"248\" data-start=\"5229\" data-end=\"5267\">Compensation de temp\u00e9rature<\/td>\n<td width=\"326\" data-start=\"5267\" data-end=\"5493\">Oui, d\u00e9tection efficace entre \u221210 \u00b0C et +40 \u00b0C<\/td>\n<\/tr>\n<tr data-start=\"5494\" data-end=\"5756\">\n<td width=\"248\" data-start=\"5494\" data-end=\"5532\">Photo par alarme<\/td>\n<td width=\"326\" data-start=\"5532\" data-end=\"5756\">La cam\u00e9ra se d\u00e9clenche lors de la d\u00e9tection de mouvement<\/td>\n<\/tr>\n<tr data-start=\"5757\" data-end=\"6020\">\n<td width=\"248\" data-start=\"5757\" data-end=\"5795\">R\u00e9solutions photo<\/td>\n<td width=\"326\" data-start=\"5795\" data-end=\"6020\">640 \u00d7 480 px, 320 \u00d7 240 px (par d\u00e9faut), 160 \u00d7 120 px<\/td>\n<\/tr>\n<tr data-start=\"6021\" data-end=\"6282\">\n<td width=\"248\" data-start=\"6021\" data-end=\"6059\">Image HDR<\/td>\n<td width=\"326\" data-start=\"6059\" data-end=\"6282\">Oui, am\u00e9liore les d\u00e9tails dans les sc\u00e8nes lumineuses et sombres<\/td>\n<\/tr>\n<tr data-start=\"6283\" data-end=\"6544\">\n<td width=\"248\" data-start=\"6283\" data-end=\"6321\">R\u00e9tro\u00e9clairage IR<\/td>\n<td width=\"326\" data-start=\"6321\" data-end=\"6544\">Oui, pour prendre des photos dans des conditions de faible luminosit\u00e9<\/td>\n<\/tr>\n<tr data-start=\"6545\" data-end=\"6809\">\n<td width=\"248\" data-start=\"6545\" data-end=\"6583\">Photos en rafale<\/td>\n<td width=\"326\" data-start=\"6583\" data-end=\"6809\">De 1 \u00e0 5 images (r\u00e9solution 320 \u00d7 240 px ou 160 \u00d7 120 px), de 1 \u00e0 3 images (r\u00e9solution 640 \u00d7 480 px)<\/td>\n<\/tr>\n<tr data-start=\"6810\" data-end=\"7073\">\n<td width=\"248\" data-start=\"6810\" data-end=\"6848\">D\u00e9lai de livraison des photos<\/td>\n<td width=\"326\" data-start=\"6848\" data-end=\"7073\">Jusqu&#8217;\u00e0 7 secondes (160 \u00d7 120 px), jusqu&#8217;\u00e0 9 secondes (320 \u00d7 240 px), jusqu&#8217;\u00e0 20 secondes (640 \u00d7 480 px)<\/td>\n<\/tr>\n<tr data-start=\"7074\" data-end=\"7335\">\n<td width=\"248\" data-start=\"7074\" data-end=\"7112\">Protection anti-sabotage<\/td>\n<td width=\"326\" data-start=\"7112\" data-end=\"7335\">Alarme anti-sabotage pour tentatives d&#8217;arracher ou retirer le dispositif<\/td>\n<\/tr>\n<tr data-start=\"7336\" data-end=\"7599\">\n<td width=\"248\" data-start=\"7336\" data-end=\"7374\">Alimentation<\/td>\n<td width=\"326\" data-start=\"7374\" data-end=\"7599\">2 \u00d7 CR123A (batteries pr\u00e9install\u00e9es)<\/td>\n<\/tr>\n<tr data-start=\"7600\" data-end=\"7863\">\n<td width=\"248\" data-start=\"7600\" data-end=\"7638\">Dur\u00e9e de vie de la batterie<\/td>\n<td width=\"326\" data-start=\"7638\" data-end=\"7863\">Jusqu&#8217;\u00e0 4 ans<\/td>\n<\/tr>\n<tr data-start=\"7864\" data-end=\"8127\">\n<td width=\"248\" data-start=\"7864\" data-end=\"7902\">Dimensions<\/td>\n<td width=\"326\" data-start=\"7902\" data-end=\"8127\">135 \u00d7 70 \u00d7 60 mm<\/td>\n<\/tr>\n<tr data-start=\"8128\" data-end=\"8391\">\n<td width=\"248\" data-start=\"8128\" data-end=\"8166\">Poids<\/td>\n<td width=\"326\" data-start=\"8166\" data-end=\"8391\">170 g<\/td>\n<\/tr>\n<tr data-start=\"8392\" data-end=\"8655\">\n<td width=\"248\" data-start=\"8392\" data-end=\"8430\">Plage de temp\u00e9ratures<\/td>\n<td width=\"326\" data-start=\"8430\" data-end=\"8655\">\u221210 \u00b0C \u00e0 +40 \u00b0C<\/td>\n<\/tr>\n<tr data-start=\"8656\" data-end=\"8919\">\n<td width=\"248\" data-start=\"8656\" data-end=\"8694\">Humidit\u00e9 admissible<\/td>\n<td width=\"326\" data-start=\"8694\" data-end=\"8919\">Jusqu&#8217;\u00e0 75 %<\/td>\n<\/tr>\n<tr data-start=\"8920\" data-end=\"9182\">\n<td width=\"248\" data-start=\"8920\" data-end=\"8958\">Indice de protection<\/td>\n<td width=\"326\" data-start=\"8958\" data-end=\"9182\">IP50<\/td>\n<\/tr>\n<tr data-start=\"9183\" data-end=\"9447\">\n<td width=\"248\" data-start=\"9183\" data-end=\"9222\">Couleurs<\/td>\n<td width=\"326\" data-start=\"9222\" data-end=\"9447\">Noir, Blanc<\/td>\n<\/tr>\n<tr data-start=\"9448\" data-end=\"9708\">\n<td width=\"248\" data-start=\"9448\" data-end=\"9486\">Contenu du kit<\/td>\n<td width=\"326\" data-start=\"9486\" data-end=\"9708\">MotionCam Jeweller, Panneau de montage SmartBracket, Kit d&#8217;installation, 2 \u00d7 batteries CR123A (pr\u00e9install\u00e9es), Guide de d\u00e9marrage rapide<\/td>\n<\/tr>\n<\/tbody>\n<\/table>\n","protected":false},"excerpt":{"rendered":"<p>AJAX MOTIONCAM (8MA) WHITE est un d\u00e9tecteur de mouvement sans fil avec lev\u00e9e de doute photo, con\u00e7u pour une installation int\u00e9rieure. Il d\u00e9tecte les mouvements jusqu&#8217;\u00e0 12 m\u00e8tres et est \u00e9quip\u00e9 d&#8217;une cam\u00e9ra qui prend une s\u00e9rie de photos en cas d&#8217;alarme, permettant une v\u00e9rification rapide de la situation.<\/p>\n","protected":false},"featured_media":29038,"comment_status":"open","ping_status":"closed","template":"","meta":{"om_disable_all_campaigns":false,"_monsterinsights_skip_tracking":false,"_monsterinsights_sitenote_active":false,"_monsterinsights_sitenote_note":"","_monsterinsights_sitenote_category":0},"product_cat":[1518,1517],"product_tag":[1521,1519,1520,1523,1522,283,1524,1531,1528,1529,1525,1530,1526,1527],"class_list":{"0":"post-29036","1":"product","2":"type-product","3":"status-publish","4":"has-post-thumbnail","6":"product_cat-protection-contre-les-intrusions","7":"product_cat-systeme-de-securite","8":"product_tag-alarme-gsm","9":"product_tag-alarme-maison","10":"product_tag-alarme-sans-fil","11":"product_tag-controle-acces","12":"product_tag-detecteur-mouvement","13":"product_tag-installation-alarme","14":"product_tag-kit-alarme","15":"product_tag-prix-alarme","16":"product_tag-securite-appartement","17":"product_tag-securite-entreprise","18":"product_tag-securite-intrusion","19":"product_tag-securite-maison","20":"product_tag-systeme-alarme","21":"product_tag-telesurveillance","22":"ts_product_brand-ajax","24":"first","25":"instock","26":"shipping-taxable","27":"purchasable","28":"product-type-simple","29":"add-to-wishlist-after_add_to_cart"},"aioseo_notices":[],"_links":{"self":[{"href":"https:\/\/tthcompany.ma\/index.php\/wp-json\/wp\/v2\/product\/29036","targetHints":{"allow":["GET"]}}],"collection":[{"href":"https:\/\/tthcompany.ma\/index.php\/wp-json\/wp\/v2\/product"}],"about":[{"href":"https:\/\/tthcompany.ma\/index.php\/wp-json\/wp\/v2\/types\/product"}],"replies":[{"embeddable":true,"href":"https:\/\/tthcompany.ma\/index.php\/wp-json\/wp\/v2\/comments?post=29036"}],"wp:featuredmedia":[{"embeddable":true,"href":"https:\/\/tthcompany.ma\/index.php\/wp-json\/wp\/v2\/media\/29038"}],"wp:attachment":[{"href":"https:\/\/tthcompany.ma\/index.php\/wp-json\/wp\/v2\/media?parent=29036"}],"wp:term":[{"taxonomy":"product_cat","embeddable":true,"href":"https:\/\/tthcompany.ma\/index.php\/wp-json\/wp\/v2\/product_cat?post=29036"},{"taxonomy":"product_tag","embeddable":true,"href":"https:\/\/tthcompany.ma\/index.php\/wp-json\/wp\/v2\/product_tag?post=29036"}],"curies":[{"name":"wp","href":"https:\/\/api.w.org\/{rel}","templated":true}]}}