{"id":29030,"date":"2025-04-28T08:53:00","date_gmt":"2025-04-28T08:53:00","guid":{"rendered":"https:\/\/tthcompany.ma\/?post_type=product&#038;p=29030"},"modified":"2025-04-28T08:59:14","modified_gmt":"2025-04-28T08:59:14","slug":"ajax-keypad-plus-8ma-black","status":"publish","type":"product","link":"https:\/\/tthcompany.ma\/index.php\/product\/ajax-keypad-plus-8ma-black\/","title":{"rendered":"Ajax Keypad Plus (8MA) black"},"content":{"rendered":"<p>Sp\u00e9cifications<\/p>\n<p>&nbsp;<\/p>\n<table width=\"574\" data-start=\"134\" data-end=\"3195\">\n<tbody>\n<tr data-start=\"134\" data-end=\"376\">\n<td width=\"248\">Caract\u00e9ristique<\/td>\n<td width=\"326\">D\u00e9tail<\/td>\n<\/tr>\n<tr data-start=\"619\" data-end=\"906\">\n<td width=\"248\" data-start=\"619\" data-end=\"682\">Mod\u00e8le<\/td>\n<td width=\"326\" data-start=\"682\" data-end=\"906\">KeyPad Plus Jeweller<\/td>\n<\/tr>\n<tr data-start=\"907\" data-end=\"1191\">\n<td width=\"248\" data-start=\"907\" data-end=\"972\">Type<\/td>\n<td width=\"326\" data-start=\"972\" data-end=\"1191\">Clavier tactile sans fil<\/td>\n<\/tr>\n<tr data-start=\"1192\" data-end=\"1389\">\n<td width=\"248\" data-start=\"1192\" data-end=\"1234\">M\u00e9thodes d&#8217;authentification<\/td>\n<td width=\"326\" data-start=\"1234\" data-end=\"1389\">Cartes Pass et badges Tag (puces DESFire\u00ae), codes d&#8217;acc\u00e8s personnels, codes de contrainte<\/td>\n<\/tr>\n<tr data-start=\"1390\" data-end=\"1648\">\n<td width=\"248\" data-start=\"1390\" data-end=\"1435\">Port\u00e9e de communication<\/td>\n<td width=\"326\" data-start=\"1435\" data-end=\"1648\">Jusqu&#8217;\u00e0 1 700 m en champ libre<\/td>\n<\/tr>\n<tr data-start=\"1649\" data-end=\"1872\">\n<td width=\"248\" data-start=\"1649\" data-end=\"1700\">Technologie sans fil<\/td>\n<td width=\"326\" data-start=\"1700\" data-end=\"1872\">Protocole propri\u00e9taire Jeweller (communication bidirectionnelle s\u00e9curis\u00e9e)<\/td>\n<\/tr>\n<tr data-start=\"1873\" data-end=\"2064\">\n<td width=\"248\" data-start=\"1873\" data-end=\"1915\">Protection contre le sabotage<\/td>\n<td width=\"326\" data-start=\"1915\" data-end=\"2064\">Alarme anti-sabotage, protection contre la copie des cartes, d\u00e9tection de perte de communication<\/td>\n<\/tr>\n<tr data-start=\"2065\" data-end=\"2288\">\n<td width=\"248\" data-start=\"2065\" data-end=\"2124\">Installation<\/td>\n<td width=\"326\" data-start=\"2124\" data-end=\"2288\">Via QR code, montage avec panneau SmartBracket, configuration via applications Ajax<\/td>\n<\/tr>\n<tr data-start=\"2289\" data-end=\"2574\">\n<td width=\"248\" data-start=\"2289\" data-end=\"2340\">Couleurs disponibles<\/td>\n<td width=\"326\" data-start=\"2340\" data-end=\"2574\">Noir, Blanc<\/td>\n<\/tr>\n<tr data-start=\"2575\" data-end=\"2847\">\n<td width=\"248\" data-start=\"2575\" data-end=\"2623\">Utilisation recommand\u00e9e<\/td>\n<td width=\"326\" data-start=\"2623\" data-end=\"2847\">Int\u00e9rieure uniquement<\/td>\n<\/tr>\n<tr data-start=\"2848\" data-end=\"3195\">\n<td width=\"248\" data-start=\"2848\" data-end=\"2911\">Garantie<\/td>\n<td width=\"326\" data-start=\"2911\" data-end=\"3148\">24 mois<\/td>\n<\/tr>\n<\/tbody>\n<\/table>\n","protected":false},"excerpt":{"rendered":"<p><a href=\"https:\/\/ajax.systems\/fr\/products\/specs\/keypad-plus-jeweller\/\">Ajax<\/a> Keypad Plus (8MA) black est un clavier tactile sans fil con\u00e7u pour g\u00e9rer le syst\u00e8me de s\u00e9curit\u00e9 Ajax. Il permet l&#8217;authentification via des cartes Pass, des badges Tag et des codes d&#8217;acc\u00e8s personnels. Son design \u00e9l\u00e9gant et sa technologie avanc\u00e9e assurent une utilisation s\u00e9curis\u00e9e et pratique.\u200b<\/p>\n<p>&nbsp;<\/p>\n<p>&nbsp;<\/p>\n","protected":false},"featured_media":29031,"comment_status":"open","ping_status":"closed","template":"","meta":{"om_disable_all_campaigns":false,"_monsterinsights_skip_tracking":false,"_monsterinsights_sitenote_active":false,"_monsterinsights_sitenote_note":"","_monsterinsights_sitenote_category":0},"product_cat":[1518,1517],"product_tag":[1521,1519,1520,1523,1522,283,1524,1531,1528,1529,1525,1530,1526,1527],"class_list":{"0":"post-29030","1":"product","2":"type-product","3":"status-publish","4":"has-post-thumbnail","6":"product_cat-protection-contre-les-intrusions","7":"product_cat-systeme-de-securite","8":"product_tag-alarme-gsm","9":"product_tag-alarme-maison","10":"product_tag-alarme-sans-fil","11":"product_tag-controle-acces","12":"product_tag-detecteur-mouvement","13":"product_tag-installation-alarme","14":"product_tag-kit-alarme","15":"product_tag-prix-alarme","16":"product_tag-securite-appartement","17":"product_tag-securite-entreprise","18":"product_tag-securite-intrusion","19":"product_tag-securite-maison","20":"product_tag-systeme-alarme","21":"product_tag-telesurveillance","22":"ts_product_brand-ajax","24":"first","25":"instock","26":"shipping-taxable","27":"purchasable","28":"product-type-simple","29":"add-to-wishlist-after_add_to_cart"},"aioseo_notices":[],"_links":{"self":[{"href":"https:\/\/tthcompany.ma\/index.php\/wp-json\/wp\/v2\/product\/29030","targetHints":{"allow":["GET"]}}],"collection":[{"href":"https:\/\/tthcompany.ma\/index.php\/wp-json\/wp\/v2\/product"}],"about":[{"href":"https:\/\/tthcompany.ma\/index.php\/wp-json\/wp\/v2\/types\/product"}],"replies":[{"embeddable":true,"href":"https:\/\/tthcompany.ma\/index.php\/wp-json\/wp\/v2\/comments?post=29030"}],"wp:featuredmedia":[{"embeddable":true,"href":"https:\/\/tthcompany.ma\/index.php\/wp-json\/wp\/v2\/media\/29031"}],"wp:attachment":[{"href":"https:\/\/tthcompany.ma\/index.php\/wp-json\/wp\/v2\/media?parent=29030"}],"wp:term":[{"taxonomy":"product_cat","embeddable":true,"href":"https:\/\/tthcompany.ma\/index.php\/wp-json\/wp\/v2\/product_cat?post=29030"},{"taxonomy":"product_tag","embeddable":true,"href":"https:\/\/tthcompany.ma\/index.php\/wp-json\/wp\/v2\/product_tag?post=29030"}],"curies":[{"name":"wp","href":"https:\/\/api.w.org\/{rel}","templated":true}]}}