{"id":29027,"date":"2025-04-28T08:43:48","date_gmt":"2025-04-28T08:43:48","guid":{"rendered":"https:\/\/tthcompany.ma\/?post_type=product&#038;p=29027"},"modified":"2025-04-28T08:49:23","modified_gmt":"2025-04-28T08:49:23","slug":"ajax-hub-2-plus-8ma-ecg-black","status":"publish","type":"product","link":"https:\/\/tthcompany.ma\/index.php\/product\/ajax-hub-2-plus-8ma-ecg-black\/","title":{"rendered":"Ajax Hub 2 Plus (8MA\/ECG) black"},"content":{"rendered":"<p>Sp\u00e9cifications<\/p>\n<p>&nbsp;<\/p>\n<table width=\"574\" data-start=\"213\" data-end=\"5210\">\n<tbody>\n<tr data-start=\"213\" data-end=\"397\">\n<td width=\"248\">Caract\u00e9ristique<\/td>\n<td width=\"326\">D\u00e9tail<\/td>\n<\/tr>\n<tr data-start=\"581\" data-end=\"765\">\n<td width=\"248\" data-start=\"581\" data-end=\"621\">Type d&#8217;appareil<\/td>\n<td width=\"326\" data-start=\"621\" data-end=\"765\">Centrale d&#8217;alarme sans fil avec prise en charge de la v\u00e9rification photo<\/td>\n<\/tr>\n<tr data-start=\"766\" data-end=\"950\">\n<td width=\"248\" data-start=\"766\" data-end=\"806\">Connectivit\u00e9<\/td>\n<td width=\"326\" data-start=\"806\" data-end=\"950\">Ethernet + 2 cartes SIM (2G\/3G\/LTE)<\/td>\n<\/tr>\n<tr data-start=\"951\" data-end=\"1135\">\n<td width=\"248\" data-start=\"951\" data-end=\"991\">Protocoles radio<\/td>\n<td width=\"326\" data-start=\"991\" data-end=\"1135\">Jeweller (\u00e9v\u00e9nements) + Wings (transmission d&#8217;images)<\/td>\n<\/tr>\n<tr data-start=\"1136\" data-end=\"1318\">\n<td width=\"248\" data-start=\"1136\" data-end=\"1176\">Port\u00e9e radio<\/td>\n<td width=\"326\" data-start=\"1176\" data-end=\"1318\">Jusqu&#8217;\u00e0 2 000 m (Jeweller) \/ 1 700 m (Wings) en champ libre<\/td>\n<\/tr>\n<tr data-start=\"1319\" data-end=\"1504\">\n<td width=\"248\" data-start=\"1319\" data-end=\"1359\">Appareils connect\u00e9s<\/td>\n<td width=\"326\" data-start=\"1359\" data-end=\"1504\">Jusqu&#8217;\u00e0 200 dispositifs Ajax<\/td>\n<\/tr>\n<tr data-start=\"1505\" data-end=\"1690\">\n<td width=\"248\" data-start=\"1505\" data-end=\"1545\">Cam\u00e9ras IP compatibles<\/td>\n<td width=\"326\" data-start=\"1545\" data-end=\"1690\">Jusqu&#8217;\u00e0 100 (Dahua, Hikvision, Safire, EZVIZ, Uniview)<\/td>\n<\/tr>\n<tr data-start=\"1691\" data-end=\"1875\">\n<td width=\"248\" data-start=\"1691\" data-end=\"1731\">Utilisateurs<\/td>\n<td width=\"326\" data-start=\"1731\" data-end=\"1875\">Jusqu&#8217;\u00e0 200<\/td>\n<\/tr>\n<tr data-start=\"1876\" data-end=\"2060\">\n<td width=\"248\" data-start=\"1876\" data-end=\"1916\">Sc\u00e9narios automatis\u00e9s<\/td>\n<td width=\"326\" data-start=\"1916\" data-end=\"2060\">Jusqu&#8217;\u00e0 64<\/td>\n<\/tr>\n<tr data-start=\"2061\" data-end=\"2246\">\n<td width=\"248\" data-start=\"2061\" data-end=\"2101\">Groupes de s\u00e9curit\u00e9<\/td>\n<td width=\"326\" data-start=\"2101\" data-end=\"2246\">Jusqu&#8217;\u00e0 25<\/td>\n<\/tr>\n<tr data-start=\"2247\" data-end=\"2431\">\n<td width=\"248\" data-start=\"2247\" data-end=\"2287\">Pi\u00e8ces<\/td>\n<td width=\"326\" data-start=\"2287\" data-end=\"2431\">Jusqu&#8217;\u00e0 50<\/td>\n<\/tr>\n<tr data-start=\"2432\" data-end=\"2616\">\n<td width=\"248\" data-start=\"2432\" data-end=\"2472\">Alimentation principale<\/td>\n<td width=\"326\" data-start=\"2472\" data-end=\"2616\">110\u2013240 V~, 50\/60 Hz<\/td>\n<\/tr>\n<tr data-start=\"2617\" data-end=\"2802\">\n<td width=\"248\" data-start=\"2617\" data-end=\"2657\">Batterie de secours<\/td>\n<td width=\"326\" data-start=\"2657\" data-end=\"2802\">Li-ion 3 Ah, jusqu&#8217;\u00e0 15 heures d&#8217;autonomie<\/td>\n<\/tr>\n<tr data-start=\"2803\" data-end=\"2987\">\n<td width=\"248\" data-start=\"2803\" data-end=\"2843\">Notifications<\/td>\n<td width=\"326\" data-start=\"2843\" data-end=\"2987\">Push, SMS, Appels<\/td>\n<\/tr>\n<tr data-start=\"2988\" data-end=\"3172\">\n<td width=\"248\" data-start=\"2988\" data-end=\"3028\">Lev\u00e9e de doute photo<\/td>\n<td width=\"326\" data-start=\"3028\" data-end=\"3172\">Photos par alarme, sc\u00e9nario, \u00e0 la demande, calendrier<\/td>\n<\/tr>\n<tr data-start=\"3173\" data-end=\"3357\">\n<td width=\"248\" data-start=\"3173\" data-end=\"3213\">D\u00e9lai de livraison des photos<\/td>\n<td width=\"326\" data-start=\"3213\" data-end=\"3357\">Jusqu&#8217;\u00e0 9 s<\/td>\n<\/tr>\n<tr data-start=\"3358\" data-end=\"3542\">\n<td width=\"248\" data-start=\"3358\" data-end=\"3398\">R\u00e9solution photo<\/td>\n<td width=\"326\" data-start=\"3398\" data-end=\"3542\">Jusqu&#8217;\u00e0 640 \u00d7 480 px<\/td>\n<\/tr>\n<tr data-start=\"3543\" data-end=\"3727\">\n<td width=\"248\" data-start=\"3543\" data-end=\"3583\">Nombre de photos par s\u00e9rie<\/td>\n<td width=\"326\" data-start=\"3583\" data-end=\"3727\">De 1 \u00e0 5<\/td>\n<\/tr>\n<tr data-start=\"3728\" data-end=\"3911\">\n<td width=\"248\" data-start=\"3728\" data-end=\"3768\">Supervision<\/td>\n<td width=\"326\" data-start=\"3768\" data-end=\"3911\">Protocoles SIA (DC-09), SurGard (Contact ID), ADEMCO 685, autres propri\u00e9taires<\/td>\n<\/tr>\n<tr data-start=\"3912\" data-end=\"4096\">\n<td width=\"248\" data-start=\"3912\" data-end=\"3952\">Dimensions<\/td>\n<td width=\"326\" data-start=\"3952\" data-end=\"4096\">163 \u00d7 163 \u00d7 36 mm<\/td>\n<\/tr>\n<tr data-start=\"4097\" data-end=\"4282\">\n<td width=\"248\" data-start=\"4097\" data-end=\"4137\">Poids<\/td>\n<td width=\"326\" data-start=\"4137\" data-end=\"4282\">351 g<\/td>\n<\/tr>\n<tr data-start=\"4283\" data-end=\"4467\">\n<td width=\"248\" data-start=\"4283\" data-end=\"4323\">Temp\u00e9rature de fonctionnement<\/td>\n<td width=\"326\" data-start=\"4323\" data-end=\"4467\">De \u221210 \u00b0C \u00e0 +40 \u00b0C<\/td>\n<\/tr>\n<tr data-start=\"4468\" data-end=\"4653\">\n<td width=\"248\" data-start=\"4468\" data-end=\"4508\">Humidit\u00e9 admissible<\/td>\n<td width=\"326\" data-start=\"4508\" data-end=\"4653\">Jusqu&#8217;\u00e0 75 %<\/td>\n<\/tr>\n<tr data-start=\"4654\" data-end=\"4838\">\n<td width=\"248\" data-start=\"4654\" data-end=\"4694\">Indice de protection<\/td>\n<td width=\"326\" data-start=\"4694\" data-end=\"4838\">IP20<\/td>\n<\/tr>\n<tr data-start=\"4839\" data-end=\"5024\">\n<td width=\"248\" data-start=\"4839\" data-end=\"4879\">Couleurs disponibles<\/td>\n<td width=\"326\" data-start=\"4879\" data-end=\"5024\">Noir<\/td>\n<\/tr>\n<tr data-start=\"5025\" data-end=\"5210\">\n<td width=\"248\" data-start=\"5025\" data-end=\"5065\">Garantie<\/td>\n<td width=\"326\" data-start=\"5065\" data-end=\"5210\">24 mois<\/td>\n<\/tr>\n<\/tbody>\n<\/table>\n","protected":false},"excerpt":{"rendered":"<p>Ajax Hub 2 Plus (8MA\/ECG) black est une centrale d&#8217;alarme sans fil haut de gamme avec connectivit\u00e9 4G, offrant une s\u00e9curit\u00e9 renforc\u00e9e pour votre domicile ou entreprise. Avec une port\u00e9e radio jusqu&#8217;\u00e0 2000 m et la possibilit\u00e9 de connecter jusqu&#8217;\u00e0 150 dispositifs Ajax, elle assure une surveillance fiable et une v\u00e9rification photo en temps r\u00e9el. Facile \u00e0 installer et \u00e0 configurer, elle garantit une protection compl\u00e8te et intelligente.<\/p>\n<p>&nbsp;<\/p>\n<p>&nbsp;<\/p>\n","protected":false},"featured_media":29022,"comment_status":"open","ping_status":"closed","template":"","meta":{"om_disable_all_campaigns":false,"_monsterinsights_skip_tracking":false,"_monsterinsights_sitenote_active":false,"_monsterinsights_sitenote_note":"","_monsterinsights_sitenote_category":0},"product_cat":[1518,1517],"product_tag":[1521,1519,1520,1523,1522,283,1524,1531,1528,1529,1525,1530,1526,1527],"class_list":{"0":"post-29027","1":"product","2":"type-product","3":"status-publish","4":"has-post-thumbnail","6":"product_cat-protection-contre-les-intrusions","7":"product_cat-systeme-de-securite","8":"product_tag-alarme-gsm","9":"product_tag-alarme-maison","10":"product_tag-alarme-sans-fil","11":"product_tag-controle-acces","12":"product_tag-detecteur-mouvement","13":"product_tag-installation-alarme","14":"product_tag-kit-alarme","15":"product_tag-prix-alarme","16":"product_tag-securite-appartement","17":"product_tag-securite-entreprise","18":"product_tag-securite-intrusion","19":"product_tag-securite-maison","20":"product_tag-systeme-alarme","21":"product_tag-telesurveillance","22":"ts_product_brand-ajax","24":"first","25":"instock","26":"shipping-taxable","27":"purchasable","28":"product-type-simple","29":"add-to-wishlist-after_add_to_cart"},"aioseo_notices":[],"_links":{"self":[{"href":"https:\/\/tthcompany.ma\/index.php\/wp-json\/wp\/v2\/product\/29027","targetHints":{"allow":["GET"]}}],"collection":[{"href":"https:\/\/tthcompany.ma\/index.php\/wp-json\/wp\/v2\/product"}],"about":[{"href":"https:\/\/tthcompany.ma\/index.php\/wp-json\/wp\/v2\/types\/product"}],"replies":[{"embeddable":true,"href":"https:\/\/tthcompany.ma\/index.php\/wp-json\/wp\/v2\/comments?post=29027"}],"wp:featuredmedia":[{"embeddable":true,"href":"https:\/\/tthcompany.ma\/index.php\/wp-json\/wp\/v2\/media\/29022"}],"wp:attachment":[{"href":"https:\/\/tthcompany.ma\/index.php\/wp-json\/wp\/v2\/media?parent=29027"}],"wp:term":[{"taxonomy":"product_cat","embeddable":true,"href":"https:\/\/tthcompany.ma\/index.php\/wp-json\/wp\/v2\/product_cat?post=29027"},{"taxonomy":"product_tag","embeddable":true,"href":"https:\/\/tthcompany.ma\/index.php\/wp-json\/wp\/v2\/product_tag?post=29027"}],"curies":[{"name":"wp","href":"https:\/\/api.w.org\/{rel}","templated":true}]}}