{"id":29024,"date":"2025-04-28T08:40:23","date_gmt":"2025-04-28T08:40:23","guid":{"rendered":"https:\/\/tthcompany.ma\/?post_type=product&#038;p=29024"},"modified":"2025-04-28T08:42:57","modified_gmt":"2025-04-28T08:42:57","slug":"ajax-hub-2-4g-8ma-ecg-white","status":"publish","type":"product","link":"https:\/\/tthcompany.ma\/index.php\/product\/ajax-hub-2-4g-8ma-ecg-white\/","title":{"rendered":"AJAX HUB 2 4G (8MA\/ECG) WHITE"},"content":{"rendered":"<p>Sp\u00e9cifications<\/p>\n<p>&nbsp;<\/p>\n<table width=\"574\" data-start=\"209\" data-end=\"5203\">\n<tbody>\n<tr data-start=\"209\" data-end=\"393\">\n<td width=\"248\">Caract\u00e9ristique<\/td>\n<td width=\"326\">D\u00e9tail<\/td>\n<\/tr>\n<tr data-start=\"577\" data-end=\"761\">\n<td width=\"248\" data-start=\"577\" data-end=\"617\">Type d&#8217;appareil<\/td>\n<td width=\"326\" data-start=\"617\" data-end=\"761\">Centrale d&#8217;alarme sans fil avec prise en charge de la v\u00e9rification photo<\/td>\n<\/tr>\n<tr data-start=\"762\" data-end=\"946\">\n<td width=\"248\" data-start=\"762\" data-end=\"802\">Connectivit\u00e9<\/td>\n<td width=\"326\" data-start=\"802\" data-end=\"946\">Ethernet + 2 cartes SIM (2G\/3G\/LTE)<\/td>\n<\/tr>\n<tr data-start=\"947\" data-end=\"1131\">\n<td width=\"248\" data-start=\"947\" data-end=\"987\">Protocoles radio<\/td>\n<td width=\"326\" data-start=\"987\" data-end=\"1131\">Jeweller (\u00e9v\u00e9nements) + Wings (transmission d&#8217;images)<\/td>\n<\/tr>\n<tr data-start=\"1132\" data-end=\"1314\">\n<td width=\"248\" data-start=\"1132\" data-end=\"1172\">Port\u00e9e radio<\/td>\n<td width=\"326\" data-start=\"1172\" data-end=\"1314\">Jusqu&#8217;\u00e0 2 000 m (Jeweller) \/ 1 700 m (Wings) en champ libre<\/td>\n<\/tr>\n<tr data-start=\"1315\" data-end=\"1500\">\n<td width=\"248\" data-start=\"1315\" data-end=\"1355\">Appareils connect\u00e9s<\/td>\n<td width=\"326\" data-start=\"1355\" data-end=\"1500\">Jusqu&#8217;\u00e0 100 dispositifs Ajax<\/td>\n<\/tr>\n<tr data-start=\"1501\" data-end=\"1685\">\n<td width=\"248\" data-start=\"1501\" data-end=\"1541\">Cam\u00e9ras IP compatibles<\/td>\n<td width=\"326\" data-start=\"1541\" data-end=\"1685\">Jusqu&#8217;\u00e0 25 (Dahua, Hikvision, Safire, EZVIZ, Uniview)<\/td>\n<\/tr>\n<tr data-start=\"1686\" data-end=\"1870\">\n<td width=\"248\" data-start=\"1686\" data-end=\"1726\">Utilisateurs<\/td>\n<td width=\"326\" data-start=\"1726\" data-end=\"1870\">Jusqu&#8217;\u00e0 50<\/td>\n<\/tr>\n<tr data-start=\"1871\" data-end=\"2055\">\n<td width=\"248\" data-start=\"1871\" data-end=\"1911\">Sc\u00e9narios automatis\u00e9s<\/td>\n<td width=\"326\" data-start=\"1911\" data-end=\"2055\">Jusqu&#8217;\u00e0 32<\/td>\n<\/tr>\n<tr data-start=\"2056\" data-end=\"2240\">\n<td width=\"248\" data-start=\"2056\" data-end=\"2096\">Groupes de s\u00e9curit\u00e9<\/td>\n<td width=\"326\" data-start=\"2096\" data-end=\"2240\">Jusqu&#8217;\u00e0 9<\/td>\n<\/tr>\n<tr data-start=\"2241\" data-end=\"2425\">\n<td width=\"248\" data-start=\"2241\" data-end=\"2281\">Pi\u00e8ces<\/td>\n<td width=\"326\" data-start=\"2281\" data-end=\"2425\">Jusqu&#8217;\u00e0 50<\/td>\n<\/tr>\n<tr data-start=\"2426\" data-end=\"2610\">\n<td width=\"248\" data-start=\"2426\" data-end=\"2466\">Alimentation principale<\/td>\n<td width=\"326\" data-start=\"2466\" data-end=\"2610\">110\u2013240 V~, 50\/60 Hz<\/td>\n<\/tr>\n<tr data-start=\"2611\" data-end=\"2796\">\n<td width=\"248\" data-start=\"2611\" data-end=\"2651\">Batterie de secours<\/td>\n<td width=\"326\" data-start=\"2651\" data-end=\"2796\">Li-ion 3 Ah, jusqu&#8217;\u00e0 15 heures d&#8217;autonomie<\/td>\n<\/tr>\n<tr data-start=\"2797\" data-end=\"2981\">\n<td width=\"248\" data-start=\"2797\" data-end=\"2837\">Notifications<\/td>\n<td width=\"326\" data-start=\"2837\" data-end=\"2981\">Push, SMS, Appels<\/td>\n<\/tr>\n<tr data-start=\"2982\" data-end=\"3166\">\n<td width=\"248\" data-start=\"2982\" data-end=\"3022\">Lev\u00e9e de doute photo<\/td>\n<td width=\"326\" data-start=\"3022\" data-end=\"3166\">Photos par alarme, sc\u00e9nario, \u00e0 la demande, calendrier<\/td>\n<\/tr>\n<tr data-start=\"3167\" data-end=\"3351\">\n<td width=\"248\" data-start=\"3167\" data-end=\"3207\">D\u00e9lai de livraison des photos<\/td>\n<td width=\"326\" data-start=\"3207\" data-end=\"3351\">Jusqu&#8217;\u00e0 9 s<\/td>\n<\/tr>\n<tr data-start=\"3352\" data-end=\"3536\">\n<td width=\"248\" data-start=\"3352\" data-end=\"3392\">R\u00e9solution photo<\/td>\n<td width=\"326\" data-start=\"3392\" data-end=\"3536\">Jusqu&#8217;\u00e0 640 \u00d7 480 px<\/td>\n<\/tr>\n<tr data-start=\"3537\" data-end=\"3721\">\n<td width=\"248\" data-start=\"3537\" data-end=\"3577\">Nombre de photos par s\u00e9rie<\/td>\n<td width=\"326\" data-start=\"3577\" data-end=\"3721\">De 1 \u00e0 5<\/td>\n<\/tr>\n<tr data-start=\"3722\" data-end=\"3905\">\n<td width=\"248\" data-start=\"3722\" data-end=\"3762\">Supervision<\/td>\n<td width=\"326\" data-start=\"3762\" data-end=\"3905\">Protocoles SIA (DC-09), SurGard (Contact ID), ADEMCO 685, autres propri\u00e9taires<\/td>\n<\/tr>\n<tr data-start=\"3906\" data-end=\"4090\">\n<td width=\"248\" data-start=\"3906\" data-end=\"3946\">Dimensions<\/td>\n<td width=\"326\" data-start=\"3946\" data-end=\"4090\">163 \u00d7 163 \u00d7 36 mm<\/td>\n<\/tr>\n<tr data-start=\"4091\" data-end=\"4276\">\n<td width=\"248\" data-start=\"4091\" data-end=\"4131\">Poids<\/td>\n<td width=\"326\" data-start=\"4131\" data-end=\"4276\">362 g<\/td>\n<\/tr>\n<tr data-start=\"4277\" data-end=\"4461\">\n<td width=\"248\" data-start=\"4277\" data-end=\"4317\">Temp\u00e9rature de fonctionnement<\/td>\n<td width=\"326\" data-start=\"4317\" data-end=\"4461\">De \u221210 \u00b0C \u00e0 +40 \u00b0C<\/td>\n<\/tr>\n<tr data-start=\"4462\" data-end=\"4647\">\n<td width=\"248\" data-start=\"4462\" data-end=\"4502\">Humidit\u00e9 admissible<\/td>\n<td width=\"326\" data-start=\"4502\" data-end=\"4647\">Jusqu&#8217;\u00e0 75 %<\/td>\n<\/tr>\n<tr data-start=\"4648\" data-end=\"4832\">\n<td width=\"248\" data-start=\"4648\" data-end=\"4688\">Indice de protection<\/td>\n<td width=\"326\" data-start=\"4688\" data-end=\"4832\">IP20<\/td>\n<\/tr>\n<tr data-start=\"4833\" data-end=\"5017\">\n<td width=\"248\" data-start=\"4833\" data-end=\"4873\">Couleurs disponibles<\/td>\n<td width=\"326\" data-start=\"4873\" data-end=\"5017\">Noir, Blanc<\/td>\n<\/tr>\n<tr data-start=\"5018\" data-end=\"5203\">\n<td width=\"248\" data-start=\"5018\" data-end=\"5058\">Garantie<\/td>\n<td width=\"326\" data-start=\"5058\" data-end=\"5203\">24 mois<\/td>\n<\/tr>\n<\/tbody>\n<\/table>\n","protected":false},"excerpt":{"rendered":"<p>AJAX HUB 2 4G (8MA\/ECG) WHITE est une centrale d&#8217;alarme sans fil avanc\u00e9e, offrant une connectivit\u00e9 4G pour une s\u00e9curit\u00e9 optimale. Compatible avec jusqu&#8217;\u00e0 100 dispositifs Ajax, elle prend en charge la v\u00e9rification photo, vous permettant de recevoir des images en temps r\u00e9el. Son installation facile et sa grande port\u00e9e radio (jusqu&#8217;\u00e0 2000 m) garantissent une protection efficace de votre domicile ou entreprise.<\/p>\n<p>&nbsp;<\/p>\n","protected":false},"featured_media":29025,"comment_status":"open","ping_status":"closed","template":"","meta":{"om_disable_all_campaigns":false,"_monsterinsights_skip_tracking":false,"_monsterinsights_sitenote_active":false,"_monsterinsights_sitenote_note":"","_monsterinsights_sitenote_category":0},"product_cat":[1518,1517],"product_tag":[1521,1519,1520,1523,1522,283,1524,1531,1528,1529,1525,1530,1526,1527],"class_list":{"0":"post-29024","1":"product","2":"type-product","3":"status-publish","4":"has-post-thumbnail","6":"product_cat-protection-contre-les-intrusions","7":"product_cat-systeme-de-securite","8":"product_tag-alarme-gsm","9":"product_tag-alarme-maison","10":"product_tag-alarme-sans-fil","11":"product_tag-controle-acces","12":"product_tag-detecteur-mouvement","13":"product_tag-installation-alarme","14":"product_tag-kit-alarme","15":"product_tag-prix-alarme","16":"product_tag-securite-appartement","17":"product_tag-securite-entreprise","18":"product_tag-securite-intrusion","19":"product_tag-securite-maison","20":"product_tag-systeme-alarme","21":"product_tag-telesurveillance","22":"ts_product_brand-ajax","24":"first","25":"instock","26":"shipping-taxable","27":"purchasable","28":"product-type-simple","29":"add-to-wishlist-after_add_to_cart"},"aioseo_notices":[],"_links":{"self":[{"href":"https:\/\/tthcompany.ma\/index.php\/wp-json\/wp\/v2\/product\/29024","targetHints":{"allow":["GET"]}}],"collection":[{"href":"https:\/\/tthcompany.ma\/index.php\/wp-json\/wp\/v2\/product"}],"about":[{"href":"https:\/\/tthcompany.ma\/index.php\/wp-json\/wp\/v2\/types\/product"}],"replies":[{"embeddable":true,"href":"https:\/\/tthcompany.ma\/index.php\/wp-json\/wp\/v2\/comments?post=29024"}],"wp:featuredmedia":[{"embeddable":true,"href":"https:\/\/tthcompany.ma\/index.php\/wp-json\/wp\/v2\/media\/29025"}],"wp:attachment":[{"href":"https:\/\/tthcompany.ma\/index.php\/wp-json\/wp\/v2\/media?parent=29024"}],"wp:term":[{"taxonomy":"product_cat","embeddable":true,"href":"https:\/\/tthcompany.ma\/index.php\/wp-json\/wp\/v2\/product_cat?post=29024"},{"taxonomy":"product_tag","embeddable":true,"href":"https:\/\/tthcompany.ma\/index.php\/wp-json\/wp\/v2\/product_tag?post=29024"}],"curies":[{"name":"wp","href":"https:\/\/api.w.org\/{rel}","templated":true}]}}