{"id":29015,"date":"2025-04-28T08:25:31","date_gmt":"2025-04-28T08:25:31","guid":{"rendered":"https:\/\/tthcompany.ma\/?post_type=product&#038;p=29015"},"modified":"2025-04-28T08:25:31","modified_gmt":"2025-04-28T08:25:31","slug":"ajax-homesiren-8ma-black","status":"publish","type":"product","link":"https:\/\/tthcompany.ma\/index.php\/product\/ajax-homesiren-8ma-black\/","title":{"rendered":"Ajax HomeSiren (8MA) black"},"content":{"rendered":"<p>Sp\u00e9cifications<\/p>\n<p>&nbsp;<\/p>\n<table width=\"574\" data-start=\"125\" data-end=\"5679\">\n<tbody>\n<tr data-start=\"125\" data-end=\"309\">\n<td width=\"248\">Param\u00e8tre<\/td>\n<td width=\"326\">D\u00e9tail<\/td>\n<\/tr>\n<tr data-start=\"495\" data-end=\"679\">\n<td width=\"248\" data-start=\"495\" data-end=\"536\">Type d&#8217;appareil<\/td>\n<td width=\"326\" data-start=\"536\" data-end=\"679\">Sir\u00e8ne int\u00e9rieure sans fil avec connecteur pour LED externe<\/td>\n<\/tr>\n<tr data-start=\"680\" data-end=\"864\">\n<td width=\"248\" data-start=\"680\" data-end=\"721\">Utilisation<\/td>\n<td width=\"326\" data-start=\"721\" data-end=\"864\">Int\u00e9rieur uniquement<\/td>\n<\/tr>\n<tr data-start=\"865\" data-end=\"1050\">\n<td width=\"248\" data-start=\"865\" data-end=\"906\">Volume sonore<\/td>\n<td width=\"326\" data-start=\"906\" data-end=\"1050\">R\u00e9glable de 81 \u00e0 105 dB \u00e0 1 m\u00e8tre<\/td>\n<\/tr>\n<tr data-start=\"1051\" data-end=\"1235\">\n<td width=\"248\" data-start=\"1051\" data-end=\"1092\">Dur\u00e9e de l&#8217;alarme<\/td>\n<td width=\"326\" data-start=\"1092\" data-end=\"1235\">De 3 secondes \u00e0 3 minutes (jusqu&#8217;\u00e0 15 minutes avec firmware NA 5.60.4.14 ou ult\u00e9rieur)<\/td>\n<\/tr>\n<tr data-start=\"1236\" data-end=\"1420\">\n<td width=\"248\" data-start=\"1236\" data-end=\"1277\">Fr\u00e9quence sonore<\/td>\n<td width=\"326\" data-start=\"1277\" data-end=\"1420\">3,4 \u00b1 0,5 kHz<\/td>\n<\/tr>\n<tr data-start=\"1421\" data-end=\"1605\">\n<td width=\"248\" data-start=\"1421\" data-end=\"1462\">Indications<\/td>\n<td width=\"326\" data-start=\"1462\" data-end=\"1605\">Alarmes, temporisations entr\u00e9e\/sortie, changement de mode de s\u00e9curit\u00e9, indication apr\u00e8s-alarme<\/td>\n<\/tr>\n<tr data-start=\"1606\" data-end=\"1790\">\n<td width=\"248\" data-start=\"1606\" data-end=\"1647\">Fonction Carillon<\/td>\n<td width=\"326\" data-start=\"1647\" data-end=\"1790\">Oui (signal sonore lors de l&#8217;ouverture des d\u00e9tecteurs en mode d\u00e9sarm\u00e9)<\/td>\n<\/tr>\n<tr data-start=\"1791\" data-end=\"1975\">\n<td width=\"248\" data-start=\"1791\" data-end=\"1832\">LED int\u00e9gr\u00e9e<\/td>\n<td width=\"326\" data-start=\"1832\" data-end=\"1975\">Oui<\/td>\n<\/tr>\n<tr data-start=\"1976\" data-end=\"2161\">\n<td width=\"248\" data-start=\"1976\" data-end=\"2018\">Connecteur pour LED externe<\/td>\n<td width=\"326\" data-start=\"2018\" data-end=\"2161\">Oui (3 V\u2393, 10 mA)<\/td>\n<\/tr>\n<tr data-start=\"2162\" data-end=\"2346\">\n<td width=\"248\" data-start=\"2162\" data-end=\"2203\">Alimentation<\/td>\n<td width=\"326\" data-start=\"2203\" data-end=\"2346\">2 piles CR123A (pr\u00e9install\u00e9es)<\/td>\n<\/tr>\n<tr data-start=\"2347\" data-end=\"2531\">\n<td width=\"248\" data-start=\"2347\" data-end=\"2388\">Autonomie<\/td>\n<td width=\"326\" data-start=\"2388\" data-end=\"2531\">Jusqu\u2019\u00e0 5 ans<\/td>\n<\/tr>\n<tr data-start=\"2532\" data-end=\"2716\">\n<td width=\"248\" data-start=\"2532\" data-end=\"2573\">Alimentation externe (optionnelle)<\/td>\n<td width=\"326\" data-start=\"2573\" data-end=\"2716\">12 V\u2393, 150 mA<\/td>\n<\/tr>\n<tr data-start=\"2717\" data-end=\"2902\">\n<td width=\"248\" data-start=\"2717\" data-end=\"2758\">Port\u00e9e de communication<\/td>\n<td width=\"326\" data-start=\"2758\" data-end=\"2902\">Jusqu&#8217;\u00e0 2 000 m en champ libre via le protocole Jeweller<\/td>\n<\/tr>\n<tr data-start=\"2903\" data-end=\"3087\">\n<td width=\"248\" data-start=\"2903\" data-end=\"2944\">Fr\u00e9quences radio<\/td>\n<td width=\"326\" data-start=\"2944\" data-end=\"3087\">868.0\u2013868.6 MHz \/ 868.7\u2013869.2 MHz (selon la r\u00e9gion)<\/td>\n<\/tr>\n<tr data-start=\"3088\" data-end=\"3272\">\n<td width=\"248\" data-start=\"3088\" data-end=\"3129\">Modulation radio<\/td>\n<td width=\"326\" data-start=\"3129\" data-end=\"3272\">GFSK<\/td>\n<\/tr>\n<tr data-start=\"3273\" data-end=\"3458\">\n<td width=\"248\" data-start=\"3273\" data-end=\"3314\">Puissance \u00e9mise<\/td>\n<td width=\"326\" data-start=\"3314\" data-end=\"3458\">Jusqu\u2019\u00e0 25 mW<\/td>\n<\/tr>\n<tr data-start=\"3459\" data-end=\"3643\">\n<td width=\"248\" data-start=\"3459\" data-end=\"3500\">Protection anti-sabotage<\/td>\n<td width=\"326\" data-start=\"3500\" data-end=\"3643\">D\u00e9tection d&#8217;ouverture et de retrait<\/td>\n<\/tr>\n<tr data-start=\"3644\" data-end=\"3828\">\n<td width=\"248\" data-start=\"3644\" data-end=\"3685\">D\u00e9tection de brouillage<\/td>\n<td width=\"326\" data-start=\"3685\" data-end=\"3828\">Oui<\/td>\n<\/tr>\n<tr data-start=\"3829\" data-end=\"4013\">\n<td width=\"248\" data-start=\"3829\" data-end=\"3870\">Temp\u00e9rature de fonctionnement<\/td>\n<td width=\"326\" data-start=\"3870\" data-end=\"4013\">De -10 \u00b0C \u00e0 +40 \u00b0C<\/td>\n<\/tr>\n<tr data-start=\"4014\" data-end=\"4198\">\n<td width=\"248\" data-start=\"4014\" data-end=\"4055\">Humidit\u00e9 admissible<\/td>\n<td width=\"326\" data-start=\"4055\" data-end=\"4198\">Jusqu&#8217;\u00e0 75 %<\/td>\n<\/tr>\n<tr data-start=\"4199\" data-end=\"4383\">\n<td width=\"248\" data-start=\"4199\" data-end=\"4240\">Indice de protection<\/td>\n<td width=\"326\" data-start=\"4240\" data-end=\"4383\">IP50 (protection contre la poussi\u00e8re)<\/td>\n<\/tr>\n<tr data-start=\"4384\" data-end=\"4568\">\n<td width=\"248\" data-start=\"4384\" data-end=\"4425\">Dimensions<\/td>\n<td width=\"326\" data-start=\"4425\" data-end=\"4568\">75 \u00d7 76 \u00d7 27 mm<\/td>\n<\/tr>\n<tr data-start=\"4569\" data-end=\"4753\">\n<td width=\"248\" data-start=\"4569\" data-end=\"4610\">Poids<\/td>\n<td width=\"326\" data-start=\"4610\" data-end=\"4753\">97 g<\/td>\n<\/tr>\n<tr data-start=\"4754\" data-end=\"4938\">\n<td width=\"248\" data-start=\"4754\" data-end=\"4795\">Couleurs disponibles<\/td>\n<td width=\"326\" data-start=\"4795\" data-end=\"4938\">Noir ou Blanc<\/td>\n<\/tr>\n<tr data-start=\"4939\" data-end=\"5124\">\n<td width=\"248\" data-start=\"4939\" data-end=\"4980\">Compatibilit\u00e9<\/td>\n<td width=\"326\" data-start=\"4980\" data-end=\"5124\">Centrales Ajax (non compatible avec ocBridge Plus et uartBridge)<\/td>\n<\/tr>\n<tr data-start=\"5125\" data-end=\"5309\">\n<td width=\"248\" data-start=\"5125\" data-end=\"5166\">Installation recommand\u00e9e<\/td>\n<td width=\"326\" data-start=\"5166\" data-end=\"5309\">\u00c0 2,5 m de hauteur minimum, fixation via SmartBracket<\/td>\n<\/tr>\n<tr data-start=\"5310\" data-end=\"5494\">\n<td width=\"248\" data-start=\"5310\" data-end=\"5351\">Configuration<\/td>\n<td width=\"326\" data-start=\"5351\" data-end=\"5494\">Applications Ajax (iOS, Android, Windows, macOS)<\/td>\n<\/tr>\n<tr data-start=\"5495\" data-end=\"5679\">\n<td width=\"248\" data-start=\"5495\" data-end=\"5536\">Garantie<\/td>\n<td width=\"326\" data-start=\"5536\" data-end=\"5679\">24 mois<\/td>\n<\/tr>\n<\/tbody>\n<\/table>\n","protected":false},"excerpt":{"rendered":"<p>Ajax HomeSiren (8MA) Black est une sir\u00e8ne int\u00e9rieure sans fil con\u00e7ue pour alerter efficacement en cas d&#8217;intrusion. Avec un niveau sonore r\u00e9glable de 81 \u00e0 105 dB, elle dissuade les intrus et avertit les occupants. Son design compact et \u00e9l\u00e9gant s&#8217;int\u00e8gre discr\u00e8tement \u00e0 tout int\u00e9rieur.<\/p>\n","protected":false},"featured_media":29016,"comment_status":"open","ping_status":"closed","template":"","meta":{"om_disable_all_campaigns":false,"_monsterinsights_skip_tracking":false,"_monsterinsights_sitenote_active":false,"_monsterinsights_sitenote_note":"","_monsterinsights_sitenote_category":0},"product_cat":[1518,1517],"product_tag":[1519,1520,283,1530,1526],"class_list":{"0":"post-29015","1":"product","2":"type-product","3":"status-publish","4":"has-post-thumbnail","6":"product_cat-protection-contre-les-intrusions","7":"product_cat-systeme-de-securite","8":"product_tag-alarme-maison","9":"product_tag-alarme-sans-fil","10":"product_tag-installation-alarme","11":"product_tag-securite-maison","12":"product_tag-systeme-alarme","13":"ts_product_brand-ajax","15":"first","16":"instock","17":"shipping-taxable","18":"purchasable","19":"product-type-simple","20":"add-to-wishlist-after_add_to_cart"},"aioseo_notices":[],"_links":{"self":[{"href":"https:\/\/tthcompany.ma\/index.php\/wp-json\/wp\/v2\/product\/29015","targetHints":{"allow":["GET"]}}],"collection":[{"href":"https:\/\/tthcompany.ma\/index.php\/wp-json\/wp\/v2\/product"}],"about":[{"href":"https:\/\/tthcompany.ma\/index.php\/wp-json\/wp\/v2\/types\/product"}],"replies":[{"embeddable":true,"href":"https:\/\/tthcompany.ma\/index.php\/wp-json\/wp\/v2\/comments?post=29015"}],"wp:featuredmedia":[{"embeddable":true,"href":"https:\/\/tthcompany.ma\/index.php\/wp-json\/wp\/v2\/media\/29016"}],"wp:attachment":[{"href":"https:\/\/tthcompany.ma\/index.php\/wp-json\/wp\/v2\/media?parent=29015"}],"wp:term":[{"taxonomy":"product_cat","embeddable":true,"href":"https:\/\/tthcompany.ma\/index.php\/wp-json\/wp\/v2\/product_cat?post=29015"},{"taxonomy":"product_tag","embeddable":true,"href":"https:\/\/tthcompany.ma\/index.php\/wp-json\/wp\/v2\/product_tag?post=29015"}],"curies":[{"name":"wp","href":"https:\/\/api.w.org\/{rel}","templated":true}]}}