{"id":29009,"date":"2025-04-26T11:57:48","date_gmt":"2025-04-26T11:57:48","guid":{"rendered":"https:\/\/tthcompany.ma\/?post_type=product&#038;p=29009"},"modified":"2025-04-26T11:59:04","modified_gmt":"2025-04-26T11:59:04","slug":"ajax-doublebutton-8ma-black","status":"publish","type":"product","link":"https:\/\/tthcompany.ma\/index.php\/product\/ajax-doublebutton-8ma-black\/","title":{"rendered":"Ajax DoubleButton (8MA) black"},"content":{"rendered":"<p>Sp\u00e9cifications<\/p>\n<p>&nbsp;<\/p>\n<table width=\"574\" data-start=\"600\" data-end=\"6438\">\n<tbody>\n<tr data-start=\"600\" data-end=\"864\">\n<td width=\"248\">Caract\u00e9ristique<\/td>\n<td width=\"326\">D\u00e9tail<\/td>\n<\/tr>\n<tr data-start=\"1130\" data-end=\"1363\">\n<td width=\"248\" data-start=\"1130\" data-end=\"1181\">Type de dispositif<\/td>\n<td width=\"326\" data-start=\"1181\" data-end=\"1363\">Bouton d&#8217;urgence sans fil avec double bouton pour \u00e9viter les pressions accidentelles<\/td>\n<\/tr>\n<tr data-start=\"1364\" data-end=\"1598\">\n<td width=\"248\" data-start=\"1364\" data-end=\"1405\">Technologie de communication<\/td>\n<td width=\"326\" data-start=\"1405\" data-end=\"1598\">Jeweller (communication bidirectionnelle s\u00e9curis\u00e9e avec chiffrement AES)<\/td>\n<\/tr>\n<tr data-start=\"1599\" data-end=\"1867\">\n<td width=\"248\" data-start=\"1599\" data-end=\"1652\">Fr\u00e9quences radio<\/td>\n<td width=\"326\" data-start=\"1652\" data-end=\"1867\">868,0\u2013868,6 MHz ou 868,7\u2013869,2 MHz (selon la r\u00e9gion)<\/td>\n<\/tr>\n<tr data-start=\"1868\" data-end=\"2148\">\n<td width=\"248\" data-start=\"1868\" data-end=\"1916\">Port\u00e9e de communication<\/td>\n<td width=\"326\" data-start=\"1916\" data-end=\"2148\">Jusqu\u2019\u00e0 1 300 m\u00e8tres en champ libre<\/td>\n<\/tr>\n<tr data-start=\"2149\" data-end=\"2446\">\n<td width=\"248\" data-start=\"2149\" data-end=\"2192\">Puissance apparente rayonn\u00e9e<\/td>\n<td width=\"326\" data-start=\"2192\" data-end=\"2446\">Jusqu\u2019\u00e0 20 mW<\/td>\n<\/tr>\n<tr data-start=\"2447\" data-end=\"2721\">\n<td width=\"248\" data-start=\"2447\" data-end=\"2492\">Modulation du signal radio<\/td>\n<td width=\"326\" data-start=\"2492\" data-end=\"2721\">GFSK<\/td>\n<\/tr>\n<tr data-start=\"2722\" data-end=\"2924\">\n<td width=\"248\" data-start=\"2722\" data-end=\"2764\">Protection contre les fausses alarmes<\/td>\n<td width=\"326\" data-start=\"2764\" data-end=\"2924\">Activation uniquement par pression simultan\u00e9e des deux boutons rigides s\u00e9par\u00e9s par une barri\u00e8re en plastique<\/td>\n<\/tr>\n<tr data-start=\"2925\" data-end=\"3206\">\n<td width=\"248\" data-start=\"2925\" data-end=\"2982\">Indicateur LED<\/td>\n<td width=\"326\" data-start=\"2982\" data-end=\"3206\">Confirme la transmission du signal d&#8217;alarme<\/td>\n<\/tr>\n<tr data-start=\"3207\" data-end=\"3503\">\n<td width=\"248\" data-start=\"3207\" data-end=\"3266\">Alimentation<\/td>\n<td width=\"326\" data-start=\"3266\" data-end=\"3503\">1 \u00d7 pile CR2032 (pr\u00e9install\u00e9e)<\/td>\n<\/tr>\n<tr data-start=\"3504\" data-end=\"3806\">\n<td width=\"248\" data-start=\"3504\" data-end=\"3551\">Autonomie de la batterie<\/td>\n<td width=\"326\" data-start=\"3551\" data-end=\"3806\">Jusqu\u2019\u00e0 5 ans<\/td>\n<\/tr>\n<tr data-start=\"3807\" data-end=\"4121\">\n<td width=\"248\" data-start=\"3807\" data-end=\"3868\">Dimensions<\/td>\n<td width=\"326\" data-start=\"3868\" data-end=\"4121\">47 \u00d7 35 \u00d7 16 mm<\/td>\n<\/tr>\n<tr data-start=\"4122\" data-end=\"4417\">\n<td width=\"248\" data-start=\"4122\" data-end=\"4188\">Poids<\/td>\n<td width=\"326\" data-start=\"4188\" data-end=\"4417\">17 g<\/td>\n<\/tr>\n<tr data-start=\"4418\" data-end=\"4710\">\n<td width=\"248\" data-start=\"4418\" data-end=\"4460\">Temp\u00e9rature de fonctionnement<\/td>\n<td width=\"326\" data-start=\"4460\" data-end=\"4710\">De \u221210 \u00b0C \u00e0 +40 \u00b0C<\/td>\n<\/tr>\n<tr data-start=\"4711\" data-end=\"5019\">\n<td width=\"248\" data-start=\"4711\" data-end=\"4763\">Humidit\u00e9 admissible<\/td>\n<td width=\"326\" data-start=\"4763\" data-end=\"5019\">Jusqu\u2019\u00e0 75 %<\/td>\n<\/tr>\n<tr data-start=\"5020\" data-end=\"5286\">\n<td width=\"248\" data-start=\"5020\" data-end=\"5071\">Indice de protection<\/td>\n<td width=\"326\" data-start=\"5071\" data-end=\"5286\">IP55 (r\u00e9sistant \u00e0 la poussi\u00e8re et aux \u00e9claboussures)<\/td>\n<\/tr>\n<tr data-start=\"5287\" data-end=\"5595\">\n<td width=\"248\" data-start=\"5287\" data-end=\"5338\">Couleurs disponibles<\/td>\n<td width=\"326\" data-start=\"5338\" data-end=\"5595\">Noir, Blanc<\/td>\n<\/tr>\n<tr data-start=\"5596\" data-end=\"5845\">\n<td width=\"248\" data-start=\"5596\" data-end=\"5653\">Contenu du kit<\/td>\n<td width=\"326\" data-start=\"5653\" data-end=\"5845\">DoubleButton Jeweller, pile CR2032 (pr\u00e9install\u00e9e), guide de d\u00e9marrage rapide<\/td>\n<\/tr>\n<tr data-start=\"5846\" data-end=\"6067\">\n<td width=\"248\" data-start=\"5846\" data-end=\"5904\">Compatibilit\u00e9<\/td>\n<td width=\"326\" data-start=\"5904\" data-end=\"6067\">Fonctionne uniquement avec les hubs Ajax et les prolongateurs de port\u00e9e sur OS Malevich 2.10 et sup\u00e9rieur<\/td>\n<\/tr>\n<tr data-start=\"6068\" data-end=\"6438\">\n<td width=\"248\" data-start=\"6068\" data-end=\"6131\">Garantie<\/td>\n<td width=\"326\" data-start=\"6131\" data-end=\"6391\">24 mois<\/td>\n<\/tr>\n<\/tbody>\n<\/table>\n","protected":false},"excerpt":{"rendered":"<p><a href=\"https:\/\/ajax.systems\/fr\/products\/doublebutton\/\">AJAX<\/a> DoubleButton Black est un bouton d&#8217;urgence sans fil con\u00e7u pour d\u00e9clencher des alertes instantan\u00e9es en cas de danger. Gr\u00e2ce \u00e0 ses deux boutons rigides s\u00e9par\u00e9s par une barri\u00e8re en plastique, il pr\u00e9vient les d\u00e9clenchements accidentels et assure une transmission fiable des signaux d&#8217;alarme.\u200b<\/p>\n","protected":false},"featured_media":29010,"comment_status":"open","ping_status":"closed","template":"","meta":{"om_disable_all_campaigns":false,"_monsterinsights_skip_tracking":false,"_monsterinsights_sitenote_active":false,"_monsterinsights_sitenote_note":"","_monsterinsights_sitenote_category":0},"product_cat":[1518,1517],"product_tag":[1519,1520,1535,283,1525,1526],"class_list":{"0":"post-29009","1":"product","2":"type-product","3":"status-publish","4":"has-post-thumbnail","6":"product_cat-protection-contre-les-intrusions","7":"product_cat-systeme-de-securite","8":"product_tag-alarme-maison","9":"product_tag-alarme-sans-fil","10":"product_tag-bouton-panique","11":"product_tag-installation-alarme","12":"product_tag-securite-intrusion","13":"product_tag-systeme-alarme","14":"ts_product_brand-ajax","16":"first","17":"instock","18":"shipping-taxable","19":"purchasable","20":"product-type-simple","21":"add-to-wishlist-after_add_to_cart"},"aioseo_notices":[],"_links":{"self":[{"href":"https:\/\/tthcompany.ma\/index.php\/wp-json\/wp\/v2\/product\/29009","targetHints":{"allow":["GET"]}}],"collection":[{"href":"https:\/\/tthcompany.ma\/index.php\/wp-json\/wp\/v2\/product"}],"about":[{"href":"https:\/\/tthcompany.ma\/index.php\/wp-json\/wp\/v2\/types\/product"}],"replies":[{"embeddable":true,"href":"https:\/\/tthcompany.ma\/index.php\/wp-json\/wp\/v2\/comments?post=29009"}],"wp:featuredmedia":[{"embeddable":true,"href":"https:\/\/tthcompany.ma\/index.php\/wp-json\/wp\/v2\/media\/29010"}],"wp:attachment":[{"href":"https:\/\/tthcompany.ma\/index.php\/wp-json\/wp\/v2\/media?parent=29009"}],"wp:term":[{"taxonomy":"product_cat","embeddable":true,"href":"https:\/\/tthcompany.ma\/index.php\/wp-json\/wp\/v2\/product_cat?post=29009"},{"taxonomy":"product_tag","embeddable":true,"href":"https:\/\/tthcompany.ma\/index.php\/wp-json\/wp\/v2\/product_tag?post=29009"}],"curies":[{"name":"wp","href":"https:\/\/api.w.org\/{rel}","templated":true}]}}