{"id":29008,"date":"2025-04-26T11:29:09","date_gmt":"2025-04-26T11:29:09","guid":{"rendered":"https:\/\/tthcompany.ma\/?post_type=product&#038;p=29008"},"modified":"2025-04-26T11:30:27","modified_gmt":"2025-04-26T11:30:27","slug":"doorprotect-plus-jeweller-white","status":"publish","type":"product","link":"https:\/\/tthcompany.ma\/index.php\/product\/doorprotect-plus-jeweller-white\/","title":{"rendered":"DoorProtect Plus Jeweller white"},"content":{"rendered":"<p>Sp\u00e9cifications<\/p>\n<p>&nbsp;<\/p>\n<table width=\"574\" data-start=\"637\" data-end=\"7616\">\n<tbody>\n<tr data-start=\"637\" data-end=\"903\">\n<td width=\"248\">Caract\u00e9ristique<\/td>\n<td width=\"326\">D\u00e9tail<\/td>\n<\/tr>\n<tr data-start=\"1171\" data-end=\"1400\">\n<td width=\"248\" data-start=\"1171\" data-end=\"1225\">Type de d\u00e9tecteur<\/td>\n<td width=\"326\" data-start=\"1225\" data-end=\"1400\">D\u00e9tecteur sans fil d&#8217;ouverture, de chocs et d&#8217;inclinaison avec relais reed et acc\u00e9l\u00e9rom\u00e8tre<\/td>\n<\/tr>\n<tr data-start=\"1401\" data-end=\"1616\">\n<td width=\"248\" data-start=\"1401\" data-end=\"1444\">Technologie de communication<\/td>\n<td width=\"326\" data-start=\"1444\" data-end=\"1616\">Jeweller (communication bidirectionnelle s\u00e9curis\u00e9e avec chiffrement par bloc et cl\u00e9 dynamique)<\/td>\n<\/tr>\n<tr data-start=\"1617\" data-end=\"1817\">\n<td width=\"248\" data-start=\"1617\" data-end=\"1672\">Fr\u00e9quences radio<\/td>\n<td width=\"326\" data-start=\"1672\" data-end=\"1817\">866,0\u2013866,5 MHz \/ 868,0\u2013868,6 MHz \/ 868,7\u2013869,2 MHz \/ 905,0\u2013926,5 MHz \/ 915,85\u2013926,5 MHz \/ 921,0\u2013922,0 MHz (selon la r\u00e9gion)<\/td>\n<\/tr>\n<tr data-start=\"1818\" data-end=\"2100\">\n<td width=\"248\" data-start=\"1818\" data-end=\"1868\">Port\u00e9e de communication<\/td>\n<td width=\"326\" data-start=\"1868\" data-end=\"2100\">Jusqu\u2019\u00e0 1 200 m\u00e8tres en champ libre<\/td>\n<\/tr>\n<tr data-start=\"2101\" data-end=\"2398\">\n<td width=\"248\" data-start=\"2101\" data-end=\"2143\">Puissance apparente rayonn\u00e9e (PAR)<\/td>\n<td width=\"326\" data-start=\"2143\" data-end=\"2398\">Jusqu\u2019\u00e0 20 mW<\/td>\n<\/tr>\n<tr data-start=\"2399\" data-end=\"2674\">\n<td width=\"248\" data-start=\"2399\" data-end=\"2446\">Modulation du signal radio<\/td>\n<td width=\"326\" data-start=\"2446\" data-end=\"2674\">GFSK<\/td>\n<\/tr>\n<tr data-start=\"2675\" data-end=\"2963\">\n<td width=\"248\" data-start=\"2675\" data-end=\"2730\">\u00c9l\u00e9ments sensibles<\/td>\n<td width=\"326\" data-start=\"2730\" data-end=\"2963\">1 \u00d7 acc\u00e9l\u00e9rom\u00e8tre, 1 \u00d7 relais reed<\/td>\n<\/tr>\n<tr data-start=\"2964\" data-end=\"3209\">\n<td width=\"248\" data-start=\"2964\" data-end=\"3022\">Aimants fournis<\/td>\n<td width=\"326\" data-start=\"3022\" data-end=\"3209\">Petit aimant (fonctionne jusqu\u2019\u00e0 1 cm) et grand aimant (fonctionne jusqu\u2019\u00e0 2 cm)<\/td>\n<\/tr>\n<tr data-start=\"3210\" data-end=\"3451\">\n<td width=\"248\" data-start=\"3210\" data-end=\"3255\">Connexion de d\u00e9tecteur tiers<\/td>\n<td width=\"326\" data-start=\"3255\" data-end=\"3451\">Entr\u00e9e pour d\u00e9tecteur filaire tiers avec contact normalement ferm\u00e9 (NC)<\/td>\n<\/tr>\n<tr data-start=\"3452\" data-end=\"3688\">\n<td width=\"248\" data-start=\"3452\" data-end=\"3501\">Protection anti-sabotage<\/td>\n<td width=\"326\" data-start=\"3501\" data-end=\"3688\">D\u00e9tection de tentative d\u2019arrachement ou de retrait du panneau de montage (tamper)<\/td>\n<\/tr>\n<tr data-start=\"3689\" data-end=\"3987\">\n<td width=\"248\" data-start=\"3689\" data-end=\"3750\">Alimentation<\/td>\n<td width=\"326\" data-start=\"3750\" data-end=\"3987\">1 \u00d7 pile CR123A (pr\u00e9install\u00e9e)<\/td>\n<\/tr>\n<tr data-start=\"3988\" data-end=\"4292\">\n<td width=\"248\" data-start=\"3988\" data-end=\"4037\">Autonomie de la batterie<\/td>\n<td width=\"326\" data-start=\"4037\" data-end=\"4292\">Jusqu\u2019\u00e0 5 ans<\/td>\n<\/tr>\n<tr data-start=\"4293\" data-end=\"4570\">\n<td width=\"248\" data-start=\"4293\" data-end=\"4341\">Tension de fonctionnement<\/td>\n<td width=\"326\" data-start=\"4341\" data-end=\"4570\">3 V\u2393<\/td>\n<\/tr>\n<tr data-start=\"4571\" data-end=\"4874\">\n<td width=\"248\" data-start=\"4571\" data-end=\"4621\">Dimensions du d\u00e9tecteur<\/td>\n<td width=\"326\" data-start=\"4621\" data-end=\"4874\">90 \u00d7 20 \u00d7 20 mm<\/td>\n<\/tr>\n<tr data-start=\"4875\" data-end=\"5175\">\n<td width=\"248\" data-start=\"4875\" data-end=\"4922\">Dimensions du grand aimant<\/td>\n<td width=\"326\" data-start=\"4922\" data-end=\"5175\">90 \u00d7 20 \u00d7 20 mm<\/td>\n<\/tr>\n<tr data-start=\"5176\" data-end=\"5477\">\n<td width=\"248\" data-start=\"5176\" data-end=\"5223\">Dimensions du petit aimant<\/td>\n<td width=\"326\" data-start=\"5223\" data-end=\"5477\">55 \u00d7 11 \u00d7 6 mm<\/td>\n<\/tr>\n<tr data-start=\"5478\" data-end=\"5762\">\n<td width=\"248\" data-start=\"5478\" data-end=\"5533\">Poids du d\u00e9tecteur<\/td>\n<td width=\"326\" data-start=\"5533\" data-end=\"5762\">29 g<\/td>\n<\/tr>\n<tr data-start=\"5763\" data-end=\"6057\">\n<td width=\"248\" data-start=\"5763\" data-end=\"5807\">Temp\u00e9rature de fonctionnement<\/td>\n<td width=\"326\" data-start=\"5807\" data-end=\"6057\">De \u221210 \u00b0C \u00e0 +40 \u00b0C<\/td>\n<\/tr>\n<tr data-start=\"6058\" data-end=\"6368\">\n<td width=\"248\" data-start=\"6058\" data-end=\"6112\">Humidit\u00e9 admissible<\/td>\n<td width=\"326\" data-start=\"6112\" data-end=\"6368\">Jusqu\u2019\u00e0 75 %<\/td>\n<\/tr>\n<tr data-start=\"6369\" data-end=\"6651\">\n<td width=\"248\" data-start=\"6369\" data-end=\"6422\">Indice de protection<\/td>\n<td width=\"326\" data-start=\"6422\" data-end=\"6651\">IP50<\/td>\n<\/tr>\n<tr data-start=\"6652\" data-end=\"6962\">\n<td width=\"248\" data-start=\"6652\" data-end=\"6705\">Couleurs disponibles<\/td>\n<td width=\"326\" data-start=\"6705\" data-end=\"6962\">Noir, Blanc<\/td>\n<\/tr>\n<tr data-start=\"6963\" data-end=\"7091\">\n<td width=\"248\" data-start=\"6963\" data-end=\"7022\">Contenu du kit<\/td>\n<td width=\"326\" data-start=\"7022\" data-end=\"7091\">D\u00e9tecteur DoorProtect Plus Jeweller, panneau de montage SmartBracket, pile CR123A (pr\u00e9install\u00e9e), grand aimant, petit aimant, borne pour d\u00e9tecteur tiers, kit d\u2019installation, guide de d\u00e9marrage rapide<\/td>\n<\/tr>\n<tr data-start=\"7092\" data-end=\"7418\">\n<td width=\"248\" data-start=\"7092\" data-end=\"7157\">Garantie<\/td>\n<td width=\"326\" data-start=\"7157\" data-end=\"7418\">24 mois<\/td>\n<\/tr>\n<tr data-start=\"7419\" data-end=\"7616\">\n<td width=\"248\" data-start=\"7419\" data-end=\"7471\">Conformit\u00e9 aux normes<\/td>\n<td width=\"326\" data-start=\"7471\" data-end=\"7569\">EN 50131-1:2006 \/ A1:2009 \/ A2:2017, EN 50131-2-6:2008, EN 50131-5-3:2017, PD 6662:2017, UL 639, ULC S306, UL 1023, UL 2610, ULC S304, RoHS, EMC, LVD, PSTI UK Annexe 2<\/td>\n<\/tr>\n<\/tbody>\n<\/table>\n","protected":false},"excerpt":{"rendered":"<p><a href=\"https:\/\/ajax.systems\/fr\/products\/specs\/doorprotectplus\/\">AJAX<\/a> DoorProtect Plus white est un d\u00e9tecteur sans fil combinant la d\u00e9tection d&#8217;ouverture, de chocs et d&#8217;inclinaison. Id\u00e9al pour s\u00e9curiser les portes, fen\u00eatres et autres acc\u00e8s sensibles, il offre une protection fiable contre les tentatives d&#8217;intrusion, m\u00eame lorsque les fen\u00eatres sont en mode a\u00e9ration.\u200b<\/p>\n<p>&nbsp;<\/p>\n","protected":false},"featured_media":29005,"comment_status":"open","ping_status":"closed","template":"","meta":{"om_disable_all_campaigns":false,"_monsterinsights_skip_tracking":false,"_monsterinsights_sitenote_active":false,"_monsterinsights_sitenote_note":"","_monsterinsights_sitenote_category":0},"product_cat":[1518,1517],"product_tag":[],"class_list":{"0":"post-29008","1":"product","2":"type-product","3":"status-publish","4":"has-post-thumbnail","6":"product_cat-protection-contre-les-intrusions","7":"product_cat-systeme-de-securite","8":"ts_product_brand-ajax","10":"first","11":"instock","12":"shipping-taxable","13":"purchasable","14":"product-type-simple","15":"add-to-wishlist-after_add_to_cart"},"aioseo_notices":[],"_links":{"self":[{"href":"https:\/\/tthcompany.ma\/index.php\/wp-json\/wp\/v2\/product\/29008","targetHints":{"allow":["GET"]}}],"collection":[{"href":"https:\/\/tthcompany.ma\/index.php\/wp-json\/wp\/v2\/product"}],"about":[{"href":"https:\/\/tthcompany.ma\/index.php\/wp-json\/wp\/v2\/types\/product"}],"replies":[{"embeddable":true,"href":"https:\/\/tthcompany.ma\/index.php\/wp-json\/wp\/v2\/comments?post=29008"}],"wp:featuredmedia":[{"embeddable":true,"href":"https:\/\/tthcompany.ma\/index.php\/wp-json\/wp\/v2\/media\/29005"}],"wp:attachment":[{"href":"https:\/\/tthcompany.ma\/index.php\/wp-json\/wp\/v2\/media?parent=29008"}],"wp:term":[{"taxonomy":"product_cat","embeddable":true,"href":"https:\/\/tthcompany.ma\/index.php\/wp-json\/wp\/v2\/product_cat?post=29008"},{"taxonomy":"product_tag","embeddable":true,"href":"https:\/\/tthcompany.ma\/index.php\/wp-json\/wp\/v2\/product_tag?post=29008"}],"curies":[{"name":"wp","href":"https:\/\/api.w.org\/{rel}","templated":true}]}}