{"id":29001,"date":"2025-04-26T11:21:06","date_gmt":"2025-04-26T11:21:06","guid":{"rendered":"https:\/\/tthcompany.ma\/?post_type=product&#038;p=29001"},"modified":"2025-04-26T11:21:06","modified_gmt":"2025-04-26T11:21:06","slug":"ajax-doorprotect-8ma-black","status":"publish","type":"product","link":"https:\/\/tthcompany.ma\/index.php\/product\/ajax-doorprotect-8ma-black\/","title":{"rendered":"AJAX DOORPROTECT (8MA) BLACK"},"content":{"rendered":"<p>Sp\u00e9cifications<\/p>\n<p>&nbsp;<\/p>\n<table width=\"574\" data-start=\"142\" data-end=\"7189\">\n<tbody>\n<tr data-start=\"142\" data-end=\"408\">\n<td width=\"248\">Caract\u00e9ristique<\/td>\n<td width=\"326\">D\u00e9tail<\/td>\n<\/tr>\n<tr data-start=\"676\" data-end=\"927\">\n<td width=\"248\" data-start=\"676\" data-end=\"730\">Type de d\u00e9tecteur<\/td>\n<td width=\"326\" data-start=\"730\" data-end=\"927\">D\u00e9tecteur d\u2019ouverture sans fil avec contact magn\u00e9tique (reed switch)<\/td>\n<\/tr>\n<tr data-start=\"928\" data-end=\"1153\">\n<td width=\"248\" data-start=\"928\" data-end=\"982\">Technologie radio<\/td>\n<td width=\"326\" data-start=\"982\" data-end=\"1153\">Jeweller (communication bidirectionnelle s\u00e9curis\u00e9e avec chiffrement par bloc et cl\u00e9 dynamique)<\/td>\n<\/tr>\n<tr data-start=\"1154\" data-end=\"1368\">\n<td width=\"248\" data-start=\"1154\" data-end=\"1209\">Fr\u00e9quences radio<\/td>\n<td width=\"326\" data-start=\"1209\" data-end=\"1368\">866,0\u2013866,5 MHz \/ 868,0\u2013868,6 MHz \/ 868,7\u2013869,2 MHz \/ 915,85\u2013926,5 MHz \/ 921,0\u2013922,0 MHz (selon la r\u00e9gion)<\/td>\n<\/tr>\n<tr data-start=\"1369\" data-end=\"1647\">\n<td width=\"248\" data-start=\"1369\" data-end=\"1417\">Port\u00e9e de communication<\/td>\n<td width=\"326\" data-start=\"1417\" data-end=\"1647\">Jusqu\u2019\u00e0 1 200 m\u00e8tres en champ libre<\/td>\n<\/tr>\n<tr data-start=\"1648\" data-end=\"1945\">\n<td width=\"248\" data-start=\"1648\" data-end=\"1690\">Puissance apparente rayonn\u00e9e (PAR)<\/td>\n<td width=\"326\" data-start=\"1690\" data-end=\"1945\">Jusqu\u2019\u00e0 20 mW<\/td>\n<\/tr>\n<tr data-start=\"1946\" data-end=\"2221\">\n<td width=\"248\" data-start=\"1946\" data-end=\"1993\">Modulation du signal radio<\/td>\n<td width=\"326\" data-start=\"1993\" data-end=\"2221\">GFSK<\/td>\n<\/tr>\n<tr data-start=\"2222\" data-end=\"2532\">\n<td width=\"248\" data-start=\"2222\" data-end=\"2279\">\u00c9l\u00e9ment sensible<\/td>\n<td width=\"326\" data-start=\"2279\" data-end=\"2532\">1 contact reed<\/td>\n<\/tr>\n<tr data-start=\"2533\" data-end=\"2778\">\n<td width=\"248\" data-start=\"2533\" data-end=\"2591\">Aimants fournis<\/td>\n<td width=\"326\" data-start=\"2591\" data-end=\"2778\">Petit aimant (fonctionne jusqu\u2019\u00e0 1 cm) et grand aimant (fonctionne jusqu\u2019\u00e0 2 cm)<\/td>\n<\/tr>\n<tr data-start=\"2779\" data-end=\"3020\">\n<td width=\"248\" data-start=\"2779\" data-end=\"2824\">Connexion de d\u00e9tecteur tiers<\/td>\n<td width=\"326\" data-start=\"2824\" data-end=\"3020\">Entr\u00e9e pour d\u00e9tecteur filaire tiers avec contact normalement ferm\u00e9 (NC)<\/td>\n<\/tr>\n<tr data-start=\"3021\" data-end=\"3257\">\n<td width=\"248\" data-start=\"3021\" data-end=\"3070\">Protection anti-sabotage<\/td>\n<td width=\"326\" data-start=\"3070\" data-end=\"3257\">D\u00e9tection de tentative d\u2019arrachement ou de retrait du panneau de montage (tamper)<\/td>\n<\/tr>\n<tr data-start=\"3258\" data-end=\"3556\">\n<td width=\"248\" data-start=\"3258\" data-end=\"3319\">Alimentation<\/td>\n<td width=\"326\" data-start=\"3319\" data-end=\"3556\">1 \u00d7 pile CR123A (pr\u00e9install\u00e9e)<\/td>\n<\/tr>\n<tr data-start=\"3557\" data-end=\"3861\">\n<td width=\"248\" data-start=\"3557\" data-end=\"3606\">Autonomie de la batterie<\/td>\n<td width=\"326\" data-start=\"3606\" data-end=\"3861\">Jusqu\u2019\u00e0 7 ans<\/td>\n<\/tr>\n<tr data-start=\"3862\" data-end=\"4139\">\n<td width=\"248\" data-start=\"3862\" data-end=\"3910\">Tension de fonctionnement<\/td>\n<td width=\"326\" data-start=\"3910\" data-end=\"4139\">3 V\u2393<\/td>\n<\/tr>\n<tr data-start=\"4140\" data-end=\"4443\">\n<td width=\"248\" data-start=\"4140\" data-end=\"4190\">Dimensions du d\u00e9tecteur<\/td>\n<td width=\"326\" data-start=\"4190\" data-end=\"4443\">90 \u00d7 20 \u00d7 20 mm<\/td>\n<\/tr>\n<tr data-start=\"4444\" data-end=\"4744\">\n<td width=\"248\" data-start=\"4444\" data-end=\"4491\">Dimensions du grand aimant<\/td>\n<td width=\"326\" data-start=\"4491\" data-end=\"4744\">90 \u00d7 20 \u00d7 20 mm<\/td>\n<\/tr>\n<tr data-start=\"4745\" data-end=\"5046\">\n<td width=\"248\" data-start=\"4745\" data-end=\"4792\">Dimensions du petit aimant<\/td>\n<td width=\"326\" data-start=\"4792\" data-end=\"5046\">55 \u00d7 11 \u00d7 6 mm<\/td>\n<\/tr>\n<tr data-start=\"5047\" data-end=\"5331\">\n<td width=\"248\" data-start=\"5047\" data-end=\"5102\">Poids du d\u00e9tecteur<\/td>\n<td width=\"326\" data-start=\"5102\" data-end=\"5331\">29 g<\/td>\n<\/tr>\n<tr data-start=\"5332\" data-end=\"5626\">\n<td width=\"248\" data-start=\"5332\" data-end=\"5376\">Temp\u00e9rature de fonctionnement<\/td>\n<td width=\"326\" data-start=\"5376\" data-end=\"5626\">De \u221210 \u00b0C \u00e0 +40 \u00b0C<\/td>\n<\/tr>\n<tr data-start=\"5627\" data-end=\"5937\">\n<td width=\"248\" data-start=\"5627\" data-end=\"5681\">Humidit\u00e9 admissible<\/td>\n<td width=\"326\" data-start=\"5681\" data-end=\"5937\">Jusqu\u2019\u00e0 75 %<\/td>\n<\/tr>\n<tr data-start=\"5938\" data-end=\"6220\">\n<td width=\"248\" data-start=\"5938\" data-end=\"5991\">Indice de protection<\/td>\n<td width=\"326\" data-start=\"5991\" data-end=\"6220\">IP50<\/td>\n<\/tr>\n<tr data-start=\"6221\" data-end=\"6531\">\n<td width=\"248\" data-start=\"6221\" data-end=\"6274\">Couleurs disponibles<\/td>\n<td width=\"326\" data-start=\"6274\" data-end=\"6531\">Noir, Blanc<\/td>\n<\/tr>\n<tr data-start=\"6532\" data-end=\"6664\">\n<td width=\"248\" data-start=\"6532\" data-end=\"6591\">Contenu du kit<\/td>\n<td width=\"326\" data-start=\"6591\" data-end=\"6664\">D\u00e9tecteur DoorProtect Jeweller, panneau de montage SmartBracket, pile CR123A (pr\u00e9install\u00e9e), grand aimant, petit aimant, borne pour d\u00e9tecteur tiers, kit d\u2019installation, guide de d\u00e9marrage rapide<\/td>\n<\/tr>\n<tr data-start=\"6665\" data-end=\"6991\">\n<td width=\"248\" data-start=\"6665\" data-end=\"6730\">Garantie<\/td>\n<td width=\"326\" data-start=\"6730\" data-end=\"6991\">24 mois<\/td>\n<\/tr>\n<tr data-start=\"6992\" data-end=\"7189\">\n<td width=\"248\" data-start=\"6992\" data-end=\"7044\">Conformit\u00e9 aux normes<\/td>\n<td width=\"326\" data-start=\"7044\" data-end=\"7142\">EN 50131-1:2006 \/ A1:2009 \/ A2:2017, EN 50131-2-6:2008, EN 50131-5-3:2017, PD 6662:2017, UL 639, ULC S306, UL 1023, UL 2610, ULC S304, RoHS, EMC, LVD, PSTI UK Annexe 2<\/td>\n<\/tr>\n<\/tbody>\n<\/table>\n<p>&nbsp;<\/p>\n","protected":false},"excerpt":{"rendered":"<p><a href=\"https:\/\/ajax.systems\/fr\/products\/specs\/doorprotect-jeweller\/\">AJAX DOORPROTECT (8MA) BLACK<\/a> est un d\u00e9tecteur d\u2019ouverture sans fil con\u00e7u pour surveiller les ouvertures non autoris\u00e9es de portes et fen\u00eatres. Gr\u00e2ce \u00e0 sa technologie avanc\u00e9e, il assure une d\u00e9tection fiable et rapide des intrusions potentielles.<\/p>\n","protected":false},"featured_media":29002,"comment_status":"open","ping_status":"closed","template":"","meta":{"om_disable_all_campaigns":false,"_monsterinsights_skip_tracking":false,"_monsterinsights_sitenote_active":false,"_monsterinsights_sitenote_note":"","_monsterinsights_sitenote_category":0},"product_cat":[1518,1517],"product_tag":[1519,1520,1534,283,1529,1525,1530,1526],"class_list":{"0":"post-29001","1":"product","2":"type-product","3":"status-publish","4":"has-post-thumbnail","6":"product_cat-protection-contre-les-intrusions","7":"product_cat-systeme-de-securite","8":"product_tag-alarme-maison","9":"product_tag-alarme-sans-fil","10":"product_tag-detecteur-ouverture","11":"product_tag-installation-alarme","12":"product_tag-securite-entreprise","13":"product_tag-securite-intrusion","14":"product_tag-securite-maison","15":"product_tag-systeme-alarme","16":"ts_product_brand-ajax","18":"first","19":"instock","20":"shipping-taxable","21":"purchasable","22":"product-type-simple","23":"add-to-wishlist-after_add_to_cart"},"aioseo_notices":[],"_links":{"self":[{"href":"https:\/\/tthcompany.ma\/index.php\/wp-json\/wp\/v2\/product\/29001","targetHints":{"allow":["GET"]}}],"collection":[{"href":"https:\/\/tthcompany.ma\/index.php\/wp-json\/wp\/v2\/product"}],"about":[{"href":"https:\/\/tthcompany.ma\/index.php\/wp-json\/wp\/v2\/types\/product"}],"replies":[{"embeddable":true,"href":"https:\/\/tthcompany.ma\/index.php\/wp-json\/wp\/v2\/comments?post=29001"}],"wp:featuredmedia":[{"embeddable":true,"href":"https:\/\/tthcompany.ma\/index.php\/wp-json\/wp\/v2\/media\/29002"}],"wp:attachment":[{"href":"https:\/\/tthcompany.ma\/index.php\/wp-json\/wp\/v2\/media?parent=29001"}],"wp:term":[{"taxonomy":"product_cat","embeddable":true,"href":"https:\/\/tthcompany.ma\/index.php\/wp-json\/wp\/v2\/product_cat?post=29001"},{"taxonomy":"product_tag","embeddable":true,"href":"https:\/\/tthcompany.ma\/index.php\/wp-json\/wp\/v2\/product_tag?post=29001"}],"curies":[{"name":"wp","href":"https:\/\/api.w.org\/{rel}","templated":true}]}}