{"id":28922,"date":"2025-04-22T08:46:12","date_gmt":"2025-04-22T08:46:12","guid":{"rendered":"https:\/\/tthcompany.ma\/?post_type=product&#038;p=28922"},"modified":"2025-04-22T08:47:52","modified_gmt":"2025-04-22T08:47:52","slug":"c8630","status":"publish","type":"product","link":"https:\/\/tthcompany.ma\/index.php\/product\/c8630\/","title":{"rendered":"C8630"},"content":{"rendered":"<p>Le C8630 Maxhub est une solution de vid\u00e9oconf\u00e9rence et de collaboration haut de gamme pour les entreprises et les environnements professionnels. Avec une taille de 86 pouces et une r\u00e9solution 4K UHD (3840 x 2160 pixels), il offre une qualit\u00e9 d&#8217;image exceptionnelle qui am\u00e9liore les pr\u00e9sentations et les r\u00e9unions \u00e0 distance. Il est \u00e9quip\u00e9 d&#8217;une dalle VA, offrant des couleurs riches et un contraste impressionnant, id\u00e9al pour une utilisation dans des environnements lumineux.<\/p>\n<p>&nbsp;<\/p>\n<p>&nbsp;<\/p>\n<h3 class=\"title\">Sp\u00e9cifications<\/h3>\n<p>&nbsp;<\/p>\n<table width=\"442\" data-start=\"1543\" data-end=\"4066\">\n<tbody>\n<tr data-start=\"1543\" data-end=\"1632\">\n<td width=\"215\">Caract\u00e9ristique<\/td>\n<td width=\"227\">C8630 Maxhub<\/td>\n<\/tr>\n<tr data-start=\"1723\" data-end=\"1812\">\n<td width=\"215\" data-start=\"1723\" data-end=\"1759\">Mod\u00e8le<\/td>\n<td width=\"227\" data-start=\"1759\" data-end=\"1812\">C8630 Maxhub<\/td>\n<\/tr>\n<tr data-start=\"1813\" data-end=\"1902\">\n<td width=\"215\" data-start=\"1813\" data-end=\"1849\">Taille diagonale (pouces)<\/td>\n<td width=\"227\" data-start=\"1849\" data-end=\"1902\">86<\/td>\n<\/tr>\n<tr data-start=\"1903\" data-end=\"1992\">\n<td width=\"215\" data-start=\"1903\" data-end=\"1939\">R\u00e9solution<\/td>\n<td width=\"227\" data-start=\"1939\" data-end=\"1992\">3840(H) x 2160(V)<\/td>\n<\/tr>\n<tr data-start=\"1993\" data-end=\"2082\">\n<td width=\"215\" data-start=\"1993\" data-end=\"2029\">Type de dalle<\/td>\n<td width=\"227\" data-start=\"2029\" data-end=\"2082\">VA<\/td>\n<\/tr>\n<tr data-start=\"2083\" data-end=\"2172\">\n<td width=\"215\" data-start=\"2083\" data-end=\"2119\">Luminosit\u00e9 de la dalle<\/td>\n<td width=\"227\" data-start=\"2119\" data-end=\"2172\">500 nits<\/td>\n<\/tr>\n<tr data-start=\"2173\" data-end=\"2262\">\n<td width=\"215\" data-start=\"2173\" data-end=\"2209\">Contraste<\/td>\n<td width=\"227\" data-start=\"2209\" data-end=\"2262\">1 200:1 (Typ.) \/ 50 000:1 (Dynamique)<\/td>\n<\/tr>\n<tr data-start=\"2263\" data-end=\"2352\">\n<td width=\"215\" data-start=\"2263\" data-end=\"2299\">Profondeur des couleurs<\/td>\n<td width=\"227\" data-start=\"2299\" data-end=\"2352\">1,07 milliard (10 bits)<\/td>\n<\/tr>\n<tr data-start=\"2353\" data-end=\"2442\">\n<td width=\"215\" data-start=\"2353\" data-end=\"2389\">Gamme de couleurs (typ.)<\/td>\n<td width=\"227\" data-start=\"2389\" data-end=\"2442\">72 % NTSC<\/td>\n<\/tr>\n<tr data-start=\"2443\" data-end=\"2532\">\n<td width=\"215\" data-start=\"2443\" data-end=\"2479\">Pr\u00e9cision des couleurs<\/td>\n<td width=\"227\" data-start=\"2479\" data-end=\"2532\">Delta E \u2264 2<\/td>\n<\/tr>\n<tr data-start=\"2533\" data-end=\"2622\">\n<td width=\"215\" data-start=\"2533\" data-end=\"2569\">Protection des yeux<\/td>\n<td width=\"227\" data-start=\"2569\" data-end=\"2622\">T\u00dcV Low Blue Light \/ T\u00dcV Flicker Free<\/td>\n<\/tr>\n<tr data-start=\"2623\" data-end=\"2712\">\n<td width=\"215\" data-start=\"2623\" data-end=\"2659\">Temps de r\u00e9ponse<\/td>\n<td width=\"227\" data-start=\"2659\" data-end=\"2712\">6.5 ms<\/td>\n<\/tr>\n<tr data-start=\"2713\" data-end=\"2802\">\n<td width=\"215\" data-start=\"2713\" data-end=\"2749\">Type de r\u00e9tro\u00e9clairage<\/td>\n<td width=\"227\" data-start=\"2749\" data-end=\"2802\">DLED<\/td>\n<\/tr>\n<tr data-start=\"2803\" data-end=\"2892\">\n<td width=\"215\" data-start=\"2803\" data-end=\"2839\">Dur\u00e9e de vie du r\u00e9tro\u00e9clairage<\/td>\n<td width=\"227\" data-start=\"2839\" data-end=\"2892\">\u2265 50 000 Heures<\/td>\n<\/tr>\n<tr data-start=\"2893\" data-end=\"2982\">\n<td width=\"215\" data-start=\"2893\" data-end=\"2929\">Syst\u00e8me d\u2019exploitation int\u00e9gr\u00e9<\/td>\n<td width=\"227\" data-start=\"2929\" data-end=\"2982\">Android 13.0<\/td>\n<\/tr>\n<tr data-start=\"2983\" data-end=\"3072\">\n<td width=\"215\" data-start=\"2983\" data-end=\"3019\">Certification<\/td>\n<td width=\"227\" data-start=\"3019\" data-end=\"3072\">Google EDLA certification<\/td>\n<\/tr>\n<tr data-start=\"3073\" data-end=\"3162\">\n<td width=\"215\" data-start=\"3073\" data-end=\"3109\">RAM<\/td>\n<td width=\"227\" data-start=\"3109\" data-end=\"3162\">8 Go<\/td>\n<\/tr>\n<tr data-start=\"3163\" data-end=\"3252\">\n<td width=\"215\" data-start=\"3163\" data-end=\"3199\">ROM (Stockage)<\/td>\n<td width=\"227\" data-start=\"3199\" data-end=\"3252\">64 Go<\/td>\n<\/tr>\n<tr data-start=\"3253\" data-end=\"3342\">\n<td width=\"215\" data-start=\"3253\" data-end=\"3289\">CPU<\/td>\n<td width=\"227\" data-start=\"3289\" data-end=\"3342\">A76\u00d74 + A55\u00d74 Octa-core<\/td>\n<\/tr>\n<tr data-start=\"3343\" data-end=\"3432\">\n<td width=\"215\" data-start=\"3343\" data-end=\"3379\">GPU<\/td>\n<td width=\"227\" data-start=\"3379\" data-end=\"3432\">Mali-G610 MP4<\/td>\n<\/tr>\n<tr data-start=\"3433\" data-end=\"3522\">\n<td width=\"215\" data-start=\"3433\" data-end=\"3469\">NPU<\/td>\n<td width=\"227\" data-start=\"3469\" data-end=\"3522\">6 TOPS<\/td>\n<\/tr>\n<tr data-start=\"3523\" data-end=\"3616\">\n<td width=\"215\" data-start=\"3523\" data-end=\"3559\">Technologie tactile<\/td>\n<td width=\"227\" data-start=\"3559\" data-end=\"3616\">\u00c9cran tactile intelligent (reconnaissance infrarouge)<\/td>\n<\/tr>\n<tr data-start=\"3617\" data-end=\"3706\">\n<td width=\"215\" data-start=\"3617\" data-end=\"3653\">Points tactiles<\/td>\n<td width=\"227\" data-start=\"3653\" data-end=\"3706\">50 points<\/td>\n<\/tr>\n<tr data-start=\"3707\" data-end=\"3796\">\n<td width=\"215\" data-start=\"3707\" data-end=\"3743\">Micro int\u00e9gr\u00e9<\/td>\n<td width=\"227\" data-start=\"3743\" data-end=\"3796\">8 microphones<\/td>\n<\/tr>\n<tr data-start=\"3797\" data-end=\"3886\">\n<td width=\"215\" data-start=\"3797\" data-end=\"3833\">Port\u00e9e de captation du micro<\/td>\n<td width=\"227\" data-start=\"3833\" data-end=\"3886\">0-10 m<\/td>\n<\/tr>\n<tr data-start=\"3887\" data-end=\"3976\">\n<td width=\"215\" data-start=\"3887\" data-end=\"3923\">Canal sonore<\/td>\n<td width=\"227\" data-start=\"3923\" data-end=\"3976\">2.2<\/td>\n<\/tr>\n<tr data-start=\"3977\" data-end=\"4066\">\n<td width=\"215\" data-start=\"3977\" data-end=\"4013\">Haut-parleurs<\/td>\n<td width=\"227\" data-start=\"4013\" data-end=\"4066\">2\u00d78W + 2\u00d718W (sortie) \/ 2\u00d712W + 2\u00d725W (max)<\/td>\n<\/tr>\n<\/tbody>\n<\/table>\n<p>&nbsp;<\/p>\n<p>&nbsp;<\/p>\n<p>&nbsp;<\/p>\n<p>&nbsp;<\/p>\n","protected":false},"excerpt":{"rendered":"<p>MAXHUB 86&#8221; Tableau Interactif UHD LCD Panel SMART camera Microphone support 8m\/180 Win OS Zero Bonding<\/p>\n","protected":false},"featured_media":28921,"comment_status":"open","ping_status":"closed","template":"","meta":{"om_disable_all_campaigns":false,"_monsterinsights_skip_tracking":false,"_monsterinsights_sitenote_active":false,"_monsterinsights_sitenote_note":"","_monsterinsights_sitenote_category":0},"product_cat":[583,1443],"product_tag":[1447,1450,1448,1452,1445,1453,1451,1449],"class_list":{"0":"post-28922","1":"product","2":"type-product","3":"status-publish","4":"has-post-thumbnail","6":"product_cat-accessoires","7":"product_cat-ecran-plat-interactif","8":"product_tag-ecraninteractif","9":"product_tag-ecrantactile","10":"product_tag-education","11":"product_tag-googleclassroom","12":"product_tag-maxhub","13":"product_tag-maxhubclasspro","14":"product_tag-solutionpedagogique","15":"product_tag-tableauinteractif","16":"ts_product_brand-maxhub","18":"first","19":"instock","20":"shipping-taxable","21":"purchasable","22":"product-type-simple","23":"add-to-wishlist-after_add_to_cart"},"aioseo_notices":[],"_links":{"self":[{"href":"https:\/\/tthcompany.ma\/index.php\/wp-json\/wp\/v2\/product\/28922","targetHints":{"allow":["GET"]}}],"collection":[{"href":"https:\/\/tthcompany.ma\/index.php\/wp-json\/wp\/v2\/product"}],"about":[{"href":"https:\/\/tthcompany.ma\/index.php\/wp-json\/wp\/v2\/types\/product"}],"replies":[{"embeddable":true,"href":"https:\/\/tthcompany.ma\/index.php\/wp-json\/wp\/v2\/comments?post=28922"}],"wp:featuredmedia":[{"embeddable":true,"href":"https:\/\/tthcompany.ma\/index.php\/wp-json\/wp\/v2\/media\/28921"}],"wp:attachment":[{"href":"https:\/\/tthcompany.ma\/index.php\/wp-json\/wp\/v2\/media?parent=28922"}],"wp:term":[{"taxonomy":"product_cat","embeddable":true,"href":"https:\/\/tthcompany.ma\/index.php\/wp-json\/wp\/v2\/product_cat?post=28922"},{"taxonomy":"product_tag","embeddable":true,"href":"https:\/\/tthcompany.ma\/index.php\/wp-json\/wp\/v2\/product_tag?post=28922"}],"curies":[{"name":"wp","href":"https:\/\/api.w.org\/{rel}","templated":true}]}}