{"id":28919,"date":"2025-04-22T08:35:07","date_gmt":"2025-04-22T08:35:07","guid":{"rendered":"https:\/\/tthcompany.ma\/?post_type=product&#038;p=28919"},"modified":"2025-04-22T08:39:02","modified_gmt":"2025-04-22T08:39:02","slug":"e6521","status":"publish","type":"product","link":"https:\/\/tthcompany.ma\/index.php\/product\/e6521\/","title":{"rendered":"E6521"},"content":{"rendered":"<p>Le Maxhub E6521 est un \u00e9cran tactile interactif de haute qualit\u00e9 con\u00e7u pour les environnements professionnels et \u00e9ducatifs. Il est con\u00e7u pour offrir une exp\u00e9rience fluide et intuitive avec une r\u00e9solution 4K ultra-haute d\u00e9finition et un large \u00e9ventail de fonctionnalit\u00e9s. Voici une description d\u00e9taill\u00e9e de ses caract\u00e9ristiques principales :<\/p>\n<p>&nbsp;<\/p>\n<p>&nbsp;<\/p>\n<p>&nbsp;<\/p>\n<h3 class=\"title\">Sp\u00e9cifications<\/h3>\n<p>&nbsp;<\/p>\n<table width=\"442\">\n<tbody>\n<tr>\n<td width=\"215\">Caract\u00e9ristique<\/td>\n<td width=\"227\">E6521<\/td>\n<\/tr>\n<tr data-start=\"326\" data-end=\"414\">\n<td width=\"215\" data-start=\"326\" data-end=\"362\">Taille diagonale (pouces)<\/td>\n<td width=\"227\" data-start=\"362\" data-end=\"414\">65<\/td>\n<\/tr>\n<tr data-start=\"415\" data-end=\"503\">\n<td width=\"215\" data-start=\"415\" data-end=\"451\">R\u00e9solution<\/td>\n<td width=\"227\" data-start=\"451\" data-end=\"503\">3840(H) x 2160(V)<\/td>\n<\/tr>\n<tr data-start=\"504\" data-end=\"592\">\n<td width=\"215\" data-start=\"504\" data-end=\"540\">Type de dalle<\/td>\n<td width=\"227\" data-start=\"540\" data-end=\"592\">VA<\/td>\n<\/tr>\n<tr data-start=\"593\" data-end=\"681\">\n<td width=\"215\" data-start=\"593\" data-end=\"629\">Luminosit\u00e9 de la dalle<\/td>\n<td width=\"227\" data-start=\"629\" data-end=\"681\">400 nits<\/td>\n<\/tr>\n<tr data-start=\"682\" data-end=\"770\">\n<td width=\"215\" data-start=\"682\" data-end=\"718\">Contraste<\/td>\n<td width=\"227\" data-start=\"718\" data-end=\"770\">1 200:1 (Typ.) \/ 50 000:1 (Dynamique)<\/td>\n<\/tr>\n<tr data-start=\"771\" data-end=\"859\">\n<td width=\"215\" data-start=\"771\" data-end=\"807\">Profondeur des couleurs<\/td>\n<td width=\"227\" data-start=\"807\" data-end=\"859\">1,07 milliard (10 bits)<\/td>\n<\/tr>\n<tr data-start=\"860\" data-end=\"948\">\n<td width=\"215\" data-start=\"860\" data-end=\"896\">Gamme de couleurs (typ.)<\/td>\n<td width=\"227\" data-start=\"896\" data-end=\"948\">72 % NTSC<\/td>\n<\/tr>\n<tr data-start=\"949\" data-end=\"1037\">\n<td width=\"215\" data-start=\"949\" data-end=\"985\">Pr\u00e9cision des couleurs<\/td>\n<td width=\"227\" data-start=\"985\" data-end=\"1037\">Delta E \u2264 2<\/td>\n<\/tr>\n<tr data-start=\"1038\" data-end=\"1126\">\n<td width=\"215\" data-start=\"1038\" data-end=\"1074\">Protection des yeux<\/td>\n<td width=\"227\" data-start=\"1074\" data-end=\"1126\">T\u00dcV Low Blue Light \/ T\u00dcV Flicker Free<\/td>\n<\/tr>\n<tr data-start=\"1127\" data-end=\"1215\">\n<td width=\"215\" data-start=\"1127\" data-end=\"1163\">Temps de r\u00e9ponse<\/td>\n<td width=\"227\" data-start=\"1163\" data-end=\"1215\">6.5 ms<\/td>\n<\/tr>\n<tr data-start=\"1216\" data-end=\"1304\">\n<td width=\"215\" data-start=\"1216\" data-end=\"1252\">Type de r\u00e9tro\u00e9clairage<\/td>\n<td width=\"227\" data-start=\"1252\" data-end=\"1304\">DLED<\/td>\n<\/tr>\n<tr data-start=\"1305\" data-end=\"1393\">\n<td width=\"215\" data-start=\"1305\" data-end=\"1341\">Dur\u00e9e de vie du r\u00e9tro\u00e9clairage<\/td>\n<td width=\"227\" data-start=\"1341\" data-end=\"1393\">\u2265 50 000 Heures<\/td>\n<\/tr>\n<tr data-start=\"1394\" data-end=\"1482\">\n<td width=\"215\" data-start=\"1394\" data-end=\"1430\">Syst\u00e8me d\u2019exploitation int\u00e9gr\u00e9<\/td>\n<td width=\"227\" data-start=\"1430\" data-end=\"1482\">Android 13.0<\/td>\n<\/tr>\n<tr data-start=\"1483\" data-end=\"1571\">\n<td width=\"215\" data-start=\"1483\" data-end=\"1519\">RAM<\/td>\n<td width=\"227\" data-start=\"1519\" data-end=\"1571\">8 Go<\/td>\n<\/tr>\n<tr data-start=\"1572\" data-end=\"1660\">\n<td width=\"215\" data-start=\"1572\" data-end=\"1608\">ROM (Stockage)<\/td>\n<td width=\"227\" data-start=\"1608\" data-end=\"1660\">64 Go<\/td>\n<\/tr>\n<tr data-start=\"1661\" data-end=\"1749\">\n<td width=\"215\" data-start=\"1661\" data-end=\"1697\">CPU<\/td>\n<td width=\"227\" data-start=\"1697\" data-end=\"1749\">2.0 GHz Quad-core ARM A55<\/td>\n<\/tr>\n<tr data-start=\"1750\" data-end=\"1838\">\n<td width=\"215\" data-start=\"1750\" data-end=\"1786\">GPU<\/td>\n<td width=\"227\" data-start=\"1786\" data-end=\"1838\">Mali-G52 MP2<\/td>\n<\/tr>\n<tr data-start=\"1839\" data-end=\"1932\">\n<td width=\"215\" data-start=\"1839\" data-end=\"1875\">Technologie tactile<\/td>\n<td width=\"227\" data-start=\"1875\" data-end=\"1932\">\u00c9cran tactile intelligent (reconnaissance infrarouge)<\/td>\n<\/tr>\n<tr data-start=\"1933\" data-end=\"2021\">\n<td width=\"215\" data-start=\"1933\" data-end=\"1969\">Points tactiles<\/td>\n<td width=\"227\" data-start=\"1969\" data-end=\"2021\">Jusqu\u2019\u00e0 40 points (selon OS)<\/td>\n<\/tr>\n<tr data-start=\"2022\" data-end=\"2110\">\n<td width=\"215\" data-start=\"2022\" data-end=\"2058\">Micro int\u00e9gr\u00e9<\/td>\n<td width=\"227\" data-start=\"2058\" data-end=\"2110\">Oui (selon options disponibles)<\/td>\n<\/tr>\n<tr data-start=\"2111\" data-end=\"2199\">\n<td width=\"215\" data-start=\"2111\" data-end=\"2147\">Canal sonore<\/td>\n<td width=\"227\" data-start=\"2147\" data-end=\"2199\">2.0<\/td>\n<\/tr>\n<tr data-start=\"2200\" data-end=\"2288\">\n<td width=\"215\" data-start=\"2200\" data-end=\"2236\">Haut-parleurs<\/td>\n<td width=\"227\" data-start=\"2236\" data-end=\"2288\">2\u00d720 W<\/td>\n<\/tr>\n<\/tbody>\n<\/table>\n<p>&nbsp;<\/p>\n<p>&nbsp;<\/p>\n<p>&nbsp;<\/p>\n","protected":false},"excerpt":{"rendered":"<p>MAXHUB 65&#8243; Education IFP , Android 13.0 ,8G RAM ,64G Storage , IR Touch , 2 x 12W Speaker<\/p>\n","protected":false},"featured_media":28909,"comment_status":"open","ping_status":"closed","template":"","meta":{"om_disable_all_campaigns":false,"_monsterinsights_skip_tracking":false,"_monsterinsights_sitenote_active":false,"_monsterinsights_sitenote_note":"","_monsterinsights_sitenote_category":0},"product_cat":[583,1443],"product_tag":[1447,1450,1448,1452,1445,1453,1451,1449],"class_list":{"0":"post-28919","1":"product","2":"type-product","3":"status-publish","4":"has-post-thumbnail","6":"product_cat-accessoires","7":"product_cat-ecran-plat-interactif","8":"product_tag-ecraninteractif","9":"product_tag-ecrantactile","10":"product_tag-education","11":"product_tag-googleclassroom","12":"product_tag-maxhub","13":"product_tag-maxhubclasspro","14":"product_tag-solutionpedagogique","15":"product_tag-tableauinteractif","16":"ts_product_brand-maxhub","18":"first","19":"instock","20":"shipping-taxable","21":"purchasable","22":"product-type-simple","23":"add-to-wishlist-after_add_to_cart"},"aioseo_notices":[],"_links":{"self":[{"href":"https:\/\/tthcompany.ma\/index.php\/wp-json\/wp\/v2\/product\/28919","targetHints":{"allow":["GET"]}}],"collection":[{"href":"https:\/\/tthcompany.ma\/index.php\/wp-json\/wp\/v2\/product"}],"about":[{"href":"https:\/\/tthcompany.ma\/index.php\/wp-json\/wp\/v2\/types\/product"}],"replies":[{"embeddable":true,"href":"https:\/\/tthcompany.ma\/index.php\/wp-json\/wp\/v2\/comments?post=28919"}],"wp:featuredmedia":[{"embeddable":true,"href":"https:\/\/tthcompany.ma\/index.php\/wp-json\/wp\/v2\/media\/28909"}],"wp:attachment":[{"href":"https:\/\/tthcompany.ma\/index.php\/wp-json\/wp\/v2\/media?parent=28919"}],"wp:term":[{"taxonomy":"product_cat","embeddable":true,"href":"https:\/\/tthcompany.ma\/index.php\/wp-json\/wp\/v2\/product_cat?post=28919"},{"taxonomy":"product_tag","embeddable":true,"href":"https:\/\/tthcompany.ma\/index.php\/wp-json\/wp\/v2\/product_tag?post=28919"}],"curies":[{"name":"wp","href":"https:\/\/api.w.org\/{rel}","templated":true}]}}