{"id":27389,"date":"2024-09-05T09:54:34","date_gmt":"2024-09-05T09:54:34","guid":{"rendered":"https:\/\/tthcompany.ma\/?post_type=product&#038;p=27389"},"modified":"2024-11-04T16:06:26","modified_gmt":"2024-11-04T16:06:26","slug":"st12000ve001-disc-dur-12-tb","status":"publish","type":"product","link":"https:\/\/tthcompany.ma\/index.php\/product\/st12000ve001-disc-dur-12-tb\/","title":{"rendered":"ST12000VE001 Disc dur 12 Tb"},"content":{"rendered":"<h2><span style=\"font-size: 14pt;\">Principaux avantages<\/span><\/h2>\n<div id=\"collapse_detail\" class=\"accordion-collapse multi-collapse collapse show\" data-cheight=\"440\">\n<div class=\"accordion-content\">\n<div class=\"details\">\n<ul>\n<li>ImagePerfect\u00a0AI\u00a0: fournit des flux sans perte d&#8217;images et g\u00e8re les charges de travail intensives.<\/li>\n<li>Polyvalence\u00a0: s&#8217;adapte intelligemment \u00e0 la taille de votre environnement IA, g\u00e9rant jusqu&#8217;\u00e0 64\u00a0flux vid\u00e9o HD et 32\u00a0flux IA.<\/li>\n<li>SkyHawk Health Management\u00a0: SHM prot\u00e8ge activement votre solution de stockage d\u00e9di\u00e9e \u00e0 la surveillance, par le biais d&#8217;options de pr\u00e9vention, d&#8217;intervention et de r\u00e9cup\u00e9ration. La technologie RAID RapidRebuild incluse permet de reconstruire un volume trois\u00a0fois plus rapidement que lors d&#8217;une reconstruction RAID traditionnelle.<\/li>\n<li>Fiabilit\u00e9 accrue\u00a0: affiche un temps moyen entre deux\u00a0pannes de 2,5\u00a0millions d&#8217;heures, supporte une charge de travail de 550\u00a0To\/an, soit plus de trois\u00a0fois celle des disques de surveillance standard.<\/li>\n<li>Services de r\u00e9cup\u00e9ration des donn\u00e9es et garantie\u00a0: garantie produit limit\u00e9e de 5\u00a0ans et Rescue Data Recovery Services pour la r\u00e9cup\u00e9ration des donn\u00e9es en laboratoire valable 3\u00a0ans.<\/li>\n<\/ul>\n<\/div>\n<\/div>\n<\/div>\n<p>&nbsp;<\/p>\n","protected":false},"excerpt":{"rendered":"<div class=\"ProductDetail-skuDes copy\">ST12000VE001 Disc dur 12 Tb\u00a0Skyhawk AI est optimis\u00e9 pour les applications d&#8217;imagerie et d&#8217;analyse vid\u00e9o. Dot\u00e9 de fonctions avanc\u00e9es, il peut \u00eatre utilis\u00e9 avec des enregistreurs vid\u00e9o en r\u00e9seau et des serveurs compatibles avec l&#8217;intelligence artificielle (IA), et avec des \u00e9quipements pourvus de fonctionnalit\u00e9s d&#8217;analyse et de deep learning IA.<\/div>\n","protected":false},"featured_media":27390,"comment_status":"closed","ping_status":"closed","template":"","meta":{"om_disable_all_campaigns":false,"_monsterinsights_skip_tracking":false,"_monsterinsights_sitenote_active":false,"_monsterinsights_sitenote_note":"","_monsterinsights_sitenote_category":0},"product_cat":[294,1369],"product_tag":[223,1016,1370,1371,1374,1375,1376,1377,1378,1379,1382,1383,1384,1385,1386,1387,1388,1389,1390,1391,1392,1393,1394],"class_list":{"0":"post-27389","1":"product","2":"type-product","3":"status-publish","4":"has-post-thumbnail","6":"product_cat-disques-durs","7":"product_cat-skyhawk","8":"product_tag-disque-dur","9":"product_tag-disque-dur-maroc","10":"product_tag-distributeur-seagate","11":"product_tag-distributeur-seagate-maroc","12":"product_tag-hdd","13":"product_tag-hdd-maroc","14":"product_tag-revendeur-dd","15":"product_tag-revendeur-disque-dur","16":"product_tag-revendeur-seagate","17":"product_tag-revendeur-seagate-maroc","18":"product_tag-revendur-disque-dur-maroc","19":"product_tag-seagate","20":"product_tag-seagate-agadir","21":"product_tag-seagate-casablanca","22":"product_tag-seagate-el-jadida","23":"product_tag-seagate-kenitra","24":"product_tag-seagate-maroc","25":"product_tag-seagate-marrakesh","26":"product_tag-seagate-oujda","27":"product_tag-seagate-rabat","28":"product_tag-seagate-tanger","29":"product_tag-seagate-taza","30":"product_tag-seagate-tetouan","31":"ts_product_brand-seagate","33":"first","34":"instock","35":"shipping-taxable","36":"purchasable","37":"product-type-simple","38":"add-to-wishlist-after_add_to_cart"},"aioseo_notices":[],"_links":{"self":[{"href":"https:\/\/tthcompany.ma\/index.php\/wp-json\/wp\/v2\/product\/27389","targetHints":{"allow":["GET"]}}],"collection":[{"href":"https:\/\/tthcompany.ma\/index.php\/wp-json\/wp\/v2\/product"}],"about":[{"href":"https:\/\/tthcompany.ma\/index.php\/wp-json\/wp\/v2\/types\/product"}],"replies":[{"embeddable":true,"href":"https:\/\/tthcompany.ma\/index.php\/wp-json\/wp\/v2\/comments?post=27389"}],"wp:featuredmedia":[{"embeddable":true,"href":"https:\/\/tthcompany.ma\/index.php\/wp-json\/wp\/v2\/media\/27390"}],"wp:attachment":[{"href":"https:\/\/tthcompany.ma\/index.php\/wp-json\/wp\/v2\/media?parent=27389"}],"wp:term":[{"taxonomy":"product_cat","embeddable":true,"href":"https:\/\/tthcompany.ma\/index.php\/wp-json\/wp\/v2\/product_cat?post=27389"},{"taxonomy":"product_tag","embeddable":true,"href":"https:\/\/tthcompany.ma\/index.php\/wp-json\/wp\/v2\/product_tag?post=27389"}],"curies":[{"name":"wp","href":"https:\/\/api.w.org\/{rel}","templated":true}]}}