{"id":27327,"date":"2024-08-27T13:11:22","date_gmt":"2024-08-27T13:11:22","guid":{"rendered":"https:\/\/tthcompany.ma\/?post_type=product&#038;p=27327"},"modified":"2024-08-27T13:23:27","modified_gmt":"2024-08-27T13:23:27","slug":"ssd-lexar-nm790-m-2-2280-pcie-gen-4-nvme-2tb","status":"publish","type":"product","link":"https:\/\/tthcompany.ma\/index.php\/product\/ssd-lexar-nm790-m-2-2280-pcie-gen-4-nvme-2tb\/","title":{"rendered":"SSD Lexar\u00ae NM790 M.2 2280 PCIe Gen 4 NVMe 2Tb"},"content":{"rendered":"<section class=\"specific\" data-v-6b836f4c=\"\">\n<h3 class=\"title\">Sp\u00e9cifications<\/h3>\n<div class=\"tabs\" data-v-6b836f4c=\"\">\n<div class=\"el-table el-table--fit el-table--striped el-table--enable-row-hover el-table--enable-row-transition\" data-v-6b836f4c=\"\">\n<div class=\"hidden-columns\">\n<div data-v-6b836f4c=\"\"><\/div>\n<div data-v-6b836f4c=\"\"><\/div>\n<\/div>\n<div class=\"el-table__body-wrapper is-scrolling-none\">\n<table class=\"el-table__body\" border=\"0\" cellspacing=\"0\" cellpadding=\"0\">\n<colgroup>\n<col width=\"720\" \/>\n<col width=\"720\" \/><\/colgroup>\n<tbody>\n<tr class=\"el-table__row\">\n<td class=\"el-table_3_column_6 el-table__cell\" colspan=\"1\" rowspan=\"1\">\n<div class=\"cell\">Capacit\u00e9<\/div>\n<\/td>\n<td class=\"el-table_3_column_7 el-table__cell\" colspan=\"1\" rowspan=\"1\">\n<div class=\"cell\">\n<div data-v-6b836f4c=\"\">512GB\/1TB\/2TB\/4TB<\/div>\n<\/div>\n<\/td>\n<\/tr>\n<tr class=\"el-table__row el-table__row--striped\">\n<td class=\"el-table_3_column_6 el-table__cell\" colspan=\"1\" rowspan=\"1\">\n<div class=\"cell\">Facteur de forme<\/div>\n<\/td>\n<td class=\"el-table_3_column_7 el-table__cell\" colspan=\"1\" rowspan=\"1\">\n<div class=\"cell\">\n<div data-v-6b836f4c=\"\">M.2 2280<\/div>\n<\/div>\n<\/td>\n<\/tr>\n<tr class=\"el-table__row\">\n<td class=\"el-table_3_column_6 el-table__cell\" colspan=\"1\" rowspan=\"1\">\n<div class=\"cell\">Interface<\/div>\n<\/td>\n<td class=\"el-table_3_column_7 el-table__cell\" colspan=\"1\" rowspan=\"1\">\n<div class=\"cell\">\n<div data-v-6b836f4c=\"\">PCIe Gen4x4<\/div>\n<\/div>\n<\/td>\n<\/tr>\n<tr class=\"el-table__row el-table__row--striped\">\n<td class=\"el-table_3_column_6 el-table__cell\" colspan=\"1\" rowspan=\"1\">\n<div class=\"cell\">Vitesse<\/div>\n<\/td>\n<td class=\"el-table_3_column_7 el-table__cell\" colspan=\"1\" rowspan=\"1\">\n<div class=\"cell\">\n<div data-v-6b836f4c=\"\">512GB\u2014Lecture s\u00e9quentielle jusqu&#8217;\u00e0 7200\u00a0Mo\/s, \u00e9criture s\u00e9quentielle jusqu&#8217;\u00e0 4400\u00a0Mo\/s<sup>\u00b9<\/sup><br \/>\n1TB\u2014Lecture s\u00e9quentielle jusqu&#8217;\u00e0 7400\u00a0Mo\/s, \u00e9criture s\u00e9quentielle jusqu&#8217;\u00e0 6500\u00a0Mo\/s<sup>\u00b9<\/sup><br \/>\n2TB\u2014Lecture s\u00e9quentielle jusqu&#8217;\u00e0 7400\u00a0Mo\/s, \u00e9criture s\u00e9quentielle jusqu&#8217;\u00e0 6500\u00a0Mo\/s<sup>\u00b9<\/sup><br \/>\n4TB\u2014Lecture s\u00e9quentielle jusqu&#8217;\u00e0 7400\u00a0Mo\/s, \u00e9criture s\u00e9quentielle jusqu&#8217;\u00e0 6500\u00a0Mo\/s<sup>\u00b9<\/sup><\/div>\n<\/div>\n<\/td>\n<\/tr>\n<tr class=\"el-table__row\">\n<td class=\"el-table_3_column_6 el-table__cell\" colspan=\"1\" rowspan=\"1\">\n<div class=\"cell\">Temp\u00e9rature de fonctionnement<\/div>\n<\/td>\n<td class=\"el-table_3_column_7 el-table__cell\" colspan=\"1\" rowspan=\"1\">\n<div class=\"cell\">\n<div data-v-6b836f4c=\"\">0\u00b0C \u00e0 70\u00b0C (32\u00b0F \u00e0 158\u00b0F)<\/div>\n<\/div>\n<\/td>\n<\/tr>\n<tr class=\"el-table__row el-table__row--striped\">\n<td class=\"el-table_3_column_6 el-table__cell\" colspan=\"1\" rowspan=\"1\">\n<div class=\"cell\">Temp\u00e9rature de stockage<\/div>\n<\/td>\n<td class=\"el-table_3_column_7 el-table__cell\" colspan=\"1\" rowspan=\"1\">\n<div class=\"cell\">\n<div data-v-6b836f4c=\"\">-40\u00b0C \u00e0 85\u00b0C (-40\u00b0F \u00e0 185\u00b0F)<\/div>\n<\/div>\n<\/td>\n<\/tr>\n<tr class=\"el-table__row\">\n<td class=\"el-table_3_column_6 el-table__cell\" colspan=\"1\" rowspan=\"1\">\n<div class=\"cell\">Dimensions (LxLxH)<\/div>\n<\/td>\n<td class=\"el-table_3_column_7 el-table__cell\" colspan=\"1\" rowspan=\"1\">\n<div class=\"cell\">\n<div data-v-6b836f4c=\"\">80 x 22 x 2.45 mm (3.15\u201d x 0.87\u201d x 0.10\u201d)<\/div>\n<\/div>\n<\/td>\n<\/tr>\n<tr class=\"el-table__row el-table__row--striped\">\n<td class=\"el-table_3_column_6 el-table__cell\" colspan=\"1\" rowspan=\"1\">\n<div class=\"cell\">Poids<\/div>\n<\/td>\n<td class=\"el-table_3_column_7 el-table__cell\" colspan=\"1\" rowspan=\"1\">\n<div class=\"cell\">\n<div data-v-6b836f4c=\"\">6g \/ 0.013 lbs<\/div>\n<\/div>\n<\/td>\n<\/tr>\n<tr class=\"el-table__row\">\n<td class=\"el-table_3_column_6 el-table__cell\" colspan=\"1\" rowspan=\"1\">\n<div class=\"cell\">Garantie<\/div>\n<\/td>\n<td class=\"el-table_3_column_7 el-table__cell\" colspan=\"1\" rowspan=\"1\">\n<div class=\"cell\">\n<div data-v-6b836f4c=\"\">Garantie limit\u00e9e de cinq ans<\/div>\n<\/div>\n<\/td>\n<\/tr>\n<tr class=\"el-table__row el-table__row--striped\">\n<td class=\"el-table_3_column_6 el-table__cell\" colspan=\"1\" rowspan=\"1\">\n<div class=\"cell\">R\u00e9sistant aux chocs<\/div>\n<\/td>\n<td class=\"el-table_3_column_7 el-table__cell\" colspan=\"1\" rowspan=\"1\">\n<div class=\"cell\">\n<div data-v-6b836f4c=\"\">1500\u00a0G, dur\u00e9e 0,5ms, demi-onde sinuso\u00efdale<\/div>\n<\/div>\n<\/td>\n<\/tr>\n<tr class=\"el-table__row\">\n<td class=\"el-table_3_column_6 el-table__cell\" colspan=\"1\" rowspan=\"1\">\n<div class=\"cell\">R\u00e9sistant aux vibrations<\/div>\n<\/td>\n<td class=\"el-table_3_column_7 el-table__cell\" colspan=\"1\" rowspan=\"1\">\n<div class=\"cell\">\n<div data-v-6b836f4c=\"\">10 \u00e0 2000\u00a0Hz, 1,5\u00a0mm, 20\u00a0G, 1 Oct\/min, 30\u00a0min\/axe (X, Y, Z)<\/div>\n<\/div>\n<\/td>\n<\/tr>\n<tr class=\"el-table__row el-table__row--striped\">\n<td class=\"el-table_3_column_6 el-table__cell\" colspan=\"1\" rowspan=\"1\">\n<div class=\"cell\">TBW;512GB: 500TBW, 1TB: 1000TBW, 2TB: 1500TBW,4TB<\/div>\n<\/td>\n<td class=\"el-table_3_column_7 el-table__cell\" colspan=\"1\" rowspan=\"1\">\n<div class=\"cell\">\n<div data-v-6b836f4c=\"\">3000TBW<\/div>\n<\/div>\n<\/td>\n<\/tr>\n<tr class=\"el-table__row\">\n<td class=\"el-table_3_column_6 el-table__cell\" colspan=\"1\" rowspan=\"1\">\n<div class=\"cell\">MTBF<\/div>\n<\/td>\n<td class=\"el-table_3_column_7 el-table__cell\" colspan=\"1\" rowspan=\"1\">\n<div class=\"cell\">\n<div data-v-6b836f4c=\"\">1,500,000 Heures<\/div>\n<\/div>\n<\/td>\n<\/tr>\n<\/tbody>\n<\/table>\n<\/div>\n<\/div>\n<\/div>\n<div class=\"tips\" data-v-6b836f4c=\"\"><sup>1<\/sup>Jusqu&#8217;\u00e0 7500\u00a0Mo\/s de transfert en lecture, vitesses de transfert en \u00e9criture inf\u00e9rieures. Vitesses bas\u00e9es sur des tests internes. Les performances r\u00e9elles peuvent varier.<br \/>\n<sup>2<\/sup> Comparaison bas\u00e9e sur des tests internes. Les performances r\u00e9elles peuvent varier.<br \/>\n<sup>3<\/sup>4TB prend en charge la norme technologique NVMe 2.0, tandis que 1TB-2TB prend en charge la norme technologique NVMe 1.4.<br \/>\n[Remarques\u00a0:]<br \/>\nLes mesures de s\u00e9curit\u00e9, de par leur nature, peuvent \u00eatre contourn\u00e9es. Lexar ne garantit pas que les donn\u00e9es seront prot\u00e9g\u00e9es \u00e0 100% contre tout acc\u00e8s non autoris\u00e9, alt\u00e9ration ou destruction.<br \/>\nLa capacit\u00e9 r\u00e9elle des modules m\u00e9moire utilisable peut varier. 1\u00a0Go \u00e9quivaut \u00e0 1 milliard d&#8217;octets.<br \/>\nLexar n&#8217;est pas responsable des pertes de donn\u00e9es ou d&#8217;images.<br \/>\n[Page de produits seulement\u00a0:] L&#8217;apparence du produit, les performances, les offres logicielles et l&#8217;emballage peuvent varier en fonction de la date d&#8217;exp\u00e9dition et des stocks disponibles.<\/div>\n<\/section>\n<section class=\"numbers\" data-v-6b836f4c=\"\">\n<h3 class=\"title\">Num\u00e9ros de produits<\/h3>\n<div class=\"tabs\" data-v-6b836f4c=\"\">\n<div data-v-6b836f4c=\"\">\n<div class=\"el-table el-table--fit el-table--striped el-table--enable-row-hover el-table--enable-row-transition\" data-v-6b836f4c=\"\">\n<div class=\"hidden-columns\">\n<div data-v-6b836f4c=\"\"><\/div>\n<div data-v-6b836f4c=\"\"><\/div>\n<div data-v-6b836f4c=\"\"><\/div>\n<\/div>\n<div class=\"el-table__header-wrapper\">\n<table class=\"el-table__header\" border=\"0\" cellspacing=\"0\" cellpadding=\"0\">\n<colgroup>\n<col width=\"480\" \/>\n<col width=\"480\" \/>\n<col width=\"480\" \/><\/colgroup>\n<thead class=\"\"><\/thead>\n<\/table>\n<\/div>\n<\/div>\n<\/div>\n<\/div>\n<\/section>\n<table class=\"el-table__body\" border=\"0\" cellspacing=\"0\" cellpadding=\"0\">\n<colgroup>\n<col width=\"480\" \/>\n<col width=\"480\" \/>\n<col width=\"480\" \/><\/colgroup>\n<tbody>\n<tr class=\"el-table__row\">\n<td class=\"el-table_4_column_8 el-table__cell\" colspan=\"1\" rowspan=\"1\">\n<div class=\"cell\"><\/div>\n<\/td>\n<td class=\"el-table_4_column_9 el-table__cell\" colspan=\"1\" rowspan=\"1\">\n<div class=\"cell\">\n<div data-v-6b836f4c=\"\">4TB<\/div>\n<\/div>\n<\/td>\n<td class=\"el-table_4_column_10 el-table__cell\" colspan=\"1\" rowspan=\"1\">\n<div class=\"cell\">LNM790X004T-RNNNG<\/div>\n<\/td>\n<\/tr>\n<tr class=\"el-table__row el-table__row--striped\">\n<td class=\"el-table_4_column_8 el-table__cell\" colspan=\"1\" rowspan=\"1\">\n<div class=\"cell\"><\/div>\n<\/td>\n<td class=\"el-table_4_column_9 el-table__cell\" colspan=\"1\" rowspan=\"1\">\n<div class=\"cell\">\n<div data-v-6b836f4c=\"\">2TB<\/div>\n<\/div>\n<\/td>\n<td class=\"el-table_4_column_10 el-table__cell\" colspan=\"1\" rowspan=\"1\">\n<div class=\"cell\">LNM790X002T-RNNNG<\/div>\n<\/td>\n<\/tr>\n<tr class=\"el-table__row\">\n<td class=\"el-table_4_column_8 el-table__cell\" colspan=\"1\" rowspan=\"1\">\n<div class=\"cell\"><\/div>\n<\/td>\n<td class=\"el-table_4_column_9 el-table__cell\" colspan=\"1\" rowspan=\"1\">\n<div class=\"cell\">\n<div data-v-6b836f4c=\"\">1TB<\/div>\n<\/div>\n<\/td>\n<td class=\"el-table_4_column_10 el-table__cell\" colspan=\"1\" rowspan=\"1\">\n<div class=\"cell\">LNM790X001T-RNNNG<\/div>\n<\/td>\n<\/tr>\n<tr class=\"el-table__row el-table__row--striped\">\n<td class=\"el-table_4_column_8 el-table__cell\" colspan=\"1\" rowspan=\"1\">\n<div class=\"cell\"><\/div>\n<\/td>\n<td class=\"el-table_4_column_9 el-table__cell\" colspan=\"1\" rowspan=\"1\">\n<div class=\"cell\">\n<div data-v-6b836f4c=\"\">512GB<\/div>\n<\/div>\n<\/td>\n<td class=\"el-table_4_column_10 el-table__cell\" colspan=\"1\" rowspan=\"1\">\n<div class=\"cell\">LNM790X512G-RNNNG<\/div>\n<\/td>\n<\/tr>\n<\/tbody>\n<\/table>\n","protected":false},"excerpt":{"rendered":"<p>SSD Lexar\u00ae NM790 M.2 2280 PCIe Gen 4 NVMe 2Tb<\/p>\n<p class=\"desc\" data-v-6b836f4c=\"\">Lecture s\u00e9quentielle jusqu&#8217;\u00e0 7200\u00a0Mo\/s, \u00e9criture s\u00e9quentielle jusqu&#8217;\u00e0 4400\u00a0Mo\/s<\/p>\n","protected":false},"featured_media":27328,"comment_status":"open","ping_status":"closed","template":"","meta":{"om_disable_all_campaigns":false,"_monsterinsights_skip_tracking":false,"_monsterinsights_sitenote_active":false,"_monsterinsights_sitenote_note":"","_monsterinsights_sitenote_category":0},"product_cat":[583,1358],"product_tag":[1361,1362,1363,1364,1359,1057,1360],"class_list":{"0":"post-27327","1":"product","2":"type-product","3":"status-publish","4":"has-post-thumbnail","6":"product_cat-accessoires","7":"product_cat-nvme-ssd","8":"product_tag-lexar-ssd-1tb","9":"product_tag-lexar-ssd-2tb","10":"product_tag-lexar-ssd-4tb","11":"product_tag-lexar-ssd-512gb","12":"product_tag-nvme","13":"product_tag-nvme-ssd","14":"product_tag-ssd","15":"ts_product_brand-lexar","17":"first","18":"instock","19":"shipping-taxable","20":"purchasable","21":"product-type-simple","22":"add-to-wishlist-after_add_to_cart"},"aioseo_notices":[],"_links":{"self":[{"href":"https:\/\/tthcompany.ma\/index.php\/wp-json\/wp\/v2\/product\/27327","targetHints":{"allow":["GET"]}}],"collection":[{"href":"https:\/\/tthcompany.ma\/index.php\/wp-json\/wp\/v2\/product"}],"about":[{"href":"https:\/\/tthcompany.ma\/index.php\/wp-json\/wp\/v2\/types\/product"}],"replies":[{"embeddable":true,"href":"https:\/\/tthcompany.ma\/index.php\/wp-json\/wp\/v2\/comments?post=27327"}],"wp:featuredmedia":[{"embeddable":true,"href":"https:\/\/tthcompany.ma\/index.php\/wp-json\/wp\/v2\/media\/27328"}],"wp:attachment":[{"href":"https:\/\/tthcompany.ma\/index.php\/wp-json\/wp\/v2\/media?parent=27327"}],"wp:term":[{"taxonomy":"product_cat","embeddable":true,"href":"https:\/\/tthcompany.ma\/index.php\/wp-json\/wp\/v2\/product_cat?post=27327"},{"taxonomy":"product_tag","embeddable":true,"href":"https:\/\/tthcompany.ma\/index.php\/wp-json\/wp\/v2\/product_tag?post=27327"}],"curies":[{"name":"wp","href":"https:\/\/api.w.org\/{rel}","templated":true}]}}