{"id":27272,"date":"2024-07-10T14:14:49","date_gmt":"2024-07-10T14:14:49","guid":{"rendered":"https:\/\/tthcompany.ma\/?post_type=product&#038;p=27272"},"modified":"2024-11-04T16:07:20","modified_gmt":"2024-11-04T16:07:20","slug":"st10000vx0004-disc-dur-10t","status":"publish","type":"product","link":"https:\/\/tthcompany.ma\/index.php\/product\/st10000vx0004-disc-dur-10t\/","title":{"rendered":"ST10000VX0004 Disc dur 10T"},"content":{"rendered":"<h2><span style=\"font-size: 14pt;\">Principaux avantages<\/span><\/h2>\n<p><strong>Le firmware ImagePerfect\u2122<\/strong> est con\u00e7u pour enregistrer des s\u00e9quences vid\u00e9o fluides issues de 64 cam\u00e9ras HD dans des syst\u00e8mes de surveillance fonctionnant en continu<\/p>\n<p><strong>SkyHawk Health Management<\/strong> prot\u00e8ge activement votre solution de stockage d\u00e9di\u00e9e \u00e0 la surveillance, par le biais d&#8217;options de pr\u00e9vention, d&#8217;intervention et de r\u00e9cup\u00e9ration.<\/p>\n<p><strong>La technologie RAID RapidRebuild\u2122<\/strong> incluse permet de reconstruire un volume trois fois plus rapidement que lors d&#8217;une reconstruction RAID traditionnelle.<\/p>\n<p><strong>Protection in\u00e9gal\u00e9e des donn\u00e9es (vid\u00e9o)<\/strong> gr\u00e2ce au forfait de r\u00e9cup\u00e9ration des donn\u00e9es Rescue de 3 ans inclus, donnant acc\u00e8s aux services internes de r\u00e9cup\u00e9ration des donn\u00e9es de Seagate.<\/p>\n<p><strong>Les capteurs de vibrations rotationnelles<\/strong> permettent aux disques de g\u00e9rer les performances de syst\u00e8mes multibaies, rendant ces derniers \u00e9volutifs au gr\u00e9 de vos besoins en stockage.<\/p>\n<p><strong>La prise en charge du streaming ATA<\/strong> permet d&#8217;enregistrer les flux provenant de 64 cam\u00e9ras HD maximum et de b\u00e9n\u00e9ficier de s\u00e9quences fluides en continu.<\/p>\n<p><strong>L&#8217;association du temps moyen entre deux pannes de 1 million d&#8217;heures et de la garantie limit\u00e9e de 3 ans <\/strong><sup>3<\/sup> contribue \u00e0 am\u00e9liorer le co\u00fbt total de possession et \u00e0 r\u00e9duire les frais de maintenance.<\/p>\n<p><strong>La faible consommation \u00e9nerg\u00e9tique<\/strong> implique moins d&#8217;\u00e9missions de chaleur, pour des solutions de surveillance plus fiables. Les composants r\u00e9sistants au ternissement prot\u00e8gent le disque des \u00e9l\u00e9ments et assurent une meilleure fiabilit\u00e9 sur le terrain.<\/p>\n<ol>\n<li>Les disques de surveillance SkyHawk sont con\u00e7us pour les charges de travail continues dans la limite de 180 To\/an. Si vos charges de travail sont plus importantes, consultez les offres de disques de niveau Entreprise Seagate.<\/li>\n<li>Pour plus d&#8217;informations, contactez votre repr\u00e9sentant Seagate.<\/li>\n<li>Seagate d\u00e9conseille une utilisation continue \u00e0 des temp\u00e9ratures \u00e9lev\u00e9es. Au-del\u00e0 d&#8217;une certaine temp\u00e9rature, la dur\u00e9e de vie du produit diminue.<\/li>\n<\/ol>\n","protected":false},"excerpt":{"rendered":"<h1><span style=\"color: #000000;\"><strong><span style=\"font-size: 10pt; font-family: georgia, palatino, serif;\">Disque Dur d\u00e9di\u00e9s \u00e0 la vid\u00e9osurveillance 10 To<\/span><\/strong><\/span><\/h1>\n<p><strong>Capacit\u00e9<\/strong><br \/>\n10 To<br \/>\n<strong>Dimensions : H x L x P<\/strong><br \/>\n20.20 mm\/0.795 po. x 101.85 mm\/4.01 po. x 146.99mm\/5.787po.<br \/>\n<strong>Poids<\/strong><br \/>\n490 g\/1.08 lb<\/p>\n","protected":false},"featured_media":27274,"comment_status":"closed","ping_status":"closed","template":"","meta":{"om_disable_all_campaigns":false,"_monsterinsights_skip_tracking":false,"_monsterinsights_sitenote_active":false,"_monsterinsights_sitenote_note":"","_monsterinsights_sitenote_category":0},"product_cat":[294,1369],"product_tag":[1093,1388],"class_list":{"0":"post-27272","1":"product","2":"type-product","3":"status-publish","4":"has-post-thumbnail","6":"product_cat-disques-durs","7":"product_cat-skyhawk","8":"product_tag-onstuck","9":"product_tag-seagate-maroc","10":"ts_product_brand-seagate","12":"first","13":"instock","14":"shipping-taxable","15":"purchasable","16":"product-type-simple","17":"add-to-wishlist-after_add_to_cart"},"aioseo_notices":[],"_links":{"self":[{"href":"https:\/\/tthcompany.ma\/index.php\/wp-json\/wp\/v2\/product\/27272","targetHints":{"allow":["GET"]}}],"collection":[{"href":"https:\/\/tthcompany.ma\/index.php\/wp-json\/wp\/v2\/product"}],"about":[{"href":"https:\/\/tthcompany.ma\/index.php\/wp-json\/wp\/v2\/types\/product"}],"replies":[{"embeddable":true,"href":"https:\/\/tthcompany.ma\/index.php\/wp-json\/wp\/v2\/comments?post=27272"}],"wp:featuredmedia":[{"embeddable":true,"href":"https:\/\/tthcompany.ma\/index.php\/wp-json\/wp\/v2\/media\/27274"}],"wp:attachment":[{"href":"https:\/\/tthcompany.ma\/index.php\/wp-json\/wp\/v2\/media?parent=27272"}],"wp:term":[{"taxonomy":"product_cat","embeddable":true,"href":"https:\/\/tthcompany.ma\/index.php\/wp-json\/wp\/v2\/product_cat?post=27272"},{"taxonomy":"product_tag","embeddable":true,"href":"https:\/\/tthcompany.ma\/index.php\/wp-json\/wp\/v2\/product_tag?post=27272"}],"curies":[{"name":"wp","href":"https:\/\/api.w.org\/{rel}","templated":true}]}}