{"id":27249,"date":"2024-07-08T08:48:39","date_gmt":"2024-07-08T08:48:39","guid":{"rendered":"https:\/\/tthcompany.ma\/?post_type=product&#038;p=27249"},"modified":"2024-07-08T08:56:27","modified_gmt":"2024-07-08T08:56:27","slug":"ranger-dual-ipc-s2xp-10m0wed","status":"publish","type":"product","link":"https:\/\/tthcompany.ma\/index.php\/product\/ranger-dual-ipc-s2xp-10m0wed\/","title":{"rendered":"Ranger Dual &#8211; IPC-S2XP-10M0WED"},"content":{"rendered":"<p style=\"text-align: center;\"><strong>Achetez 1 appareil photo et obtenez 2 objectifs<\/strong><\/p>\n<div style=\"text-align: center;\">\n<p><strong>Surveillance des zones cl\u00e9s 24h\/24 et 7j\/7<\/strong>\u00a0: <strong>l\u2019objectif fixe <\/strong>permet une surveillance continue des zones cl\u00e9s.<\/p>\n<p><strong>Suivi automatique\u00a0: l\u2019objectif rotatif<\/strong>\u00a0 prend en charge le contr\u00f4le de la rotation horizontale et verticale, qui prend \u00e9galement en charge le suivi intelligent des cibles mobiles. L\u2019utilisateur peut regarder les deux vues en direct en temps r\u00e9el. ou des enregistrements vid\u00e9o sur l\u2019APP en m\u00eame temps, garantissant qu\u2019il n\u2019y a pas de zone morte.<\/p>\n<\/div>\n<div style=\"text-align: center;\"><img fetchpriority=\"high\" decoding=\"async\" class=\"aligncenter\" title=\"Ranger Dual 6MP 2\" src=\"https:\/\/store.imoulife.com\/cdn\/shop\/files\/1-1600-800_1d12566f-559d-4417-ae96-af5860d92b57.jpg?v=1719216611&amp;width=1600\" sizes=\"min(100vw, var(--page-width))\" srcset=\"\/\/store.imoulife.com\/cdn\/shop\/files\/1-1600-800_1d12566f-559d-4417-ae96-af5860d92b57.jpg?v=1719216611&amp;width=200 200w, \/\/store.imoulife.com\/cdn\/shop\/files\/1-1600-800_1d12566f-559d-4417-ae96-af5860d92b57.jpg?v=1719216611&amp;width=300 300w, \/\/store.imoulife.com\/cdn\/shop\/files\/1-1600-800_1d12566f-559d-4417-ae96-af5860d92b57.jpg?v=1719216611&amp;width=400 400w, \/\/store.imoulife.com\/cdn\/shop\/files\/1-1600-800_1d12566f-559d-4417-ae96-af5860d92b57.jpg?v=1719216611&amp;width=500 500w, \/\/store.imoulife.com\/cdn\/shop\/files\/1-1600-800_1d12566f-559d-4417-ae96-af5860d92b57.jpg?v=1719216611&amp;width=600 600w, \/\/store.imoulife.com\/cdn\/shop\/files\/1-1600-800_1d12566f-559d-4417-ae96-af5860d92b57.jpg?v=1719216611&amp;width=800 800w, \/\/store.imoulife.com\/cdn\/shop\/files\/1-1600-800_1d12566f-559d-4417-ae96-af5860d92b57.jpg?v=1719216611&amp;width=1000 1000w, \/\/store.imoulife.com\/cdn\/shop\/files\/1-1600-800_1d12566f-559d-4417-ae96-af5860d92b57.jpg?v=1719216611&amp;width=1200 1200w, \/\/store.imoulife.com\/cdn\/shop\/files\/1-1600-800_1d12566f-559d-4417-ae96-af5860d92b57.jpg?v=1719216611&amp;width=1400 1400w, \/\/store.imoulife.com\/cdn\/shop\/files\/1-1600-800_1d12566f-559d-4417-ae96-af5860d92b57.jpg?v=1719216611&amp;width=1600 1600w\" alt=\"Ranger Dual 6MP 1\" width=\"1600\" height=\"800\" \/><\/div>\n<p><img decoding=\"async\" class=\"aligncenter wp-image-4335 size-full\" title=\"Ranger Dual 6MP 3\" src=\"https:\/\/imoulife.ma\/wp-content\/uploads\/2024\/07\/14-1600-800_b4e26e93-63ba-4e8b-b6e1-c564c069badd.webp\" sizes=\"(max-width: 1600px) 100vw, 1600px\" srcset=\"https:\/\/imoulife.ma\/wp-content\/uploads\/2024\/07\/14-1600-800_b4e26e93-63ba-4e8b-b6e1-c564c069badd.webp 1600w, https:\/\/imoulife.ma\/wp-content\/uploads\/2024\/07\/14-1600-800_b4e26e93-63ba-4e8b-b6e1-c564c069badd-300x150.webp 300w, https:\/\/imoulife.ma\/wp-content\/uploads\/2024\/07\/14-1600-800_b4e26e93-63ba-4e8b-b6e1-c564c069badd-1024x512.webp 1024w, https:\/\/imoulife.ma\/wp-content\/uploads\/2024\/07\/14-1600-800_b4e26e93-63ba-4e8b-b6e1-c564c069badd-768x384.webp 768w, https:\/\/imoulife.ma\/wp-content\/uploads\/2024\/07\/14-1600-800_b4e26e93-63ba-4e8b-b6e1-c564c069badd-1536x768.webp 1536w, https:\/\/imoulife.ma\/wp-content\/uploads\/2024\/07\/14-1600-800_b4e26e93-63ba-4e8b-b6e1-c564c069badd-1200x600.webp 1200w, https:\/\/imoulife.ma\/wp-content\/uploads\/2024\/07\/14-1600-800_b4e26e93-63ba-4e8b-b6e1-c564c069badd-1000x500.webp 1000w\" alt=\"Ranger Dual 6MP\" width=\"1600\" height=\"800\" \/><\/p>\n<section id=\"shopify-section-template--22815577768248__da87aa68-988b-4683-b010-d482310e8bfb\" class=\"shopify-section shopify-section--rich-text\">\n<div class=\"section section-blends section-full\">\n<div class=\"rich-text justify-center \">\n<div class=\"rich-text__wrapper\">\n<div class=\"prose justify-items-center text-center\">D\u00e9tection pr\u00e9cise et rapide<br \/>\nIA pr\u00e9cise d\u2019ici IMOU SENSE\u2122<\/p>\n<div style=\"text-align: center;\">\n<p style=\"text-align: center;\">IMOU SENSE\u2122 est un algorithme d\u2019IA auto-d\u00e9velopp\u00e9 sous la marque IMOU, comprenant des algorithmes vid\u00e9o, audio, de navigation et de perception. L\u2019utilisation d\u2019une technologie de pointe dans l\u2019industrie permet \u00e0 votre appareil IMOU d\u2019\u00eatre jusqu\u2019\u00e0 50 % plus pr\u00e9cis qu\u2019un appareil ordinaire. produits et vous transmettant les r\u00e9sultats de d\u00e9tection dans un d\u00e9lai de 0,02 seconde.<\/p>\n<\/div>\n<div style=\"text-align: center;\"><img decoding=\"async\" class=\"aligncenter\" title=\"Ranger Dual 6MP 5\" src=\"https:\/\/store.imoulife.com\/cdn\/shop\/files\/2-1600-800_d0d1090b-48bb-4c20-8c49-1510c0889624.jpg?v=1717637526&amp;width=1600\" sizes=\"min(100vw, var(--page-width))\" srcset=\"\/\/store.imoulife.com\/cdn\/shop\/files\/2-1600-800_d0d1090b-48bb-4c20-8c49-1510c0889624.jpg?v=1717637526&amp;width=200 200w, \/\/store.imoulife.com\/cdn\/shop\/files\/2-1600-800_d0d1090b-48bb-4c20-8c49-1510c0889624.jpg?v=1717637526&amp;width=300 300w, \/\/store.imoulife.com\/cdn\/shop\/files\/2-1600-800_d0d1090b-48bb-4c20-8c49-1510c0889624.jpg?v=1717637526&amp;width=400 400w, \/\/store.imoulife.com\/cdn\/shop\/files\/2-1600-800_d0d1090b-48bb-4c20-8c49-1510c0889624.jpg?v=1717637526&amp;width=500 500w, \/\/store.imoulife.com\/cdn\/shop\/files\/2-1600-800_d0d1090b-48bb-4c20-8c49-1510c0889624.jpg?v=1717637526&amp;width=600 600w, \/\/store.imoulife.com\/cdn\/shop\/files\/2-1600-800_d0d1090b-48bb-4c20-8c49-1510c0889624.jpg?v=1717637526&amp;width=800 800w, \/\/store.imoulife.com\/cdn\/shop\/files\/2-1600-800_d0d1090b-48bb-4c20-8c49-1510c0889624.jpg?v=1717637526&amp;width=1000 1000w, \/\/store.imoulife.com\/cdn\/shop\/files\/2-1600-800_d0d1090b-48bb-4c20-8c49-1510c0889624.jpg?v=1717637526&amp;width=1200 1200w, \/\/store.imoulife.com\/cdn\/shop\/files\/2-1600-800_d0d1090b-48bb-4c20-8c49-1510c0889624.jpg?v=1717637526&amp;width=1400 1400w, \/\/store.imoulife.com\/cdn\/shop\/files\/2-1600-800_d0d1090b-48bb-4c20-8c49-1510c0889624.jpg?v=1717637526&amp;width=1600 1600w\" alt=\"Ranger Dual 6MP 4\" width=\"1600\" height=\"800\" \/><\/div>\n<\/div>\n<\/div>\n<\/div>\n<\/div>\n<\/section>\n<section id=\"shopify-section-template--22815577768248__rich_text_4FkTFF\" class=\"shopify-section shopify-section--rich-text\">\n<div class=\"section section-blends section-full\">\n<div class=\"rich-text justify-center \">\n<div class=\"rich-text__wrapper\">\n<div><\/div>\n<div class=\"prose justify-items-center text-center\" style=\"text-align: center;\">\n<p>D\u00e9tection pr\u00e9cise des humains et des animaux domestiques<\/p>\n<div>\n<p style=\"text-align: center;\">Ranger Dual peut trouver rapidement des cibles humaines\/animaux dans les images et envoie imm\u00e9diatement une notification \u00e0 votre smartphone. Pour les amoureux des animaux, Ranger Dual peut surveiller en permanence la zone d\u2019alimentation. Une fois que votre chien est d\u00e9tect\u00e9 en approche, notre syst\u00e8me enverra imm\u00e9diatement une notification sur votre t\u00e9l\u00e9phone mobile. De plus, le Ranger Dual peut \u00e9galement envoyer une notification lorsqu\u2019un son anormal est d\u00e9tect\u00e9, comme des pleurs de b\u00e9b\u00e9.<\/p>\n<\/div>\n<div><img loading=\"lazy\" decoding=\"async\" class=\"aligncenter\" title=\"Ranger Dual 6MP 7\" src=\"https:\/\/store.imoulife.com\/cdn\/shop\/files\/3-1600-800_ffc5545f-b21f-4c97-b583-c89815b01307.jpg?v=1717148721&amp;width=1600\" sizes=\"min(100vw, var(--page-width))\" srcset=\"\/\/store.imoulife.com\/cdn\/shop\/files\/3-1600-800_ffc5545f-b21f-4c97-b583-c89815b01307.jpg?v=1717148721&amp;width=200 200w, \/\/store.imoulife.com\/cdn\/shop\/files\/3-1600-800_ffc5545f-b21f-4c97-b583-c89815b01307.jpg?v=1717148721&amp;width=300 300w, \/\/store.imoulife.com\/cdn\/shop\/files\/3-1600-800_ffc5545f-b21f-4c97-b583-c89815b01307.jpg?v=1717148721&amp;width=400 400w, \/\/store.imoulife.com\/cdn\/shop\/files\/3-1600-800_ffc5545f-b21f-4c97-b583-c89815b01307.jpg?v=1717148721&amp;width=500 500w, \/\/store.imoulife.com\/cdn\/shop\/files\/3-1600-800_ffc5545f-b21f-4c97-b583-c89815b01307.jpg?v=1717148721&amp;width=600 600w, \/\/store.imoulife.com\/cdn\/shop\/files\/3-1600-800_ffc5545f-b21f-4c97-b583-c89815b01307.jpg?v=1717148721&amp;width=800 800w, \/\/store.imoulife.com\/cdn\/shop\/files\/3-1600-800_ffc5545f-b21f-4c97-b583-c89815b01307.jpg?v=1717148721&amp;width=1000 1000w, \/\/store.imoulife.com\/cdn\/shop\/files\/3-1600-800_ffc5545f-b21f-4c97-b583-c89815b01307.jpg?v=1717148721&amp;width=1200 1200w, \/\/store.imoulife.com\/cdn\/shop\/files\/3-1600-800_ffc5545f-b21f-4c97-b583-c89815b01307.jpg?v=1717148721&amp;width=1400 1400w, \/\/store.imoulife.com\/cdn\/shop\/files\/3-1600-800_ffc5545f-b21f-4c97-b583-c89815b01307.jpg?v=1717148721&amp;width=1600 1600w\" alt=\"Ranger Dual 6MP 6\" width=\"1600\" height=\"800\" \/><\/div>\n<p>Moins d\u2019interruptions gr\u00e2ce \u00e0 une zone de d\u00e9tection et un calendrier d\u2019alarme personnalisables<\/p>\n<div>\n<p style=\"text-align: center;\">Surveillez vos animaux de compagnie pendant la journ\u00e9e lorsque vous \u00eates dehors et concentrez-vous sur la surveillance de la porte la nuit lorsque vous dormez. Personnalisez la zone de d\u00e9tection et le calendrier des alarmes pour une surveillance et des notifications pr\u00e9cises.<\/p>\n<\/div>\n<div><img loading=\"lazy\" decoding=\"async\" class=\"aligncenter\" title=\"Ranger Dual 6MP 9\" src=\"https:\/\/store.imoulife.com\/cdn\/shop\/files\/4-1600-800_5a8f23fb-88c6-4ace-b802-e7320e15ab3e.jpg?v=1719216611&amp;width=1600\" sizes=\"min(100vw, var(--page-width))\" srcset=\"\/\/store.imoulife.com\/cdn\/shop\/files\/4-1600-800_5a8f23fb-88c6-4ace-b802-e7320e15ab3e.jpg?v=1719216611&amp;width=200 200w, \/\/store.imoulife.com\/cdn\/shop\/files\/4-1600-800_5a8f23fb-88c6-4ace-b802-e7320e15ab3e.jpg?v=1719216611&amp;width=300 300w, \/\/store.imoulife.com\/cdn\/shop\/files\/4-1600-800_5a8f23fb-88c6-4ace-b802-e7320e15ab3e.jpg?v=1719216611&amp;width=400 400w, \/\/store.imoulife.com\/cdn\/shop\/files\/4-1600-800_5a8f23fb-88c6-4ace-b802-e7320e15ab3e.jpg?v=1719216611&amp;width=500 500w, \/\/store.imoulife.com\/cdn\/shop\/files\/4-1600-800_5a8f23fb-88c6-4ace-b802-e7320e15ab3e.jpg?v=1719216611&amp;width=600 600w, \/\/store.imoulife.com\/cdn\/shop\/files\/4-1600-800_5a8f23fb-88c6-4ace-b802-e7320e15ab3e.jpg?v=1719216611&amp;width=800 800w, \/\/store.imoulife.com\/cdn\/shop\/files\/4-1600-800_5a8f23fb-88c6-4ace-b802-e7320e15ab3e.jpg?v=1719216611&amp;width=1000 1000w, \/\/store.imoulife.com\/cdn\/shop\/files\/4-1600-800_5a8f23fb-88c6-4ace-b802-e7320e15ab3e.jpg?v=1719216611&amp;width=1200 1200w, \/\/store.imoulife.com\/cdn\/shop\/files\/4-1600-800_5a8f23fb-88c6-4ace-b802-e7320e15ab3e.jpg?v=1719216611&amp;width=1400 1400w, \/\/store.imoulife.com\/cdn\/shop\/files\/4-1600-800_5a8f23fb-88c6-4ace-b802-e7320e15ab3e.jpg?v=1719216611&amp;width=1600 1600w\" alt=\"Ranger Dual 6MP 8\" width=\"1600\" height=\"800\" \/><\/div>\n<\/div>\n<\/div>\n<\/div>\n<\/div>\n<\/section>\n<section id=\"shopify-section-template--22815577768248__0f0c9950-4de8-4bbc-bba2-95b0a018893c\" class=\"shopify-section shopify-section--rich-text\">\n<div class=\"section section-blends section-full\">\n<div class=\"rich-text justify-center \">\n<div class=\"rich-text__wrapper\">\n<div class=\"prose justify-items-center text-center\">\n<p class=\"h0 hyphenate\" style=\"text-align: center;\">Vue facile<\/p>\n<p>3MP, 5MP capturent des d\u00e9tails plus vifs<\/p>\n<div>\n<p style=\"text-align: center;\">Le Ranger Dual est dot\u00e9 d\u2019un objectif fixe 3MP et d\u2019un objectif rotatif 3MP\/5MP (en option). 3MP est 63% plus clair que 1080P et 5MP est 137% plus clair que 1080P.<\/p>\n<p style=\"text-align: center;\">L\u2019objectif panoramique et inclinable 5MP\/3MP permet une vision plus claire des points de risque potentiels. Zoomez sans perdre aucun d\u00e9tail.<\/p>\n<\/div>\n<div><img loading=\"lazy\" decoding=\"async\" class=\"aligncenter\" title=\"Ranger Dual 6MP 11\" src=\"https:\/\/store.imoulife.com\/cdn\/shop\/files\/15-1600-800_fa81a73c-ce1b-4074-9bbb-ae535f26e01b.jpg?v=1719216612&amp;width=1600\" sizes=\"min(100vw, var(--page-width))\" srcset=\"\/\/store.imoulife.com\/cdn\/shop\/files\/15-1600-800_fa81a73c-ce1b-4074-9bbb-ae535f26e01b.jpg?v=1719216612&amp;width=200 200w, \/\/store.imoulife.com\/cdn\/shop\/files\/15-1600-800_fa81a73c-ce1b-4074-9bbb-ae535f26e01b.jpg?v=1719216612&amp;width=300 300w, \/\/store.imoulife.com\/cdn\/shop\/files\/15-1600-800_fa81a73c-ce1b-4074-9bbb-ae535f26e01b.jpg?v=1719216612&amp;width=400 400w, \/\/store.imoulife.com\/cdn\/shop\/files\/15-1600-800_fa81a73c-ce1b-4074-9bbb-ae535f26e01b.jpg?v=1719216612&amp;width=500 500w, \/\/store.imoulife.com\/cdn\/shop\/files\/15-1600-800_fa81a73c-ce1b-4074-9bbb-ae535f26e01b.jpg?v=1719216612&amp;width=600 600w, \/\/store.imoulife.com\/cdn\/shop\/files\/15-1600-800_fa81a73c-ce1b-4074-9bbb-ae535f26e01b.jpg?v=1719216612&amp;width=800 800w, \/\/store.imoulife.com\/cdn\/shop\/files\/15-1600-800_fa81a73c-ce1b-4074-9bbb-ae535f26e01b.jpg?v=1719216612&amp;width=1000 1000w, \/\/store.imoulife.com\/cdn\/shop\/files\/15-1600-800_fa81a73c-ce1b-4074-9bbb-ae535f26e01b.jpg?v=1719216612&amp;width=1200 1200w, \/\/store.imoulife.com\/cdn\/shop\/files\/15-1600-800_fa81a73c-ce1b-4074-9bbb-ae535f26e01b.jpg?v=1719216612&amp;width=1400 1400w, \/\/store.imoulife.com\/cdn\/shop\/files\/15-1600-800_fa81a73c-ce1b-4074-9bbb-ae535f26e01b.jpg?v=1719216612&amp;width=1600 1600w\" alt=\"Ranger Dual 6MP 10\" width=\"1600\" height=\"800\" \/><\/div>\n<\/div>\n<\/div>\n<\/div>\n<\/div>\n<\/section>\n<section id=\"shopify-section-template--22815577768248__rich_text_eXTdbE\" class=\"shopify-section shopify-section--rich-text\">\n<div class=\"section section-blends section-full\">\n<div class=\"rich-text justify-center \">\n<div class=\"rich-text__wrapper\">\n<div><\/div>\n<div class=\"prose justify-items-center text-center\" style=\"text-align: center;\">\n<p>IMOU premi\u00e8re cam\u00e9ra de vision nocturne intelligente d\u2019int\u00e9rieur<\/p>\n<div>\n<p style=\"text-align: center;\">Les deux lentilles prennent en charge une vision nocturne infrarouge cristalline. L\u2019objectif rotatif prend \u00e9galement en charge quatre modes de vision nocturne intelligents, qui fournissent des images claires en couleur ou en noir et blanc, m\u00eame dans l\u2019obscurit\u00e9 totale.<br \/>\n*Mode intelligent : la cam\u00e9ra passe automatiquement du mode infrarouge au mode couleur lorsqu\u2019un mouvement suspect est d\u00e9tect\u00e9.<\/p>\n<\/div>\n<\/div>\n<\/div>\n<\/div>\n<\/div>\n<\/section>\n<section id=\"shopify-section-template--22815577768248__multi_column_W7Hq7d\" class=\"shopify-section shopify-section--multi-column\">\n<div class=\"section section-blends section-full\">\n<div class=\"section-stack\">\n<div class=\"multi-column scroll-area bleed md:unbleed\">\n<div class=\"multi-column__item justify-start snap-start\"><\/div>\n<\/div>\n<\/div>\n<\/div>\n<\/section>\n","protected":false},"excerpt":{"rendered":"<p>Ranger Dual 6MP Surveillance des zones cl\u00e9s 24h\/24 et 7j\/7 : l\u2019objectif fixe permet une surveillance continue des zones cl\u00e9s.<\/p>\n","protected":false},"featured_media":27250,"comment_status":"open","ping_status":"closed","template":"","meta":{"om_disable_all_campaigns":false,"_monsterinsights_skip_tracking":false,"_monsterinsights_sitenote_active":false,"_monsterinsights_sitenote_note":"","_monsterinsights_sitenote_category":0},"product_cat":[742,741],"product_tag":[951],"class_list":{"0":"post-27249","1":"product","2":"type-product","3":"status-publish","4":"has-post-thumbnail","6":"product_cat-cameras-imou","7":"product_cat-imou","8":"product_tag-6mp","9":"ts_product_brand-imou","11":"first","12":"instock","13":"shipping-taxable","14":"purchasable","15":"product-type-simple","16":"add-to-wishlist-after_add_to_cart"},"aioseo_notices":[],"_links":{"self":[{"href":"https:\/\/tthcompany.ma\/index.php\/wp-json\/wp\/v2\/product\/27249","targetHints":{"allow":["GET"]}}],"collection":[{"href":"https:\/\/tthcompany.ma\/index.php\/wp-json\/wp\/v2\/product"}],"about":[{"href":"https:\/\/tthcompany.ma\/index.php\/wp-json\/wp\/v2\/types\/product"}],"replies":[{"embeddable":true,"href":"https:\/\/tthcompany.ma\/index.php\/wp-json\/wp\/v2\/comments?post=27249"}],"wp:featuredmedia":[{"embeddable":true,"href":"https:\/\/tthcompany.ma\/index.php\/wp-json\/wp\/v2\/media\/27250"}],"wp:attachment":[{"href":"https:\/\/tthcompany.ma\/index.php\/wp-json\/wp\/v2\/media?parent=27249"}],"wp:term":[{"taxonomy":"product_cat","embeddable":true,"href":"https:\/\/tthcompany.ma\/index.php\/wp-json\/wp\/v2\/product_cat?post=27249"},{"taxonomy":"product_tag","embeddable":true,"href":"https:\/\/tthcompany.ma\/index.php\/wp-json\/wp\/v2\/product_tag?post=27249"}],"curies":[{"name":"wp","href":"https:\/\/api.w.org\/{rel}","templated":true}]}}