{"id":26707,"date":"2024-03-16T11:52:34","date_gmt":"2024-03-16T11:52:34","guid":{"rendered":"https:\/\/tthcompany.ma\/?post_type=product&#038;p=26707"},"modified":"2024-03-16T12:04:58","modified_gmt":"2024-03-16T12:04:58","slug":"ugc","status":"publish","type":"product","link":"https:\/\/tthcompany.ma\/index.php\/product\/ugc\/","title":{"rendered":"UGC"},"content":{"rendered":"","protected":false},"excerpt":{"rendered":"<div class=\"prod-desc wow fadeInUpSmall\">\n<div class=\"woocommerce-product-details__short-description\">\n<div class=\"prod-desc wow fadeInUpSmall\">\n<p>UGC par Unilumin : L\u00e9g\u00e8ret\u00e9 R\u00e9volutionnaire pour une Performance Impressionnante<\/p>\n<p>Pr\u00e9sentoir de Location en Fibre de Carbone : All\u00e9gez Votre Monde d&#8217;Affichage<\/p>\n<p><strong>Un Design Innovant :<\/strong> Avec sa structure en fibre de carbone, ce pr\u00e9sentoir red\u00e9finit la l\u00e9g\u00e8ret\u00e9 pour une manipulation et une installation simplifi\u00e9es.<\/p>\n<p><strong>Plus L\u00e9ger, Plus Rapide, Plus Intelligent : <\/strong>Une combinaison gagnante qui transforme chaque \u00e9v\u00e9nement en une exp\u00e9rience fluide, rapide et sans effort.<\/p>\n<\/div>\n<\/div>\n<\/div>\n","protected":false},"featured_media":26725,"comment_status":"open","ping_status":"closed","template":"","meta":{"om_disable_all_campaigns":false,"_monsterinsights_skip_tracking":false,"_monsterinsights_sitenote_active":false,"_monsterinsights_sitenote_note":"","_monsterinsights_sitenote_category":0},"product_cat":[1286],"product_tag":[1292,1295,300,1327],"class_list":{"0":"post-26707","1":"product","2":"type-product","3":"status-publish","4":"has-post-thumbnail","6":"product_cat-rental","7":"product_tag-display","8":"product_tag-led","9":"product_tag-maroc","10":"product_tag-professional","11":"ts_product_brand-unilumin","13":"first","14":"instock","15":"shipping-taxable","16":"purchasable","17":"product-type-simple","18":"add-to-wishlist-after_add_to_cart"},"aioseo_notices":[],"_links":{"self":[{"href":"https:\/\/tthcompany.ma\/index.php\/wp-json\/wp\/v2\/product\/26707","targetHints":{"allow":["GET"]}}],"collection":[{"href":"https:\/\/tthcompany.ma\/index.php\/wp-json\/wp\/v2\/product"}],"about":[{"href":"https:\/\/tthcompany.ma\/index.php\/wp-json\/wp\/v2\/types\/product"}],"replies":[{"embeddable":true,"href":"https:\/\/tthcompany.ma\/index.php\/wp-json\/wp\/v2\/comments?post=26707"}],"wp:featuredmedia":[{"embeddable":true,"href":"https:\/\/tthcompany.ma\/index.php\/wp-json\/wp\/v2\/media\/26725"}],"wp:attachment":[{"href":"https:\/\/tthcompany.ma\/index.php\/wp-json\/wp\/v2\/media?parent=26707"}],"wp:term":[{"taxonomy":"product_cat","embeddable":true,"href":"https:\/\/tthcompany.ma\/index.php\/wp-json\/wp\/v2\/product_cat?post=26707"},{"taxonomy":"product_tag","embeddable":true,"href":"https:\/\/tthcompany.ma\/index.php\/wp-json\/wp\/v2\/product_tag?post=26707"}],"curies":[{"name":"wp","href":"https:\/\/api.w.org\/{rel}","templated":true}]}}