{"id":26706,"date":"2024-03-16T11:52:34","date_gmt":"2024-03-16T11:52:34","guid":{"rendered":"https:\/\/tthcompany.ma\/?post_type=product&#038;p=26706"},"modified":"2024-03-16T12:00:57","modified_gmt":"2024-03-16T12:00:57","slug":"unano","status":"publish","type":"product","link":"https:\/\/tthcompany.ma\/index.php\/product\/unano\/","title":{"rendered":"Unano"},"content":{"rendered":"","protected":false},"excerpt":{"rendered":"<div class=\"prod-desc wow fadeInUpSmall\">\n<div class=\"woocommerce-product-details__short-description\">\n<div class=\"prod-desc wow fadeInUpSmall\">\n<p>Unano par Unilumin : La Pr\u00e9cision au Service de la Mobilit\u00e9, Alliance Parfaite entre Affichage Locatif et NPP<\/p>\n<p>D\u00e9couvrez la polyvalence avec des r\u00e9solutions de P1.3, P1.5 et P1.8, fusionnant avec brio les mondes de l&#8217;affichage locatif et des \u00e9crans \u00e0 pitch pixel fin.<\/p>\n<\/div>\n<\/div>\n<\/div>\n","protected":false},"featured_media":26720,"comment_status":"open","ping_status":"closed","template":"","meta":{"om_disable_all_campaigns":false,"_monsterinsights_skip_tracking":false,"_monsterinsights_sitenote_active":false,"_monsterinsights_sitenote_note":"","_monsterinsights_sitenote_category":0},"product_cat":[1286],"product_tag":[1292,1295,300,1327],"class_list":{"0":"post-26706","1":"product","2":"type-product","3":"status-publish","4":"has-post-thumbnail","6":"product_cat-rental","7":"product_tag-display","8":"product_tag-led","9":"product_tag-maroc","10":"product_tag-professional","11":"ts_product_brand-unilumin","13":"first","14":"instock","15":"shipping-taxable","16":"purchasable","17":"product-type-simple","18":"add-to-wishlist-after_add_to_cart"},"aioseo_notices":[],"_links":{"self":[{"href":"https:\/\/tthcompany.ma\/index.php\/wp-json\/wp\/v2\/product\/26706","targetHints":{"allow":["GET"]}}],"collection":[{"href":"https:\/\/tthcompany.ma\/index.php\/wp-json\/wp\/v2\/product"}],"about":[{"href":"https:\/\/tthcompany.ma\/index.php\/wp-json\/wp\/v2\/types\/product"}],"replies":[{"embeddable":true,"href":"https:\/\/tthcompany.ma\/index.php\/wp-json\/wp\/v2\/comments?post=26706"}],"wp:featuredmedia":[{"embeddable":true,"href":"https:\/\/tthcompany.ma\/index.php\/wp-json\/wp\/v2\/media\/26720"}],"wp:attachment":[{"href":"https:\/\/tthcompany.ma\/index.php\/wp-json\/wp\/v2\/media?parent=26706"}],"wp:term":[{"taxonomy":"product_cat","embeddable":true,"href":"https:\/\/tthcompany.ma\/index.php\/wp-json\/wp\/v2\/product_cat?post=26706"},{"taxonomy":"product_tag","embeddable":true,"href":"https:\/\/tthcompany.ma\/index.php\/wp-json\/wp\/v2\/product_tag?post=26706"}],"curies":[{"name":"wp","href":"https:\/\/api.w.org\/{rel}","templated":true}]}}