{"id":26674,"date":"2024-03-16T10:36:59","date_gmt":"2024-03-16T10:36:59","guid":{"rendered":"https:\/\/tthcompany.ma\/?post_type=product&#038;p=26674"},"modified":"2024-03-16T11:30:02","modified_gmt":"2024-03-16T11:30:02","slug":"o","status":"publish","type":"product","link":"https:\/\/tthcompany.ma\/index.php\/product\/o\/","title":{"rendered":"O"},"content":{"rendered":"<p>O|Affichage num\u00e9rique ext\u00e9rieur |Fa\u00e7ade m\u00e9dia |Architecture M\u00e9dia |Affichages transparents<\/p>\n","protected":false},"excerpt":{"rendered":"<div class=\"prod-desc wow fadeInUpSmall\">\n<div class=\"woocommerce-product-details__short-description\">\n<div class=\"prod-desc wow fadeInUpSmall\">\n<p><strong>Conception de Module Int\u00e9gr\u00e9\u00a0: <\/strong>Int\u00e9gration d&#8217;alimentation et de processeur de donn\u00e9es pour une connexion en une seule ligne et une gestion facile des c\u00e2bles.<\/p>\n<p><strong>Haute Luminosit\u00e9 &amp; Faible Consommation d&#8217;\u00c9nergie\u00a0: <\/strong>Tout en maintenant une haute luminosit\u00e9 de 7500-10000nit, la consommation d&#8217;\u00e9nergie moyenne est seulement de 100-140 w\/m\u00b2.<\/p>\n<p><strong>Ventilation Frontale<\/strong>\u00a0: Le syst\u00e8me de ventilation frontale dispose d&#8217;une entr\u00e9e et d&#8217;une sortie d&#8217;air.<\/p>\n<p><strong>Installation Pratique\u00a0: \u00a0<\/strong>Installation libre de toute structure en acier, s&#8217;adaptant \u00e0 divers types de b\u00e2timents.<\/p>\n<\/div>\n<\/div>\n<\/div>\n","protected":false},"featured_media":26691,"comment_status":"open","ping_status":"closed","template":"","meta":{"om_disable_all_campaigns":false,"_monsterinsights_skip_tracking":false,"_monsterinsights_sitenote_active":false,"_monsterinsights_sitenote_note":"","_monsterinsights_sitenote_category":0},"product_cat":[1287],"product_tag":[1303,1292,1307,1295,1315,1327,1298,1311],"class_list":{"0":"post-26674","1":"product","2":"type-product","3":"status-publish","4":"has-post-thumbnail","6":"product_cat-dooh","7":"product_tag-cinema","8":"product_tag-display","9":"product_tag-information","10":"product_tag-led","11":"product_tag-panel","12":"product_tag-professional","13":"product_tag-stand","14":"product_tag-studio","15":"ts_product_brand-unilumin","17":"first","18":"instock","19":"shipping-taxable","20":"purchasable","21":"product-type-simple","22":"add-to-wishlist-after_add_to_cart"},"aioseo_notices":[],"_links":{"self":[{"href":"https:\/\/tthcompany.ma\/index.php\/wp-json\/wp\/v2\/product\/26674","targetHints":{"allow":["GET"]}}],"collection":[{"href":"https:\/\/tthcompany.ma\/index.php\/wp-json\/wp\/v2\/product"}],"about":[{"href":"https:\/\/tthcompany.ma\/index.php\/wp-json\/wp\/v2\/types\/product"}],"replies":[{"embeddable":true,"href":"https:\/\/tthcompany.ma\/index.php\/wp-json\/wp\/v2\/comments?post=26674"}],"wp:featuredmedia":[{"embeddable":true,"href":"https:\/\/tthcompany.ma\/index.php\/wp-json\/wp\/v2\/media\/26691"}],"wp:attachment":[{"href":"https:\/\/tthcompany.ma\/index.php\/wp-json\/wp\/v2\/media?parent=26674"}],"wp:term":[{"taxonomy":"product_cat","embeddable":true,"href":"https:\/\/tthcompany.ma\/index.php\/wp-json\/wp\/v2\/product_cat?post=26674"},{"taxonomy":"product_tag","embeddable":true,"href":"https:\/\/tthcompany.ma\/index.php\/wp-json\/wp\/v2\/product_tag?post=26674"}],"curies":[{"name":"wp","href":"https:\/\/api.w.org\/{rel}","templated":true}]}}