{"id":26615,"date":"2024-03-14T13:10:34","date_gmt":"2024-03-14T13:10:34","guid":{"rendered":"https:\/\/tthcompany.ma\/?post_type=product&#038;p=26615"},"modified":"2024-03-14T13:18:16","modified_gmt":"2024-03-14T13:18:16","slug":"ldt-series","status":"publish","type":"product","link":"https:\/\/tthcompany.ma\/index.php\/product\/ldt-series\/","title":{"rendered":"LDT Series"},"content":{"rendered":"","protected":false},"excerpt":{"rendered":"<p>Priorit\u00e9 pour l&#8217;Affichage LED Ext\u00e9rieur<\/p>\n<p>Une configuration de module sup\u00e9rieure est assortie \u00e0 un caisson semi-fini optionnel pour cr\u00e9er des produits d&#8217;un rapport qualit\u00e9-prix ultra-\u00e9lev\u00e9.<\/p>\n<p>Les produits phares de l&#8217;entreprise sont pr\u00e9par\u00e9s pour le stockage et assurent une livraison en 7 jours.<\/p>\n<p>S\u00e9rie LDT<\/p>\n<p>Choix \u00e9conomique, livraison rapide<\/p>\n<p>Pas de Pixel (mm)<\/p>\n<p>2.5 | 3.076 | 4 | 5 | 5.926 | 8 | 10<\/p>\n<p>Luminosit\u00e9 (nit)<\/p>\n<p>5000 | 5000 | 5000 | 5000 | 5000 | 4500 | 5500<\/p>\n","protected":false},"featured_media":26620,"comment_status":"open","ping_status":"closed","template":"","meta":{"om_disable_all_campaigns":false,"_monsterinsights_skip_tracking":false,"_monsterinsights_sitenote_active":false,"_monsterinsights_sitenote_note":"","_monsterinsights_sitenote_category":0},"product_cat":[1289],"product_tag":[],"class_list":{"0":"post-26615","1":"product","2":"type-product","3":"status-publish","4":"has-post-thumbnail","6":"product_cat-module","7":"ts_product_brand-lampro","9":"first","10":"instock","11":"shipping-taxable","12":"purchasable","13":"product-type-simple","14":"add-to-wishlist-after_add_to_cart"},"aioseo_notices":[],"_links":{"self":[{"href":"https:\/\/tthcompany.ma\/index.php\/wp-json\/wp\/v2\/product\/26615","targetHints":{"allow":["GET"]}}],"collection":[{"href":"https:\/\/tthcompany.ma\/index.php\/wp-json\/wp\/v2\/product"}],"about":[{"href":"https:\/\/tthcompany.ma\/index.php\/wp-json\/wp\/v2\/types\/product"}],"replies":[{"embeddable":true,"href":"https:\/\/tthcompany.ma\/index.php\/wp-json\/wp\/v2\/comments?post=26615"}],"wp:featuredmedia":[{"embeddable":true,"href":"https:\/\/tthcompany.ma\/index.php\/wp-json\/wp\/v2\/media\/26620"}],"wp:attachment":[{"href":"https:\/\/tthcompany.ma\/index.php\/wp-json\/wp\/v2\/media?parent=26615"}],"wp:term":[{"taxonomy":"product_cat","embeddable":true,"href":"https:\/\/tthcompany.ma\/index.php\/wp-json\/wp\/v2\/product_cat?post=26615"},{"taxonomy":"product_tag","embeddable":true,"href":"https:\/\/tthcompany.ma\/index.php\/wp-json\/wp\/v2\/product_tag?post=26615"}],"curies":[{"name":"wp","href":"https:\/\/api.w.org\/{rel}","templated":true}]}}