{"id":26614,"date":"2024-03-14T13:10:34","date_gmt":"2024-03-14T13:10:34","guid":{"rendered":"https:\/\/tthcompany.ma\/?post_type=product&#038;p=26614"},"modified":"2024-03-14T13:15:55","modified_gmt":"2024-03-14T13:15:55","slug":"ldaii-series","status":"publish","type":"product","link":"https:\/\/tthcompany.ma\/index.php\/product\/ldaii-series\/","title":{"rendered":"LDAII Series"},"content":{"rendered":"","protected":false},"excerpt":{"rendered":"<p>S\u00e9rie LDAII<\/p>\n<p>Priorit\u00e9 pour l&#8217;Affichage Commercial Int\u00e9rieur<\/p>\n<p>Taux de Rafra\u00eechissement \u00c9lev\u00e9 3840Hz<\/p>\n<p>S\u00e9rie LDAII<\/p>\n<p>Sans Souci avec une Stabilit\u00e9 In\u00e9dite<\/p>\n<p>Convivial avec une Haute Flexibilit\u00e9<\/p>\n<p>Exp\u00e9rience Visuelle Vivante<\/p>\n<p>Pas de Pixel (mm)<\/p>\n<p>1.2 | 1.5 | 1.8 | 2 | 2.5 | 3.076 | 4<\/p>\n<p>Luminosit\u00e9 (nit)<\/p>\n<p>500 | 500 | 500 | 500 | 500 | 500 | 500<\/p>\n","protected":false},"featured_media":26618,"comment_status":"open","ping_status":"closed","template":"","meta":{"om_disable_all_campaigns":false,"_monsterinsights_skip_tracking":false,"_monsterinsights_sitenote_active":false,"_monsterinsights_sitenote_note":"","_monsterinsights_sitenote_category":0},"product_cat":[1289],"product_tag":[],"class_list":{"0":"post-26614","1":"product","2":"type-product","3":"status-publish","4":"has-post-thumbnail","6":"product_cat-module","7":"ts_product_brand-lampro","9":"first","10":"instock","11":"shipping-taxable","12":"purchasable","13":"product-type-simple","14":"add-to-wishlist-after_add_to_cart"},"aioseo_notices":[],"_links":{"self":[{"href":"https:\/\/tthcompany.ma\/index.php\/wp-json\/wp\/v2\/product\/26614","targetHints":{"allow":["GET"]}}],"collection":[{"href":"https:\/\/tthcompany.ma\/index.php\/wp-json\/wp\/v2\/product"}],"about":[{"href":"https:\/\/tthcompany.ma\/index.php\/wp-json\/wp\/v2\/types\/product"}],"replies":[{"embeddable":true,"href":"https:\/\/tthcompany.ma\/index.php\/wp-json\/wp\/v2\/comments?post=26614"}],"wp:featuredmedia":[{"embeddable":true,"href":"https:\/\/tthcompany.ma\/index.php\/wp-json\/wp\/v2\/media\/26618"}],"wp:attachment":[{"href":"https:\/\/tthcompany.ma\/index.php\/wp-json\/wp\/v2\/media?parent=26614"}],"wp:term":[{"taxonomy":"product_cat","embeddable":true,"href":"https:\/\/tthcompany.ma\/index.php\/wp-json\/wp\/v2\/product_cat?post=26614"},{"taxonomy":"product_tag","embeddable":true,"href":"https:\/\/tthcompany.ma\/index.php\/wp-json\/wp\/v2\/product_tag?post=26614"}],"curies":[{"name":"wp","href":"https:\/\/api.w.org\/{rel}","templated":true}]}}