{"id":26606,"date":"2024-03-14T13:10:33","date_gmt":"2024-03-14T13:10:33","guid":{"rendered":"https:\/\/tthcompany.ma\/?post_type=product&#038;p=26606"},"modified":"2025-05-19T18:57:50","modified_gmt":"2025-05-19T18:57:50","slug":"lrm-series","status":"publish","type":"product","link":"https:\/\/tthcompany.ma\/index.php\/product\/lrm-series\/","title":{"rendered":"LRM Series"},"content":{"rendered":"","protected":false},"excerpt":{"rendered":"<div class=\"prod-desc wow fadeInUpSmall\">\n<div class=\"woocommerce-product-details__short-description\">\n<p>S\u00e9rie LRM<\/p>\n<p>Prot\u00e9gez Vos Spectacles en Direct<\/p>\n<ul>\n<li>Apparence concise, simple et \u00e9l\u00e9gante<\/li>\n<li>Verrou en arc de -15\u00b0 \u00e0 15\u00b0 ajustable, 24 caissons peuvent composer un cercle<\/li>\n<li>Connecteur de signal prise aviation et port RJ45 sont optionnels<\/li>\n<li>Grande bo\u00eete de contr\u00f4le avec un bon effet de dissipation de chaleur<\/li>\n<li>Mode d&#8217;installation composite (500x500mm et 500x1000mm)<\/li>\n<li>100% Maintenance Arri\u00e8re (la maintenance avant du module de produit int\u00e9rieur est optionnelle)<\/li>\n<li>Produits \u00e9tanches pour l&#8217;ext\u00e9rieur<\/li>\n<\/ul>\n<p>APPLICATIONS : conf\u00e9rences, spectacles de sc\u00e8ne, c\u00e9l\u00e9brations, spectacles de vari\u00e9t\u00e9s, pr\u00e9sentations de produits, expositions de voitures.<\/p>\n<\/div>\n<\/div>\n","protected":false},"featured_media":26629,"comment_status":"open","ping_status":"closed","template":"","meta":{"om_disable_all_campaigns":false,"_monsterinsights_skip_tracking":false,"_monsterinsights_sitenote_active":false,"_monsterinsights_sitenote_note":"","_monsterinsights_sitenote_category":0},"product_cat":[1286],"product_tag":[],"class_list":{"0":"post-26606","1":"product","2":"type-product","3":"status-publish","4":"has-post-thumbnail","6":"product_cat-rental","7":"ts_product_brand-lampro","9":"first","10":"instock","11":"shipping-taxable","12":"purchasable","13":"product-type-simple","14":"add-to-wishlist-after_add_to_cart"},"aioseo_notices":[],"_links":{"self":[{"href":"https:\/\/tthcompany.ma\/index.php\/wp-json\/wp\/v2\/product\/26606","targetHints":{"allow":["GET"]}}],"collection":[{"href":"https:\/\/tthcompany.ma\/index.php\/wp-json\/wp\/v2\/product"}],"about":[{"href":"https:\/\/tthcompany.ma\/index.php\/wp-json\/wp\/v2\/types\/product"}],"replies":[{"embeddable":true,"href":"https:\/\/tthcompany.ma\/index.php\/wp-json\/wp\/v2\/comments?post=26606"}],"wp:featuredmedia":[{"embeddable":true,"href":"https:\/\/tthcompany.ma\/index.php\/wp-json\/wp\/v2\/media\/26629"}],"wp:attachment":[{"href":"https:\/\/tthcompany.ma\/index.php\/wp-json\/wp\/v2\/media?parent=26606"}],"wp:term":[{"taxonomy":"product_cat","embeddable":true,"href":"https:\/\/tthcompany.ma\/index.php\/wp-json\/wp\/v2\/product_cat?post=26606"},{"taxonomy":"product_tag","embeddable":true,"href":"https:\/\/tthcompany.ma\/index.php\/wp-json\/wp\/v2\/product_tag?post=26606"}],"curies":[{"name":"wp","href":"https:\/\/api.w.org\/{rel}","templated":true}]}}