{"id":26547,"date":"2024-02-29T15:39:11","date_gmt":"2024-02-29T15:39:11","guid":{"rendered":"https:\/\/tthcompany.ma\/?post_type=product&#038;p=26547"},"modified":"2024-02-29T15:40:00","modified_gmt":"2024-02-29T15:40:00","slug":"dh-hac-hfw1801rp-z-a","status":"publish","type":"product","link":"https:\/\/tthcompany.ma\/index.php\/product\/dh-hac-hfw1801rp-z-a\/","title":{"rendered":"DH-HAC-HFW1801RP-Z- A"},"content":{"rendered":"<div id=\"div_left\">\n<div class=\"div-drop\">\n<table id=\"table001\" class=\"NEW-TABLE TableOverride-1 tab-drag\">\n<tbody>\n<tr>\n<td colspan=\"60\">\n<h2><span style=\"font-size: 14pt;\">Cam\u00e9ra<\/span><\/h2>\n<\/td>\n<\/tr>\n<tr>\n<td colspan=\"18\">Capteur d&#8217;image<\/td>\n<td colspan=\"42\">CMOS 1 \/ 2,7 pouces<\/td>\n<\/tr>\n<tr>\n<td colspan=\"18\">Pixels efficaces<\/td>\n<td colspan=\"42\">3840 (H) \u00d7 2160 (V), 4K<\/td>\n<\/tr>\n<tr>\n<td colspan=\"18\">Vitesse d&#8217;obturation \u00e9lectronique<\/td>\n<td colspan=\"42\">PAL: 1 \/ 3s \u2013 1 \/ 100000s<br \/>\nNTSC: 1 \/ 4s \u2013 1 \/ 100000s<\/td>\n<\/tr>\n<tr>\n<td colspan=\"18\">Illumination minimum<\/td>\n<td colspan=\"42\">0.03Lux \/ F1.7, 30IRE, 0Lux IR activ\u00e9<\/td>\n<\/tr>\n<tr>\n<td colspan=\"18\">Distance IR<\/td>\n<td colspan=\"42\">Distance jusqu&#8217;\u00e0 60 m (196,85 pieds)<\/td>\n<\/tr>\n<tr>\n<td colspan=\"18\">Contr\u00f4le marche \/ arr\u00eat IR<\/td>\n<td colspan=\"42\">Auto; manuel<\/td>\n<\/tr>\n<tr>\n<td colspan=\"18\">Num\u00e9ro de LED IR<\/td>\n<td colspan=\"42\">4<\/td>\n<\/tr>\n<tr>\n<td colspan=\"18\">Plage de panoramique \/ inclinaison \/ rotation<\/td>\n<td colspan=\"42\">Panoramique: 0 \u00b0 \u2013360 \u00b0<br \/>\nInclinaison: 0 \u00b0 \u201390 \u00b0<br \/>\nRotation: 0 \u00b0 \u2013360 \u00b0<\/td>\n<\/tr>\n<tr>\n<td colspan=\"60\">\n<h2><span style=\"font-size: 14pt;\">Lentille<\/span><\/h2>\n<\/td>\n<\/tr>\n<tr>\n<td colspan=\"18\">Type de lentille<\/td>\n<td colspan=\"42\">Vari-focale motoris\u00e9e<\/td>\n<\/tr>\n<tr>\n<td colspan=\"18\">Type de montage<\/td>\n<td colspan=\"42\">\u03c614<\/td>\n<\/tr>\n<tr>\n<td colspan=\"18\">Distance focale<\/td>\n<td colspan=\"42\">2,7 mm \u00e0 13,5 mm<\/td>\n<\/tr>\n<tr>\n<td colspan=\"18\">Max.\u00a0Ouverture<\/td>\n<td colspan=\"42\"><span lang=\"zh-CN\">F1.7<\/span><\/td>\n<\/tr>\n<tr>\n<td colspan=\"18\">Angle de vue<\/td>\n<td colspan=\"42\">Horizontal: 105 \u00b0 \u201333 \u00b0<br \/>\nVertical: 56 \u00b0 \u201318 \u00b0Diagonale: 126 \u00b0 -38 \u00b0<\/td>\n<\/tr>\n<tr>\n<td colspan=\"18\">Type d&#8217;iris<\/td>\n<td colspan=\"42\">Iris fixe<\/td>\n<\/tr>\n<tr>\n<td colspan=\"18\">Mise au point automatique<\/td>\n<td colspan=\"42\">Oui<\/td>\n<\/tr>\n<tr>\n<td colspan=\"18\">Distance de mise au point rapproch\u00e9e<\/td>\n<td colspan=\"42\">0,8 m (2,62 pieds)<\/td>\n<\/tr>\n<tr>\n<td colspan=\"18\" rowspan=\"3\">Distance DORI<\/td>\n<td colspan=\"8\">Lentille<\/td>\n<td colspan=\"8\">D\u00e9tecter<\/td>\n<td colspan=\"8\">Observer<\/td>\n<td colspan=\"8\">Reconna\u00eetre<\/td>\n<td colspan=\"10\">Identifier<\/td>\n<\/tr>\n<tr>\n<td colspan=\"8\">Grand angle<\/td>\n<td colspan=\"8\">90 m (295 pieds)<\/td>\n<td colspan=\"8\">36 m (118 pieds)<\/td>\n<td colspan=\"8\">18m (59 pieds)<\/td>\n<td colspan=\"10\">9m (30 pieds)<\/td>\n<\/tr>\n<tr>\n<td colspan=\"8\">T\u00e9l\u00e9objectif<\/td>\n<td colspan=\"8\">264 m (866 pieds)<\/td>\n<td colspan=\"8\">106m (348 pieds)<\/td>\n<td colspan=\"8\">53m (174 pieds)<\/td>\n<td colspan=\"10\">26 m (85 pieds)<\/td>\n<\/tr>\n<tr>\n<td colspan=\"60\">\n<h2><span style=\"font-size: 14pt;\">Vid\u00e9o<\/span><\/h2>\n<\/td>\n<\/tr>\n<tr>\n<td colspan=\"18\">Frame rate vid\u00e9o<\/td>\n<td colspan=\"42\">CVI: 4K \u00e0 15 ips;\u00a05M \u00e0 20fps;\u00a04M @ 25fps \/ 30fps<br \/>\nCVBS: PAL \/ NTSC<br \/>\nAHD: 4K @ 15fps;\u00a05M \u00e0 20fps;\u00a04M @ 25fps \/ 30fps<br \/>\nTVI: 4K @ 15fps;\u00a05M \u00e0 20fps;\u00a04M \u00e0 25fps \/ 30fps<\/td>\n<\/tr>\n<tr>\n<td colspan=\"18\">R\u00e9solution<\/td>\n<td colspan=\"42\">4K (3840 \u00d7 2160);\u00a05M (2 592 x 1944);\u00a04M (2 560 x 1 440);\u00a0960H (960 \u00d7 576\/960 \u00d7 480)<\/td>\n<\/tr>\n<tr>\n<td colspan=\"18\">Jour Nuit<\/td>\n<td colspan=\"42\">Commutateur automatique par ICR<\/td>\n<\/tr>\n<tr>\n<td colspan=\"18\">BLC<\/td>\n<td colspan=\"42\">BLC \/ HLC \/ WDR<\/td>\n<\/tr>\n<tr>\n<td colspan=\"18\">WDR<\/td>\n<td colspan=\"42\">120 dB \/ WDR<\/td>\n<\/tr>\n<tr>\n<td colspan=\"18\">Balance des blancs<\/td>\n<td colspan=\"42\">Auto;\u00a0Manuel<\/td>\n<\/tr>\n<tr>\n<td colspan=\"18\">Prendre le contr\u00f4le<\/td>\n<td colspan=\"42\">Auto;\u00a0Manuel<\/td>\n<\/tr>\n<tr>\n<td colspan=\"18\">R\u00e9duction de bruit<\/td>\n<td colspan=\"42\">NR 2D et 3D<\/td>\n<\/tr>\n<tr>\n<td colspan=\"18\">IR intelligent<\/td>\n<td colspan=\"42\">Oui<\/td>\n<\/tr>\n<tr>\n<td colspan=\"18\">D\u00e9sembuage \u00e9lectronique<\/td>\n<td colspan=\"42\">Oui<\/td>\n<\/tr>\n<tr>\n<td colspan=\"18\">Zoom num\u00e9rique<\/td>\n<td colspan=\"42\">4X<\/td>\n<\/tr>\n<tr>\n<td colspan=\"18\">Miroir<\/td>\n<td colspan=\"42\">\u00c9teint allum\u00e9<\/td>\n<\/tr>\n<tr>\n<td colspan=\"18\">Masquage de confidentialit\u00e9<\/td>\n<td colspan=\"42\">Off \/ On (8 zones, rectangle)<\/td>\n<\/tr>\n<\/tbody>\n<\/table>\n<\/div>\n<\/div>\n<div id=\"div_left\">\n<div class=\"div-drop\">\n<table id=\"table003\" class=\"NEW-TABLE TableOverride-1 tab-drag\">\n<tbody>\n<tr>\n<td colspan=\"60\">\n<h2><span style=\"font-size: 14pt;\">Certifications<\/span><\/h2>\n<\/td>\n<\/tr>\n<tr>\n<td colspan=\"18\">Certifications<\/td>\n<td colspan=\"42\">CE (EN55032, EN55024, EN50130-4)<\/p>\n<p>FCC (CFR 47 FCC partie 15 sous-partie B, ANSI C63.4-2014)<\/p>\n<p>UL (UL60950-1 + CAN \/ CSA C22.2 n \u00b0 60950-1)<\/td>\n<\/tr>\n<tr>\n<td colspan=\"60\">\n<h2><span style=\"font-size: 14pt;\">Port<\/span><\/h2>\n<\/td>\n<\/tr>\n<tr>\n<td colspan=\"18\">Port audio<\/td>\n<td colspan=\"42\">Micro int\u00e9gr\u00e9 \u00e0 un canal (-A)<\/td>\n<\/tr>\n<tr>\n<td colspan=\"18\">Port vid\u00e9o<\/td>\n<td colspan=\"42\">Choix de sortie vid\u00e9o CVI \/ TVI \/ AHD \/ CVBS par un port BNC<\/td>\n<\/tr>\n<tr>\n<td colspan=\"60\">Puissance<\/td>\n<\/tr>\n<tr>\n<td colspan=\"18\">Source de courant<\/td>\n<td colspan=\"42\">12 V \u00b1 30% CC<\/td>\n<\/tr>\n<tr>\n<td colspan=\"18\">Consommation d&#8217;\u00e9nergie<\/td>\n<td colspan=\"42\">Max 11W (12V DC, IR activ\u00e9)<\/td>\n<\/tr>\n<tr>\n<td colspan=\"60\">\n<h2><span style=\"font-size: 14pt;\">Environnement<\/span><\/h2>\n<\/td>\n<\/tr>\n<tr>\n<td colspan=\"18\">Temp\u00e9rature de fonctionnement<\/td>\n<td colspan=\"42\">-30 \u00b0 C \u00e0 + 60 \u00b0 C (-22 \u00b0 F \u00e0 140 \u00b0 F); &lt;95% (sans condensation)<\/td>\n<\/tr>\n<tr>\n<td colspan=\"18\">Temp\u00e9rature de stockage<\/td>\n<td colspan=\"42\">-30 \u00b0 C \u00e0 + 60 \u00b0 C (-22 \u00b0 F \u00e0 140 \u00b0 F); &lt;95% (sans condensation)<\/td>\n<\/tr>\n<tr>\n<td colspan=\"18\">Classe de protection<\/td>\n<td colspan=\"42\">IP67<\/td>\n<\/tr>\n<tr>\n<td colspan=\"60\">\n<h2><span style=\"font-size: 14pt;\">Structure<\/span><\/h2>\n<\/td>\n<\/tr>\n<tr>\n<td colspan=\"18\">Enveloppe<\/td>\n<td colspan=\"42\">M\u00e9tal dans tout le bo\u00eetier<\/td>\n<\/tr>\n<tr>\n<td colspan=\"18\">Dimensions<\/td>\n<td colspan=\"42\">209,9 mm \u00d7 90,4 mm \u00d7 90,4 mm (8,26 &#8220;\u00d7 3,56&#8221; \u00d7 3,56 &#8220;)<\/td>\n<\/tr>\n<tr>\n<td colspan=\"18\">Poids net<\/td>\n<td colspan=\"42\">0,55 kg (1,21 livre)<\/td>\n<\/tr>\n<tr>\n<td colspan=\"18\">Poids brut<\/td>\n<td colspan=\"42\">0,7 kg (1,54 lb)<\/td>\n<\/tr>\n<\/tbody>\n<\/table>\n<\/div>\n<\/div>\n","protected":false},"excerpt":{"rendered":"<h1><span style=\"font-size: 10pt; color: #000000; font-family: georgia, palatino, serif;\"><strong>Cam\u00e9ra Bullet IR 4K\u00a0 &#8220;8MP&#8221; HDCVI<\/strong><\/span><\/h1>\n<ul>\n<li>120 dB vrai WDR, 3D NR<\/li>\n<li>Max. R\u00e9solution 4K<\/li>\n<li>Commutable CVI \/ CVBS \/ AHD \/ TVI<\/li>\n<li>Mise au point automatique, objectif motoris\u00e9 2,7-13,5 mm<\/li>\n<li>Micro int\u00e9gr\u00e9 (-A)<\/li>\n<li>Max. Longueur IR 60m, IR intelligent<\/li>\n<li>IP67, 12V \u00b1 30% DC<\/li>\n<\/ul>\n<p><img decoding=\"async\" class=\"alignnone size-medium wp-image-6356\" src=\"http:\/\/tthcompany.com\/wp-content\/uploads\/2021\/02\/hfw1801r-300x32.png\" alt=\"TTH COMPANY\" width=\"300\" height=\"32\" \/><\/p>\n","protected":false},"featured_media":19468,"comment_status":"closed","ping_status":"closed","template":"","meta":{"om_disable_all_campaigns":false,"_monsterinsights_skip_tracking":false,"_monsterinsights_sitenote_active":false,"_monsterinsights_sitenote_note":"","_monsterinsights_sitenote_category":0},"product_cat":[777,775,234,186],"product_tag":[1093],"class_list":{"0":"post-26547","1":"product","2":"type-product","3":"status-publish","4":"has-post-thumbnail","6":"product_cat-audio-cameras-8mp-cameras-hdcvi","7":"product_cat-cameras-8mp-cameras-hdcvi","8":"product_cat-cameras-hdcvi","9":"product_cat-produits-hdcvi","10":"product_tag-onstuck","12":"first","13":"instock","14":"shipping-taxable","15":"purchasable","16":"product-type-simple","17":"add-to-wishlist-after_add_to_cart"},"aioseo_notices":[],"_links":{"self":[{"href":"https:\/\/tthcompany.ma\/index.php\/wp-json\/wp\/v2\/product\/26547","targetHints":{"allow":["GET"]}}],"collection":[{"href":"https:\/\/tthcompany.ma\/index.php\/wp-json\/wp\/v2\/product"}],"about":[{"href":"https:\/\/tthcompany.ma\/index.php\/wp-json\/wp\/v2\/types\/product"}],"replies":[{"embeddable":true,"href":"https:\/\/tthcompany.ma\/index.php\/wp-json\/wp\/v2\/comments?post=26547"}],"wp:featuredmedia":[{"embeddable":true,"href":"https:\/\/tthcompany.ma\/index.php\/wp-json\/wp\/v2\/media\/19468"}],"wp:attachment":[{"href":"https:\/\/tthcompany.ma\/index.php\/wp-json\/wp\/v2\/media?parent=26547"}],"wp:term":[{"taxonomy":"product_cat","embeddable":true,"href":"https:\/\/tthcompany.ma\/index.php\/wp-json\/wp\/v2\/product_cat?post=26547"},{"taxonomy":"product_tag","embeddable":true,"href":"https:\/\/tthcompany.ma\/index.php\/wp-json\/wp\/v2\/product_tag?post=26547"}],"curies":[{"name":"wp","href":"https:\/\/api.w.org\/{rel}","templated":true}]}}