{"id":26304,"date":"2024-01-20T11:44:35","date_gmt":"2024-01-20T11:44:35","guid":{"rendered":"https:\/\/tthcompany.ma\/?post_type=product&#038;p=26304"},"modified":"2024-10-12T19:09:17","modified_gmt":"2024-10-12T19:09:17","slug":"bloc-dalimentation-12v-10a-9-ch","status":"publish","type":"product","link":"https:\/\/tthcompany.ma\/index.php\/product\/bloc-dalimentation-12v-10a-9-ch\/","title":{"rendered":"Bloc d\u2019alimentation 12V\/10A 9 CH"},"content":{"rendered":"<h3>Diagramme de branchement<\/h3>\n<p><img fetchpriority=\"high\" decoding=\"async\" class=\"alignnone wp-image-26306 size-large\" src=\"https:\/\/tthcompany.ma\/wp-content\/uploads\/2024\/01\/10a-1024x662.png\" alt=\"\" width=\"1024\" height=\"662\" srcset=\"https:\/\/tthcompany.ma\/wp-content\/uploads\/2024\/01\/10a-1024x662.png 1024w, https:\/\/tthcompany.ma\/wp-content\/uploads\/2024\/01\/10a-300x194.png 300w, https:\/\/tthcompany.ma\/wp-content\/uploads\/2024\/01\/10a-768x497.png 768w, https:\/\/tthcompany.ma\/wp-content\/uploads\/2024\/01\/10a-600x388.png 600w, https:\/\/tthcompany.ma\/wp-content\/uploads\/2024\/01\/10a-1536x993.png 1536w, https:\/\/tthcompany.ma\/wp-content\/uploads\/2024\/01\/10a-2048x1324.png 2048w, https:\/\/tthcompany.ma\/wp-content\/uploads\/2024\/01\/10a-1300x841.png 1300w\" sizes=\"(max-width: 1024px) 100vw, 1024px\" \/><\/p>\n<h3>T\u00e9lechargement de la fiche technique :<\/h3>\n<p><a href=\"https:\/\/tthcompany.ma\/wp-content\/uploads\/2024\/01\/Fiche-technique-bloc-dalimentation-12V10A9CH.pdf\"><strong>Telecharger <\/strong><\/a><\/p>\n","protected":false},"excerpt":{"rendered":"<h3><strong>Boitier d\u2019alimentation CCTV12V 10A 9CH<\/strong><\/h3>\n<p><span class=\"fontstyle0\">Le bo\u00eetier d&#8217;alimentation CCTV de TTLINK fournit une solution d&#8217;alimentation plus professionnelle pour<br \/>\nchaque cam\u00e9ra et r\u00e9duit le nombre de pannes. Il regroupe toutes les alimentations des cam\u00e9ras dans<br \/>\nun emplacement central pour une maintenance ais\u00e9e, avec les sp\u00e9cifications suivantes :<\/span><\/p>\n<ul>\n<li>Boitier d\u2019alimentation professionnel pour cam\u00e9ras CCTV<\/li>\n<li>Verrouillable par cl\u00e9<\/li>\n<li>Les sorties de tension avec protection par fusible<\/li>\n<li>Transformateur prot\u00e9g\u00e9 par cage de s\u00e9curit\u00e9<\/li>\n<\/ul>\n","protected":false},"featured_media":26305,"comment_status":"open","ping_status":"closed","template":"","meta":{"om_disable_all_campaigns":false,"_monsterinsights_skip_tracking":false,"_monsterinsights_sitenote_active":false,"_monsterinsights_sitenote_note":"","_monsterinsights_sitenote_category":0},"product_cat":[583,855],"product_tag":[1244,1245,1034,1243],"class_list":{"0":"post-26304","1":"product","2":"type-product","3":"status-publish","4":"has-post-thumbnail","6":"product_cat-accessoires","7":"product_cat-boites-dalimentation","8":"product_tag-accessoires-camera-de-surveillance","9":"product_tag-accessoires-camera-surveillance","10":"product_tag-camera-de-surveillance","11":"product_tag-ttlink","12":"ts_product_brand-ttlink","14":"first","15":"instock","16":"shipping-taxable","17":"purchasable","18":"product-type-simple","19":"add-to-wishlist-after_add_to_cart"},"aioseo_notices":[],"_links":{"self":[{"href":"https:\/\/tthcompany.ma\/index.php\/wp-json\/wp\/v2\/product\/26304","targetHints":{"allow":["GET"]}}],"collection":[{"href":"https:\/\/tthcompany.ma\/index.php\/wp-json\/wp\/v2\/product"}],"about":[{"href":"https:\/\/tthcompany.ma\/index.php\/wp-json\/wp\/v2\/types\/product"}],"replies":[{"embeddable":true,"href":"https:\/\/tthcompany.ma\/index.php\/wp-json\/wp\/v2\/comments?post=26304"}],"wp:featuredmedia":[{"embeddable":true,"href":"https:\/\/tthcompany.ma\/index.php\/wp-json\/wp\/v2\/media\/26305"}],"wp:attachment":[{"href":"https:\/\/tthcompany.ma\/index.php\/wp-json\/wp\/v2\/media?parent=26304"}],"wp:term":[{"taxonomy":"product_cat","embeddable":true,"href":"https:\/\/tthcompany.ma\/index.php\/wp-json\/wp\/v2\/product_cat?post=26304"},{"taxonomy":"product_tag","embeddable":true,"href":"https:\/\/tthcompany.ma\/index.php\/wp-json\/wp\/v2\/product_tag?post=26304"}],"curies":[{"name":"wp","href":"https:\/\/api.w.org\/{rel}","templated":true}]}}