{"id":26281,"date":"2024-01-19T09:47:46","date_gmt":"2024-01-19T09:47:46","guid":{"rendered":"https:\/\/tthcompany.ma\/?post_type=product&#038;p=26281"},"modified":"2024-01-19T10:07:46","modified_gmt":"2024-01-19T10:07:46","slug":"armoire-27u","status":"publish","type":"product","link":"https:\/\/tthcompany.ma\/index.php\/product\/armoire-27u\/","title":{"rendered":"Armoire 27U"},"content":{"rendered":"<h3>Caract\u00e9ristiques techniques<\/h3>\n<ul>\n<li>Armoire19 \u2018\u2019Installation facile de l&#8217;armoire<\/li>\n<li>Noir RAL 9004<\/li>\n<li>Porte avant avec vitre en verre \u00e9quip\u00e9e d\u2019une serrure, d\u00e9montable et r\u00e9versible avec angle<br \/>\nde rotation sup\u00e9rieure \u00e0 180\u00b0<\/li>\n<li>Panneaux lat\u00e9raux amovibles, serrures lat\u00e9rales en option<\/li>\n<li>4 montants 19\u2019\u2019<\/li>\n<li>Perforation pour fixation de ventilateur sur le toit<\/li>\n<li>Trou \u00e0 d\u00e9foncer pour l&#8217;entr\u00e9e des c\u00e2bles sur le couvercle sup\u00e9rieur, le panneau inf\u00e9rieur et<br \/>\nle panneau arri\u00e8re<\/li>\n<li>Profondeur 600mm ou 800mm<\/li>\n<li>Indice de protection IP20<\/li>\n<li>Capacit\u00e9 de charge 800Kg<\/li>\n<li>Conforme aux normes : ANSI\/EIA RS-310-D,DIN41497 part 1, IEC297- 2 , DIN41494 part 7, GBIT3047.2 -92<\/li>\n<\/ul>\n<h3>Dimensions<\/h3>\n<p><img fetchpriority=\"high\" decoding=\"async\" class=\"alignnone wp-image-26283 size-full\" src=\"https:\/\/tthcompany.ma\/wp-content\/uploads\/2024\/01\/dimention-1.jpg\" alt=\"\" width=\"500\" height=\"500\" srcset=\"https:\/\/tthcompany.ma\/wp-content\/uploads\/2024\/01\/dimention-1.jpg 500w, https:\/\/tthcompany.ma\/wp-content\/uploads\/2024\/01\/dimention-1-300x300.jpg 300w, https:\/\/tthcompany.ma\/wp-content\/uploads\/2024\/01\/dimention-1-150x150.jpg 150w, https:\/\/tthcompany.ma\/wp-content\/uploads\/2024\/01\/dimention-1-440x440.jpg 440w, https:\/\/tthcompany.ma\/wp-content\/uploads\/2024\/01\/dimention-1-120x120.jpg 120w, https:\/\/tthcompany.ma\/wp-content\/uploads\/2024\/01\/dimention-1-450x450.jpg 450w, https:\/\/tthcompany.ma\/wp-content\/uploads\/2024\/01\/dimention-1-46x46.jpg 46w, https:\/\/tthcompany.ma\/wp-content\/uploads\/2024\/01\/dimention-1-100x100.jpg 100w\" sizes=\"(max-width: 500px) 100vw, 500px\" \/><\/p>\n<h3>T\u00e9lechargement de la fiche technique :<\/h3>\n<p><a href=\"https:\/\/ttlinkcompany.com\/wp-content\/uploads\/2021\/10\/fiche-technique-AS.6xxx-.pdf\"><strong>Telecharger <\/strong><\/a><\/p>\n","protected":false},"excerpt":{"rendered":"<h2><strong>\u00a0<span class=\"fontstyle0\">AS.6827<\/span><br \/>\n<\/strong><\/h2>\n<p>Description de l&#8217;armoire informatique TTLINK :<\/p>\n<p>L&#8217;armoire 19\u2019\u2019 TTLINK est la solution compl\u00e9te et parfaite des armoires et baies informatiques avec un design \u00e9l\u00e9gant et pourra \u00eatre install\u00e9e dans tous les environnements, tout en offrant un parfait point de d\u00e9part pour la distribution de c\u00e2blage.<\/p>\n","protected":false},"featured_media":26282,"comment_status":"open","ping_status":"closed","template":"","meta":{"om_disable_all_campaigns":false,"_monsterinsights_skip_tracking":false,"_monsterinsights_sitenote_active":false,"_monsterinsights_sitenote_note":"","_monsterinsights_sitenote_category":0},"product_cat":[583,858],"product_tag":[1244,1245,1242,1034,1243],"class_list":{"0":"post-26281","1":"product","2":"type-product","3":"status-publish","4":"has-post-thumbnail","6":"product_cat-accessoires","7":"product_cat-armoires","8":"product_tag-accessoires-camera-de-surveillance","9":"product_tag-accessoires-camera-surveillance","10":"product_tag-armoire","11":"product_tag-camera-de-surveillance","12":"product_tag-ttlink","13":"ts_product_brand-ttlink","15":"first","16":"instock","17":"shipping-taxable","18":"purchasable","19":"product-type-simple","20":"add-to-wishlist-after_add_to_cart"},"aioseo_notices":[],"_links":{"self":[{"href":"https:\/\/tthcompany.ma\/index.php\/wp-json\/wp\/v2\/product\/26281","targetHints":{"allow":["GET"]}}],"collection":[{"href":"https:\/\/tthcompany.ma\/index.php\/wp-json\/wp\/v2\/product"}],"about":[{"href":"https:\/\/tthcompany.ma\/index.php\/wp-json\/wp\/v2\/types\/product"}],"replies":[{"embeddable":true,"href":"https:\/\/tthcompany.ma\/index.php\/wp-json\/wp\/v2\/comments?post=26281"}],"wp:featuredmedia":[{"embeddable":true,"href":"https:\/\/tthcompany.ma\/index.php\/wp-json\/wp\/v2\/media\/26282"}],"wp:attachment":[{"href":"https:\/\/tthcompany.ma\/index.php\/wp-json\/wp\/v2\/media?parent=26281"}],"wp:term":[{"taxonomy":"product_cat","embeddable":true,"href":"https:\/\/tthcompany.ma\/index.php\/wp-json\/wp\/v2\/product_cat?post=26281"},{"taxonomy":"product_tag","embeddable":true,"href":"https:\/\/tthcompany.ma\/index.php\/wp-json\/wp\/v2\/product_tag?post=26281"}],"curies":[{"name":"wp","href":"https:\/\/api.w.org\/{rel}","templated":true}]}}