{"id":26163,"date":"2023-12-28T09:49:11","date_gmt":"2023-12-28T09:49:11","guid":{"rendered":"https:\/\/tthcompany.ma\/?post_type=product&#038;p=26163"},"modified":"2023-12-28T09:49:20","modified_gmt":"2023-12-28T09:49:20","slug":"dh-psdw8842s-a180-d425","status":"publish","type":"product","link":"https:\/\/tthcompany.ma\/index.php\/product\/dh-psdw8842s-a180-d425\/","title":{"rendered":"DH-PSDW8842S-A180-D425"},"content":{"rendered":"<table id=\"table001\" class=\"NEW-TABLE TableOverride-1 tab-drag\">\n<tbody>\n<tr>\n<td colspan=\"60\">Camera<\/td>\n<\/tr>\n<tr>\n<td colspan=\"18\">Image Sensor<\/td>\n<td colspan=\"42\">Panoramic network camera: 1\/1.8&#8243;CMOS PTZ camera: 1\/1.8&#8243;CMOS<\/td>\n<\/tr>\n<tr>\n<td colspan=\"18\">Max. Resolution<\/td>\n<td colspan=\"42\">Panoramic network camera: 4096 \u00d7 1800<br \/>\nPTZ camera: 2560 \u00d7 1440<\/td>\n<\/tr>\n<tr>\n<td colspan=\"18\">ROM<\/td>\n<td colspan=\"42\">Panoramic network camera: 4 GB<br \/>\nPTZ camera: 4 GB<\/td>\n<\/tr>\n<tr>\n<td colspan=\"18\">RAM<\/td>\n<td colspan=\"42\">Panoramic network camera: 4 GB<br \/>\nPTZ camera: 1 GB<\/td>\n<\/tr>\n<tr>\n<td colspan=\"18\">Scanning System<\/td>\n<td colspan=\"42\">Progressive<\/td>\n<\/tr>\n<tr>\n<td colspan=\"18\">Electronic Shutter Speed<\/td>\n<td colspan=\"42\">Panoramic network camera: Auto\/Manual 1\/3 s-1\/100,000 s<br \/>\nPTZ Camera: Auto\/Manual 1\/1 s-1\/300,000 s<\/td>\n<\/tr>\n<tr>\n<td colspan=\"18\">Min. Illumination<\/td>\n<td colspan=\"42\">Panoramic network camera:0.001 lux @F1.0(Color, 30 IRE); 0.0001 lux@F1.0(B\/W, 30 IRE)<\/p>\n<p>PTZ camera:0.001 lux @F1.6(Color, 30 IRE); 0.0001 lux @F1.6(B\/W, 30 IRE); 0 lux (Illuminator on)<\/td>\n<\/tr>\n<tr>\n<td colspan=\"18\">S\/N Ratio<\/td>\n<td colspan=\"42\">Panoramic network camera: 51 dB<br \/>\nPTZ camera: 51.5 dB<\/td>\n<\/tr>\n<tr>\n<td colspan=\"18\">Illumination Distance<\/td>\n<td colspan=\"42\">Panoramic network camera: NA<br \/>\nPTZ camera: \u2265100 m (328.08 ft) (IR on)<\/td>\n<\/tr>\n<tr>\n<td colspan=\"18\">Illuminator On\/Off Control<\/td>\n<td colspan=\"42\">Auto; Zoomprio; Manual<\/td>\n<\/tr>\n<tr>\n<td colspan=\"18\">Illuminator Number<\/td>\n<td colspan=\"42\">Panoramic network camera: NA<br \/>\nPTZ camera: 4(IR LED)<\/td>\n<\/tr>\n<tr>\n<td colspan=\"60\">Lens<\/td>\n<\/tr>\n<tr>\n<td colspan=\"18\">Lens Type<\/td>\n<td colspan=\"42\">Panoramic network camera: Fixed-focal<br \/>\nPTZ camera: Motorized vari-focal<\/td>\n<\/tr>\n<tr>\n<td colspan=\"18\">Lens Mount<\/td>\n<td colspan=\"42\">Panoramic network camera: M16<br \/>\nPTZ camera: Module<\/td>\n<\/tr>\n<tr>\n<td colspan=\"18\">Focal Length<\/td>\n<td colspan=\"42\">Panoramic network camera: 2.8 mm<br \/>\nPTZ camera: 5.3 mm\u2013134 mm, optical zoom (25 times)<\/td>\n<\/tr>\n<tr>\n<td colspan=\"18\">Max. Aperture<\/td>\n<td colspan=\"42\">Panoramic network camera: F1.0<br \/>\nPTZ camera: F1.6\u2013F4.0<\/td>\n<\/tr>\n<tr>\n<td colspan=\"18\">Field of View<\/td>\n<td colspan=\"42\">Panoramic network camera: H: 180\u00b0; V: 103\u00b0<br \/>\nPTZ camera: H: 3.5\u00b0\u201358\u00b0; V: 2\u00b0\u201335\u00b0; D: 2\u00b0\u201364\u00b0<\/td>\n<\/tr>\n<tr>\n<td colspan=\"18\">Iris Control<\/td>\n<td colspan=\"42\">Panoramic network camera: Fixed PTZ camera: Auto<\/td>\n<\/tr>\n<tr>\n<td colspan=\"18\">Close Focus Distance<\/td>\n<td colspan=\"42\">Panoramic network camera:1.4 m (4.59 ft)<br \/>\nPTZ camera: 0.5 m\u20137 m (1.64 ft\u201322.96 ft)<\/td>\n<\/tr>\n<tr>\n<td colspan=\"18\" rowspan=\"3\">DORI Distance<\/td>\n<td colspan=\"8\">Lens<\/td>\n<td colspan=\"8\">Detect<\/td>\n<td colspan=\"8\">Observe<\/td>\n<td colspan=\"8\">Recognize<\/td>\n<td colspan=\"10\">Identify<\/td>\n<\/tr>\n<tr>\n<td colspan=\"8\">Panoramic network camera<\/td>\n<td colspan=\"8\">57.9 m (189.96 ft)<\/td>\n<td colspan=\"8\">23.2 m<\/p>\n<p>(76.11 ft)<\/td>\n<td colspan=\"8\">11.6 m<\/p>\n<p>(38.05 ft)<\/td>\n<td colspan=\"10\">5.8 m<\/p>\n<p>(19.02 ft)<\/td>\n<\/tr>\n<tr>\n<td colspan=\"8\">PTZ camera<\/td>\n<td colspan=\"8\">1688 m (5538.05 ft)<\/td>\n<td colspan=\"8\">675 m (2214.56 ft)<\/td>\n<td colspan=\"8\">337 m (1105.64 ft)<\/td>\n<td colspan=\"10\">168 m<\/p>\n<p>(551.18 ft)<\/td>\n<\/tr>\n<tr>\n<td colspan=\"60\">Intelligence<\/td>\n<\/tr>\n<tr>\n<td colspan=\"18\">IVS (Perimeter Protection)<\/td>\n<td colspan=\"42\">Panoramic network camera: Intrusion, tripwire<\/p>\n<p>PTZ camera:Tripwire, intrusion, fast moving (the three functions support the classification and accurate detection of vehicle and human); parking detection, loitering detection, and people gathering.<\/td>\n<\/tr>\n<tr>\n<td colspan=\"18\">Face Detection<\/td>\n<td colspan=\"42\">Face detection; track; snapshot; snapshot optimization; optimal face snapshot upload; face enhancement; face exposure; face attributes extraction including 6 attributes (gender, age, glasses, expressions, mask, and beard) and 8 expressions (angry, sad, disgusted, scared, surprised, calm, happy, confused); face snapshot set as face or one-inch photo; snapshot strategies (real-time snapshot, quality priority and optimization snapshot); face angle filter; optimization time setting.<\/td>\n<\/tr>\n<tr>\n<td colspan=\"18\">Video Metadata<\/td>\n<td colspan=\"42\">Motor vehicle, non-motor vehicle, face, human body detection; track; snapshot; snapshot optimization; optimal face snapshot upload.<\/p>\n<p>Motor vehicle attributes: license plate, vehicle type, vehicle color, vehicle logo, seatbelt, smoking, calling,etc.<\/p>\n<p>Non-motor vehicle attributes: type, color, number of people, top type and color ,helmet.<\/p>\n<p>Human body attributes: gender, top\/bottom type and color, bag, hat, gender, and umbrella.<\/p>\n<p>Face attributes: gender, age, expressions, glasses, face mask and beard.<\/td>\n<\/tr>\n<tr>\n<td colspan=\"18\">Smart Search<\/td>\n<td colspan=\"42\">Work together with Smart NVR to perform refine intelligent search, event extraction and merging to event videos.<\/td>\n<\/tr>\n<tr>\n<td colspan=\"60\">Video<\/td>\n<\/tr>\n<tr>\n<td colspan=\"18\">Video Compression<\/td>\n<td colspan=\"42\">H.265; H.264; H.264H; MJPEG (Only supported by the sub stream)<\/td>\n<\/tr>\n<tr>\n<td colspan=\"18\">Smart Codec<\/td>\n<td colspan=\"42\">Smart H.265+; Smart H.264+<\/td>\n<\/tr>\n<tr>\n<td colspan=\"18\">Video Frame Rate<\/td>\n<td colspan=\"42\">Panoramic network camera:<br \/>\nMain stream: 4096 \u00d7 1800@(1-25\/30fps)<br \/>\nSub stream: 1024 \u00d7 452@(1-25\/30fps)<br \/>\nThird stream: 1920 \u00d7 832@(1-25\/30fps)<br \/>\nPTZ camera:<br \/>\nMain stream: 2688 \u00d7 1520@(1-25\/30fps)<br \/>\nSub stream: 704 \u00d7 480@(1-25\/30fps)<br \/>\nThird stream: 1920 \u00d7 1080@(1-25\/30fps)<\/td>\n<\/tr>\n<tr>\n<td colspan=\"18\">Stream Capability<\/td>\n<td colspan=\"42\">3 streams<\/td>\n<\/tr>\n<tr>\n<td colspan=\"18\">Resolution<\/td>\n<td colspan=\"42\">Panoramic network camera:<br \/>\nMain stream: 4096 \u00d7 1800; 3840 \u00d7 1680; 2880 \u00d7 1264; 2048 \u00d7 900<br \/>\nSub Stream: 1024 \u00d7 452<br \/>\nThird Stream: 1920 \u00d7 832; 1280 \u00d7 560<br \/>\nPTZ camera:<br \/>\nMain stream: 2560 \u00d7 1440; 1920 \u00d7 1080; 1280 \u00d7 960; 1280 \u00d7 720<br \/>\nSub Stream: 704 \u00d7 576; 352 \u00d7 288<br \/>\nThird Stream: 1920 \u00d7 1080; 1280 \u00d7 960; 1280 \u00d7 720<\/td>\n<\/tr>\n<tr>\n<td colspan=\"18\">Bit Rate Control<\/td>\n<td colspan=\"42\">CBR\/VBR<\/td>\n<\/tr>\n<tr>\n<td colspan=\"18\">Video Bit Rate<\/td>\n<td colspan=\"42\">Panoramic network camera:<br \/>\nH.264: 3328 kbps\u201316640 kbps<br \/>\nH.265: 1280 kbps\u20139984 kbps<br \/>\nPTZ camera:<br \/>\nH.264: 2816 kbps \u2013 13056 kbps<br \/>\nH.265: 1024 kbps \u20137936 kbps<\/td>\n<\/tr>\n<tr>\n<td colspan=\"18\">Day\/Night<\/td>\n<td colspan=\"42\">Auto (ICR)\/Color\/B\/W<\/td>\n<\/tr>\n<tr>\n<td colspan=\"18\">BLC<\/td>\n<td colspan=\"42\">Yes<\/td>\n<\/tr>\n<tr>\n<td colspan=\"18\">HLC<\/td>\n<td colspan=\"42\">Yes<\/td>\n<\/tr>\n<tr>\n<td colspan=\"18\">WDR<\/td>\n<td colspan=\"42\">Panoramic network camera: WDR (120 dB)<\/p>\n<p>PTZ camera: WDR (120 dB)<\/td>\n<\/tr>\n<tr>\n<td colspan=\"18\">White Balance<\/td>\n<td colspan=\"42\">Panoramic network camera: Auto; natural; street lamp; outdoor; manual; regional custom<br \/>\nPTZ camera: Auto; indoor; outdoor; tracking; manual; sodium lamp; natural; street lamp<\/td>\n<\/tr>\n<tr>\n<td colspan=\"18\">Gain Control<\/td>\n<td colspan=\"42\">Auto; Manual<\/td>\n<\/tr>\n<tr>\n<td colspan=\"18\">Noise Reduction<\/td>\n<td colspan=\"42\">3D NR<\/td>\n<\/tr>\n<tr>\n<td colspan=\"18\">Motion Detection<\/td>\n<td colspan=\"42\">OFF\/ON (4 areas, rectangular)<\/td>\n<\/tr>\n<tr>\n<td colspan=\"18\">Region of Interest (RoI)<\/td>\n<td colspan=\"42\">Yes (4 areas)<\/td>\n<\/tr>\n<tr>\n<td colspan=\"18\">Image Stabilization<\/td>\n<td colspan=\"42\">Panoramic network camera: NA<br \/>\nPTZ camera: Electronic Image Stabilization (EIS)<\/td>\n<\/tr>\n<tr>\n<td colspan=\"18\">Smart Illumination<\/td>\n<td colspan=\"42\">Panoramic network camera:NA<\/p>\n<p>PTZ camera:Yes<\/td>\n<\/tr>\n<tr>\n<td colspan=\"18\">Defog<\/td>\n<td colspan=\"42\">Panoramic network camera: NA<br \/>\nPTZ camera: Yes<\/td>\n<\/tr>\n<tr>\n<td colspan=\"18\">Image Rotation<\/td>\n<td colspan=\"42\">0\u00b0\/180\u00b0 (PTZ camera)<\/td>\n<\/tr>\n<tr>\n<td colspan=\"18\">Privacy Masking<\/td>\n<td colspan=\"42\">Panoramic network camera: 4 areas<br \/>\nPTZ camera: 8 areas<\/td>\n<\/tr>\n<tr>\n<td colspan=\"18\">LDC<\/td>\n<td colspan=\"42\">Panoramic network camera: Yes<\/p>\n<p>PTZ camera: No<\/td>\n<\/tr>\n<tr>\n<td colspan=\"60\">Audio<\/td>\n<\/tr>\n<tr>\n<td colspan=\"18\">Built-in MIC<\/td>\n<td colspan=\"42\">Yes<\/td>\n<\/tr>\n<tr>\n<td colspan=\"18\">Built-in Speaker<\/td>\n<td colspan=\"42\">Yes<\/td>\n<\/tr>\n<tr>\n<td colspan=\"18\">Audio Compression<\/td>\n<td colspan=\"42\">PCM; G.711a; G.711Mu; G.726; G.723<\/td>\n<\/tr>\n<tr>\n<td colspan=\"60\">Alarm<\/td>\n<\/tr>\n<tr>\n<td colspan=\"18\">Alarm Event<\/td>\n<td colspan=\"42\">No SD card; SD card full; SD card error; network disconnection; IP conflict; illegal access; motion detection; video tampering; tripwire; intrusion; parking detection; scene changing; audio detection; voltage detection; external alarm; video metadata; security exception<\/td>\n<\/tr>\n<tr>\n<td colspan=\"60\">Network<\/td>\n<\/tr>\n<tr>\n<td colspan=\"18\">Network Port<\/td>\n<td colspan=\"42\">RJ-45(10\/100\/1000 Base-T)<\/td>\n<\/tr>\n<tr>\n<td colspan=\"18\">SDK and API<\/td>\n<td colspan=\"42\">Yes<\/td>\n<\/tr>\n<tr>\n<td colspan=\"18\">Network Protocol<\/td>\n<td colspan=\"42\">IPv4; IPv6; HTTP;TCP; UDP; ARP; RTP; RTSP; RTCP; RTMP; SMTP; FTP; SFTP; DHCP; DNS; DDNS; QoS; UPnP; NTP; Multicast; ICMP; IGMP; NFS; SAMBA; PPPoE; SNMP<\/td>\n<\/tr>\n<tr>\n<td colspan=\"18\">Cyber Security<\/td>\n<td colspan=\"42\">Configuration encryption; trusted execution; Digest; security logs;WSSE; account lockout; syslog; video encryption; 802.1x; IP\/MAC filtering; HTTPS; trusted upgrade; trusted boot; firmware encryption; generation and importing of X.509 certification<\/td>\n<\/tr>\n<tr>\n<td colspan=\"18\">Interoperability<\/td>\n<td colspan=\"42\">ONVIF (Profile S\/Profile G\/Profile T); CGI; Milestone<\/td>\n<\/tr>\n<tr>\n<td colspan=\"18\">User\/Host<\/td>\n<td colspan=\"42\">14 (Total bandwidth: 176 M)<\/td>\n<\/tr>\n<tr>\n<td colspan=\"18\">Storage<\/td>\n<td colspan=\"42\">Micro SD card (support max. 512GB); FTP; SFTP; NFS; SMB<\/td>\n<\/tr>\n<tr>\n<td colspan=\"18\">Browser<\/td>\n<td colspan=\"42\">IE: IE11<br \/>\nChrome<br \/>\nFirefox<\/td>\n<\/tr>\n<tr>\n<td colspan=\"18\">Management Software<\/td>\n<td colspan=\"42\">DSS<\/td>\n<\/tr>\n<tr>\n<td colspan=\"60\">Certification<\/td>\n<\/tr>\n<tr>\n<td colspan=\"18\">Certifications<\/td>\n<td colspan=\"42\">CE-LVD:EN62368-1<\/p>\n<p>CE-EMC:Electromagnetic Compatibility Directive 2014\/30\/EU<\/p>\n<p>FCC:47 CFR FCC Part 15, Subpart B<\/p>\n<p>UL\/CUL:UL62368-1 &amp; CAN\/CSA C22.2 No. 62368-1-14<\/td>\n<\/tr>\n<tr>\n<td colspan=\"60\">PTZ Dome<\/td>\n<\/tr>\n<tr>\n<td colspan=\"18\">Pan\/Tilt Range<\/td>\n<td colspan=\"42\">Pan: 0\u00b0 to 360\u00b0 endless<\/p>\n<p>Tilt: \u201310\u00b0 to 90\u00b0, auto flip 180\u00b0<\/td>\n<\/tr>\n<tr>\n<td colspan=\"18\">Manual Control Speed<\/td>\n<td colspan=\"42\">Pan: 0.1\u00b0\/s\u2013120\u00b0\/s<\/p>\n<p>Tilt: 0.1\u00b0\/s\u201350\u00b0\/s<\/td>\n<\/tr>\n<tr>\n<td colspan=\"18\">Positioning Accuracy<\/td>\n<td colspan=\"42\">Pan: 0.1\u00b0<\/p>\n<p>Tilt: 0.1\u00b0<\/td>\n<\/tr>\n<tr>\n<td colspan=\"18\">Remote PTZ Reset<\/td>\n<td colspan=\"42\">Yes<\/td>\n<\/tr>\n<tr>\n<td colspan=\"18\">Preset<\/td>\n<td colspan=\"42\">300<\/td>\n<\/tr>\n<tr>\n<td colspan=\"18\">Tour<\/td>\n<td colspan=\"42\">8 Tour (up to 32 preset per tour)<\/td>\n<\/tr>\n<tr>\n<td colspan=\"18\">Pattern<\/td>\n<td colspan=\"42\">5<\/td>\n<\/tr>\n<tr>\n<td colspan=\"18\">Scan<\/td>\n<td colspan=\"42\">5<\/td>\n<\/tr>\n<tr>\n<td colspan=\"18\">Power-off Memory<\/td>\n<td colspan=\"42\">Yes<\/td>\n<\/tr>\n<tr>\n<td colspan=\"18\">Idle Motion<\/td>\n<td colspan=\"42\">Preset\/Pattern\/Tour\/Scan<\/td>\n<\/tr>\n<tr>\n<td colspan=\"18\">Time Task<\/td>\n<td colspan=\"42\">Yes<\/td>\n<\/tr>\n<tr>\n<td colspan=\"18\">Three-dimensional Positioning<\/td>\n<td colspan=\"42\">Yes<\/td>\n<\/tr>\n<tr>\n<td colspan=\"18\">PTZ Limit<\/td>\n<td colspan=\"42\">Yes<\/td>\n<\/tr>\n<tr>\n<td colspan=\"18\">Position Display<\/td>\n<td colspan=\"42\">Yes<\/td>\n<\/tr>\n<tr>\n<td colspan=\"18\">Information Display<\/td>\n<td colspan=\"42\">Yes<\/td>\n<\/tr>\n<tr>\n<td colspan=\"18\">Time Display<\/td>\n<td colspan=\"42\">Yes<\/td>\n<\/tr>\n<tr>\n<td colspan=\"60\">Port<\/td>\n<\/tr>\n<tr>\n<td colspan=\"18\">Audio Input<\/td>\n<td colspan=\"42\">2 channels (terminal)<\/td>\n<\/tr>\n<tr>\n<td colspan=\"18\">Audio Output<\/td>\n<td colspan=\"42\">1 channel (terminal)<\/td>\n<\/tr>\n<tr>\n<td colspan=\"18\">Alarm Input<\/td>\n<td colspan=\"42\">3 channels in: 5 mA 3\u20135 VDC<\/td>\n<\/tr>\n<tr>\n<td colspan=\"18\">Alarm Output<\/td>\n<td colspan=\"42\">2 channels out: 1,000 mA 30 VDC\/500 mA 50 VAC<\/td>\n<\/tr>\n<tr>\n<td colspan=\"18\">Analog Output<\/td>\n<td colspan=\"42\">1 channel (CVBS output: BNC)<\/td>\n<\/tr>\n<tr>\n<td colspan=\"60\">Power<\/td>\n<\/tr>\n<tr>\n<td colspan=\"18\">Power Supply<\/td>\n<td colspan=\"42\">36 VDC<\/td>\n<\/tr>\n<tr>\n<td colspan=\"18\">Power Consumption<\/td>\n<td colspan=\"42\">Basic: 35 W (36 VDC)<br \/>\nMax. (Basic power consumption + WDR + intelligence on + IR on + PTZ operation ): 45 W (36 VDC)<\/td>\n<\/tr>\n<tr>\n<td colspan=\"60\">Environment<\/td>\n<\/tr>\n<tr>\n<td colspan=\"18\">Operating Temperature<\/td>\n<td colspan=\"42\">\u201340 \u00b0C \u2013 +60 \u00b0C (\u2013104 \u00b0F to +140 \u00b0F)<\/td>\n<\/tr>\n<tr>\n<td colspan=\"18\">Operating Humidity<\/td>\n<td colspan=\"42\">\u226495%<\/td>\n<\/tr>\n<tr>\n<td colspan=\"18\">Storage Temperature<\/td>\n<td colspan=\"42\">\u201340\u00b0C to +70\u00b0C (\u2013104\u00b0F to +158\u00b0F)<\/td>\n<\/tr>\n<tr>\n<td colspan=\"18\">Protection<\/td>\n<td colspan=\"42\">IP67<\/td>\n<\/tr>\n<tr>\n<td colspan=\"60\">Structure<\/td>\n<\/tr>\n<tr>\n<td colspan=\"18\">Casing Material<\/td>\n<td colspan=\"42\">Metal + plastic<\/td>\n<\/tr>\n<tr>\n<td colspan=\"18\">Product Dimensions<\/td>\n<td colspan=\"42\">326 mm \u00d7 \u03a6280 mm (12.83&#8243; \u00d7 \u03a611.02&#8243;)<\/td>\n<\/tr>\n<tr>\n<td colspan=\"18\">Packaging Dimensions<\/td>\n<td colspan=\"42\">394 mm \u00d7 352 mm \u00d7 468 mm (15.51&#8243; \u00d7 13.86&#8243; \u00d7 18.43&#8243;)<\/td>\n<\/tr>\n<tr>\n<td colspan=\"18\">Net Weight<\/td>\n<td colspan=\"42\">7 kg (15.43 lb)<\/td>\n<\/tr>\n<tr>\n<td colspan=\"18\">Gross Weight<\/td>\n<td colspan=\"42\">10.4 kg (22.93 lb)<\/td>\n<\/tr>\n<\/tbody>\n<\/table>\n","protected":false},"excerpt":{"rendered":"<div class=\"el-col el-col-24 el-col-xs-24 el-col-sm-12 el-col-md-12 el-col-lg-12\" data-v-253bec56=\"\">\n<div class=\"text-wrapper text-wrapper--spe\" data-v-253bec56=\"\">\n<p class=\"text\" data-v-253bec56=\"\">8 MP Multi-Sensor 180\u00b0 Panoramic PTZ Mini Hubble Wizmind Network Camera<\/p>\n<div data-v-253bec56=\"\">\n<p>&gt; Panoramic parameters: 4 \u00d7 2 MP 1\/1.8&#8243; CMOS image sensors.<\/p>\n<p>PTZ parameters: 1 \u00d7 4 MP 1\/1.8&#8243; CMOS image sensors.<\/p>\n<p>&gt; PTZ camera: 25\u00d7 optical zoom,16\u00d7 digital zoom.<\/p>\n<p>&gt; H.265 codec, high compression rate, ultra-low bit rate.<\/p>\n<p>&gt; WDR, 3D NR, HLC, BLC, applicable to various monitoring scenes.<\/p>\n<p>&gt; ROI, SMART H.264+\/H.265+, flexible coding, applicable to various bandwidth and storage environments.<\/p>\n<p>&gt; Smart tracking.<\/p>\n<p>&gt; Built-in dual MICs, built-in speaker, support two-way talk.<\/p>\n<p>&gt; Intelligent Functions: Panoramic Network Camera: Perimeter Protection; PTZ Camera: Perimeter Protection, Face Detection and Video Metadata.<\/p>\n<p><img decoding=\"async\" src=\"https:\/\/material.dahuasecurity.com\/asset\/upload\/uploads\/image\/20221226\/20221226131521_16823.png\" alt=\"\" \/><\/p>\n<\/div>\n<\/div>\n<\/div>\n","protected":false},"featured_media":26164,"comment_status":"open","ping_status":"closed","template":"","meta":{"om_disable_all_campaigns":false,"_monsterinsights_skip_tracking":false,"_monsterinsights_sitenote_active":false,"_monsterinsights_sitenote_note":"","_monsterinsights_sitenote_category":0},"product_cat":[699,303,302,363],"product_tag":[1206,1207,1205,1204,884],"class_list":{"0":"post-26163","1":"product","2":"type-product","3":"status-publish","4":"has-post-thumbnail","6":"product_cat-8mp-speed-dome","7":"product_cat-cameras-ip","8":"product_cat-produits-ip","9":"product_cat-speed-dome","10":"product_tag-1206","11":"product_tag-180-panoramic","12":"product_tag-multi-sensor","13":"product_tag-panoramic-series","14":"product_tag-wizmind-series","15":"ts_product_brand-dahua","17":"first","18":"instock","19":"shipping-taxable","20":"purchasable","21":"product-type-simple","22":"add-to-wishlist-after_add_to_cart"},"aioseo_notices":[],"_links":{"self":[{"href":"https:\/\/tthcompany.ma\/index.php\/wp-json\/wp\/v2\/product\/26163","targetHints":{"allow":["GET"]}}],"collection":[{"href":"https:\/\/tthcompany.ma\/index.php\/wp-json\/wp\/v2\/product"}],"about":[{"href":"https:\/\/tthcompany.ma\/index.php\/wp-json\/wp\/v2\/types\/product"}],"replies":[{"embeddable":true,"href":"https:\/\/tthcompany.ma\/index.php\/wp-json\/wp\/v2\/comments?post=26163"}],"wp:featuredmedia":[{"embeddable":true,"href":"https:\/\/tthcompany.ma\/index.php\/wp-json\/wp\/v2\/media\/26164"}],"wp:attachment":[{"href":"https:\/\/tthcompany.ma\/index.php\/wp-json\/wp\/v2\/media?parent=26163"}],"wp:term":[{"taxonomy":"product_cat","embeddable":true,"href":"https:\/\/tthcompany.ma\/index.php\/wp-json\/wp\/v2\/product_cat?post=26163"},{"taxonomy":"product_tag","embeddable":true,"href":"https:\/\/tthcompany.ma\/index.php\/wp-json\/wp\/v2\/product_tag?post=26163"}],"curies":[{"name":"wp","href":"https:\/\/api.w.org\/{rel}","templated":true}]}}