{"id":26156,"date":"2023-12-28T08:46:35","date_gmt":"2023-12-28T08:46:35","guid":{"rendered":"https:\/\/tthcompany.ma\/?post_type=product&#038;p=26156"},"modified":"2023-12-28T08:46:36","modified_gmt":"2023-12-28T08:46:36","slug":"dh-sd5a225gb-hnr","status":"publish","type":"product","link":"https:\/\/tthcompany.ma\/index.php\/product\/dh-sd5a225gb-hnr\/","title":{"rendered":"DH-SD5A225GB-HNR"},"content":{"rendered":"<table id=\"table001\" class=\"NEW-TABLE TableOverride-1 tab-drag\">\n<tbody>\n<tr>\n<td colspan=\"60\">Camera<\/td>\n<\/tr>\n<tr>\n<td colspan=\"18\">Image Sensor<\/td>\n<td colspan=\"42\">1\/2.8&#8243; CMOS<\/td>\n<\/tr>\n<tr>\n<td colspan=\"18\">Pixel<\/td>\n<td colspan=\"42\">2 MP<\/td>\n<\/tr>\n<tr>\n<td colspan=\"18\">Max. Resolution<\/td>\n<td colspan=\"42\">1920 (H) \u00d7 1080 (V)<\/td>\n<\/tr>\n<tr>\n<td colspan=\"18\">ROM<\/td>\n<td colspan=\"42\">4 GB<\/td>\n<\/tr>\n<tr>\n<td colspan=\"18\">RAM<\/td>\n<td colspan=\"42\">1 GB<\/td>\n<\/tr>\n<tr>\n<td colspan=\"18\">Electronic Shutter Speed<\/td>\n<td colspan=\"42\">1\/1 s\u20131\/30,000 s<\/td>\n<\/tr>\n<tr>\n<td colspan=\"18\">Scanning System<\/td>\n<td colspan=\"42\">Progressive<\/td>\n<\/tr>\n<tr>\n<td colspan=\"18\">Min. Illumination<\/td>\n<td colspan=\"42\">Color: 0.005 lux@F1.6<br \/>\nB\/W: 0.0005 lux@F1.6<br \/>\n0 lux (IR light on)<\/td>\n<\/tr>\n<tr>\n<td colspan=\"18\">Illumination Distance<\/td>\n<td colspan=\"42\">150 m (492.13 ft) (IR)<\/td>\n<\/tr>\n<tr>\n<td colspan=\"18\">Illuminator On\/Off Control<\/td>\n<td colspan=\"42\">Zoom Prio; Manual; Smart IR<\/td>\n<\/tr>\n<tr>\n<td colspan=\"18\">Illuminator Number<\/td>\n<td colspan=\"42\">4 (IR)<\/td>\n<\/tr>\n<tr>\n<td colspan=\"60\">Lens<\/td>\n<\/tr>\n<tr>\n<td colspan=\"18\">Focal Length<\/td>\n<td colspan=\"42\">4.8 mm\u2013120 mm<\/td>\n<\/tr>\n<tr>\n<td colspan=\"18\">Max. Aperture<\/td>\n<td colspan=\"42\">F1.6\u2013F3.5<\/td>\n<\/tr>\n<tr>\n<td colspan=\"18\">Field of View<\/td>\n<td colspan=\"42\">H: 58.5\u00b0\u20132.8\u00b0; V: 33.2\u00b0\u20131.5\u00b0; D: 67.5\u00b0\u20133.2\u00b0<\/td>\n<\/tr>\n<tr>\n<td colspan=\"18\">Optical Zoom<\/td>\n<td colspan=\"42\">25\u00d7<\/td>\n<\/tr>\n<tr>\n<td colspan=\"18\">Focus Control<\/td>\n<td colspan=\"42\">Auto; semi-auto; manual<\/td>\n<\/tr>\n<tr>\n<td colspan=\"18\">Close Focus Distance<\/td>\n<td colspan=\"42\">0.1 m\u20131.5 m (0.33 ft\u20134.92 ft)<\/td>\n<\/tr>\n<tr>\n<td colspan=\"18\">Iris Control<\/td>\n<td colspan=\"42\">Auto; manual<\/td>\n<\/tr>\n<tr>\n<td colspan=\"18\" rowspan=\"2\">DORI Distance<\/td>\n<td colspan=\"10\">Detect<\/td>\n<td colspan=\"10\">Observe<\/td>\n<td colspan=\"10\">Recognize<\/td>\n<td colspan=\"12\">Identify<\/td>\n<\/tr>\n<tr>\n<td colspan=\"10\">1,614 m (5,292 ft)<\/td>\n<td colspan=\"10\">646 m (2,119 ft)<\/td>\n<td colspan=\"10\">323 m (1,060 ft)<\/td>\n<td colspan=\"12\">161 m<\/p>\n<p>(528 ft)<\/td>\n<\/tr>\n<tr>\n<td colspan=\"60\">PTZ<\/td>\n<\/tr>\n<tr>\n<td colspan=\"18\">Pan\/Tilt Range<\/td>\n<td colspan=\"42\">Pan: 0\u00b0 to 360\u00b0 endless<br \/>\nTilt: \u201315\u00b0 to +90\u00b0, auto flip 180\u00b0<\/td>\n<\/tr>\n<tr>\n<td colspan=\"18\">Manual Control Speed<\/td>\n<td colspan=\"42\">Pan: 0.1\u00b0\/s\u2013300\u00b0\/s<\/p>\n<p>Tilt: 0.1\u00b0\/s\u2013200\u00b0\/s<\/td>\n<\/tr>\n<tr>\n<td colspan=\"18\">Preset Speed<\/td>\n<td colspan=\"42\">Pan: 400\u00b0\/s; Tilt: 300\u00b0\/s<\/td>\n<\/tr>\n<tr>\n<td colspan=\"18\">Preset<\/td>\n<td colspan=\"42\">300<\/td>\n<\/tr>\n<tr>\n<td colspan=\"18\">Tour<\/td>\n<td colspan=\"42\">8 (up to 32 presets per tour)<\/td>\n<\/tr>\n<tr>\n<td colspan=\"18\">Pattern<\/td>\n<td colspan=\"42\">5<\/td>\n<\/tr>\n<tr>\n<td colspan=\"18\">Scan<\/td>\n<td colspan=\"42\">5<\/td>\n<\/tr>\n<tr>\n<td colspan=\"18\">Power-off Memory<\/td>\n<td colspan=\"42\">Yes<\/td>\n<\/tr>\n<tr>\n<td colspan=\"18\">Idle Motion<\/td>\n<td colspan=\"42\">Preset; Pattern; Tour; Scan<\/td>\n<\/tr>\n<tr>\n<td colspan=\"60\">Intelligence<\/td>\n<\/tr>\n<tr>\n<td colspan=\"18\">IVS (Perimeter Protection)<\/td>\n<td colspan=\"42\">Tripwire; intrusion; climbing fences; loitering detection; abandoned\/missing object; fast moving; parking detection; people gathering; vehicle\/human alarm classification<\/td>\n<\/tr>\n<tr>\n<td colspan=\"18\">Face Detection<\/td>\n<td colspan=\"42\">Supports face detection, face bounding box, capturing snapshots, uploading face snapshots, enhancing face images, and selecting a preferred image among a group of snapshots. Attribute Extraction is also supported, where 6 attributes and 8 expressions can be detected. The attributes are gender, age, glasses, mask, mustache and expressions. The expressions are angry, sad, hate, scared, surprised, calm, happy and confused. Face cutout is also offered, where you can cutout one face at a time and customize the size to be a one-inch photo. The supported methods for capturing snapshots are real-time capturing, quality first, and selecting a preferred image among a group of snapshots.<\/td>\n<\/tr>\n<tr>\n<td colspan=\"18\">Auto Tracking<\/td>\n<td colspan=\"42\">Yes<\/td>\n<\/tr>\n<tr>\n<td colspan=\"18\">Quick Pick<\/td>\n<td colspan=\"42\">With AI NVR, quickly pick up the human\/vehicle targets that users are interested in from SMD events.<\/td>\n<\/tr>\n<tr>\n<td colspan=\"18\">SMD<\/td>\n<td colspan=\"42\">Yes<\/td>\n<\/tr>\n<tr>\n<td colspan=\"60\">Video<\/td>\n<\/tr>\n<tr>\n<td colspan=\"18\">Video Compression<\/td>\n<td colspan=\"42\">Smart H.265+; H.265; Smart H.264+; H.264; H.264B; H.264H; MJPEG (Sub Stream 1)<\/td>\n<\/tr>\n<tr>\n<td colspan=\"18\">Streaming Capability<\/td>\n<td colspan=\"42\">3 streams<\/td>\n<\/tr>\n<tr>\n<td colspan=\"18\">Resolution<\/td>\n<td colspan=\"42\">1080p (1920 \u00d7 1080); 1.3M (1280 \u00d7 960); 720p (1280 \u00d7 720); D1 (704 \u00d7 576\/704 \u00d7 480); VGA (640 \u00d7 480); CIF (352 \u00d7 288\/352 \u00d7 240)<\/td>\n<\/tr>\n<tr>\n<td colspan=\"18\">Video Frame Rate<\/td>\n<td colspan=\"42\">Main stream: 1080p\/1.3M\/720p (1\u201325\/30 fps)Sub stream 1: D1\/VGA\/CIF (1\u201325\/30 fps)Sub stream 2: 1080p\/1.3M\/720p (1\u201325\/30 fps)<\/td>\n<\/tr>\n<tr>\n<td colspan=\"18\">Bit Rate Control<\/td>\n<td colspan=\"42\">CBR; VBR<\/td>\n<\/tr>\n<tr>\n<td colspan=\"18\">Video Bit Rate<\/td>\n<td colspan=\"42\">H264: 64 Kbps\u201310946 Kbps<\/p>\n<p>H265: 25 Kbps\u20136400 Kbps<\/td>\n<\/tr>\n<tr>\n<td colspan=\"18\">Day\/Night<\/td>\n<td colspan=\"42\">Auto (ICR); Color; B\/W<\/td>\n<\/tr>\n<tr>\n<td colspan=\"18\">BLC<\/td>\n<td colspan=\"42\">Yes<\/td>\n<\/tr>\n<tr>\n<td colspan=\"18\">WDR<\/td>\n<td colspan=\"42\">120 dB<\/td>\n<\/tr>\n<tr>\n<td colspan=\"18\">White Balance<\/td>\n<td colspan=\"42\">Auto; indoor; outdoor; ATW; manual; sodium lamp; natural light; street lamp<\/td>\n<\/tr>\n<tr>\n<td colspan=\"18\">Gain Control<\/td>\n<td colspan=\"42\">Auto; manual<\/td>\n<\/tr>\n<tr>\n<td colspan=\"18\">Noise Reduction<\/td>\n<td colspan=\"42\">2D NR; 3D NR<\/td>\n<\/tr>\n<tr>\n<td colspan=\"18\">Motion Detection<\/td>\n<td colspan=\"42\">Yes<\/td>\n<\/tr>\n<tr>\n<td colspan=\"18\">Region of Interest (RoI)<\/td>\n<td colspan=\"42\">Yes<\/td>\n<\/tr>\n<tr>\n<td colspan=\"18\">Image Stabilization<\/td>\n<td colspan=\"42\">Electronic (EIS)<\/td>\n<\/tr>\n<tr>\n<td colspan=\"18\">Defog<\/td>\n<td colspan=\"42\">Electronic<\/td>\n<\/tr>\n<tr>\n<td colspan=\"18\">Digital Zoom<\/td>\n<td colspan=\"42\">16\u00d7<\/td>\n<\/tr>\n<tr>\n<td colspan=\"18\">Image Rotation<\/td>\n<td colspan=\"42\">180\u00b0<\/td>\n<\/tr>\n<tr>\n<td colspan=\"18\">Privacy Masking<\/td>\n<td colspan=\"42\">Up to 24 areas can be set, with up to 8 areas in the same view.<\/td>\n<\/tr>\n<tr>\n<td colspan=\"18\">S\/N Ratio<\/td>\n<td colspan=\"42\">\u226555 dB<\/td>\n<\/tr>\n<tr>\n<td colspan=\"60\">Audio<\/td>\n<\/tr>\n<tr>\n<td colspan=\"18\">Audio Compression<\/td>\n<td colspan=\"42\">PCM; G.711a; G.711Mu; G.726; MPEG2-Layer2; G722.1; G729; G723<\/td>\n<\/tr>\n<tr>\n<td colspan=\"60\">Network<\/td>\n<\/tr>\n<tr>\n<td colspan=\"18\">Network Port<\/td>\n<td colspan=\"42\">RJ-45 (10\/100 Base-T)<\/td>\n<\/tr>\n<tr>\n<td colspan=\"18\">Network Protocol<\/td>\n<td colspan=\"42\">HTTP; HTTPS; IPv4; RTSP; UDP; SMTP; NTP; DHCP; DNS; DDNS; IPv6; 802.1x; QoS; FTP; UPnP; ICMP; SNMP; SNMP v1\/v2c\/v3 (MIB-2); IGMP; ARP; RTCP; RTP; PPPoE; RTMP; TCP<\/td>\n<\/tr>\n<tr>\n<td colspan=\"18\">Interoperability<\/td>\n<td colspan=\"42\">ONVIF(Profile S&amp;G&amp;T);CGI;SDK<\/td>\n<\/tr>\n<tr>\n<td colspan=\"18\">Streaming Method<\/td>\n<td colspan=\"42\">Unicast; Multicast<\/td>\n<\/tr>\n<tr>\n<td colspan=\"18\">User\/Host<\/td>\n<td colspan=\"42\">20 (total bandwidth: 64 M)<\/td>\n<\/tr>\n<tr>\n<td colspan=\"18\">Storage<\/td>\n<td colspan=\"42\">FTP; Micro SD card (512 GB); NAS<\/td>\n<\/tr>\n<tr>\n<td colspan=\"18\">Browser<\/td>\n<td colspan=\"42\">IE 7 and later versions<br \/>\nChrome 42 and earlier versions<br \/>\nFirefox 52 and earlier versions<br \/>\nSafari<\/td>\n<\/tr>\n<tr>\n<td colspan=\"18\">Management Software<\/td>\n<td colspan=\"42\">Smart PSS; DSS; DMSS; Easy4ip; IVSS<\/td>\n<\/tr>\n<tr>\n<td colspan=\"18\">Mobile Client<\/td>\n<td colspan=\"42\">iOS; Android<\/td>\n<\/tr>\n<tr>\n<td colspan=\"60\">Certification<\/td>\n<\/tr>\n<tr>\n<td colspan=\"18\">Certifications<\/td>\n<td colspan=\"42\">CE: EN55032\/EN55024\/EN50130-4<br \/>\nFCC: Part15 subpartB, ANSI C63.4-2014<br \/>\nUL: UL60950-1+CAN\/CSA C22.2, No.60950-1<\/td>\n<\/tr>\n<tr>\n<td colspan=\"60\">Port<\/td>\n<\/tr>\n<tr>\n<td colspan=\"18\">Alarm I\/O<\/td>\n<td colspan=\"42\">2\/1<\/td>\n<\/tr>\n<tr>\n<td colspan=\"18\">Audio I\/O<\/td>\n<td colspan=\"42\">1\/1<\/td>\n<\/tr>\n<tr>\n<td colspan=\"18\">Two-way Audio<\/td>\n<td colspan=\"42\">Yes<\/td>\n<\/tr>\n<tr>\n<td colspan=\"18\">Alarm Linkage<\/td>\n<td colspan=\"42\">Capture; preset; tour; pattern; recording; triggering on-off value output; audio; sending email<\/td>\n<\/tr>\n<tr>\n<td colspan=\"18\">Alarm Event<\/td>\n<td colspan=\"42\">Motion\/tampering detection; audio detection; network disconnection detection; IP conflict detection; memory card state detection; memory space detection; power exception detection<\/td>\n<\/tr>\n<tr>\n<td colspan=\"60\">Power<\/td>\n<\/tr>\n<tr>\n<td colspan=\"18\">Power Supply<\/td>\n<td colspan=\"42\">24 VDC, 2.5 A \u00b1 25%<\/p>\n<p>PoE +(802.3at)<\/td>\n<\/tr>\n<tr>\n<td colspan=\"18\">Power Consumption<\/td>\n<td colspan=\"42\">Basic: 13 W<br \/>\nMax.: 22 W (illuminator + PTZ working)<\/td>\n<\/tr>\n<tr>\n<td colspan=\"60\">Environment<\/td>\n<\/tr>\n<tr>\n<td colspan=\"18\">Operating Temperature<\/td>\n<td colspan=\"42\">\u201340 \u00b0C to +70 \u00b0C (\u201340 \u00b0F to +158 \u00b0F)<\/td>\n<\/tr>\n<tr>\n<td colspan=\"18\">Operating Humidity<\/td>\n<td colspan=\"42\">\u226495%<\/td>\n<\/tr>\n<tr>\n<td colspan=\"18\">Protection<\/td>\n<td colspan=\"42\">IP67; IK10; TVS 6000 V lightning proof; surge protection; voltage transient protection<\/td>\n<\/tr>\n<tr>\n<td colspan=\"60\">Structure<\/td>\n<\/tr>\n<tr>\n<td colspan=\"18\">Product Dimensions<\/td>\n<td colspan=\"42\">332 mm \u00d7 \u03a6190 mm (13.07&#8243; \u00d7 \u03a67.48&#8243;)<\/td>\n<\/tr>\n<tr>\n<td colspan=\"18\">Net Weight<\/td>\n<td colspan=\"42\">4.7 kg (10.36 lb)<\/td>\n<\/tr>\n<tr>\n<td colspan=\"18\">Gross Weight<\/td>\n<td colspan=\"42\">8 kg (17.64 lb)<\/td>\n<\/tr>\n<\/tbody>\n<\/table>\n","protected":false},"excerpt":{"rendered":"<p class=\"text\" data-v-253bec56=\"\">2MP 25x Starlight IR WizSense Network PTZ Camera<\/p>\n<div data-v-253bec56=\"\">\n<p>&gt;\u00a01\/2.8&#8243; 2Megapixel STARVIS\u2122 CMOS.<\/p>\n<p>&gt;\u00a0Powerful 25x optical zoom.<\/p>\n<p>&gt;\u00a0Max. 25\/30 fps@2M.<\/p>\n<p>&gt;\u00a0IR distance up to 150 m.<\/p>\n<p>&gt;\u00a0Auto Tracking 3.0.<\/p>\n<p>&gt;\u00a0Face Detection.<\/p>\n<p>&gt;\u00a0SMD 4.0.<\/p>\n<p>&gt;\u00a0Quick Pick.<\/p>\n<p>&gt;\u00a0PoE+.<\/p>\n<p>&gt;\u00a0IP67, IK10.<\/p>\n<p><img decoding=\"async\" src=\"https:\/\/material.dahuasecurity.com\/asset\/upload\/uploads\/image\/20220902\/20220902110119_83801.png\" alt=\"\" \/><\/p>\n<\/div>\n","protected":false},"featured_media":26157,"comment_status":"open","ping_status":"closed","template":"","meta":{"om_disable_all_campaigns":false,"_monsterinsights_skip_tracking":false,"_monsterinsights_sitenote_active":false,"_monsterinsights_sitenote_note":"","_monsterinsights_sitenote_category":0},"product_cat":[784,462,303,302,783,363],"product_tag":[1021,1199,1023],"class_list":{"0":"post-26156","1":"product","2":"type-product","3":"status-publish","4":"has-post-thumbnail","6":"product_cat-2mp-speciale","7":"product_cat-2mp-speed-dome","8":"product_cat-cameras-ip","9":"product_cat-produits-ip","10":"product_cat-ptz-serie-speciale","11":"product_cat-speed-dome","12":"product_tag-speed-dome","13":"product_tag-speed-dome-2mp","14":"product_tag-speed-dome-maroc","15":"ts_product_brand-dahua","17":"first","18":"instock","19":"shipping-taxable","20":"purchasable","21":"product-type-simple","22":"add-to-wishlist-after_add_to_cart"},"aioseo_notices":[],"_links":{"self":[{"href":"https:\/\/tthcompany.ma\/index.php\/wp-json\/wp\/v2\/product\/26156","targetHints":{"allow":["GET"]}}],"collection":[{"href":"https:\/\/tthcompany.ma\/index.php\/wp-json\/wp\/v2\/product"}],"about":[{"href":"https:\/\/tthcompany.ma\/index.php\/wp-json\/wp\/v2\/types\/product"}],"replies":[{"embeddable":true,"href":"https:\/\/tthcompany.ma\/index.php\/wp-json\/wp\/v2\/comments?post=26156"}],"wp:featuredmedia":[{"embeddable":true,"href":"https:\/\/tthcompany.ma\/index.php\/wp-json\/wp\/v2\/media\/26157"}],"wp:attachment":[{"href":"https:\/\/tthcompany.ma\/index.php\/wp-json\/wp\/v2\/media?parent=26156"}],"wp:term":[{"taxonomy":"product_cat","embeddable":true,"href":"https:\/\/tthcompany.ma\/index.php\/wp-json\/wp\/v2\/product_cat?post=26156"},{"taxonomy":"product_tag","embeddable":true,"href":"https:\/\/tthcompany.ma\/index.php\/wp-json\/wp\/v2\/product_tag?post=26156"}],"curies":[{"name":"wp","href":"https:\/\/api.w.org\/{rel}","templated":true}]}}