{"id":26136,"date":"2023-12-27T13:30:26","date_gmt":"2023-12-27T13:30:26","guid":{"rendered":"https:\/\/tthcompany.ma\/?post_type=product&#038;p=26136"},"modified":"2025-06-03T18:48:48","modified_gmt":"2025-06-03T18:48:48","slug":"dhi-itc214-ph5b-f3","status":"publish","type":"product","link":"https:\/\/tthcompany.ma\/index.php\/product\/dhi-itc214-ph5b-f3\/","title":{"rendered":"DHI-ITC214-PH5B-F3"},"content":{"rendered":"<p><iframe title=\"Transformez votre exp\u00e9rience de stationnement avec Dahua Smart Safe Parking | TTH Company\" width=\"500\" height=\"281\" src=\"https:\/\/www.youtube.com\/embed\/XajiGjikYrc?feature=oembed\" frameborder=\"0\" allow=\"accelerometer; autoplay; clipboard-write; encrypted-media; gyroscope; picture-in-picture; web-share\" referrerpolicy=\"strict-origin-when-cross-origin\" allowfullscreen><\/iframe><\/p>\n<table id=\"table001\" class=\"NEW-TABLE TableOverride-1 tab-drag\">\n<tbody>\n<tr>\n<td colspan=\"60\">Basic<\/td>\n<\/tr>\n<tr>\n<td colspan=\"18\">Image Sensor<\/td>\n<td colspan=\"42\">1\/2.8&#8243; CMOS<\/td>\n<\/tr>\n<tr>\n<td colspan=\"18\">Max.Detection Space<\/td>\n<td colspan=\"42\">2<\/td>\n<\/tr>\n<tr>\n<td colspan=\"18\">Parking Space Indicator<\/td>\n<td colspan=\"42\">1, 7 customizable colors (red, yellow, blue, green, cyan, white, and pink)<\/td>\n<\/tr>\n<tr>\n<td colspan=\"18\">Image Resolution<\/td>\n<td colspan=\"42\">1920 (H) \u00d7 1080 (V) (OSD black background is not calculated in the pixels)<\/td>\n<\/tr>\n<tr>\n<td colspan=\"18\">Video Resolution<\/td>\n<td colspan=\"42\">1080p (1920 \u00d7 1080); 720p (1280 \u00d7 720); D1 (704 \u00d7 576)<\/td>\n<\/tr>\n<tr>\n<td colspan=\"18\">Noise Reduction<\/td>\n<td colspan=\"42\">3D NR<\/td>\n<\/tr>\n<tr>\n<td colspan=\"18\">WDR<\/td>\n<td colspan=\"42\">100 dB<\/td>\n<\/tr>\n<tr>\n<td colspan=\"18\">Video Compression<\/td>\n<td colspan=\"42\">H.265; H.264; MJPEG<\/td>\n<\/tr>\n<tr>\n<td colspan=\"18\">Image Encoding Format<\/td>\n<td colspan=\"42\">JPEG<\/td>\n<\/tr>\n<tr>\n<td colspan=\"18\">Video Bit Rate<\/td>\n<td colspan=\"42\">H.264: 1106 kbps\u20138847 kbps<br \/>\nH.265: 1106 kbps\u20138847 kbps<br \/>\nMJPEG: 3318 kbps\u201326542 kbps<\/td>\n<\/tr>\n<tr>\n<td colspan=\"18\">Video Frame Rate<\/td>\n<td colspan=\"42\">PAL: Main stream (1920 \u00d7 1080@25 fps, 1280 \u00d7 720@25 fps), sub stream (704 \u00d7 576@25 fps)<br \/>\nNTSC: Main stream (1920 \u00d7 1080@30 fps, 1280 \u00d7 720@30 fps), sub stream (704 \u00d7 408@30 fps)<\/td>\n<\/tr>\n<tr>\n<td colspan=\"18\">Edge Enhancement<\/td>\n<td colspan=\"42\">Yes<\/td>\n<\/tr>\n<tr>\n<td colspan=\"18\">Exposure Mode<\/td>\n<td colspan=\"42\">Auto; Manual (select from shutter values or customize shutter range)<\/td>\n<\/tr>\n<tr>\n<td colspan=\"18\">Field of View<\/td>\n<td colspan=\"42\">H: 52.7\u00b0<br \/>\nV: 30.27\u00b0<br \/>\nD: 60.23\u00b0<\/td>\n<\/tr>\n<tr>\n<td colspan=\"18\">Lens Angle<\/td>\n<td colspan=\"42\">Adjustable (depression angle of 10\u00b0\u201334\u00b0)<\/td>\n<\/tr>\n<tr>\n<td colspan=\"60\">General<\/td>\n<\/tr>\n<tr>\n<td colspan=\"18\">Electronic Shutter Speed<\/td>\n<td colspan=\"42\">Auto\/Manual 1\/3 s-1\/10,000 s<\/td>\n<\/tr>\n<tr>\n<td colspan=\"18\">Power Supply<\/td>\n<td colspan=\"42\">12\u201348 VDC<\/td>\n<\/tr>\n<tr>\n<td colspan=\"18\">Power Consumption<\/td>\n<td colspan=\"42\"><span lang=\"zh-CN\">&lt;8.5 W<\/span><\/td>\n<\/tr>\n<tr>\n<td colspan=\"18\">Operating Temperature<\/td>\n<td colspan=\"42\">\u201320 \u00b0C to +50 \u00b0C (\u20134 \u00b0F to +122 \u00b0F)<\/td>\n<\/tr>\n<tr>\n<td colspan=\"18\">Operating Humidity<\/td>\n<td colspan=\"42\">10%\u201395% (RH), non-condensing<\/td>\n<\/tr>\n<tr>\n<td colspan=\"18\">Protection<\/td>\n<td colspan=\"42\">IP54<\/td>\n<\/tr>\n<tr>\n<td colspan=\"18\">Product Dimensions<\/td>\n<td colspan=\"42\">120 mm \u00d7 136 mm \u00d7 105 mm (4.72&#8243; \u00d7 5.35&#8243; \u00d7 4.13&#8243;) (L \u00d7 W \u00d7 H)<\/td>\n<\/tr>\n<tr>\n<td colspan=\"18\">Net Weight<\/td>\n<td colspan=\"42\">0.4 kg (0.88 lb)<\/td>\n<\/tr>\n<tr>\n<td colspan=\"18\">Gross Weight<\/td>\n<td colspan=\"42\">0.6 kg (1.32 lb)<\/td>\n<\/tr>\n<tr>\n<td colspan=\"18\">Installation<\/td>\n<td colspan=\"42\">Cable tray mount<\/td>\n<\/tr>\n<tr>\n<td colspan=\"18\">Lens<\/td>\n<td colspan=\"42\">3.6 mm<\/td>\n<\/tr>\n<tr>\n<td colspan=\"60\">Function<\/td>\n<\/tr>\n<tr>\n<td colspan=\"18\">Security<\/td>\n<td colspan=\"42\">Authorized username and password, MAC address binding, HTTPS encryption, IEEE 802.1x, and network access control<\/td>\n<\/tr>\n<tr>\n<td colspan=\"18\">Shutter Mode<\/td>\n<td colspan=\"42\">Single shutter<\/td>\n<\/tr>\n<tr>\n<td colspan=\"18\">OSD Overlay<\/td>\n<td colspan=\"42\">Time, address, parking space No., parking space status, plate number, vehicle model, vehicle logo and color<\/td>\n<\/tr>\n<tr>\n<td colspan=\"18\">Alarm Event<\/td>\n<td colspan=\"42\">Illegal access, security error and other events<\/td>\n<\/tr>\n<tr>\n<td colspan=\"18\">Auto Registration<\/td>\n<td colspan=\"42\">Yes<\/td>\n<\/tr>\n<tr>\n<td colspan=\"18\">Image Tampering Prevention<\/td>\n<td colspan=\"42\">Verifies watermarks in videos and images<\/td>\n<\/tr>\n<tr>\n<td colspan=\"18\">Audio<\/td>\n<td colspan=\"42\">Voice broadcast (adjustable volume)<\/td>\n<\/tr>\n<tr>\n<td colspan=\"18\">Network Protocol<\/td>\n<td colspan=\"42\">TCP\/IP; HTTP; DHCP; RTSP; NTP; HTTPS<\/td>\n<\/tr>\n<tr>\n<td colspan=\"60\">Intelligence<\/td>\n<\/tr>\n<tr>\n<td colspan=\"18\">Vehicle Recognition<\/td>\n<td colspan=\"42\">Recognizes vehicle model, logo, color, and plate number, and collects metadata for unlicensed vehicles. Vehicle recognition rate is over 99.5% and plate recognition rate is over 99%<\/td>\n<\/tr>\n<tr>\n<td colspan=\"18\">Parking Space Status Detection<\/td>\n<td colspan=\"42\">Yes, the indicator color is customizable<\/td>\n<\/tr>\n<tr>\n<td colspan=\"18\">Illegal Parking Detection<\/td>\n<td colspan=\"42\">Detects illegal parking events including vehicle occupies two parking spaces, non-allowlist vehicle occupies parking space, and small vehicle parked in large vehicle&#8217;s space.<\/td>\n<\/tr>\n<tr>\n<td colspan=\"60\">Port<\/td>\n<\/tr>\n<tr>\n<td colspan=\"18\">RS-485<\/td>\n<td colspan=\"42\">1<\/td>\n<\/tr>\n<tr>\n<td colspan=\"18\">Network Port<\/td>\n<td colspan=\"42\">2 \u00d7 RJ-45 Ethernet ports, 100 M network transmission<\/td>\n<\/tr>\n<tr>\n<td colspan=\"18\">Power Output<\/td>\n<td colspan=\"42\">12 VDC \u00b1 10% voltage output, \u22641 A current output<\/td>\n<\/tr>\n<\/tbody>\n<\/table>\n","protected":false},"excerpt":{"rendered":"<p class=\"text\" data-v-253bec56=\"\">Parking Space Detection Camera<\/p>\n<div data-v-253bec56=\"\">&gt; Ideal for plate recognition and the detection of the status of parking\u00a0\u00a0spaces.<br \/>\n&gt; Connects to the intelligent parking lot management system.<br \/>\n&gt; Features line crossing detection, sound and light alarms, and detects\u00a0\u00a0when unauthorized vehicles are parked in restricted parking spaces.<br \/>\n&gt; Detects 2 parking spaces at the same time with a detection rate of\u00a0over 99.5%. The plate recognition rate is over 99%.<br \/>\n&gt; Offers 7 colors to indicate the status of a parking space.<br \/>\n&gt; Standard RS-485 port for connecting external indicators. 1 indicator is\u00a0assigned to each parking space.<br \/>\n&gt; H.265 codec that supports high compression ratio and an ultra-low bit\u00a0\u00a0rate.<br \/>\n&gt; Supports H.264, H.265, and MJPEG flexible coding, and is applicable\u00a0to various bandwidth and storage environments.<br \/>\n&gt; Supports True WDR, 3D NR, HLC, BLC, and digital watermarking, and is\u00a0suitable for indoor parking lots.<br \/>\n&gt; Connects to a standard 48 VDC power supply.<br \/>\n&gt; Acts as a power supply for up to 6 cascaded devices through network\u00a0\u00a0cables.<br \/>\n&gt; Electrically adjusts the vertical angle of the lens.<br \/>\n<img decoding=\"async\" src=\"https:\/\/material.dahuasecurity.com\/asset\/upload\/uploads\/image\/20220525\/20220525094613_43217.png\" alt=\"\" \/><\/div>\n","protected":false},"featured_media":26138,"comment_status":"open","ping_status":"closed","template":"","meta":{"om_disable_all_campaigns":false,"_monsterinsights_skip_tracking":false,"_monsterinsights_sitenote_active":false,"_monsterinsights_sitenote_note":"","_monsterinsights_sitenote_category":0},"product_cat":[1187,1180],"product_tag":[1179,1185,1186,1177,1182,1183,1178],"class_list":{"0":"post-26136","1":"product","2":"type-product","3":"status-publish","4":"has-post-thumbnail","6":"product_cat-camera-spot","7":"product_cat-solution-parking","8":"product_tag-intelligent-traffic","9":"product_tag-parking","10":"product_tag-parking-maroc","11":"product_tag-smart-parking","12":"product_tag-solution-parking","13":"product_tag-solution-parking-maroc","14":"product_tag-spot-detection","15":"ts_product_brand-dahua","17":"first","18":"instock","19":"shipping-taxable","20":"purchasable","21":"product-type-simple","22":"add-to-wishlist-after_add_to_cart"},"aioseo_notices":[],"_links":{"self":[{"href":"https:\/\/tthcompany.ma\/index.php\/wp-json\/wp\/v2\/product\/26136","targetHints":{"allow":["GET"]}}],"collection":[{"href":"https:\/\/tthcompany.ma\/index.php\/wp-json\/wp\/v2\/product"}],"about":[{"href":"https:\/\/tthcompany.ma\/index.php\/wp-json\/wp\/v2\/types\/product"}],"replies":[{"embeddable":true,"href":"https:\/\/tthcompany.ma\/index.php\/wp-json\/wp\/v2\/comments?post=26136"}],"wp:featuredmedia":[{"embeddable":true,"href":"https:\/\/tthcompany.ma\/index.php\/wp-json\/wp\/v2\/media\/26138"}],"wp:attachment":[{"href":"https:\/\/tthcompany.ma\/index.php\/wp-json\/wp\/v2\/media?parent=26136"}],"wp:term":[{"taxonomy":"product_cat","embeddable":true,"href":"https:\/\/tthcompany.ma\/index.php\/wp-json\/wp\/v2\/product_cat?post=26136"},{"taxonomy":"product_tag","embeddable":true,"href":"https:\/\/tthcompany.ma\/index.php\/wp-json\/wp\/v2\/product_tag?post=26136"}],"curies":[{"name":"wp","href":"https:\/\/api.w.org\/{rel}","templated":true}]}}