{"id":25979,"date":"2023-12-20T11:28:45","date_gmt":"2023-12-20T11:28:45","guid":{"rendered":"https:\/\/tthcompany.ma\/?post_type=product&#038;p=25979"},"modified":"2023-12-20T11:29:26","modified_gmt":"2023-12-20T11:29:26","slug":"dh-ipc-hfw5442h-zhe","status":"publish","type":"product","link":"https:\/\/tthcompany.ma\/index.php\/product\/dh-ipc-hfw5442h-zhe\/","title":{"rendered":"DH-IPC-HFW5442H-ZHE"},"content":{"rendered":"<table id=\"table001\" class=\"NEW-TABLE TableOverride-1 tab-drag\">\n<tbody>\n<tr>\n<td colspan=\"60\">Camera<\/td>\n<\/tr>\n<tr>\n<td colspan=\"18\">Image Sensor<\/td>\n<td colspan=\"42\">1\/1.8&#8243; CMOS<\/td>\n<\/tr>\n<tr>\n<td colspan=\"18\">Max. Resolution<\/td>\n<td colspan=\"42\">2688 (H) \u00d7 1520 (V)<\/td>\n<\/tr>\n<tr>\n<td colspan=\"18\">ROM<\/td>\n<td colspan=\"42\">4 GB<\/td>\n<\/tr>\n<tr>\n<td colspan=\"18\">RAM<\/td>\n<td colspan=\"42\">1 GB<\/td>\n<\/tr>\n<tr>\n<td colspan=\"18\">Scanning System<\/td>\n<td colspan=\"42\"><span lang=\"zh-CN\">Progressive<\/span><\/td>\n<\/tr>\n<tr>\n<td colspan=\"18\">Electronic Shutter Speed<\/td>\n<td colspan=\"42\"><span lang=\"zh-CN\">Auto\/Manual 1\/3 s\u20131\/100,000 s<\/span><\/td>\n<\/tr>\n<tr>\n<td colspan=\"18\">Min. Illumination<\/td>\n<td colspan=\"42\"><span lang=\"zh-CN\">0.0006 lux@F1.2 (Color, 30 IRE)<br \/>\n0.0003 lux@F1.2 (B\/W, 30 IRE)<br \/>\n0 lux (Illuminator on)<\/span><\/td>\n<\/tr>\n<tr>\n<td colspan=\"18\">S\/N Ratio<\/td>\n<td colspan=\"42\"><span lang=\"zh-CN\">&gt;<\/span>56 dB<\/td>\n<\/tr>\n<tr>\n<td colspan=\"18\">Illumination Distance<\/td>\n<td colspan=\"42\"><span lang=\"zh-CN\">60 m (196.85 ft) (IR)<\/span><\/td>\n<\/tr>\n<tr>\n<td colspan=\"18\">Illuminator On\/Off Control<\/td>\n<td colspan=\"42\"><span lang=\"zh-CN\">Auto; Zoomprio; Manual<\/span><\/td>\n<\/tr>\n<tr>\n<td colspan=\"18\">Illuminator Number<\/td>\n<td colspan=\"42\"><span lang=\"zh-CN\">4 (IR LED)<\/span><\/td>\n<\/tr>\n<tr>\n<td colspan=\"18\">Angle Adjustment<\/td>\n<td colspan=\"42\"><span lang=\"zh-CN\">Pan: 0-360\u00b0<br \/>\nTilt: 0-90\u00b0<br \/>\nRotation: 0-360\u00b0<\/span><\/td>\n<\/tr>\n<tr>\n<td colspan=\"60\">Lens<\/td>\n<\/tr>\n<tr>\n<td colspan=\"18\">Lens Type<\/td>\n<td colspan=\"42\">Motorized vari-focal<\/td>\n<\/tr>\n<tr>\n<td colspan=\"18\">Lens Mount<\/td>\n<td colspan=\"42\">\u03c614<\/td>\n<\/tr>\n<tr>\n<td colspan=\"18\">Focal Length<\/td>\n<td colspan=\"42\">2.7 mm\u201312.0 mm<\/td>\n<\/tr>\n<tr>\n<td colspan=\"18\">Max. Aperture<\/td>\n<td colspan=\"42\">F1.2<\/td>\n<\/tr>\n<tr>\n<td colspan=\"18\">Field of View<\/td>\n<td colspan=\"42\">H: 114\u00b0\u201348\u00b0; V: 59\u00b0\u201327\u00b0; D: 143\u00b0\u201356\u00b0<\/td>\n<\/tr>\n<tr>\n<td colspan=\"18\">Iris Control<\/td>\n<td colspan=\"42\">Auto<\/td>\n<\/tr>\n<tr>\n<td colspan=\"18\">Iris Control Type<\/td>\n<td colspan=\"42\">P-Iris<\/td>\n<\/tr>\n<tr>\n<td colspan=\"18\">Close Focus Distance<\/td>\n<td colspan=\"42\">1.75 m (5.74 ft)<\/td>\n<\/tr>\n<tr>\n<td colspan=\"18\" rowspan=\"3\">DORI Distance<\/td>\n<td colspan=\"8\">Lens<\/td>\n<td colspan=\"8\">Detect<\/td>\n<td colspan=\"8\">Observe<\/td>\n<td colspan=\"8\">Recognize<\/td>\n<td colspan=\"10\">Identify<\/td>\n<\/tr>\n<tr>\n<td colspan=\"8\">W<\/td>\n<td colspan=\"8\">60.4 m (198.16 ft)<\/td>\n<td colspan=\"8\">24.2 m<\/p>\n<p>(79.40 ft)<\/td>\n<td colspan=\"8\">12.1 m<\/p>\n<p>(39.70 ft)<\/td>\n<td colspan=\"10\">6.0 m<\/p>\n<p>(19.69 ft)<\/td>\n<\/tr>\n<tr>\n<td colspan=\"8\">T<\/td>\n<td colspan=\"8\">128.7 m (425.52 ft)<\/td>\n<td colspan=\"8\">51.5 m<\/p>\n<p>(168.96 ft)<\/td>\n<td colspan=\"8\"><span lang=\"zh-CN\">25.7 m <\/span><\/p>\n<p><span lang=\"zh-CN\">(84.32 ft)<\/span><\/td>\n<td colspan=\"10\">12.9 m<\/p>\n<p>(42.32 ft)<\/td>\n<\/tr>\n<tr>\n<td colspan=\"60\">Intelligence<\/td>\n<\/tr>\n<tr>\n<td colspan=\"18\">IVS (Perimeter Protection)<\/td>\n<td colspan=\"42\">Intrusion, tripwire, fast moving (the three functions support the classification and accurate detection of vehicle and human); loitering detection, people gathering, and parking detection<\/td>\n<\/tr>\n<tr>\n<td colspan=\"18\">Smart Object Detection<\/td>\n<td colspan=\"42\">Smart abandoned object; smart missing object<\/td>\n<\/tr>\n<tr>\n<td colspan=\"18\">SMD 3.0<\/td>\n<td colspan=\"42\">Less false alarm, longer detection distance<\/td>\n<\/tr>\n<tr>\n<td colspan=\"18\">AI SSA<\/td>\n<td colspan=\"42\">Yes<\/td>\n<\/tr>\n<tr>\n<td colspan=\"18\">Face Detection<\/td>\n<td colspan=\"42\">Face detection; track; snapshot; snapshot optimization; optimal face snapshot upload; face enhancement; face exposure; face attributes extraction including 6 attributes and 8 expressions; face snapshot set as face, one-inch photo or custom; snapshot strategies (real-time snapshot, quality priority and optimization snapshot); face angle filter; optimization time setting.<\/td>\n<\/tr>\n<tr>\n<td colspan=\"18\">People Counting<\/td>\n<td colspan=\"42\">Tripwire people counting, generating and exporting report (day\/week\/month\/year); people counting in area and queue management, generating and exporting report (day\/week\/month); 4 rules can be set for tripwire, people counting in area and queue management.<\/td>\n<\/tr>\n<tr>\n<td colspan=\"18\">Heat Map<\/td>\n<td colspan=\"42\">Yes<\/td>\n<\/tr>\n<tr>\n<td colspan=\"18\">Video Metadata<\/td>\n<td colspan=\"42\">Motor vehicle, non-motor vehicle, face, human body detection; track; snapshot; snapshot optimization; optimal face snapshot upload.<br \/>\nMotor vehicle attributes: vehicle type, vehicle color, vehicle logo and other attributes : seatbelt, smoking, calling.<br \/>\nNon-motor vehicle attributes: type, color, number of people, top type and color, hat.<br \/>\nHuman body attributes: gender, top\/bottom type and color, bag, hat and umbrella.<br \/>\nFace attributes: gender, age, expressions, glasses, face mask and beard.<\/td>\n<\/tr>\n<tr>\n<td colspan=\"18\">Smart Search<\/td>\n<td colspan=\"42\">Work together with Smart NVR to perform refine intelligent search, event extraction and merging to event videos<\/td>\n<\/tr>\n<tr>\n<td colspan=\"18\">Smart Sound Detection<\/td>\n<td colspan=\"42\">Yes<\/td>\n<\/tr>\n<tr>\n<td colspan=\"60\">Video<\/td>\n<\/tr>\n<tr>\n<td colspan=\"18\">Video Compression<\/td>\n<td colspan=\"42\">H.265; H.264; H.264H; H.264B; MJPEG (Only supported by the sub stream)<\/td>\n<\/tr>\n<tr>\n<td colspan=\"18\">Smart Codec<\/td>\n<td colspan=\"42\">Smart H.265+; Smart H.264+<\/td>\n<\/tr>\n<tr>\n<td colspan=\"18\">AI Coding<\/td>\n<td colspan=\"42\">AI H.265; AI H.264<\/td>\n<\/tr>\n<tr>\n<td colspan=\"18\">Video Frame Rate<\/td>\n<td colspan=\"42\">Main stream: 2688 \u00d7 1520 (1 fps\u201325\/30 fps) \/1920 \u00d7 1080 (1 fps\u201350\/60 fps)<br \/>\nSub stream: D1@ (1\u201325\/30 fps)<br \/>\nThird stream: 1080p@ (1\u201325\/30 fps)<br \/>\nFourth stream: 720p@ (1\u201325\/30 fps)<br \/>\n*The values above are the max. frame rates of each stream; for multiple streams, the values will be subjected to the total encoding capacity.<\/td>\n<\/tr>\n<tr>\n<td colspan=\"18\">Stream Capability<\/td>\n<td colspan=\"42\">4 streams<\/td>\n<\/tr>\n<tr>\n<td colspan=\"18\">Resolution<\/td>\n<td colspan=\"42\">4M (2688 \u00d7 1520); 3.6M (2560 \u00d7 1440); 3M (2048 \u00d7 1536); 3M (2304 \u00d7 1296); 1080p (1920 \u00d7 1080); 1.3M (1280 \u00d7 960); 720p (1280 \u00d7 720); D1 (704 \u00d7 576\/704 \u00d7 480); VGA (640 \u00d7 480); CIF (352 \u00d7 288\/352 \u00d7 240)<\/td>\n<\/tr>\n<tr>\n<td colspan=\"18\">Bit Rate Control<\/td>\n<td colspan=\"42\">CBR\/VBR<\/td>\n<\/tr>\n<tr>\n<td colspan=\"18\">Video Bit Rate<\/td>\n<td colspan=\"42\">H.264: 32 kbps\u201316384 kbps<br \/>\nH.265: 12 kbps\u201311008 kbps<\/td>\n<\/tr>\n<tr>\n<td colspan=\"18\">Day\/Night<\/td>\n<td colspan=\"42\">Auto(ICR)\/Color\/B\/W<\/td>\n<\/tr>\n<tr>\n<td colspan=\"18\">BLC<\/td>\n<td colspan=\"42\">Yes<\/td>\n<\/tr>\n<tr>\n<td colspan=\"18\">HLC<\/td>\n<td colspan=\"42\">Yes<\/td>\n<\/tr>\n<tr>\n<td colspan=\"18\">WDR<\/td>\n<td colspan=\"42\">140 dB<\/td>\n<\/tr>\n<tr>\n<td colspan=\"18\">Scene Self-adaptation (SSA)<\/td>\n<td colspan=\"42\">Yes<\/td>\n<\/tr>\n<tr>\n<td colspan=\"18\">White Balance<\/td>\n<td colspan=\"42\">Auto; natural; street lamp; outdoor; manual; regional custom<\/td>\n<\/tr>\n<tr>\n<td colspan=\"18\">Gain Control<\/td>\n<td colspan=\"42\">Auto<\/td>\n<\/tr>\n<tr>\n<td colspan=\"18\">Noise Reduction<\/td>\n<td colspan=\"42\">3D NR<\/td>\n<\/tr>\n<tr>\n<td colspan=\"18\">Motion Detection<\/td>\n<td colspan=\"42\">OFF\/ON (4 areas, rectangular)<\/td>\n<\/tr>\n<tr>\n<td colspan=\"18\">Region of Interest (RoI)<\/td>\n<td colspan=\"42\">Yes (4 areas)<\/td>\n<\/tr>\n<tr>\n<td colspan=\"18\">Image Stabilization<\/td>\n<td colspan=\"42\">Electronic Image Stabilization (EIS)<\/td>\n<\/tr>\n<tr>\n<td colspan=\"18\">Smart Illumination<\/td>\n<td colspan=\"42\">Yes<\/td>\n<\/tr>\n<tr>\n<td colspan=\"18\">Defog<\/td>\n<td colspan=\"42\">Yes<\/td>\n<\/tr>\n<tr>\n<td colspan=\"18\">Image Rotation<\/td>\n<td colspan=\"42\">0\u00b0\/90\u00b0\/180\u00b0\/270\u00b0 (Support 90\u00b0\/270\u00b0 with 4M (2688\u00d71520 )resolution and lower)<\/td>\n<\/tr>\n<tr>\n<td colspan=\"18\">Mirror<\/td>\n<td colspan=\"42\">Yes<\/td>\n<\/tr>\n<tr>\n<td colspan=\"18\">Privacy Masking<\/td>\n<td colspan=\"42\">8 areas<\/td>\n<\/tr>\n<tr>\n<td colspan=\"60\">Audio<\/td>\n<\/tr>\n<tr>\n<td colspan=\"18\">Built-in MIC<\/td>\n<td colspan=\"42\">Yes<\/td>\n<\/tr>\n<tr>\n<td colspan=\"18\">Audio Compression<\/td>\n<td colspan=\"42\">G.711a; G.711Mu; PCM; G.726; G.723<\/td>\n<\/tr>\n<tr>\n<td colspan=\"60\">Alarm<\/td>\n<\/tr>\n<tr>\n<td colspan=\"18\">Alarm Event<\/td>\n<td colspan=\"42\">No SD card; SD card full; SD card error; network disconnection; IP conflict; illegal access; motion detection; video tampering; tripwire; intrusion; fast moving; abandoned object; missing object; loitering detection; people gathering; parking detection; scene changing; audio detection; voltage detection; external alarm; face detection; video metadata; SMD; people counting in area; stay detection; people counting; people number error detection; queue people number alarm; queue time alarm; security exception<\/td>\n<\/tr>\n<tr>\n<td colspan=\"60\">Network<\/td>\n<\/tr>\n<tr>\n<td colspan=\"18\">Network Port<\/td>\n<td colspan=\"42\">RJ-45 (10\/100 Enhancement Base-T)<\/td>\n<\/tr>\n<tr>\n<td colspan=\"18\">SDK and API<\/td>\n<td colspan=\"42\">Yes<\/td>\n<\/tr>\n<tr>\n<td colspan=\"18\">Network Protocol<\/td>\n<td colspan=\"42\">IPv4; IPv6; HTTP; TCP; UDP; ARP; RTP; RTSP; RTCP; RTMP; SMTP; FTP; SFTP; DHCP; DNS; DDNS; QoS; UPnP; NTP; Multicast; ICMP; IGMP; NFS; SAMBA; PPPoE; SNMP; P2P<\/td>\n<\/tr>\n<tr>\n<td colspan=\"18\">Interoperability<\/td>\n<td colspan=\"42\">ONVIF (Profile S\/Profile G\/Profile T); CGI<\/td>\n<\/tr>\n<tr>\n<td colspan=\"18\">User\/Host<\/td>\n<td colspan=\"42\">20 (Total bandwidth: 80 M)<\/td>\n<\/tr>\n<tr>\n<td colspan=\"18\">Storage<\/td>\n<td colspan=\"42\">FTP; SFTP; Micro SD card (support max. 512 GB); NAS<\/td>\n<\/tr>\n<tr>\n<td colspan=\"18\">Browser<\/td>\n<td colspan=\"42\">IE: IE 9 and later<br \/>\nChrome: Chrome 102 and later<br \/>\nFirefox: Firefox 88 and later<\/td>\n<\/tr>\n<tr>\n<td colspan=\"18\">Management Software<\/td>\n<td colspan=\"42\">SmartPSS Lite; DSS; DMSS<\/td>\n<\/tr>\n<tr>\n<td colspan=\"18\">Mobile Client<\/td>\n<td colspan=\"42\">iOS; Android<\/td>\n<\/tr>\n<tr>\n<td colspan=\"18\">Cyber Security<\/td>\n<td colspan=\"42\">Configuration encryption;Trusted execution;Digest;Security logs;WSSE;Account lockout;syslog;Video encryption;802.1x;IP\/MAC filtering;HTTPS;Trusted upgrade;Trusted boot;Firmware encryption;Generation and importing of X.509 certification<\/td>\n<\/tr>\n<tr>\n<td colspan=\"60\">Certification<\/td>\n<\/tr>\n<tr>\n<td colspan=\"18\">Certifications<\/td>\n<td colspan=\"42\">CE-LVD: EN62368-1<br \/>\nCE-EMC: Electromagnetic Compatibility Directive 2014\/30\/EU<br \/>\nFCC: 47 CFR FCC Part 15, Subpart B<br \/>\nUL\/CUL: UL62368-1 &amp; CAN\/CSA C22.2 No. 62368-1-14, UL 50E NEMA Type 4X (optional)<\/td>\n<\/tr>\n<tr>\n<td colspan=\"60\">Port<\/td>\n<\/tr>\n<tr>\n<td colspan=\"18\">RS-485<\/td>\n<td colspan=\"42\">1 (baud rate range:1200 bps\u2013115200 bps)<\/td>\n<\/tr>\n<tr>\n<td colspan=\"18\">Audio Input<\/td>\n<td colspan=\"42\">1 channel (terminal)<\/td>\n<\/tr>\n<tr>\n<td colspan=\"18\">Audio Output<\/td>\n<td colspan=\"42\">1 channel (terminal)<\/td>\n<\/tr>\n<tr>\n<td colspan=\"18\">Alarm Input<\/td>\n<td colspan=\"42\">3 channels in: wet contact, 5mA 3V\u20135V DC<\/td>\n<\/tr>\n<tr>\n<td colspan=\"18\">Alarm Output<\/td>\n<td colspan=\"42\">2 channels out: dry contact, 1,000mA 30V DC\/500mA 50V AC<\/td>\n<\/tr>\n<tr>\n<td colspan=\"18\">Analog Output<\/td>\n<td colspan=\"42\">1 channel (CVBS output: BNC)<\/td>\n<\/tr>\n<tr>\n<td colspan=\"60\">Power<\/td>\n<\/tr>\n<tr>\n<td colspan=\"18\">Power Supply<\/td>\n<td colspan=\"42\">12 VDC\/24 VAC\/PoE (802.3at)\/ePoE<\/td>\n<\/tr>\n<tr>\n<td colspan=\"18\">Power Consumption<\/td>\n<td colspan=\"42\">Basic: 3.7 W (12 VDC); 4.7 W (24 VAC); 5 W (PoE)<br \/>\nMax. (Focus+WDR+ Intelligence on+IR on): 12.9 W (12 VDC); 15.1 W (24 VAC); 16.1 W (PoE)<br \/>\nHeating: 3 W (12 VDC); 3.6 W (24 VAC); 3.8 W (PoE)<\/td>\n<\/tr>\n<tr>\n<td colspan=\"60\">Environment<\/td>\n<\/tr>\n<tr>\n<td colspan=\"18\">Operating Temperature<\/td>\n<td colspan=\"42\">\u201340 \u00b0C to +60 \u00b0C (\u201340 \u00b0F to +140 \u00b0F)<\/td>\n<\/tr>\n<tr>\n<td colspan=\"18\">Operating Humidity<\/td>\n<td colspan=\"42\">\u226495%<\/td>\n<\/tr>\n<tr>\n<td colspan=\"18\">Storage Temperature<\/td>\n<td colspan=\"42\">\u201340 \u00b0C to +60 \u00b0C (\u201340 \u00b0F to +140 \u00b0F)<\/td>\n<\/tr>\n<tr>\n<td colspan=\"18\">Storage Humidity<\/td>\n<td colspan=\"42\">10%\u201395% (RH), non-condensing<\/td>\n<\/tr>\n<tr>\n<td colspan=\"18\">Protection<\/td>\n<td colspan=\"42\">IP67; IK10<\/td>\n<\/tr>\n<tr>\n<td colspan=\"60\">Structure<\/td>\n<\/tr>\n<tr>\n<td colspan=\"18\">Casing Material<\/td>\n<td colspan=\"42\">Metal + plastic<\/td>\n<\/tr>\n<tr>\n<td colspan=\"18\">Product Dimensions<\/td>\n<td colspan=\"42\">345.6 mm \u00d7 134.2 mm \u00d7 135.1 mm (13.61&#8243; \u00d7 5.28&#8243; \u00d7 5.32&#8243;) (L \u00d7 W \u00d7 H)<\/td>\n<\/tr>\n<tr>\n<td colspan=\"18\">Net Weight<\/td>\n<td colspan=\"42\">1.6 kg (3.53 lb)<\/td>\n<\/tr>\n<tr>\n<td colspan=\"18\">Gross Weight<\/td>\n<td colspan=\"42\">2.4 kg (5.29 lb)<\/td>\n<\/tr>\n<\/tbody>\n<\/table>\n","protected":false},"excerpt":{"rendered":"<p class=\"text\" data-v-253bec56=\"\">4MP IR Vari-focal Bullet WizMind Network Camera<\/p>\n<div data-v-253bec56=\"\">\n<p><strong><em>* The parameters and datasheets below can only be applied to 5442- Z-S3 series.<\/em><\/strong><\/p>\n<p>&gt; 4-MP 1\/1.8&#8243; CMOS image sensor, low luminance, and high definition image.<\/p>\n<p>&gt; Outputs max. 4 MP (2688\u00d71520) @25\/30 fps.<\/p>\n<p>&gt; Built-in IR LED, and the max. illumination distance is 60 m.<\/p>\n<p>&gt; ROI, SVC, SMART H.264+\/H.265+, AI H.264\/H.265, encoding after filter, flexible coding, applicable to various bandwidth and storage environments.<\/p>\n<p>&gt; Rotation mode, WDR, 3D NR, HLC, BLC, digital watermarking, applicable to various monitoring scenes.<\/p>\n<p>&gt; With deep learning algorithm, it supports: video metadata, smart sound detection, IVS, face detection, smart object detection, and people counting, etc.<\/p>\n<p>&gt; Alarm: 3 in, 2 out; audio: 1 in, 1 out; RS-485; analog output; power output; supports max. 512 G Micro SD card, built-in dual MICs.<\/p>\n<p>&gt; 24 VAC\/12 VDC\/PoE power supply; ePoE.<\/p>\n<p>&gt; IP67 and IK10 protection, heater.<\/p>\n<p>&gt; SMD 3.0.<\/p>\n<p>&gt; Anti-corrosion model optional.<\/p>\n<p><img decoding=\"async\" src=\"https:\/\/material.dahuasecurity.com\/asset\/upload\/uploads\/image\/20230117\/20230117094016_80776.png\" alt=\"\" \/><\/p>\n<\/div>\n","protected":false},"featured_media":25995,"comment_status":"open","ping_status":"closed","template":"","meta":{"om_disable_all_campaigns":false,"_monsterinsights_skip_tracking":false,"_monsterinsights_sitenote_active":false,"_monsterinsights_sitenote_note":"","_monsterinsights_sitenote_category":0},"product_cat":[829,319,303,302,822],"product_tag":[246,884],"class_list":{"0":"post-25979","1":"product","2":"type-product","3":"status-publish","4":"has-post-thumbnail","6":"product_cat-4mp-wizmind","7":"product_cat-cameras-4mp-camera-fixe","8":"product_cat-cameras-ip","9":"product_cat-produits-ip","10":"product_cat-wizmind","11":"product_tag-4mp","12":"product_tag-wizmind-series","13":"ts_product_brand-dahua","15":"first","16":"instock","17":"shipping-taxable","18":"purchasable","19":"product-type-simple","20":"add-to-wishlist-after_add_to_cart"},"aioseo_notices":[],"_links":{"self":[{"href":"https:\/\/tthcompany.ma\/index.php\/wp-json\/wp\/v2\/product\/25979","targetHints":{"allow":["GET"]}}],"collection":[{"href":"https:\/\/tthcompany.ma\/index.php\/wp-json\/wp\/v2\/product"}],"about":[{"href":"https:\/\/tthcompany.ma\/index.php\/wp-json\/wp\/v2\/types\/product"}],"replies":[{"embeddable":true,"href":"https:\/\/tthcompany.ma\/index.php\/wp-json\/wp\/v2\/comments?post=25979"}],"wp:featuredmedia":[{"embeddable":true,"href":"https:\/\/tthcompany.ma\/index.php\/wp-json\/wp\/v2\/media\/25995"}],"wp:attachment":[{"href":"https:\/\/tthcompany.ma\/index.php\/wp-json\/wp\/v2\/media?parent=25979"}],"wp:term":[{"taxonomy":"product_cat","embeddable":true,"href":"https:\/\/tthcompany.ma\/index.php\/wp-json\/wp\/v2\/product_cat?post=25979"},{"taxonomy":"product_tag","embeddable":true,"href":"https:\/\/tthcompany.ma\/index.php\/wp-json\/wp\/v2\/product_tag?post=25979"}],"curies":[{"name":"wp","href":"https:\/\/api.w.org\/{rel}","templated":true}]}}