{"id":25793,"date":"2023-12-14T09:01:28","date_gmt":"2023-12-14T09:01:28","guid":{"rendered":"https:\/\/tthcompany.ma\/?post_type=product&#038;p=25793"},"modified":"2023-12-14T09:01:28","modified_gmt":"2023-12-14T09:01:28","slug":"hac-hdw1800tlmp-a","status":"publish","type":"product","link":"https:\/\/tthcompany.ma\/index.php\/product\/hac-hdw1800tlmp-a\/","title":{"rendered":"HAC-HDW1800TLMP-A"},"content":{"rendered":"<table id=\"table001\" class=\"NEW-TABLE TableOverride-1 tab-drag\">\n<tbody>\n<tr>\n<td colspan=\"60\">Camera<\/td>\n<\/tr>\n<tr>\n<td colspan=\"18\">Image Sensor<\/td>\n<td colspan=\"42\">1\/2.7 inch CMOS<\/td>\n<\/tr>\n<tr>\n<td colspan=\"18\">Effective Pixels<\/td>\n<td colspan=\"42\">3840 (H)\u00d7 2160 (V), 4K<\/td>\n<\/tr>\n<tr>\n<td colspan=\"18\">Scanning System<\/td>\n<td colspan=\"42\">Progressive<\/td>\n<\/tr>\n<tr>\n<td colspan=\"18\">Electronic Shutter Speed<\/td>\n<td colspan=\"42\">PAL: 1\/25s\u20131\/100000s<br \/>\nNTSC: 1\/30s\u20131\/100000s<\/td>\n<\/tr>\n<tr>\n<td colspan=\"18\">S\/N Ratio<\/td>\n<td colspan=\"42\">&gt;65dB<\/td>\n<\/tr>\n<tr>\n<td colspan=\"18\">Minimum Illumination<\/td>\n<td colspan=\"42\">0.03Lux\/F2.0, 30IRE, 0Lux IR on<\/td>\n<\/tr>\n<tr>\n<td colspan=\"18\">Fill Light Working Distance<\/td>\n<td colspan=\"42\">30 m (98.4 ft)<\/td>\n<\/tr>\n<tr>\n<td colspan=\"18\">IR On\/Off Control<\/td>\n<td colspan=\"42\">Auto; manual<\/td>\n<\/tr>\n<tr>\n<td colspan=\"18\">IR LED Number<\/td>\n<td colspan=\"42\">1<\/td>\n<\/tr>\n<tr>\n<td colspan=\"18\">Pan\/Tilt\/Rotation Range<\/td>\n<td colspan=\"42\">Pan: 0\u00b0\u2013360\u00b0<br \/>\nTilt: 0\u00b0\u201378\u00b0<br \/>\nRotation: 0\u00b0\u2013360\u00b0<\/td>\n<\/tr>\n<tr>\n<td colspan=\"60\">Lens<\/td>\n<\/tr>\n<tr>\n<td colspan=\"18\">Lens Type<\/td>\n<td colspan=\"42\">Fixed-focal<\/td>\n<\/tr>\n<tr>\n<td colspan=\"18\">Mount Type<\/td>\n<td colspan=\"42\">M12<\/td>\n<\/tr>\n<tr>\n<td colspan=\"18\">Focal Length<\/td>\n<td colspan=\"42\">2.8mm; 3.6mm<\/td>\n<\/tr>\n<tr>\n<td colspan=\"18\">Max. Aperture<\/td>\n<td colspan=\"42\">F2.0<\/td>\n<\/tr>\n<tr>\n<td colspan=\"18\">Angle of View<\/td>\n<td colspan=\"42\">2.8mm: 125\u00b0 x 105\u00b0 x 56\u00b0 (diagonal x horizontal x vertical)<br \/>\n3.6mm: 104\u00b0 x 87\u00b0 x 47\u00b0 (diagonal x horizontal x vertical)<\/td>\n<\/tr>\n<tr>\n<td colspan=\"18\">Iris Type<\/td>\n<td colspan=\"42\">Fixed iris<\/td>\n<\/tr>\n<tr>\n<td colspan=\"18\">Close Focus Distance<\/td>\n<td colspan=\"42\">2.8mm: 1.0 m (3.3 ft)<br \/>\n3.6mm: 1.9 m (6.2 ft)<\/td>\n<\/tr>\n<tr>\n<td colspan=\"18\" rowspan=\"3\">DORI Distance<\/td>\n<td colspan=\"8\">Lens<\/td>\n<td colspan=\"8\">Detect<\/td>\n<td colspan=\"8\">Observe<\/td>\n<td colspan=\"8\">Recognize<\/td>\n<td colspan=\"10\">Identify<\/td>\n<\/tr>\n<tr>\n<td colspan=\"8\">2.8mm<\/td>\n<td colspan=\"8\">74.7 m (245.1 ft)<\/td>\n<td colspan=\"8\">29.9 m (98.1 ft)<\/td>\n<td colspan=\"8\">14.9 m (48.9ft)<\/td>\n<td colspan=\"10\">7.5 m<\/p>\n<p>(24.6 ft)<\/td>\n<\/tr>\n<tr>\n<td colspan=\"8\">3.6mm<\/td>\n<td colspan=\"8\">106.7 m (350.1 ft)<\/td>\n<td colspan=\"8\">42.7 m (140.1 ft)<\/td>\n<td colspan=\"8\">21.3 m (69.9 ft)<\/td>\n<td colspan=\"10\">10.7 m (35.1 ft)<\/td>\n<\/tr>\n<tr>\n<td colspan=\"60\">Video<\/td>\n<\/tr>\n<tr>\n<td colspan=\"18\">Frame Rate<\/td>\n<td colspan=\"42\">CVI: 4K@25\/30fps; 4K@15fps; 5M@20fps; 4M@25fps\/30fps;<br \/>\nAHD: 4K@15fps;<br \/>\nTVI: 4K@15fps;<br \/>\nCVBS: 960H<\/td>\n<\/tr>\n<tr>\n<td colspan=\"18\">Resolution<\/td>\n<td colspan=\"42\">4K (3840 \u00d7 2160); 5M (2592 \u00d7 1944); 4M (2560 \u00d7 1440); 960H (960 \u00d7 576\/960 \u00d7 480)<\/td>\n<\/tr>\n<tr>\n<td colspan=\"18\">Day\/Night<\/td>\n<td colspan=\"42\">Auto switch by ICR<\/td>\n<\/tr>\n<tr>\n<td colspan=\"18\">BLC<\/td>\n<td colspan=\"42\">BLC\/HLC\/WDR<\/td>\n<\/tr>\n<tr>\n<td colspan=\"18\">WDR<\/td>\n<td colspan=\"42\">DWDR<\/td>\n<\/tr>\n<tr>\n<td colspan=\"18\">White Balance<\/td>\n<td colspan=\"42\">Auto; manual<\/td>\n<\/tr>\n<tr>\n<td colspan=\"18\">Gain Control<\/td>\n<td colspan=\"42\">Auto; manual<\/td>\n<\/tr>\n<tr>\n<td colspan=\"18\">Noise Reduction<\/td>\n<td colspan=\"42\">2D NR<\/td>\n<\/tr>\n<tr>\n<td colspan=\"18\">Smart IR<\/td>\n<td colspan=\"42\">Yes<\/td>\n<\/tr>\n<tr>\n<td colspan=\"18\">Mirror<\/td>\n<td colspan=\"42\">Off\/On<\/td>\n<\/tr>\n<tr>\n<td colspan=\"18\">Privacy Masking<\/td>\n<td colspan=\"42\">Off\/On (8 area, rectangle)<\/td>\n<\/tr>\n<tr>\n<td colspan=\"60\">Certifications<\/td>\n<\/tr>\n<tr>\n<td colspan=\"18\">Certifications<\/td>\n<td colspan=\"42\">CE (EN55032, EN55024, EN50130-4,EN60950-1)<br \/>\nFCC (CFR 47 FCC Part 15 subpartB, ANSI C63.4-2014)<br \/>\nUL (UL60950-1+CAN\/CSA C22.2 No.60950-1)<\/td>\n<\/tr>\n<tr>\n<td colspan=\"60\">Port<\/td>\n<\/tr>\n<tr>\n<td colspan=\"18\">Video Output<\/td>\n<td colspan=\"42\">Video output choices of CVI\/TVI\/AHD\/CVBS by one BNC port<\/td>\n<\/tr>\n<tr>\n<td colspan=\"18\">Audio Input<\/td>\n<td colspan=\"42\">One channel, built-in mic (-A)<\/td>\n<\/tr>\n<tr>\n<td colspan=\"60\">Power<\/td>\n<\/tr>\n<tr>\n<td colspan=\"18\">Power Supply<\/td>\n<td colspan=\"42\">12V \u00b130% DC<\/td>\n<\/tr>\n<tr>\n<td colspan=\"18\">Power Consumption<\/td>\n<td colspan=\"42\">Max 4.3W (12V DC, IR on)<\/td>\n<\/tr>\n<tr>\n<td colspan=\"60\">Environment<\/td>\n<\/tr>\n<tr>\n<td colspan=\"18\">Operating Temperature<\/td>\n<td colspan=\"42\">-40\u00b0C to +60\u00b0C (-40\u00b0F to 140\u00b0F);<\/p>\n<p>&lt;95% (non-condensation)<\/td>\n<\/tr>\n<tr>\n<td colspan=\"18\">Storage Temperature<\/td>\n<td colspan=\"42\">-40\u00b0C to +60\u00b0C (-40\u00b0F to 140\u00b0F);<\/p>\n<p>&lt;95% (non-condensation)<\/td>\n<\/tr>\n<tr>\n<td colspan=\"18\">Protection Grade<\/td>\n<td colspan=\"42\">IP67<\/td>\n<\/tr>\n<tr>\n<td colspan=\"60\">Structure<\/td>\n<\/tr>\n<tr>\n<td colspan=\"18\">Casing<\/td>\n<td colspan=\"42\">Cover: plastic; inner core: metal<\/td>\n<\/tr>\n<tr>\n<td colspan=\"18\">Camera Dimensions<\/td>\n<td colspan=\"42\">\u03a697 mm \u00d7 85.8 mm (\u03a63.82&#8243;\u00d73.38&#8243;)<\/td>\n<\/tr>\n<tr>\n<td colspan=\"18\">Net Weight<\/td>\n<td colspan=\"42\">0.3Kg (0.66lb)<\/td>\n<\/tr>\n<tr>\n<td colspan=\"18\">Gross Weight<\/td>\n<td colspan=\"42\">0.38Kg (0.84lb)<\/td>\n<\/tr>\n<\/tbody>\n<\/table>\n","protected":false},"excerpt":{"rendered":"<div class=\"el-col el-col-24 el-col-xs-24 el-col-sm-12 el-col-md-12 el-col-lg-12\" data-v-253bec56=\"\">\n<div class=\"text-wrapper text-wrapper--spe\" data-v-253bec56=\"\">\n<h3 class=\"title\" data-v-253bec56=\"\">HAC-HDW1800TL-A<\/h3>\n<p class=\"text\" data-v-253bec56=\"\">4K Real-time HDCVI IR Eyeball Camera<\/p>\n<div data-v-253bec56=\"\">&gt; Max. 4K resolution, real-time video transmission<br \/>\n&gt; CVI\/CVBS\/AHD\/TVI switchable<br \/>\n&gt; Built-in mic (-A)<br \/>\n&gt; Fixed lens (2.8mm; 3.6mm optional)<br \/>\n&gt; Max. IR length 30m, Smart IR<br \/>\n&gt; IP67, 12V\u00b130%DC<br \/>\n<img decoding=\"async\" src=\"https:\/\/www.dahuasecurity.com\/asset\/upload\/uploads\/image\/20191128\/20191128094820_60906.png\" alt=\"\" \/><\/p>\n<\/div>\n<\/div>\n<\/div>\n","protected":false},"featured_media":25794,"comment_status":"open","ping_status":"closed","template":"","meta":{"om_disable_all_campaigns":false,"_monsterinsights_skip_tracking":false,"_monsterinsights_sitenote_active":false,"_monsterinsights_sitenote_note":"","_monsterinsights_sitenote_category":0},"product_cat":[234,186],"product_tag":[1105,393,1104],"class_list":{"0":"post-25793","1":"product","2":"type-product","3":"status-publish","4":"has-post-thumbnail","6":"product_cat-cameras-hdcvi","7":"product_cat-produits-hdcvi","8":"product_tag-camera-5mp-maroc","9":"product_tag-camera-casablanca","10":"product_tag-camera-hdcvi-maroc","11":"ts_product_brand-dahua","13":"first","14":"instock","15":"shipping-taxable","16":"purchasable","17":"product-type-simple","18":"add-to-wishlist-after_add_to_cart"},"aioseo_notices":[],"_links":{"self":[{"href":"https:\/\/tthcompany.ma\/index.php\/wp-json\/wp\/v2\/product\/25793","targetHints":{"allow":["GET"]}}],"collection":[{"href":"https:\/\/tthcompany.ma\/index.php\/wp-json\/wp\/v2\/product"}],"about":[{"href":"https:\/\/tthcompany.ma\/index.php\/wp-json\/wp\/v2\/types\/product"}],"replies":[{"embeddable":true,"href":"https:\/\/tthcompany.ma\/index.php\/wp-json\/wp\/v2\/comments?post=25793"}],"wp:featuredmedia":[{"embeddable":true,"href":"https:\/\/tthcompany.ma\/index.php\/wp-json\/wp\/v2\/media\/25794"}],"wp:attachment":[{"href":"https:\/\/tthcompany.ma\/index.php\/wp-json\/wp\/v2\/media?parent=25793"}],"wp:term":[{"taxonomy":"product_cat","embeddable":true,"href":"https:\/\/tthcompany.ma\/index.php\/wp-json\/wp\/v2\/product_cat?post=25793"},{"taxonomy":"product_tag","embeddable":true,"href":"https:\/\/tthcompany.ma\/index.php\/wp-json\/wp\/v2\/product_tag?post=25793"}],"curies":[{"name":"wp","href":"https:\/\/api.w.org\/{rel}","templated":true}]}}