{"id":24771,"date":"2023-07-18T09:53:20","date_gmt":"2023-07-18T09:53:20","guid":{"rendered":"https:\/\/tthcompany.ma\/?post_type=product&#038;p=24771"},"modified":"2023-07-18T09:53:22","modified_gmt":"2023-07-18T09:53:22","slug":"ssd-c800n256g","status":"publish","type":"product","link":"https:\/\/tthcompany.ma\/index.php\/product\/ssd-c800n256g\/","title":{"rendered":"SSD-C800N256G"},"content":{"rendered":"<table id=\"table001\" class=\"NEW-TABLE TableOverride-1 tab-drag\">\n<tbody>\n<tr>\n<td colspan=\"60\">Technical Speci\ufb01cation<\/td>\n<\/tr>\n<tr>\n<td colspan=\"18\">Product Model<\/td>\n<td colspan=\"8\">DHI-SSD-C800N128G<\/td>\n<td colspan=\"8\">DHI-SSD-C800N256G<\/td>\n<td colspan=\"8\">DHI-SSD-C800N500G<\/td>\n<td colspan=\"8\">DHI-SSD-C800N512G<\/td>\n<td colspan=\"10\">DHI-SSD-C800N1TB<\/td>\n<\/tr>\n<tr>\n<td colspan=\"18\">Capacity1<\/td>\n<td colspan=\"8\">128GB<\/td>\n<td colspan=\"8\">256 GB<\/td>\n<td colspan=\"8\">500 GB<\/td>\n<td colspan=\"8\">512 GB<\/td>\n<td colspan=\"10\">1 TB<\/td>\n<\/tr>\n<tr>\n<td colspan=\"18\">Form Factor<\/td>\n<td colspan=\"42\">SATA M.2 2280<\/td>\n<\/tr>\n<tr>\n<td colspan=\"18\">Port<\/td>\n<td colspan=\"42\">SATA III 6Gb\/s<\/td>\n<\/tr>\n<tr>\n<td colspan=\"18\">Net Weight<\/td>\n<td colspan=\"42\">Max. 8 g (0.02 lb)<\/td>\n<\/tr>\n<tr>\n<td colspan=\"18\">Product Dimensions2<\/td>\n<td colspan=\"42\">80.00 mm \u00d7 22.00 mm \u00d7 2.20 mm (3.15&#8243; \u00d7 0.87&#8243; \u00d7 0.09&#8243;)<\/td>\n<\/tr>\n<tr>\n<td colspan=\"18\">Packaging Dimensions<\/td>\n<td colspan=\"42\">140.50 mm \u00d7 105.50 mm \u00d7 15.50 mm (5.53&#8243; \u00d7 4.15&#8243; \u00d7 0.61&#8243;)<\/td>\n<\/tr>\n<tr>\n<td colspan=\"18\">Memory Component<\/td>\n<td colspan=\"42\">3D NAND<\/td>\n<\/tr>\n<tr>\n<td colspan=\"18\">Power Consumption3<\/td>\n<td colspan=\"8\">0.88W (max.)<br \/>\n0.26W(idle)<\/td>\n<td colspan=\"8\">1.60W (max.)<br \/>\n0.48W(idle)<\/td>\n<td colspan=\"8\">1.65W (max.)<br \/>\n0.74W(idle)<\/td>\n<td colspan=\"8\">1.65W (max.)<br \/>\n0.74W(idle)<\/td>\n<td colspan=\"10\">1.70W (max.)<br \/>\n0.87W (idle)<\/td>\n<\/tr>\n<tr>\n<td colspan=\"18\">S.M.A.R.T<\/td>\n<td colspan=\"42\">Yes<\/td>\n<\/tr>\n<tr>\n<td colspan=\"18\">TRIM<\/td>\n<td colspan=\"42\">Yes<\/td>\n<\/tr>\n<tr>\n<td colspan=\"18\">Garbage Collection<\/td>\n<td colspan=\"42\">Yes<\/td>\n<\/tr>\n<tr>\n<td colspan=\"18\">Sequential Read3<\/td>\n<td colspan=\"8\">Up to 500 MB\/s<\/td>\n<td colspan=\"8\">Up to 530 MB\/s<\/td>\n<td colspan=\"8\">Up to 530 MB\/s<\/td>\n<td colspan=\"8\">Up to 530 MB\/s<\/td>\n<td colspan=\"10\">Up to 530 MB\/s<\/td>\n<\/tr>\n<tr>\n<td colspan=\"18\">Sequential Write3<\/td>\n<td colspan=\"8\">Up to 450 MB\/s<\/td>\n<td colspan=\"8\">Up to 450 MB\/s<\/td>\n<td colspan=\"8\">Up to 510 MB\/s<\/td>\n<td colspan=\"8\">Up to 450 MB\/s<\/td>\n<td colspan=\"10\">Up to 500 MB\/s<\/td>\n<\/tr>\n<tr>\n<td colspan=\"18\">4K Random Read3<\/td>\n<td colspan=\"8\">Up to 56000<\/td>\n<td colspan=\"8\">Up to 54000<\/td>\n<td colspan=\"8\">Up to 39000<\/td>\n<td colspan=\"8\">Up to 39000<\/td>\n<td colspan=\"10\">Up to 70000<\/td>\n<\/tr>\n<tr>\n<td colspan=\"18\">4K Random Write3<\/td>\n<td colspan=\"8\">Up to 77000<\/td>\n<td colspan=\"8\">Up to 79000<\/td>\n<td colspan=\"8\">Up to 86000<\/td>\n<td colspan=\"8\">Up to 79000<\/td>\n<td colspan=\"10\">Up to 79000<\/td>\n<\/tr>\n<tr>\n<td colspan=\"18\">MTBF<\/td>\n<td colspan=\"42\">1,500,000 hours<\/td>\n<\/tr>\n<tr>\n<td colspan=\"18\">Operating Temperature<\/td>\n<td colspan=\"42\">0\u00b0C to +70\u00b0C (+32\u00b0F to +158\u00b0F)<\/td>\n<\/tr>\n<tr>\n<td colspan=\"18\">Storage Temperature<\/td>\n<td colspan=\"42\">-40\u00b0C to +85\u00b0C (-40\u00b0F to +185\u00b0F)<\/td>\n<\/tr>\n<tr>\n<td colspan=\"18\">Operating Humidity<\/td>\n<td colspan=\"42\">5%\u201395% (non-condensing)<\/td>\n<\/tr>\n<tr>\n<td colspan=\"18\">Vibration Resistance<\/td>\n<td colspan=\"42\">10\u2013200Hz, 0.5G<\/td>\n<\/tr>\n<tr>\n<td colspan=\"18\">TBW<\/td>\n<td colspan=\"8\">250 TB<\/td>\n<td colspan=\"8\">100 TB<\/td>\n<td colspan=\"8\">200 TB<\/td>\n<td colspan=\"8\">200 TB<\/td>\n<td colspan=\"10\">400 TB<\/td>\n<\/tr>\n<tr>\n<td colspan=\"18\">Warranty4<\/td>\n<td colspan=\"42\">3-year limited warranty<\/td>\n<\/tr>\n<tr>\n<td colspan=\"18\">Reference<br \/>\nInformation<\/td>\n<td colspan=\"42\">1. Capacity calculation: 1 GB = 1 billiboynt es (IDEMA). Actual available capacity might be reduced (due to formatting, partition, operating system applications, or other necessary usage).<br \/>\n2. System configuration of performance test: Intel Z390 Chipset, Intel Core i9-9900KF@3.6GHz, 16GB DDR4,; operating system-Windows 10 x64; testinng tool-CrystalDiskMark 6.0.0.<br \/>\n3. Warranty period or maximum write amount (TBW), whichever comes first.<br \/>\n(* Speed data is from THE Dahua Storage lab and actual performance may vary from device to device.)<\/td>\n<\/tr>\n<\/tbody>\n<\/table>\n","protected":false},"excerpt":{"rendered":"<div class=\"el-col el-col-24 el-col-xs-24 el-col-sm-12 el-col-md-12 el-col-lg-12\" data-v-aede7672=\"\">\n<div class=\"text-wrapper text-wrapper--spe\" data-v-aede7672=\"\">\n<h3 class=\"title\" data-v-aede7672=\"\">SSD-C800N256G<\/h3>\n<p class=\"text\" data-v-aede7672=\"\">M.2 SATA SSD<\/p>\n<div data-v-aede7672=\"\">\n<p>&gt; Adopts high-quality wafer level chip<\/p>\n<p>&gt; Supports SATA III protocol with transmission speed up to 550 MB\/s<\/p>\n<p>&gt; View information through S.M.A.R.T<\/p>\n<p>&gt; Provides better read and write performance with TRIM and NCQ<\/p>\n<p>&gt; Low power consumption management<\/p>\n<\/div>\n<\/div>\n<\/div>\n","protected":false},"featured_media":24772,"comment_status":"open","ping_status":"closed","template":"","meta":{"om_disable_all_campaigns":false,"_monsterinsights_skip_tracking":false,"_monsterinsights_sitenote_active":false,"_monsterinsights_sitenote_note":"","_monsterinsights_sitenote_category":0},"product_cat":[294,293],"product_tag":[195,197,201,222,1057,1060,1059,1058,1056],"class_list":{"0":"post-24771","1":"product","2":"type-product","3":"status-publish","4":"has-post-thumbnail","6":"product_cat-disques-durs","7":"product_cat-software-hardware","8":"product_tag-dahua-fes","9":"product_tag-dahua-maroc","10":"product_tag-dahua-tanger","11":"product_tag-dahua-tetouan","12":"product_tag-nvme-ssd","13":"product_tag-nvme-ssd-casa","14":"product_tag-nvme-ssd-dahua","15":"product_tag-nvme-ssd-maroc","16":"product_tag-ssd-interne","17":"ts_product_brand-dahua","19":"first","20":"instock","21":"shipping-taxable","22":"purchasable","23":"product-type-simple","24":"add-to-wishlist-after_add_to_cart"},"aioseo_notices":[],"_links":{"self":[{"href":"https:\/\/tthcompany.ma\/index.php\/wp-json\/wp\/v2\/product\/24771","targetHints":{"allow":["GET"]}}],"collection":[{"href":"https:\/\/tthcompany.ma\/index.php\/wp-json\/wp\/v2\/product"}],"about":[{"href":"https:\/\/tthcompany.ma\/index.php\/wp-json\/wp\/v2\/types\/product"}],"replies":[{"embeddable":true,"href":"https:\/\/tthcompany.ma\/index.php\/wp-json\/wp\/v2\/comments?post=24771"}],"wp:featuredmedia":[{"embeddable":true,"href":"https:\/\/tthcompany.ma\/index.php\/wp-json\/wp\/v2\/media\/24772"}],"wp:attachment":[{"href":"https:\/\/tthcompany.ma\/index.php\/wp-json\/wp\/v2\/media?parent=24771"}],"wp:term":[{"taxonomy":"product_cat","embeddable":true,"href":"https:\/\/tthcompany.ma\/index.php\/wp-json\/wp\/v2\/product_cat?post=24771"},{"taxonomy":"product_tag","embeddable":true,"href":"https:\/\/tthcompany.ma\/index.php\/wp-json\/wp\/v2\/product_tag?post=24771"}],"curies":[{"name":"wp","href":"https:\/\/api.w.org\/{rel}","templated":true}]}}