{"id":23084,"date":"2023-03-20T11:54:19","date_gmt":"2023-03-20T11:54:19","guid":{"rendered":"https:\/\/tthcompany.ma\/?post_type=product&#038;p=23084"},"modified":"2023-03-20T11:56:53","modified_gmt":"2023-03-20T11:56:53","slug":"config-tool-dahua","status":"publish","type":"product","link":"https:\/\/tthcompany.ma\/index.php\/product\/config-tool-dahua\/","title":{"rendered":"Config Tool Dahua"},"content":{"rendered":"<p>ConfigTool est un outil syst\u00e8me avec les fonctions suivantes : Aper\u00e7u en temps r\u00e9el de la surveillance des IPC et d&#8217;autres appareils, et prise en charge de la configuration des effets vid\u00e9o. Configuration du r\u00e9seau et des param\u00e8tres d&#8217;encodage des IPC et d&#8217;autres appareils. Affichage du SN, de la version et du mod\u00e8le de l&#8217;appareil. Mise \u00e0 niveau du programme de l&#8217;appareil. Affichage des informations de journal de l&#8217;appareil. Configuration en lot des param\u00e8tres de l&#8217;appareil.<\/p>\n","protected":false},"excerpt":{"rendered":"<p>Analysez le r\u00e9seau local et configurez tous les produits Dahua.<br \/>\nDerni\u00e8re mise \u00e0 jour le 17\/04\/20.<br \/>\nIl y a eu une mise \u00e0 jour au cours des 6 derniers mois.<br \/>\nLa version actuelle n&#8217;a aucun drapeau sur VirusTotal.<\/p>\n<p><a href=\"https:\/\/prod.downloadnow.com\/s\/16\/81\/23\/94\/General_ConfigTool_ChnEng_V4.011.0000003.5.R.20190722.zip?GoogleAccessId=download-sps@rv-download-prod.iam.gserviceaccount.com&amp;Expires=1679313923&amp;Signature=Q0LrbEnR3PQ0tZ9XBoJ%2BwsdZ9lxkFj6RlQDJhvSvLdAuN1ob0dTmm5vY10PQnNOL9XZs2P03GAZIZ41XSl2yIK5W4PF3UxyB6Coj4ixkSP7G2eBwHnALZde6ZoSW0dsmd7i5BJw6NqTxFu2nNmmNz7rFEBa3Cv6YCi%2F%2F2qEY8CNK7w4qRl%2FdubrIbn4b4i2Bc5LYk%2Bste1eO%2Baplalms0Uzz4nAariIgj100hj4ZFSpqVVTK7FNa1wtWDfTqtuzZBloy%2F14KnUIWE4JPFEoRoHKQgZI%2BJpP0qe71at%2FhiB6G%2Flse3M4%2FB7GRVJ96M4FFI3GdPOWAySWZvM9a4mW%2B2Q%3D%3D\" target=\"_blank\" rel=\"noopener\">Config Tool Dahua<\/a><\/p>\n","protected":false},"featured_media":23085,"comment_status":"open","ping_status":"closed","template":"","meta":{"om_disable_all_campaigns":false,"_monsterinsights_skip_tracking":false,"_monsterinsights_sitenote_active":false,"_monsterinsights_sitenote_note":"","_monsterinsights_sitenote_category":0},"product_cat":[830,293],"product_tag":[228,1026,229,193,216,195,218,196,272,197,198,199,220,241,200,201,222],"class_list":{"0":"post-23084","1":"product","2":"type-product","3":"status-publish","4":"has-post-thumbnail","6":"product_cat-logiciels","7":"product_cat-software-hardware","8":"product_tag-camera-surveillance-maroc","9":"product_tag-config-tool-dahua","10":"product_tag-dahua-agadir","11":"product_tag-dahua-casablanca","12":"product_tag-dahua-el-jadida","13":"product_tag-dahua-fes","14":"product_tag-dahua-hoceima","15":"product_tag-dahua-kenitra","16":"product_tag-dahua-laayoune","17":"product_tag-dahua-maroc","18":"product_tag-dahua-marrakech","19":"product_tag-dahua-meknes","20":"product_tag-dahua-nador","21":"product_tag-dahua-oujda","22":"product_tag-dahua-rabat","23":"product_tag-dahua-tanger","24":"product_tag-dahua-tetouan","25":"ts_product_brand-dahua","27":"first","28":"instock","29":"shipping-taxable","30":"purchasable","31":"product-type-simple","32":"add-to-wishlist-after_add_to_cart"},"aioseo_notices":[],"_links":{"self":[{"href":"https:\/\/tthcompany.ma\/index.php\/wp-json\/wp\/v2\/product\/23084","targetHints":{"allow":["GET"]}}],"collection":[{"href":"https:\/\/tthcompany.ma\/index.php\/wp-json\/wp\/v2\/product"}],"about":[{"href":"https:\/\/tthcompany.ma\/index.php\/wp-json\/wp\/v2\/types\/product"}],"replies":[{"embeddable":true,"href":"https:\/\/tthcompany.ma\/index.php\/wp-json\/wp\/v2\/comments?post=23084"}],"wp:featuredmedia":[{"embeddable":true,"href":"https:\/\/tthcompany.ma\/index.php\/wp-json\/wp\/v2\/media\/23085"}],"wp:attachment":[{"href":"https:\/\/tthcompany.ma\/index.php\/wp-json\/wp\/v2\/media?parent=23084"}],"wp:term":[{"taxonomy":"product_cat","embeddable":true,"href":"https:\/\/tthcompany.ma\/index.php\/wp-json\/wp\/v2\/product_cat?post=23084"},{"taxonomy":"product_tag","embeddable":true,"href":"https:\/\/tthcompany.ma\/index.php\/wp-json\/wp\/v2\/product_tag?post=23084"}],"curies":[{"name":"wp","href":"https:\/\/api.w.org\/{rel}","templated":true}]}}