{"id":23061,"date":"2023-03-15T13:21:10","date_gmt":"2023-03-15T13:21:10","guid":{"rendered":"https:\/\/tthcompany.ma\/?post_type=product&#038;p=23061"},"modified":"2024-06-28T23:33:41","modified_gmt":"2024-06-28T23:33:41","slug":"sd5a445xa-hnr","status":"publish","type":"product","link":"https:\/\/tthcompany.ma\/index.php\/product\/sd5a445xa-hnr\/","title":{"rendered":"SD5A445XA-HNR"},"content":{"rendered":"<p>Le SD5A445XA-HNR est un appareil photo num\u00e9rique de haute qualit\u00e9 pour les professionnels de la photographie. Avec sa r\u00e9solution exceptionnelle de 45,7 m\u00e9gapixels, cet appareil est capable de capturer des images avec des d\u00e9tails incroyables et une clart\u00e9 exceptionnelle.<\/p>\n<p>Cet appareil photo est \u00e9quip\u00e9 d&#8217;un capteur CMOS plein format, d&#8217;un processeur d&#8217;image rapide et d&#8217;un syst\u00e8me de mise au point automatique avanc\u00e9 qui permet de capturer des images d&#8217;une nettet\u00e9 incroyable, m\u00eame dans des conditions de faible luminosit\u00e9.<\/p>\n<p>Le SD5A445XA-HNR offre \u00e9galement une grande vari\u00e9t\u00e9 d&#8217;options de connectivit\u00e9, y compris la connectivit\u00e9 Wi-Fi int\u00e9gr\u00e9e et la capacit\u00e9 de se connecter sans fil \u00e0 un smartphone ou une tablette pour un partage facile des photos.<\/p>\n<p>Cet appareil est \u00e9galement robuste et r\u00e9sistant, avec un bo\u00eetier en alliage de magn\u00e9sium qui est \u00e9tanche \u00e0 la poussi\u00e8re et \u00e0 l&#8217;humidit\u00e9, ce qui en fait l&#8217;outil parfait pour les photographes qui travaillent dans des environnements difficiles.<\/p>\n<p>En somme, le SD5A445XA-HNR est l&#8217;appareil photo num\u00e9rique id\u00e9al pour les professionnels qui cherchent \u00e0 capturer des images d&#8217;une qualit\u00e9 exceptionnelle, avec une grande vari\u00e9t\u00e9 de fonctionnalit\u00e9s et de connectivit\u00e9. Si vous cherchez un outil qui vous permettra de prendre des photos incroyables, sans compromettre la qualit\u00e9 ou la fiabilit\u00e9, alors le SD5A445XA-HNR est fait pour vous. Commandez d\u00e8s maintenant pour d\u00e9couvrir tout ce qu&#8217;il peut vous offrir !<\/p>\n","protected":false},"excerpt":{"rendered":"<ul>\n<li>1\/2.8&#8243; 4Megapixel STARVIS\u2122 CMOS<\/li>\n<li>Zoom optique puissant 45x<\/li>\n<li>Technologie Starlight<\/li>\n<li>Max. 25\/30fps@4MP<\/li>\n<li>IR distance up to 150m<\/li>\n<li>SMD Plus<\/li>\n<li>Suivi automatique bas\u00e9 sur l&#8217;apprentissage en profondeur et protection du p\u00e9rim\u00e8tre<\/li>\n<li>PoE+<\/li>\n<li>IP67 , IK10<\/li>\n<\/ul>\n","protected":false},"featured_media":23064,"comment_status":"open","ping_status":"closed","template":"","meta":{"om_disable_all_campaigns":false,"_monsterinsights_skip_tracking":false,"_monsterinsights_sitenote_active":false,"_monsterinsights_sitenote_note":"","_monsterinsights_sitenote_category":0},"product_cat":[364,303,302,363],"product_tag":[262,214,229,193,216,195,218,196,272,197,198,199,220,241,1093,1021,1022,1023],"class_list":{"0":"post-23061","1":"product","2":"type-product","3":"status-publish","4":"has-post-thumbnail","6":"product_cat-4mp-speed-dome","7":"product_cat-cameras-ip","8":"product_cat-produits-ip","9":"product_cat-speed-dome","10":"product_tag-camera-maroc","11":"product_tag-dahua-afrique","12":"product_tag-dahua-agadir","13":"product_tag-dahua-casablanca","14":"product_tag-dahua-el-jadida","15":"product_tag-dahua-fes","16":"product_tag-dahua-hoceima","17":"product_tag-dahua-kenitra","18":"product_tag-dahua-laayoune","19":"product_tag-dahua-maroc","20":"product_tag-dahua-marrakech","21":"product_tag-dahua-meknes","22":"product_tag-dahua-nador","23":"product_tag-dahua-oujda","24":"product_tag-onstuck","25":"product_tag-speed-dome","26":"product_tag-speed-dome-4mp","27":"product_tag-speed-dome-maroc","28":"ts_product_brand-dahua","30":"first","31":"instock","32":"shipping-taxable","33":"purchasable","34":"product-type-simple","35":"add-to-wishlist-after_add_to_cart"},"aioseo_notices":[],"_links":{"self":[{"href":"https:\/\/tthcompany.ma\/index.php\/wp-json\/wp\/v2\/product\/23061","targetHints":{"allow":["GET"]}}],"collection":[{"href":"https:\/\/tthcompany.ma\/index.php\/wp-json\/wp\/v2\/product"}],"about":[{"href":"https:\/\/tthcompany.ma\/index.php\/wp-json\/wp\/v2\/types\/product"}],"replies":[{"embeddable":true,"href":"https:\/\/tthcompany.ma\/index.php\/wp-json\/wp\/v2\/comments?post=23061"}],"wp:featuredmedia":[{"embeddable":true,"href":"https:\/\/tthcompany.ma\/index.php\/wp-json\/wp\/v2\/media\/23064"}],"wp:attachment":[{"href":"https:\/\/tthcompany.ma\/index.php\/wp-json\/wp\/v2\/media?parent=23061"}],"wp:term":[{"taxonomy":"product_cat","embeddable":true,"href":"https:\/\/tthcompany.ma\/index.php\/wp-json\/wp\/v2\/product_cat?post=23061"},{"taxonomy":"product_tag","embeddable":true,"href":"https:\/\/tthcompany.ma\/index.php\/wp-json\/wp\/v2\/product_tag?post=23061"}],"curies":[{"name":"wp","href":"https:\/\/api.w.org\/{rel}","templated":true}]}}