{"id":23051,"date":"2023-03-14T14:22:53","date_gmt":"2023-03-14T14:22:53","guid":{"rendered":"https:\/\/tthcompany.ma\/?post_type=product&#038;p=23051"},"modified":"2023-12-20T15:29:14","modified_gmt":"2023-12-20T15:29:14","slug":"ipc-hfw1530s-s6","status":"publish","type":"product","link":"https:\/\/tthcompany.ma\/index.php\/product\/ipc-hfw1530s-s6\/","title":{"rendered":"DH-IPC-HFW1530S-S6"},"content":{"rendered":"<table id=\"table001\" class=\"NEW-TABLE TableOverride-1 tab-drag\">\n<tbody>\n<tr>\n<td colspan=\"60\">Camera<\/td>\n<\/tr>\n<tr>\n<td colspan=\"18\">Image Sensor<\/td>\n<td colspan=\"42\">1\/2.7&#8243; CMOS<\/td>\n<\/tr>\n<tr>\n<td colspan=\"18\">Max. Resolution<\/td>\n<td colspan=\"42\">2880 (H) \u00d7 1620 (V)<\/td>\n<\/tr>\n<tr>\n<td colspan=\"18\">ROM<\/td>\n<td colspan=\"42\">16 MB<\/td>\n<\/tr>\n<tr>\n<td colspan=\"18\">RAM<\/td>\n<td colspan=\"42\">128 MB<\/td>\n<\/tr>\n<tr>\n<td colspan=\"18\">Scanning System<\/td>\n<td colspan=\"42\">Progressive<\/td>\n<\/tr>\n<tr>\n<td colspan=\"18\">Electronic Shutter Speed<\/td>\n<td colspan=\"42\">Auto\/Manual 1\/3 s\u20131\/100,000 s<\/td>\n<\/tr>\n<tr>\n<td colspan=\"18\">Min. Illumination<\/td>\n<td colspan=\"42\">0.03 Lux@F2.0 (Color, 30 IRE)<br \/>\n0.003 Lux@F2.0 (B\/W, 30 IRE)<br \/>\n0 Lux (Illuminator on)<\/td>\n<\/tr>\n<tr>\n<td colspan=\"18\">S\/N Ratio<\/td>\n<td colspan=\"42\">&gt; 56 dB<\/td>\n<\/tr>\n<tr>\n<td colspan=\"18\">Illumination Distance<\/td>\n<td colspan=\"42\">30 m (98.43 ft) (IR)<\/td>\n<\/tr>\n<tr>\n<td colspan=\"18\">Illuminator On\/Off Control<\/td>\n<td colspan=\"42\">Auto\/Manual<\/td>\n<\/tr>\n<tr>\n<td colspan=\"18\">Illuminator Number<\/td>\n<td colspan=\"42\">1 (IR LED)<\/td>\n<\/tr>\n<tr>\n<td colspan=\"18\">Pan\/Tilt\/Rotation Range<\/td>\n<td colspan=\"42\">Pan: 0\u00b0\u2013360\u00b0<br \/>\nTilt: 0\u00b0\u201390\u00b0<br \/>\nRotation: 0\u00b0\u2013360\u00b0<\/td>\n<\/tr>\n<tr>\n<td colspan=\"60\">Lens<\/td>\n<\/tr>\n<tr>\n<td colspan=\"18\">Lens Type<\/td>\n<td colspan=\"42\">Fixed-focal<\/td>\n<\/tr>\n<tr>\n<td colspan=\"18\">Lens Mount<\/td>\n<td colspan=\"42\">M12<\/td>\n<\/tr>\n<tr>\n<td colspan=\"18\">Focal Length<\/td>\n<td colspan=\"42\">2.8 mm; 3.6 mm<\/td>\n<\/tr>\n<tr>\n<td colspan=\"18\">Max. Aperture<\/td>\n<td colspan=\"42\">2.8 mm: F2.0<br \/>\n3.6 mm: F2.0<\/td>\n<\/tr>\n<tr>\n<td colspan=\"18\">Field of View<\/td>\n<td colspan=\"42\">2.8 mm: Horizontal: 106\u00b0; Vertical: 56\u00b0; Diagonal: 125\u00b0<br \/>\n3.6 mm: Horizontal: 92\u00b0; Vertical: 48\u00b0; Diagonal: 109\u00b0<\/td>\n<\/tr>\n<tr>\n<td colspan=\"18\">Iris Control<\/td>\n<td colspan=\"42\">Fixed<\/td>\n<\/tr>\n<tr>\n<td colspan=\"18\">Close Focus Distance<\/td>\n<td colspan=\"42\">2.8 mm: 0.8 m (2.62 ft)<br \/>\n3.6 mm: 1.3 m (4.27 ft)<\/td>\n<\/tr>\n<tr>\n<td colspan=\"18\" rowspan=\"3\">DORI Distance<\/td>\n<td colspan=\"8\">Lens<\/td>\n<td colspan=\"8\">Detect<\/td>\n<td colspan=\"8\">Observe<\/td>\n<td colspan=\"8\">Recognize<\/td>\n<td colspan=\"10\">Identify<\/td>\n<\/tr>\n<tr>\n<td colspan=\"8\">2.8 mm<\/td>\n<td colspan=\"8\">56.0 m (183.73 ft)<\/td>\n<td colspan=\"8\">22.4 m<\/p>\n<p>(73.49 ft)<\/td>\n<td colspan=\"8\">11.2 m<\/p>\n<p>(36.75 ft)<\/td>\n<td colspan=\"10\">5.6 m<\/p>\n<p>(18.37 ft)<\/td>\n<\/tr>\n<tr>\n<td colspan=\"8\">3.6 mm<\/td>\n<td colspan=\"8\">76.0 m (249.34 ft)<\/td>\n<td colspan=\"8\">30.4 m<\/p>\n<p>(99.74 ft)<\/td>\n<td colspan=\"8\">15.2 m<\/p>\n<p>(49.87 ft)<\/td>\n<td colspan=\"10\">7.6 m<\/p>\n<p>(24.93 ft)<\/td>\n<\/tr>\n<tr>\n<td colspan=\"60\">Video<\/td>\n<\/tr>\n<tr>\n<td colspan=\"18\">Video Compression<\/td>\n<td colspan=\"42\">H.265; H.264; H.264B; MJPEG (only supported by the sub stream)<\/td>\n<\/tr>\n<tr>\n<td colspan=\"18\">Smart Codec<\/td>\n<td colspan=\"42\">Smart H.265+; Smart H.264+<\/td>\n<\/tr>\n<tr>\n<td colspan=\"18\">Video Frame Rate<\/td>\n<td colspan=\"42\">Main stream:<br \/>\n2880 \u00d7 1620 (1 fps\u201320 fps)<br \/>\n2688 \u00d7 1520 (1 fps\u201325\/30 fps)<br \/>\nSub stream:<br \/>\n704 \u00d7 576 (1 fps\u201325 fps)<br \/>\n704 \u00d7 480 (1 fps\u201330 fps)<br \/>\n*The values above are the max. frame rates of each stream; for multiple streams, the values will be subjected to the total encoding capacity.<\/td>\n<\/tr>\n<tr>\n<td colspan=\"18\">Stream Capability<\/td>\n<td colspan=\"42\">2 streams<\/td>\n<\/tr>\n<tr>\n<td colspan=\"18\">Resolution<\/td>\n<td colspan=\"42\">2880 \u00d7 1620 (2880 \u00d7 1620); 2688 \u00d7 1520 (2688 \u00d7 1520); 2560 \u00d7 1440(2560 \u00d7 1440); 3M (2048 \u00d7 1536); 2304 \u00d7 1296 (2304 \u00d7 1296); 1080p (1920 \u00d7 1080); 1.3M (1280 \u00d7 960); 720p (1280 \u00d7 720); D1 (704 \u00d7 576\/704 \u00d7 480); VGA (640 \u00d7 480); CIF (352 \u00d7 288\/352 \u00d7 240)<\/td>\n<\/tr>\n<tr>\n<td colspan=\"18\">Bit Rate Control<\/td>\n<td colspan=\"42\">CBR\/VBR<\/td>\n<\/tr>\n<tr>\n<td colspan=\"18\">Video Bit Rate<\/td>\n<td colspan=\"42\">H.264: 32 kbps\u20136144 kbps<br \/>\nH.265: 12 kbps\u20136144 kbps<\/td>\n<\/tr>\n<tr>\n<td colspan=\"18\">Day\/Night<\/td>\n<td colspan=\"42\">Auto(ICR)\/Color\/B\/W<\/td>\n<\/tr>\n<tr>\n<td colspan=\"18\">BLC<\/td>\n<td colspan=\"42\">Yes<\/td>\n<\/tr>\n<tr>\n<td colspan=\"18\">HLC<\/td>\n<td colspan=\"42\">Yes<\/td>\n<\/tr>\n<tr>\n<td colspan=\"18\">WDR<\/td>\n<td colspan=\"42\">DWDR<\/td>\n<\/tr>\n<tr>\n<td colspan=\"18\">White Balance<\/td>\n<td colspan=\"42\">Auto; natural; street lamp; outdoor; manual; regional custom<\/td>\n<\/tr>\n<tr>\n<td colspan=\"18\">Gain Control<\/td>\n<td colspan=\"42\">Auto; manual<\/td>\n<\/tr>\n<tr>\n<td colspan=\"18\">Noise Reduction<\/td>\n<td colspan=\"42\">3D NR<\/td>\n<\/tr>\n<tr>\n<td colspan=\"18\">Motion Detection<\/td>\n<td colspan=\"42\">OFF\/ON (4 areas, rectangular)<\/td>\n<\/tr>\n<tr>\n<td colspan=\"18\">Region of Interest (RoI)<\/td>\n<td colspan=\"42\">Yes (4 areas)<\/td>\n<\/tr>\n<tr>\n<td colspan=\"18\">Smart Illumination<\/td>\n<td colspan=\"42\">Yes<\/td>\n<\/tr>\n<tr>\n<td colspan=\"18\">Image Rotation<\/td>\n<td colspan=\"42\">0\u00b0\/90\u00b0\/180\u00b0\/270\u00b0 (Support 90\u00b0\/270\u00b0 with 2688 \u00d7 1520 resolution and lower)<\/td>\n<\/tr>\n<tr>\n<td colspan=\"18\">Mirror<\/td>\n<td colspan=\"42\">Yes<\/td>\n<\/tr>\n<tr>\n<td colspan=\"18\">Privacy Masking<\/td>\n<td colspan=\"42\">4 areas<\/td>\n<\/tr>\n<tr>\n<td colspan=\"60\">Audio<\/td>\n<\/tr>\n<tr>\n<td colspan=\"18\">Built-in MIC<\/td>\n<td colspan=\"42\">Yes<\/td>\n<\/tr>\n<tr>\n<td colspan=\"18\">Audio Compression<\/td>\n<td colspan=\"42\">G.711a; G.711Mu; G.726; PCM<\/td>\n<\/tr>\n<tr>\n<td colspan=\"60\">Alarm<\/td>\n<\/tr>\n<tr>\n<td colspan=\"18\">Alarm Event<\/td>\n<td colspan=\"42\">Network disconnection; IP conflict; illegal access; motion detection; video tampering; audio detection; security exception<\/td>\n<\/tr>\n<tr>\n<td colspan=\"60\">Network<\/td>\n<\/tr>\n<tr>\n<td colspan=\"18\">Network Port<\/td>\n<td colspan=\"42\">RJ-45 (10\/100 Base-T)<\/td>\n<\/tr>\n<tr>\n<td colspan=\"18\">SDK and API<\/td>\n<td colspan=\"42\">Yes<\/td>\n<\/tr>\n<tr>\n<td colspan=\"18\">Cyber Security<\/td>\n<td colspan=\"42\">Video encryption; configuration encryption; Digest; WSSE; account lockout; security logs; generation and importing of X.509 certification; HTTPS; trusted boot; trusted execution; trusted upgrade<\/td>\n<\/tr>\n<tr>\n<td colspan=\"18\">Network Protocol<\/td>\n<td colspan=\"42\">IPv4; IPv6; HTTP; TCP; UDP; ARP; RTP; RTSP; SMTP; FTP; DHCP; DNS; DDNS; NTP; Multicast<\/td>\n<\/tr>\n<tr>\n<td colspan=\"18\">Interoperability<\/td>\n<td colspan=\"42\">ONVIF (Profile S\/Profile T); CGI; P2P; Genetec; Milestone<\/td>\n<\/tr>\n<tr>\n<td colspan=\"18\">User\/Host<\/td>\n<td colspan=\"42\">6 (Total bandwidth: 48 M)<\/td>\n<\/tr>\n<tr>\n<td colspan=\"18\">Storage<\/td>\n<td colspan=\"42\">FTP<\/td>\n<\/tr>\n<tr>\n<td colspan=\"18\">Browser<\/td>\n<td colspan=\"42\">IE<br \/>\nChrome<br \/>\nFirefox<\/td>\n<\/tr>\n<tr>\n<td colspan=\"18\">Management Software<\/td>\n<td colspan=\"42\">Smart PSS; DSS; DMSS<\/td>\n<\/tr>\n<tr>\n<td colspan=\"18\">Mobile Client<\/td>\n<td colspan=\"42\">IOS; Android<\/td>\n<\/tr>\n<tr>\n<td colspan=\"60\">Certification<\/td>\n<\/tr>\n<tr>\n<td colspan=\"18\">Certifications<\/td>\n<td colspan=\"42\">CE-LVD: EN62368-1<br \/>\nCE-EMC: Electromagnetic Compatibility Directive 2014\/30\/EU<br \/>\nFCC: 47 CFR FCC Part 15, Subpart B<\/td>\n<\/tr>\n<tr>\n<td colspan=\"60\">Power<\/td>\n<\/tr>\n<tr>\n<td colspan=\"18\">Power Supply<\/td>\n<td colspan=\"42\">12V DC\/PoE (802.3af)<\/td>\n<\/tr>\n<tr>\n<td colspan=\"18\">Power Consumption<\/td>\n<td colspan=\"42\">Basic: 1.9W (12V DC); 2.3W (PoE)<br \/>\nMax. (ICR + H.265 + max. resolution + main stream + DWDR + IR intensity): 3.9W (12V DC); 4.5W (PoE)<\/td>\n<\/tr>\n<tr>\n<td colspan=\"60\">Environment<\/td>\n<\/tr>\n<tr>\n<td colspan=\"18\">Operating Temperature<\/td>\n<td colspan=\"42\">\u201340\u00b0C to +60\u00b0C (\u201340\u00b0F to +140\u00b0F)<\/td>\n<\/tr>\n<tr>\n<td colspan=\"18\">Operating Humidity<\/td>\n<td colspan=\"42\">\u226495%<\/td>\n<\/tr>\n<tr>\n<td colspan=\"18\">Storage Temperature<\/td>\n<td colspan=\"42\">\u201340\u00b0C to +60\u00b0C (\u201340\u00b0F to +140\u00b0F)<\/td>\n<\/tr>\n<tr>\n<td colspan=\"18\">Protection<\/td>\n<td colspan=\"42\">IP67<\/td>\n<\/tr>\n<tr>\n<td colspan=\"60\">Structure<\/td>\n<\/tr>\n<tr>\n<td colspan=\"18\">Casing<\/td>\n<td colspan=\"42\">Metal<\/td>\n<\/tr>\n<tr>\n<td colspan=\"18\">Product Dimensions<\/td>\n<td colspan=\"42\">162.1 mm \u00d7 \u03a670.1 mm (6.38&#8243; \u00d7 \u03a62.76&#8243;)<\/td>\n<\/tr>\n<tr>\n<td colspan=\"18\">Net Weight<\/td>\n<td colspan=\"42\">0.32 kg (0.71 lb)<\/td>\n<\/tr>\n<tr>\n<td colspan=\"18\">Gross Weight<\/td>\n<td colspan=\"42\">0.45 kg (0.99 lb)<\/td>\n<\/tr>\n<\/tbody>\n<\/table>\n","protected":false},"excerpt":{"rendered":"<p class=\"text\" data-v-393df75a=\"\">5MP Entry IR Fixed-focal Bullet Network Camera<\/p>\n<div data-v-393df75a=\"\">&gt; 5MP 1\/2.7&#8243; CMOS image sensor, low luminance, and high definition image.<br \/>\n&gt; Outputs max. 5MP (2880 \u00d7 1620) @20 fps and supports 2688 \u00d7 1520 (2688 \u00d7 1520) @25\/30 fps.<br \/>\n&gt; H.265 codec, high compression rate, and ultra-low bit rate.<br \/>\n&gt; Built-in IR LED, and the max. illumination distance is 30 m.<br \/>\n&gt; ROI, SMART H.264 +\/H.265+, flexible coding, applicable to various bandwidth and storage environments<br \/>\n&gt; Rotation mode, DWDR, 3D NR, HLC, BLC, digital watermarking,<br \/>\n&gt; Abnormality detection: Motion detection, video tampering, audio detection, network disconnection, IP conflict, and illegal access.<br \/>\n&gt; Built-in MIC.<br \/>\n&gt; 12 V DC\/PoE power supply.<br \/>\n&gt; IP67 protection.<br \/>\n<img decoding=\"async\" src=\"https:\/\/www.dahuasecurity.com\/asset\/upload\/uploads\/image\/20210526\/20210526180511_43237.png\" alt=\"\" \/><\/div>\n","protected":false},"featured_media":23052,"comment_status":"open","ping_status":"closed","template":"","meta":{"om_disable_all_campaigns":false,"_monsterinsights_skip_tracking":false,"_monsterinsights_sitenote_active":false,"_monsterinsights_sitenote_note":"","_monsterinsights_sitenote_category":0},"product_cat":[483,303,302],"product_tag":[938,309,981,261,262,210,228,213,193,216,195,218,196,272,197,198,199,220,241,200,201,222],"class_list":{"0":"post-23051","1":"product","2":"type-product","3":"status-publish","4":"has-post-thumbnail","6":"product_cat-cameras-5mp","7":"product_cat-cameras-ip","8":"product_cat-produits-ip","9":"product_tag-5mp","10":"product_tag-camera-5mp","11":"product_tag-camera-dahua-5mp","12":"product_tag-camera-ip-dahua","13":"product_tag-camera-maroc","14":"product_tag-camera-surveillance-afrique","15":"product_tag-camera-surveillance-maroc","16":"product_tag-camera-dahua","17":"product_tag-dahua-casablanca","18":"product_tag-dahua-el-jadida","19":"product_tag-dahua-fes","20":"product_tag-dahua-hoceima","21":"product_tag-dahua-kenitra","22":"product_tag-dahua-laayoune","23":"product_tag-dahua-maroc","24":"product_tag-dahua-marrakech","25":"product_tag-dahua-meknes","26":"product_tag-dahua-nador","27":"product_tag-dahua-oujda","28":"product_tag-dahua-rabat","29":"product_tag-dahua-tanger","30":"product_tag-dahua-tetouan","31":"ts_product_brand-dahua","33":"first","34":"instock","35":"shipping-taxable","36":"purchasable","37":"product-type-simple","38":"add-to-wishlist-after_add_to_cart"},"aioseo_notices":[],"_links":{"self":[{"href":"https:\/\/tthcompany.ma\/index.php\/wp-json\/wp\/v2\/product\/23051","targetHints":{"allow":["GET"]}}],"collection":[{"href":"https:\/\/tthcompany.ma\/index.php\/wp-json\/wp\/v2\/product"}],"about":[{"href":"https:\/\/tthcompany.ma\/index.php\/wp-json\/wp\/v2\/types\/product"}],"replies":[{"embeddable":true,"href":"https:\/\/tthcompany.ma\/index.php\/wp-json\/wp\/v2\/comments?post=23051"}],"wp:featuredmedia":[{"embeddable":true,"href":"https:\/\/tthcompany.ma\/index.php\/wp-json\/wp\/v2\/media\/23052"}],"wp:attachment":[{"href":"https:\/\/tthcompany.ma\/index.php\/wp-json\/wp\/v2\/media?parent=23051"}],"wp:term":[{"taxonomy":"product_cat","embeddable":true,"href":"https:\/\/tthcompany.ma\/index.php\/wp-json\/wp\/v2\/product_cat?post=23051"},{"taxonomy":"product_tag","embeddable":true,"href":"https:\/\/tthcompany.ma\/index.php\/wp-json\/wp\/v2\/product_tag?post=23051"}],"curies":[{"name":"wp","href":"https:\/\/api.w.org\/{rel}","templated":true}]}}