{"id":23042,"date":"2023-03-13T16:17:27","date_gmt":"2023-03-13T16:17:27","guid":{"rendered":"https:\/\/tthcompany.ma\/?post_type=product&#038;p=23042"},"modified":"2023-09-26T10:53:29","modified_gmt":"2023-09-26T10:53:29","slug":"ipc-hdbw4231ep-as","status":"publish","type":"product","link":"https:\/\/tthcompany.ma\/index.php\/product\/ipc-hdbw4231ep-as\/","title":{"rendered":"IPC-HDBW4231EP-AS"},"content":{"rendered":"<div id=\"div_left\">\n<div class=\"div-drop\">\n<table id=\"table001\" class=\"NEW-TABLE TableOverride-1 tab-drag\">\n<tbody>\n<tr>\n<td colspan=\"60\">\n<h2><span style=\"font-size: 14pt;\">Cam\u00e9ra<\/span><\/h2>\n<\/td>\n<\/tr>\n<tr>\n<td colspan=\"18\">Capteur d&#8217;image<\/td>\n<td colspan=\"42\">CMOS \u00e0 balayage progressif 1 \/ 2,8 &#8220;2 m\u00e9gapixels<\/td>\n<\/tr>\n<tr>\n<td colspan=\"18\">Pixels efficaces<\/td>\n<td colspan=\"42\">1920 (H) x1080 (V)<\/td>\n<\/tr>\n<tr>\n<td colspan=\"18\">RAM \/ ROM<\/td>\n<td colspan=\"42\">256 Mo \/ 32 Mo<\/td>\n<\/tr>\n<tr>\n<td colspan=\"18\">Syst\u00e8me de num\u00e9risation<\/td>\n<td colspan=\"42\">Progressive<\/td>\n<\/tr>\n<tr>\n<td colspan=\"18\">Vitesse d&#8217;obturation \u00e9lectronique<\/td>\n<td colspan=\"42\">Auto \/ Manuel, 1\/3 (4) ~ 1 \/ 100000s<\/td>\n<\/tr>\n<tr>\n<td colspan=\"18\">Illumination minimum<\/td>\n<td colspan=\"42\">0,007Lux \/ F1.6 (couleur, 1\/3 s, 30 IRE)<\/p>\n<p>0.06Lux \/ F1.6 (couleur, 1 \/ 30s, 30IRE)<\/p>\n<p>0Lux \/ F1.6 (IR activ\u00e9)<\/td>\n<\/tr>\n<tr>\n<td colspan=\"18\">Rapport S \/ N<\/td>\n<td colspan=\"42\">Plus de 50 dB<\/td>\n<\/tr>\n<tr>\n<td colspan=\"18\">Distance IR<\/td>\n<td colspan=\"42\">Distance jusqu&#8217;\u00e0 30 m (98 pieds)<\/td>\n<\/tr>\n<tr>\n<td colspan=\"18\">Contr\u00f4le marche \/ arr\u00eat IR<\/td>\n<td colspan=\"42\">Auto \/ Manuel<\/td>\n<\/tr>\n<tr>\n<td colspan=\"18\">LED IR<\/td>\n<td colspan=\"42\">18<\/td>\n<\/tr>\n<tr>\n<td colspan=\"60\">\n<h2><span style=\"font-size: 14pt;\">Lentille<\/span><\/h2>\n<\/td>\n<\/tr>\n<tr>\n<td colspan=\"18\">Type de lentille<\/td>\n<td colspan=\"42\">Fix\u00e9<\/td>\n<\/tr>\n<tr>\n<td colspan=\"18\">Type de montage<\/td>\n<td colspan=\"42\">Embarquement<\/td>\n<\/tr>\n<tr>\n<td colspan=\"18\">Distance focale<\/td>\n<td colspan=\"42\">2,8\u00a0mm\u00a0<span lang=\"zh-CN\">(3,6\u00a0<\/span>mm, 6 mm en option\u00a0<span lang=\"zh-CN\">\uff09<\/span><\/td>\n<\/tr>\n<tr>\n<td colspan=\"18\">Max.\u00a0Ouverture<\/td>\n<td colspan=\"42\">F1.6 (F1.6, F1.6)<\/td>\n<\/tr>\n<tr>\n<td colspan=\"18\">Angle de vue<\/td>\n<td colspan=\"42\">H: 110 \u00b0 (87 \u00b0, 52 \u00b0), V: 58 \u00b0 (46 \u00b0, 30 \u00b0)<\/td>\n<\/tr>\n<tr>\n<td colspan=\"18\">Zoom optique<\/td>\n<td colspan=\"42\">N \/ A<\/td>\n<\/tr>\n<tr>\n<td colspan=\"18\">Contr\u00f4le de la mise au point<\/td>\n<td colspan=\"42\">Fix\u00e9<\/td>\n<\/tr>\n<tr>\n<td colspan=\"18\">Distance de mise au point rapproch\u00e9e<\/td>\n<td colspan=\"42\">0,7 m (1,2 m, 2,4 m)<\/td>\n<\/tr>\n<tr>\n<td colspan=\"18\" rowspan=\"4\">Distance DORI<\/td>\n<td colspan=\"8\">Lentille<\/td>\n<td colspan=\"8\">D\u00e9tecter<\/td>\n<td colspan=\"8\">Observer<\/td>\n<td colspan=\"8\">Reconna\u00eetre<\/td>\n<td colspan=\"10\">Identifier<\/td>\n<\/tr>\n<tr>\n<td colspan=\"8\">2,8 mm<\/td>\n<td colspan=\"8\">43m (141 pieds)<\/td>\n<td colspan=\"8\">17m (56 pieds)<\/td>\n<td colspan=\"8\">9m (30 pieds)<\/td>\n<td colspan=\"10\">4 m (13 pieds)<\/td>\n<\/tr>\n<tr>\n<td colspan=\"8\">3,6 mm<\/td>\n<td colspan=\"8\">55 m (180 pieds)<\/td>\n<td colspan=\"8\">22 m (72 pieds)<\/td>\n<td colspan=\"8\">11 m (36 pieds)<\/td>\n<td colspan=\"10\">6 m (20 pieds)<\/td>\n<\/tr>\n<tr>\n<td colspan=\"8\">6,0 mm<\/td>\n<td colspan=\"8\">83 m (289 pieds)<\/td>\n<td colspan=\"8\">33m (108 pieds)<\/td>\n<td colspan=\"8\">17m (56 pieds)<\/td>\n<td colspan=\"10\">8 m (26 pieds)<\/td>\n<\/tr>\n<tr>\n<td colspan=\"60\">\n<h2><span style=\"font-size: 14pt;\">Pan \/ Tilt \/ Rotation<\/span><\/h2>\n<\/td>\n<\/tr>\n<tr>\n<td colspan=\"18\">Plage de panoramique \/ inclinaison \/ rotation<\/td>\n<td colspan=\"42\">Pan: 0\u02da ~ 355\u02da;\u00a0Inclinaison: 0\u02da ~ 65\u02da;\u00a0Rotation: 0\u02da ~ 355\u02da<\/td>\n<\/tr>\n<tr>\n<td colspan=\"60\">\n<h2><span style=\"font-size: 14pt;\">Intelligence<\/span><\/h2>\n<\/td>\n<\/tr>\n<tr>\n<td colspan=\"18\">IVS<\/td>\n<td colspan=\"42\">Tripwire, intrusion, objet abandonn\u00e9 \/ manquant<\/td>\n<\/tr>\n<tr>\n<td colspan=\"18\">Fonctions intelligentes avanc\u00e9es<\/td>\n<td colspan=\"42\">D\u00e9tection facial<\/td>\n<\/tr>\n<tr>\n<td colspan=\"60\">\n<h2><span style=\"font-size: 14pt;\">Vid\u00e9o<\/span><\/h2>\n<\/td>\n<\/tr>\n<tr>\n<td colspan=\"18\">Compression<\/td>\n<td colspan=\"42\">H.265 + \/ H.265 \/ H.264 + \/ H.264<\/td>\n<\/tr>\n<tr>\n<td colspan=\"18\">Capacit\u00e9 de streaming<\/td>\n<td colspan=\"42\">3 flux<\/td>\n<\/tr>\n<tr>\n<td colspan=\"18\">R\u00e9solution<\/td>\n<td colspan=\"42\">1080P (1 920 x 1 080) \/ 1,3 M (1280 x 960) \/ 720P (1 280 x 720) \/ D1 (704 x 576\/704 x 480) \/ VGA (640 x 480) \/ CIF (352 x 288\/352 x 240)<\/td>\n<\/tr>\n<tr>\n<td colspan=\"18\" rowspan=\"3\">Fr\u00e9quence d&#8217;images<\/td>\n<td colspan=\"42\">Flux principal: 1080P (1 ~ 50 \/ 60fps)<\/td>\n<\/tr>\n<tr>\n<td colspan=\"42\">Sous-flux: D1 (1 ~ 50 \/ 60fps)<\/td>\n<\/tr>\n<tr>\n<td colspan=\"42\">Troisi\u00e8me flux: 1080P (1 ~ 25 \/ 30fps)<\/td>\n<\/tr>\n<tr>\n<td colspan=\"18\">Contr\u00f4le du d\u00e9bit binaire<\/td>\n<td colspan=\"42\">CBR \/ VBR<\/td>\n<\/tr>\n<tr>\n<td colspan=\"18\">D\u00e9bit binaire<\/td>\n<td colspan=\"42\">H.264: 24K ~ 10240Kbps<\/p>\n<p>H.265: 14K ~ 9984Kbps<\/td>\n<\/tr>\n<tr>\n<td colspan=\"18\">Jour Nuit<\/td>\n<td colspan=\"42\">Auto (ICR) \/ Couleur \/ N \/ B<\/td>\n<\/tr>\n<tr>\n<td colspan=\"18\">Mode BLC<\/td>\n<td colspan=\"42\">BLC \/ HLC \/ WDR (120 dB)<\/td>\n<\/tr>\n<\/tbody>\n<\/table>\n<\/div>\n<\/div>\n<div id=\"div_left\">\n<div class=\"div-drop\">\n<table id=\"table002\" class=\"NEW-TABLE TableOverride-1 tab-drag\" style=\"width: 100.335%; height: 2274px;\">\n<tbody>\n<tr style=\"height: 56px;\">\n<td style=\"width: 47.6129%; height: 56px;\" colspan=\"18\">Balance des blancs<\/td>\n<td style=\"width: 8.25806%; height: 56px;\" colspan=\"42\">Auto \/ Naturel \/ Lampadaire \/ Ext\u00e9rieur \/ Manuel<\/td>\n<\/tr>\n<tr style=\"height: 56px;\">\n<td style=\"width: 47.6129%; height: 56px;\" colspan=\"18\">Prendre le contr\u00f4le<\/td>\n<td style=\"width: 8.25806%; height: 56px;\" colspan=\"42\">Auto \/ Manuel<\/td>\n<\/tr>\n<tr style=\"height: 56px;\">\n<td style=\"width: 47.6129%; height: 56px;\" colspan=\"18\">R\u00e9duction de bruit<\/td>\n<td style=\"width: 8.25806%; height: 56px;\" colspan=\"42\">DNR 3D<\/td>\n<\/tr>\n<tr style=\"height: 56px;\">\n<td style=\"width: 47.6129%; height: 56px;\" colspan=\"18\">D\u00e9tection de mouvement<\/td>\n<td style=\"width: 8.25806%; height: 56px;\" colspan=\"42\">Arr\u00eat \/ Marche (4 zones, rectangle)<\/td>\n<\/tr>\n<tr style=\"height: 56px;\">\n<td style=\"width: 47.6129%; height: 56px;\" colspan=\"18\">R\u00e9gion d&#8217;int\u00e9r\u00eat<\/td>\n<td style=\"width: 8.25806%; height: 56px;\" colspan=\"42\">Arr\u00eat \/ Marche (4 zones)<\/td>\n<\/tr>\n<tr style=\"height: 56px;\">\n<td style=\"width: 47.6129%; height: 56px;\" colspan=\"18\">Stabilisation\u00a0\u00e9lectronique de l&#8217;image\u00a0(EIS)<\/td>\n<td style=\"width: 8.25806%; height: 56px;\" colspan=\"42\">N \/ A<\/td>\n<\/tr>\n<tr style=\"height: 56px;\">\n<td style=\"width: 47.6129%; height: 56px;\" colspan=\"18\">IR intelligent<\/td>\n<td style=\"width: 8.25806%; height: 56px;\" colspan=\"42\">Soutien<\/td>\n<\/tr>\n<tr style=\"height: 56px;\">\n<td style=\"width: 47.6129%; height: 56px;\" colspan=\"18\">D\u00e9sembuer<\/td>\n<td style=\"width: 8.25806%; height: 56px;\" colspan=\"42\">N \/ A<\/td>\n<\/tr>\n<tr style=\"height: 56px;\">\n<td style=\"width: 47.6129%; height: 56px;\" colspan=\"18\">Zoom num\u00e9rique<\/td>\n<td style=\"width: 8.25806%; height: 56px;\" colspan=\"42\">16x<\/td>\n<\/tr>\n<tr style=\"height: 56px;\">\n<td style=\"width: 47.6129%; height: 56px;\" colspan=\"18\">Retourner<\/td>\n<td style=\"width: 8.25806%; height: 56px;\" colspan=\"42\">0 \u00b0 \/ 90 \u00b0 \/ 180 \u00b0 \/ 270 \u00b0<\/td>\n<\/tr>\n<tr style=\"height: 56px;\">\n<td style=\"width: 47.6129%; height: 56px;\" colspan=\"18\">Miroir<\/td>\n<td style=\"width: 8.25806%; height: 56px;\" colspan=\"42\">\u00c9teint allum\u00e9<\/td>\n<\/tr>\n<tr style=\"height: 56px;\">\n<td style=\"width: 47.6129%; height: 56px;\" colspan=\"18\">Masquage de confidentialit\u00e9<\/td>\n<td style=\"width: 8.25806%; height: 56px;\" colspan=\"42\">Arr\u00eat \/ Marche (4 zones, rectangle)<\/td>\n<\/tr>\n<tr style=\"height: 66px;\">\n<td style=\"width: 55.871%; height: 66px;\" colspan=\"60\">\n<h2><span style=\"font-size: 14pt;\">l&#8217;audio<\/span><\/h2>\n<\/td>\n<\/tr>\n<tr style=\"height: 56px;\">\n<td style=\"width: 47.6129%; height: 56px;\" colspan=\"18\">Compression<\/td>\n<td style=\"width: 8.25806%; height: 56px;\" colspan=\"42\">G.711a \/ G.711Mu \/ AAC \/ G.726<\/td>\n<\/tr>\n<tr style=\"height: 66px;\">\n<td style=\"width: 55.871%; height: 66px;\" colspan=\"60\">\n<h2><span style=\"font-size: 14pt;\">R\u00e9seau<\/span><\/h2>\n<\/td>\n<\/tr>\n<tr style=\"height: 56px;\">\n<td style=\"width: 47.6129%; height: 56px;\" colspan=\"18\">Ethernet<\/td>\n<td style=\"width: 8.25806%; height: 56px;\" colspan=\"42\">RJ-45 (10 \/ 100Base-T)<\/td>\n<\/tr>\n<tr style=\"height: 176px;\">\n<td style=\"width: 47.6129%; height: 176px;\" colspan=\"18\">Protocole<\/td>\n<td style=\"width: 8.25806%; height: 176px;\" colspan=\"42\">HTTP;\u00a0HTTPs;\u00a0TCP;\u00a0ARP;\u00a0RTSP;\u00a0RTP;\u00a0UDP;\u00a0SMTP;<\/p>\n<p>FTP;\u00a0DHCP;\u00a0DNS;\u00a0DDNS;\u00a0PPPOE;\u00a0IPv4 \/ v6;\u00a0QoS;<\/p>\n<p>UPnP, NTP;\u00a0Bonjour;\u00a0802.1x;\u00a0Multidiffusion;\u00a0ICMP;<\/p>\n<p>IGMP;\u00a0SNMP<\/td>\n<\/tr>\n<tr style=\"height: 56px;\">\n<td style=\"width: 47.6129%; height: 56px;\" colspan=\"18\">Interop\u00e9rabilit\u00e9<\/td>\n<td style=\"width: 8.25806%; height: 56px;\" colspan=\"42\">ONVIF, PSIA, CGI<\/td>\n<\/tr>\n<tr style=\"height: 56px;\">\n<td style=\"width: 47.6129%; height: 56px;\" colspan=\"18\">M\u00e9thode de streaming<\/td>\n<td style=\"width: 8.25806%; height: 56px;\" colspan=\"42\">Monodiffusion \/ Multidiffusion<\/td>\n<\/tr>\n<tr style=\"height: 56px;\">\n<td style=\"width: 47.6129%; height: 56px;\" colspan=\"18\">Max.\u00a0Acc\u00e8s utilisateur<\/td>\n<td style=\"width: 8.25806%; height: 56px;\" colspan=\"42\">10 utilisateurs \/ 20 utilisateurs<\/td>\n<\/tr>\n<tr style=\"height: 136px;\">\n<td style=\"width: 47.6129%; height: 136px;\" colspan=\"18\">Stockage Edge<\/td>\n<td style=\"width: 8.25806%; height: 136px;\" colspan=\"42\">NAS<\/p>\n<p>PC local pour un enregistrement instantan\u00e9<\/p>\n<p>Carte SD Mirco 128 Go<\/td>\n<\/tr>\n<tr style=\"height: 56px;\">\n<td style=\"width: 47.6129%; height: 56px;\" colspan=\"18\">Visionneuse Web<\/td>\n<td style=\"width: 8.25806%; height: 56px;\" colspan=\"42\">IE, Chrome, Firefox, Safari<\/td>\n<\/tr>\n<tr style=\"height: 56px;\">\n<td style=\"width: 47.6129%; height: 56px;\" colspan=\"18\">Logiciel de gestion<\/td>\n<td style=\"width: 8.25806%; height: 56px;\" colspan=\"42\">Smart PSS, DSS, Easy4ip<\/td>\n<\/tr>\n<tr style=\"height: 56px;\">\n<td style=\"width: 47.6129%; height: 56px;\" colspan=\"18\">T\u00e9l\u00e9phone intelligent<\/td>\n<td style=\"width: 8.25806%; height: 56px;\" colspan=\"42\">IOS, Android<\/td>\n<\/tr>\n<tr style=\"height: 66px;\">\n<td style=\"width: 55.871%; height: 66px;\" colspan=\"60\">\n<h2><span style=\"font-size: 14pt;\">Certifications<\/span><\/h2>\n<\/td>\n<\/tr>\n<tr style=\"height: 136px;\">\n<td style=\"width: 47.6129%; height: 136px;\" colspan=\"18\">Certifications<\/td>\n<td style=\"width: 8.25806%; height: 136px;\" colspan=\"42\">CE (EN 60950: 2000)<\/p>\n<p>UL: UL60950-1<\/p>\n<p>FCC: FCC partie 15 sous-partie B<\/td>\n<\/tr>\n<tr style=\"height: 66px;\">\n<td style=\"width: 55.871%; height: 66px;\" colspan=\"60\">\n<h2><span style=\"font-size: 14pt;\">Interface<\/span><\/h2>\n<\/td>\n<\/tr>\n<tr style=\"height: 56px;\">\n<td style=\"width: 47.6129%; height: 56px;\" colspan=\"18\">Interface vid\u00e9o<\/td>\n<td style=\"width: 8.25806%; height: 56px;\" colspan=\"42\">N \/ A<\/td>\n<\/tr>\n<tr style=\"height: 56px;\">\n<td style=\"width: 47.6129%; height: 56px;\" colspan=\"18\">Interface audio<\/td>\n<td style=\"width: 8.25806%; height: 56px;\" colspan=\"42\">Entr\u00e9e \/ sortie 1\/1 canal<\/td>\n<\/tr>\n<tr style=\"height: 56px;\">\n<td style=\"width: 47.6129%; height: 56px;\" colspan=\"18\">RS485<\/td>\n<td style=\"width: 8.25806%; height: 56px;\" colspan=\"42\">N \/ A<\/td>\n<\/tr>\n<tr style=\"height: 96px;\">\n<td style=\"width: 47.6129%; height: 96px;\" colspan=\"18\">Alarme<\/td>\n<td style=\"width: 8.25806%; height: 96px;\" colspan=\"42\">Entr\u00e9e 1 canal: 5mA 5VDC<\/p>\n<p>Sortie 1 canal: 300mA 12VDC<\/td>\n<\/tr>\n<tr style=\"height: 66px;\">\n<td style=\"width: 55.871%; height: 66px;\" colspan=\"60\">\n<h2><span style=\"font-size: 14pt;\">\u00c9lectrique<\/span><\/h2>\n<\/td>\n<\/tr>\n<tr style=\"height: 56px;\">\n<td style=\"width: 47.6129%; height: 56px;\" colspan=\"18\">Source de courant<\/td>\n<td style=\"width: 8.25806%; height: 56px;\" colspan=\"42\">DC12V, PoE (802.3af) (Classe 0)<\/td>\n<\/tr>\n<tr style=\"height: 56px;\">\n<td style=\"width: 47.6129%; height: 56px;\" colspan=\"18\">Consommation d&#8217;\u00e9nergie<\/td>\n<td style=\"width: 8.25806%; height: 56px;\" colspan=\"42\">&lt;5 W<\/td>\n<\/tr>\n<\/tbody>\n<\/table>\n<\/div>\n<\/div>\n<div id=\"div_left\">\n<div class=\"div-drop\">\n<table id=\"table004\" class=\"NEW-TABLE TableOverride-1 tab-drag table-border\" style=\"width: 99.2942%;\">\n<tbody>\n<tr>\n<td style=\"width: 76.4921%;\" colspan=\"60\">\n<h2><span style=\"font-size: 14pt;\">Environnement<\/span><\/h2>\n<\/td>\n<\/tr>\n<tr>\n<td style=\"width: 37.637%;\" colspan=\"18\">Des conditions de fonctionnement<\/td>\n<td style=\"width: 38.8551%;\" colspan=\"42\">-30 \u00b0 C ~ + 60 \u00b0 C (-22 \u00b0 F ~ + 140 \u00b0 F) \/ Moins de 95% HR<\/td>\n<\/tr>\n<tr>\n<td style=\"width: 37.637%;\" colspan=\"18\">Conditions de stockage<\/td>\n<td style=\"width: 38.8551%;\" colspan=\"42\">-30 \u00b0 C ~ + 60 \u00b0 C (-22 \u00b0 F ~ + 140 \u00b0 F) \/ Moins de 95% HR<\/td>\n<\/tr>\n<tr>\n<td style=\"width: 37.637%;\" colspan=\"18\">Protection contre la p\u00e9n\u00e9tration<\/td>\n<td style=\"width: 38.8551%;\" colspan=\"42\">IP67<\/td>\n<\/tr>\n<tr>\n<td style=\"width: 37.637%;\" colspan=\"18\">R\u00e9sistance au vandalisme<\/td>\n<td style=\"width: 38.8551%;\" colspan=\"42\">IK10<\/td>\n<\/tr>\n<tr>\n<td style=\"width: 76.4921%;\" colspan=\"60\">\n<h2><span style=\"font-size: 14pt;\">Construction<\/span><\/h2>\n<\/td>\n<\/tr>\n<tr>\n<td style=\"width: 37.637%;\" colspan=\"18\">Enveloppe<\/td>\n<td style=\"width: 38.8551%;\" colspan=\"42\">M\u00e9tal<\/td>\n<\/tr>\n<tr>\n<td style=\"width: 37.637%;\" colspan=\"18\">Dimensions<\/td>\n<td style=\"width: 38.8551%;\" colspan=\"42\">\u03a6109,9 mm \u00d7 81 mm (4,33\u00a0&#8221;\u00a0\u00d7 3,19\u00a0&#8221;\u00a0)<\/td>\n<\/tr>\n<tr>\n<td style=\"width: 37.637%;\" colspan=\"18\">Poids net<\/td>\n<td style=\"width: 38.8551%;\" colspan=\"42\">0,41 kg (0,91 livre)<\/td>\n<\/tr>\n<tr>\n<td style=\"width: 37.637%;\" colspan=\"18\">Poids brut<\/td>\n<td style=\"width: 38.8551%;\" colspan=\"42\">0,53 kg (1,17 lb)<\/td>\n<\/tr>\n<\/tbody>\n<\/table>\n<\/div>\n<\/div>\n","protected":false},"excerpt":{"rendered":"<h1 class=\"text\" data-gtm-vis-has-fired-10552706_195=\"1\" data-gtm-vis-has-fired-10552706_181=\"1\" data-gtm-vis-first-on-screen-10552706_192=\"13168\" data-gtm-vis-first-on-screen-10552706_217=\"13175\" data-gtm-vis-first-on-screen-10552706_194=\"13179\" data-gtm-vis-first-on-screen-10552706_193=\"13183\" data-gtm-vis-first-on-screen-10552706_184=\"13215\" data-gtm-vis-first-on-screen-10552706_196=\"13222\" data-gtm-vis-recent-on-screen-10552706_192=\"258373\" data-gtm-vis-total-visible-time-10552706_192=\"100\" data-gtm-vis-has-fired-10552706_192=\"1\" data-gtm-vis-recent-on-screen-10552706_217=\"258375\" data-gtm-vis-total-visible-time-10552706_217=\"100\" data-gtm-vis-has-fired-10552706_217=\"1\" data-gtm-vis-recent-on-screen-10552706_194=\"258386\" data-gtm-vis-total-visible-time-10552706_194=\"100\" data-gtm-vis-has-fired-10552706_194=\"1\" data-gtm-vis-recent-on-screen-10552706_193=\"258387\" data-gtm-vis-total-visible-time-10552706_193=\"100\" data-gtm-vis-has-fired-10552706_193=\"1\" data-gtm-vis-recent-on-screen-10552706_184=\"258388\" data-gtm-vis-total-visible-time-10552706_184=\"100\" data-gtm-vis-has-fired-10552706_184=\"1\" data-gtm-vis-recent-on-screen-10552706_196=\"258389\" data-gtm-vis-total-visible-time-10552706_196=\"100\" data-gtm-vis-has-fired-10552706_196=\"1\"><span style=\"color: #000000; font-size: 10pt; font-family: georgia, palatino, serif;\"><strong>Cam\u00e9ra r\u00e9seau mini d\u00f4me infrarouge 2MP<\/strong><\/span><\/h1>\n<ul>\n<li>CMOS STARVIS \u2122 \u00e0 balayage progressif 1 \/ 2,8 &#8220;2 M\u00e9gapixels<\/li>\n<li>Codage triple flux H.265 et H.264<\/li>\n<li>50 \/ 60fps @ 1080P (1920 \u00d7 1080)<\/li>\n<li>D\u00e9tection intelligente prise en charge<\/li>\n<li>WDR (120dB), jour \/ nuit (ICR), 3DNR , AWB, AGC, BLC<\/li>\n<li>Surveillance de r\u00e9seaux multiples: visionneuse Web, CMS (DSS \/ PSS) et DMSS<\/li>\n<li>Objectif fixe 2,8 mm (3,6 mm, 6 mm en option)<\/li>\n<li>1\/1 Entr\u00e9e \/ sortie d&#8217;alarme, 1\/1 entr\u00e9e \/ sortie audio<\/li>\n<li>Max. LED IR Longueur 30m<\/li>\n<li>M\u00e9moire Micro SD, IP67, IK10, PoE<\/li>\n<\/ul>\n<p><img decoding=\"async\" class=\"alignnone size-medium wp-image-5287\" src=\"http:\/\/tthcompany.com\/wp-content\/uploads\/2019\/03\/IPC-HDBW4231FP-AS-camera-ip-300x32.png\" alt=\"IPC-HDBW4231FP-AS camera ip\" width=\"300\" height=\"32\" \/><\/p>\n","protected":false},"featured_media":19012,"comment_status":"open","ping_status":"closed","template":"","meta":{"om_disable_all_campaigns":false,"_monsterinsights_skip_tracking":false,"_monsterinsights_sitenote_active":false,"_monsterinsights_sitenote_note":"","_monsterinsights_sitenote_category":0},"product_cat":[304,305,303,451,302,452],"product_tag":[261,262,210,214,229,336,216,195,197,201,277,1093],"class_list":{"0":"post-23042","1":"product","2":"type-product","3":"status-publish","4":"has-post-thumbnail","6":"product_cat-camera-fixe","7":"product_cat-cameras-2mp-camera-fixe","8":"product_cat-cameras-ip","9":"product_cat-detection-facial","10":"product_cat-produits-ip","11":"product_cat-serie-pro-cameras-2mp-camera-fixe","12":"product_tag-camera-ip-dahua","13":"product_tag-camera-maroc","14":"product_tag-camera-surveillance-afrique","15":"product_tag-dahua-afrique","16":"product_tag-dahua-agadir","17":"product_tag-dahua-casabalannca","18":"product_tag-dahua-el-jadida","19":"product_tag-dahua-fes","20":"product_tag-dahua-maroc","21":"product_tag-dahua-tanger","22":"product_tag-dahua-taza","23":"product_tag-onstuck","25":"first","26":"instock","27":"shipping-taxable","28":"purchasable","29":"product-type-simple","30":"add-to-wishlist-after_add_to_cart"},"aioseo_notices":[],"_links":{"self":[{"href":"https:\/\/tthcompany.ma\/index.php\/wp-json\/wp\/v2\/product\/23042","targetHints":{"allow":["GET"]}}],"collection":[{"href":"https:\/\/tthcompany.ma\/index.php\/wp-json\/wp\/v2\/product"}],"about":[{"href":"https:\/\/tthcompany.ma\/index.php\/wp-json\/wp\/v2\/types\/product"}],"replies":[{"embeddable":true,"href":"https:\/\/tthcompany.ma\/index.php\/wp-json\/wp\/v2\/comments?post=23042"}],"wp:featuredmedia":[{"embeddable":true,"href":"https:\/\/tthcompany.ma\/index.php\/wp-json\/wp\/v2\/media\/19012"}],"wp:attachment":[{"href":"https:\/\/tthcompany.ma\/index.php\/wp-json\/wp\/v2\/media?parent=23042"}],"wp:term":[{"taxonomy":"product_cat","embeddable":true,"href":"https:\/\/tthcompany.ma\/index.php\/wp-json\/wp\/v2\/product_cat?post=23042"},{"taxonomy":"product_tag","embeddable":true,"href":"https:\/\/tthcompany.ma\/index.php\/wp-json\/wp\/v2\/product_tag?post=23042"}],"curies":[{"name":"wp","href":"https:\/\/api.w.org\/{rel}","templated":true}]}}