{"id":23036,"date":"2023-03-13T15:52:20","date_gmt":"2023-03-13T15:52:20","guid":{"rendered":"https:\/\/tthcompany.ma\/?post_type=product&#038;p=23036"},"modified":"2023-03-13T15:53:05","modified_gmt":"2023-03-13T15:53:05","slug":"ipc-hdbw2231r-zs-s2","status":"publish","type":"product","link":"https:\/\/tthcompany.ma\/index.php\/product\/ipc-hdbw2231r-zs-s2\/","title":{"rendered":"IPC-HDBW2231R-ZS-S2"},"content":{"rendered":"<table id=\"table001\" class=\"NEW-TABLE TableOverride-1 tab-drag\">\n<tbody>\n<tr>\n<td colspan=\"60\">Camera<\/td>\n<\/tr>\n<tr>\n<td colspan=\"18\">Image Sensor<\/td>\n<td colspan=\"42\">1\/2.8&#8243; CMOS<\/td>\n<\/tr>\n<tr>\n<td colspan=\"18\">Max. Resolution<\/td>\n<td colspan=\"42\">1920 (H) \u00d7 1080 (V)<\/td>\n<\/tr>\n<tr>\n<td colspan=\"18\">ROM<\/td>\n<td colspan=\"42\">128 MB<\/td>\n<\/tr>\n<tr>\n<td colspan=\"18\">RAM<\/td>\n<td colspan=\"42\">128 MB<\/td>\n<\/tr>\n<tr>\n<td colspan=\"18\">Scanning System<\/td>\n<td colspan=\"42\">Progressive<\/td>\n<\/tr>\n<tr>\n<td colspan=\"18\">Electronic Shutter Speed<\/td>\n<td colspan=\"42\">Auto\/Manual 1\/3 s\u20131\/100,000 s<\/td>\n<\/tr>\n<tr>\n<td colspan=\"18\">Min. Illumination<\/td>\n<td colspan=\"42\">0.002 Lux@F1.6 (Color, 30 IRE)<br \/>\n0.0002 Lux@F1.6 (B\/W, 30 IRE)<br \/>\n0 Lux (Illuminator on)<\/td>\n<\/tr>\n<tr>\n<td colspan=\"18\">S\/N Ratio<\/td>\n<td colspan=\"42\">&gt; 56 dB<\/td>\n<\/tr>\n<tr>\n<td colspan=\"18\">Illumination Distance<\/td>\n<td colspan=\"42\">40 m (131.23 ft) (IR)<\/td>\n<\/tr>\n<tr>\n<td colspan=\"18\">Illuminator On\/Off Control<\/td>\n<td colspan=\"42\">Auto; manual<\/td>\n<\/tr>\n<tr>\n<td colspan=\"18\">Illuminator Number<\/td>\n<td colspan=\"42\">2 (IR LED)<\/td>\n<\/tr>\n<tr>\n<td colspan=\"18\">Pan\/Tilt\/Rotation Range<\/td>\n<td colspan=\"42\">Pan: 0\u00b0\u2013355\u00b0<br \/>\nTilt: 0\u00b0\u201375\u00b0<br \/>\nRotation: 0\u00b0\u2013355\u00b0<\/td>\n<\/tr>\n<tr>\n<td colspan=\"60\">Lens<\/td>\n<\/tr>\n<tr>\n<td colspan=\"18\">Lens Type<\/td>\n<td colspan=\"42\">Motorized vari-focal<\/td>\n<\/tr>\n<tr>\n<td colspan=\"18\">Lens Mount<\/td>\n<td colspan=\"42\">\u03c614<\/td>\n<\/tr>\n<tr>\n<td colspan=\"18\">Focal Length<\/td>\n<td colspan=\"42\">2.7mm\u201313.5mm<\/td>\n<\/tr>\n<tr>\n<td colspan=\"18\">Max. Aperture<\/td>\n<td colspan=\"42\">F1.5<\/td>\n<\/tr>\n<tr>\n<td colspan=\"18\">Field of View<\/td>\n<td colspan=\"42\">Horizontal: 108\u00b0\u201330\u00b0<br \/>\nVertical: 56\u00b0\u201317\u00b0<br \/>\nDiagonal: 131\u00b0\u201335\u00b0&#8221;<\/td>\n<\/tr>\n<tr>\n<td colspan=\"18\">Iris Control<\/td>\n<td colspan=\"42\">Fixed<\/td>\n<\/tr>\n<tr>\n<td colspan=\"18\">Close Focus Distance<\/td>\n<td colspan=\"42\">0.8 m (2.62 ft)<\/td>\n<\/tr>\n<tr>\n<td colspan=\"18\" rowspan=\"3\">DORI Distance<\/td>\n<td colspan=\"8\">Lens<\/td>\n<td colspan=\"8\">Detect<\/td>\n<td colspan=\"8\">Observe<\/td>\n<td colspan=\"8\">Recognize<\/td>\n<td colspan=\"10\">Identify<\/td>\n<\/tr>\n<tr>\n<td colspan=\"8\">W<\/td>\n<td colspan=\"8\">44.1 m (144.69 ft)<\/td>\n<td colspan=\"8\">17.7 m (58.07 ft)<\/td>\n<td colspan=\"8\">8.8 m<\/p>\n<p>(28.87 ft)<\/td>\n<td colspan=\"10\">4.4 m<\/p>\n<p>(14.44 ft)<\/td>\n<\/tr>\n<tr>\n<td colspan=\"8\">T<\/td>\n<td colspan=\"8\">144.8 m (475.07 ft)<\/td>\n<td colspan=\"8\">57.9 m (189.96 ft)<\/td>\n<td colspan=\"8\">29.0 m (95.14 ft)<\/td>\n<td colspan=\"10\">14.5 m (47.57 ft)<\/td>\n<\/tr>\n<tr>\n<td colspan=\"60\">Smart Event<\/td>\n<\/tr>\n<tr>\n<td colspan=\"18\">IVS<\/td>\n<td colspan=\"42\">Tripwire; intrusion<\/td>\n<\/tr>\n<tr>\n<td colspan=\"60\">Video<\/td>\n<\/tr>\n<tr>\n<td colspan=\"18\">Video Compression<\/td>\n<td colspan=\"42\">H.265; H.264; H.264B; MJPEG (Only supported by the sub stream)<\/td>\n<\/tr>\n<tr>\n<td colspan=\"18\">Smart Codec<\/td>\n<td colspan=\"42\">Smart H.265+; Smart H.264+<\/td>\n<\/tr>\n<tr>\n<td colspan=\"18\">Video Frame Rate<\/td>\n<td colspan=\"42\">Main stream:<br \/>\n1920 \u00d7 1080@1\u201325\/30 fps<br \/>\nSub stream:<br \/>\n704 \u00d7 576@1\u201325 fps<br \/>\n704 \u00d7 480@1\u201330 fps<br \/>\n*The values above are the max. frame rates of each stream; for multiple streams, the values will be subjected to the total encoding capacity.<\/td>\n<\/tr>\n<tr>\n<td colspan=\"18\">Stream Capability<\/td>\n<td colspan=\"42\">2 streams<\/td>\n<\/tr>\n<tr>\n<td colspan=\"18\">Resolution<\/td>\n<td colspan=\"42\">1080p (1920 \u00d7 1080); 1.3M (1280 \u00d7 960); 720p (1280 \u00d7 720); D1 (704 \u00d7 576\/704 \u00d7 480); VGA (640 \u00d7 480); CIF (352 \u00d7 288\/352 \u00d7 240)<\/td>\n<\/tr>\n<tr>\n<td colspan=\"18\">Bit Rate Control<\/td>\n<td colspan=\"42\">CBR\/VBR<\/td>\n<\/tr>\n<tr>\n<td colspan=\"18\">Video Bit Rate<\/td>\n<td colspan=\"42\">H.264: 32 kbps\u20136144 kbps<br \/>\nH.265: 12 kbps\u20136144 kbps<\/td>\n<\/tr>\n<tr>\n<td colspan=\"18\">Day\/Night<\/td>\n<td colspan=\"42\">Auto(ICR)\/Color\/B\/W<\/td>\n<\/tr>\n<tr>\n<td colspan=\"18\">BLC<\/td>\n<td colspan=\"42\">Yes<\/td>\n<\/tr>\n<tr>\n<td colspan=\"18\">HLC<\/td>\n<td colspan=\"42\">Yes<\/td>\n<\/tr>\n<tr>\n<td colspan=\"18\">WDR<\/td>\n<td colspan=\"42\">120 dB<\/td>\n<\/tr>\n<tr>\n<td colspan=\"18\">White Balance<\/td>\n<td colspan=\"42\">Auto; natural; street lamp; outdoor; manual; regional custom<\/td>\n<\/tr>\n<tr>\n<td colspan=\"18\">Gain Control<\/td>\n<td colspan=\"42\">Auto; manual<\/td>\n<\/tr>\n<tr>\n<td colspan=\"18\">Noise Reduction<\/td>\n<td colspan=\"42\">3D NR<\/td>\n<\/tr>\n<tr>\n<td colspan=\"18\">Motion Detection<\/td>\n<td colspan=\"42\">OFF\/ON (4 areas, rectangular)<\/td>\n<\/tr>\n<tr>\n<td colspan=\"18\">Region of Interest (RoI)<\/td>\n<td colspan=\"42\">Yes (4 areas)<\/td>\n<\/tr>\n<tr>\n<td colspan=\"18\">Smart Illumination<\/td>\n<td colspan=\"42\">Yes<\/td>\n<\/tr>\n<tr>\n<td colspan=\"18\">Image Rotation<\/td>\n<td colspan=\"42\">0\u00b0\/90\u00b0\/180\u00b0\/270\u00b0 (Support 90\u00b0\/270\u00b0 with 1080p resolution and lower)<\/td>\n<\/tr>\n<tr>\n<td colspan=\"18\">Mirror<\/td>\n<td colspan=\"42\">Yes<\/td>\n<\/tr>\n<tr>\n<td colspan=\"18\">Privacy Masking<\/td>\n<td colspan=\"42\">4 areas<\/td>\n<\/tr>\n<tr>\n<td colspan=\"60\">Alarm<\/td>\n<\/tr>\n<tr>\n<td colspan=\"18\">Alarm Event<\/td>\n<td colspan=\"42\">No SD card; SD card full; SD card error; network disconnection; IP conflict; illegal access; motion detection; video tampering; defocus detection; tripwire; intrusion; voltage detection; security exception<\/td>\n<\/tr>\n<tr>\n<td colspan=\"60\">Network<\/td>\n<\/tr>\n<tr>\n<td colspan=\"18\">Network Port<\/td>\n<td colspan=\"42\">RJ-45 (10\/100 Base-T)<\/td>\n<\/tr>\n<tr>\n<td colspan=\"18\">SDK and API<\/td>\n<td colspan=\"42\">Yes<\/td>\n<\/tr>\n<tr>\n<td colspan=\"18\">Cyber Security<\/td>\n<td colspan=\"42\">Video encryption; firmware encryption; configuration encryption; Digest; WSSE; account lockout; security logs; IP\/MAC filtering; generation and importing of X.509 certification; syslog; HTTPS; 802.1x; trusted boot; trusted execution; trusted upgrade<\/td>\n<\/tr>\n<tr>\n<td colspan=\"18\">Network Protocol<\/td>\n<td colspan=\"42\">IPv4; IPv6; HTTP; TCP; UDP; ARP; RTP; RTSP; RTCP; RTMP; SMTP; FTP; SFTP; DHCP; DNS; DDNS; QoS; UPnP; NTP; Multicast; ICMP; IGMP; NFS; PPPoE; Boujour<\/td>\n<\/tr>\n<tr>\n<td colspan=\"18\">Interoperability<\/td>\n<td colspan=\"42\">ONVIF (Profile S\/Profile G\/Profile T); CGI; P2P; Milestone<\/td>\n<\/tr>\n<tr>\n<td colspan=\"18\">User\/Host<\/td>\n<td colspan=\"42\">20 (Total bandwidth: 48 M)<\/td>\n<\/tr>\n<tr>\n<td colspan=\"18\">Storage<\/td>\n<td colspan=\"42\">FTP; SFTP; Micro SD card (support max. 256 G); NAS<\/td>\n<\/tr>\n<tr>\n<td colspan=\"18\">Browser<\/td>\n<td colspan=\"42\">IE<br \/>\nChrome<br \/>\nFirefox<\/td>\n<\/tr>\n<tr>\n<td colspan=\"18\">Management Software<\/td>\n<td colspan=\"42\">Smart PSS; DSS; DMSS<\/td>\n<\/tr>\n<tr>\n<td colspan=\"18\">Mobile Client<\/td>\n<td colspan=\"42\">IOS; Android<\/td>\n<\/tr>\n<tr>\n<td colspan=\"60\">Certification<\/td>\n<\/tr>\n<tr>\n<td colspan=\"18\">Certifications<\/td>\n<td colspan=\"42\">CE-LVD: EN 62368-1<br \/>\nCE-EMC: Electromagnetic Compatibility Directive 2014\/30\/EU<br \/>\nFCC: 47 CFR FCC Part 15, Subpart B<br \/>\nUL\/CUL: UL60950-1 CAN\/CSA C22.2 No.60950-1-07<\/td>\n<\/tr>\n<tr>\n<td colspan=\"60\">Power<\/td>\n<\/tr>\n<tr>\n<td colspan=\"18\">Power Supply<\/td>\n<td colspan=\"42\">12 V DC\/PoE<\/td>\n<\/tr>\n<tr>\n<td colspan=\"18\">Power Consumption<\/td>\n<td colspan=\"42\">Basic: 2 W (12 V DC); 2.7 W (PoE)<br \/>\nMax. (ICR + H.265 + max. resolution + main stream + IR intensity + WDR + IVS + vari-focal); 5.8 W (12 V DC); 6.4 W (PoE)<\/td>\n<\/tr>\n<tr>\n<td colspan=\"60\">Environment<\/td>\n<\/tr>\n<tr>\n<td colspan=\"18\">Operating Temperature<\/td>\n<td colspan=\"42\">\u201330 \u00b0C to +60 \u00b0C (\u201322 \u00b0F to +140 \u00b0F)<\/td>\n<\/tr>\n<tr>\n<td colspan=\"18\">Operating Humidity<\/td>\n<td colspan=\"42\">\u2264 95%<\/td>\n<\/tr>\n<tr>\n<td colspan=\"18\">Storage Temperature<\/td>\n<td colspan=\"42\">\u201340 \u00b0C to +60 \u00b0C (\u201340 \u00b0F to +140 \u00b0F)<\/td>\n<\/tr>\n<tr>\n<td colspan=\"18\">Protection<\/td>\n<td colspan=\"42\">IP67; IK10<\/td>\n<\/tr>\n<tr>\n<td colspan=\"60\">Structure<\/td>\n<\/tr>\n<tr>\n<td colspan=\"18\">Casing<\/td>\n<td colspan=\"42\">Metal<\/td>\n<\/tr>\n<tr>\n<td colspan=\"18\">Product Dimensions<\/td>\n<td colspan=\"42\">88.9 mm \u00d7 \u03a6122 mm (3.5&#8243; \u00d7 \u03a64.8&#8243;)<\/td>\n<\/tr>\n<tr>\n<td colspan=\"18\">Net Weight<\/td>\n<td colspan=\"42\">0.45 kg (1.0 lb)<\/td>\n<\/tr>\n<tr>\n<td colspan=\"18\">Gross Weight<\/td>\n<td colspan=\"42\">0.63 kg (1.4 lb)<\/td>\n<\/tr>\n<\/tbody>\n<\/table>\n","protected":false},"excerpt":{"rendered":"<p class=\"text\" data-v-393df75a=\"\">2MP Lite IR Vari-focal Dome Network Camera<\/p>\n<div data-v-393df75a=\"\">\n<p>&gt; 2MP, 1\/2.8\u201d CMOS image sensor, low illuminance, high image definition<\/p>\n<p>&gt; Outputs 2MP (1920 \u00d7 1080)@25\/30 fps<\/p>\n<p>&gt; H.265 codec, high compression rate, ultra-low bit rate<\/p>\n<p>&gt; Built-in IR LED, max IR distance: 40 m<\/p>\n<p>&gt; ROI, SMART H.264+\/H.265+, flexible coding, applicable to various bandwidth and storage environments<\/p>\n<p>&gt; Rotation mode, WDR, 3D NR, HLC, BLC, digital watermarking, applicable to various monitoring scenes<\/p>\n<p>&gt; Intelligent detection: Intrusion, tripwire<\/p>\n<p>&gt; Abnormality detection: Motion detection, video tampering, no SD card, SD card full, SD card error, network disconnected, IP conflict, illegal ac- cess, voltage detection<\/p>\n<p>&gt; Max. 256 GB Micro SD card<\/p>\n<p>&gt; 12V DC\/PoE power supply<\/p>\n<p>&gt; IP67, IK10 protection<\/p>\n<p><img decoding=\"async\" src=\"https:\/\/www.dahuasecurity.com\/asset\/upload\/uploads\/image\/20220310\/20220310170535_77962.png\" alt=\"\" \/><\/p>\n<\/div>\n","protected":false},"featured_media":23038,"comment_status":"open","ping_status":"closed","template":"","meta":{"om_disable_all_campaigns":false,"_monsterinsights_skip_tracking":false,"_monsterinsights_sitenote_active":false,"_monsterinsights_sitenote_note":"","_monsterinsights_sitenote_category":0},"product_cat":[828,305,303,302,440],"product_tag":[260,261,262,211,228,212,214,229,193,216,195,218,196,197,220,241,200,201,222],"class_list":{"0":"post-23036","1":"product","2":"type-product","3":"status-publish","4":"has-post-thumbnail","6":"product_cat-2mp-camera-de-dissuasion-active","7":"product_cat-cameras-2mp-camera-fixe","8":"product_cat-cameras-ip","9":"product_cat-produits-ip","10":"product_cat-serie-lite","11":"product_tag-camera-de-surveillance-tanger","12":"product_tag-camera-ip-dahua","13":"product_tag-camera-maroc","14":"product_tag-camera-surveillance-dahua","15":"product_tag-camera-surveillance-maroc","16":"product_tag-camera-surveillance-tanger","17":"product_tag-dahua-afrique","18":"product_tag-dahua-agadir","19":"product_tag-dahua-casablanca","20":"product_tag-dahua-el-jadida","21":"product_tag-dahua-fes","22":"product_tag-dahua-hoceima","23":"product_tag-dahua-kenitra","24":"product_tag-dahua-maroc","25":"product_tag-dahua-nador","26":"product_tag-dahua-oujda","27":"product_tag-dahua-rabat","28":"product_tag-dahua-tanger","29":"product_tag-dahua-tetouan","30":"ts_product_brand-dahua","32":"first","33":"instock","34":"shipping-taxable","35":"purchasable","36":"product-type-simple","37":"add-to-wishlist-after_add_to_cart"},"aioseo_notices":[],"_links":{"self":[{"href":"https:\/\/tthcompany.ma\/index.php\/wp-json\/wp\/v2\/product\/23036","targetHints":{"allow":["GET"]}}],"collection":[{"href":"https:\/\/tthcompany.ma\/index.php\/wp-json\/wp\/v2\/product"}],"about":[{"href":"https:\/\/tthcompany.ma\/index.php\/wp-json\/wp\/v2\/types\/product"}],"replies":[{"embeddable":true,"href":"https:\/\/tthcompany.ma\/index.php\/wp-json\/wp\/v2\/comments?post=23036"}],"wp:featuredmedia":[{"embeddable":true,"href":"https:\/\/tthcompany.ma\/index.php\/wp-json\/wp\/v2\/media\/23038"}],"wp:attachment":[{"href":"https:\/\/tthcompany.ma\/index.php\/wp-json\/wp\/v2\/media?parent=23036"}],"wp:term":[{"taxonomy":"product_cat","embeddable":true,"href":"https:\/\/tthcompany.ma\/index.php\/wp-json\/wp\/v2\/product_cat?post=23036"},{"taxonomy":"product_tag","embeddable":true,"href":"https:\/\/tthcompany.ma\/index.php\/wp-json\/wp\/v2\/product_tag?post=23036"}],"curies":[{"name":"wp","href":"https:\/\/api.w.org\/{rel}","templated":true}]}}