{"id":22996,"date":"2023-03-09T10:59:00","date_gmt":"2023-03-09T10:59:00","guid":{"rendered":"https:\/\/tthcompany.ma\/?post_type=product&#038;p=22996"},"modified":"2023-09-26T13:16:50","modified_gmt":"2023-09-26T13:16:50","slug":"cruiser-ipc-s22fp","status":"publish","type":"product","link":"https:\/\/tthcompany.ma\/index.php\/product\/cruiser-ipc-s22fp\/","title":{"rendered":"Cruiser &#8211; IPC-S22FP"},"content":{"rendered":"<table class=\"STable\" border=\"1\" width=\"100%\" cellspacing=\"0\" cellpadding=\"5\" align=\"center\">\n<tbody>\n<tr class=\"bright\">\n<td class=\"tab_title\" width=\"40%\"><span class=\"article-sleep\"><span class=\"row_id_23620\">Standard<\/span><\/span>:<\/td>\n<td class=\"tab_value\"><span class=\"article-sleep\">TCP\/IP<\/span><\/td>\n<\/tr>\n<tr class=\"dark\">\n<td class=\"tab_title\" width=\"40%\"><span class=\"article-sleep\"><span class=\"row_id_597\">Transducteur<\/span><\/span>:<\/td>\n<td class=\"tab_value\">1\/2.8\u00a0&#8221; Progressive Scan CMOS<\/td>\n<\/tr>\n<tr class=\"bright\">\n<td class=\"tab_title\" width=\"40%\"><span class=\"article-sleep\"><span class=\"row_id_13984\">Taille de la matrice<\/span><\/span>:<\/td>\n<td class=\"tab_value\">2.1\u00a0<span class=\"article-sleep\">Mpx<\/span><\/td>\n<\/tr>\n<tr class=\"dark\">\n<td class=\"tab_title\" width=\"40%\"><span class=\"article-sleep\"><span class=\"row_id_1767\">R\u00e9solution<\/span><\/span>:<\/td>\n<td class=\"tab_value\">1920 x 1080\u00a0 &#8211; <span class=\"article-sleep\">1080p<\/span><\/td>\n<\/tr>\n<tr class=\"bright\">\n<td class=\"tab_title\" width=\"40%\"><span class=\"row_id_598\">Objectif<\/span>:<\/td>\n<td class=\"tab_value\">3.6\u00a0mm<\/td>\n<\/tr>\n<tr class=\"dark\">\n<td class=\"tab_title\" width=\"40%\"><span class=\"article-sleep\"><span class=\"row_id_599\">Angle de vue<\/span><\/span>:<\/td>\n<td class=\"tab_value\">89\u00a0\u00b0<\/td>\n<\/tr>\n<tr class=\"bright\">\n<td class=\"tab_title\" width=\"40%\"><span class=\"article-sleep\"><span class=\"row_id_3435\">Port\u00e9e de l&#8217;illuminateur IR<\/span><\/span>:<\/td>\n<td class=\"tab_value\">30\u00a0m<\/td>\n<\/tr>\n<tr class=\"dark\">\n<td class=\"tab_title\" width=\"40%\"><span class=\"row_id_123\">L&#8217;\u00e9tendue de la rotation \u00e0 l&#8217;horizontale<\/span>:<\/td>\n<td class=\"tab_value\">355\u00a0\u00b0<\/td>\n<\/tr>\n<tr class=\"bright\">\n<td class=\"tab_title\" width=\"40%\"><span class=\"row_id_122\">L&#8217;\u00e9tendue de la rotation \u00e0 la verticale<\/span>:<\/td>\n<td class=\"tab_value\">0\u00a0\u00b0 &#8230; 90\u00a0\u00b0<\/td>\n<\/tr>\n<tr class=\"dark\">\n<td class=\"tab_title\" width=\"40%\"><span class=\"row_id_1654\">Audio<\/span>:<\/td>\n<td class=\"tab_value\">\n<ul>\n<li>Microphone int\u00e9gr\u00e9,<\/li>\n<li>Haut-parleur incorpor\u00e9,<\/li>\n<li>Sir\u00e8ne d&#8217;alarme 110\u00a0<span class=\"article-sleep\">dB<\/span><\/li>\n<li>Transmission audio via le r\u00e9seau<\/li>\n<li>Prise en charge d\u2019un audio bidirectionnel<\/li>\n<\/ul>\n<\/td>\n<\/tr>\n<tr class=\"bright\">\n<td class=\"tab_title\" width=\"40%\"><span class=\"no_row_id_3859\">M\u00e9thode de compression d&#8217;images<\/span>:<\/td>\n<td class=\"tab_value\"><span class=\"article-sleep\">H.265<\/span> \/ <span class=\"article-sleep\">H.264<\/span><\/td>\n<\/tr>\n<tr class=\"dark\">\n<td class=\"tab_title\" width=\"40%\"><span class=\"row_id_12358\">Vitesse de transmission du flux principal<\/span>:<\/td>\n<td class=\"tab_value\">25\u00a0<span class=\"article-sleep\">images\/sec.<\/span> @ <span class=\"article-sleep\">1080p<\/span><\/td>\n<\/tr>\n<tr class=\"bright\">\n<td class=\"tab_title\" width=\"40%\"><span class=\"row_id_7661\">Protocoles r\u00e9seau<\/span>:<\/td>\n<td class=\"tab_value\">TCP, DHCP<\/td>\n<\/tr>\n<tr class=\"dark\">\n<td class=\"tab_title\" width=\"40%\"><span class=\"article-sleep\"><span class=\"row_id_12361\">ONVIF<\/span><\/span>:<\/td>\n<td class=\"tab_value\"><img decoding=\"async\" title=\"\" src=\"https:\/\/shopdelta.eu\/img\/p_table_false.png\" alt=\"\" border=\"0\" \/><\/td>\n<\/tr>\n<tr class=\"bright\">\n<td class=\"tab_title\" width=\"40%\"><span class=\"row_id_3981\">Interface de r\u00e9seau<\/span>:<\/td>\n<td class=\"tab_value\">\n<ul>\n<li>Ethernet : 100\u00a0Mbps<\/li>\n<li>Wi-Fi IEEE 802.11 b\/g\/n<\/li>\n<\/ul>\n<\/td>\n<\/tr>\n<tr class=\"dark\">\n<td class=\"tab_title\" width=\"40%\"><span class=\"row_id_12363\">WEB Server<\/span>:<\/td>\n<td class=\"tab_value\"><img decoding=\"async\" title=\"\" src=\"https:\/\/shopdelta.eu\/img\/p_table_false.png\" alt=\"\" border=\"0\" \/><\/td>\n<\/tr>\n<tr class=\"bright\">\n<td class=\"tab_title\" width=\"40%\"><span class=\"row_id_3873\">Acc\u00e8s du t\u00e9l\u00e9phone portable<\/span>:<\/td>\n<td class=\"tab_value\">Acc\u00e8s via un nuage (P2P)<\/p>\n<ul>\n<li>Android: Application gratuite <a href=\"https:\/\/play.google.com\/store\/apps\/details?id=com.mm.android.smartlifeiot&amp;hl=pl\" target=\"_blank\" rel=\"noopener\">IMOU<\/a><\/li>\n<li>iOS (iPhone): Application gratuite <a href=\"https:\/\/itunes.apple.com\/pl\/app\/easy4ip\/id1071165451?mt=8\" target=\"_blank\" rel=\"noopener\">IMOU<\/a><\/li>\n<\/ul>\n<\/td>\n<\/tr>\n<tr class=\"dark\">\n<td class=\"tab_title\" width=\"40%\"><span class=\"article-sleep\"><span class=\"no_row_id_25516\">Identifiant par d\u00e9faut \/ mot de passe de l&#8217;administrateur<\/span><\/span>:<\/td>\n<td class=\"tab_value\">admin \/ &#8211;<br \/>\nD\u00e9finissez le mot de pass administrateur lors du premier d\u00e9marrage<\/td>\n<\/tr>\n<tr class=\"bright\">\n<td class=\"tab_title\" width=\"40%\"><span class=\"no_row_id_25518\">Adresse IP par d\u00e9faut<\/span>:<\/td>\n<td class=\"tab_value\">DHCP<\/td>\n<\/tr>\n<tr class=\"dark\">\n<td class=\"tab_title\" width=\"40%\"><span class=\"no_row_id_25519\">Ports d&#8217;acc\u00e8s via www<\/span>:<\/td>\n<td class=\"tab_value\"><img decoding=\"async\" title=\"\" src=\"https:\/\/shopdelta.eu\/img\/p_table_false.png\" alt=\"\" border=\"0\" \/><\/td>\n<\/tr>\n<tr class=\"bright\">\n<td class=\"tab_title\" width=\"40%\"><span class=\"no_row_id_25522\">Ports d&#8217;acc\u00e8s via un logiciel PC<\/span>:<\/td>\n<td class=\"tab_value\"><img decoding=\"async\" title=\"\" src=\"https:\/\/shopdelta.eu\/img\/p_table_false.png\" alt=\"\" border=\"0\" \/><\/td>\n<\/tr>\n<tr class=\"dark\">\n<td class=\"tab_title\" width=\"40%\"><span class=\"no_row_id_25523\">Port d&#8217;acc\u00e8s via un logiciel mobile<\/span>:<\/td>\n<td class=\"tab_value\"><img decoding=\"async\" title=\"\" src=\"https:\/\/shopdelta.eu\/img\/p_table_false.png\" alt=\"\" border=\"0\" \/><\/td>\n<\/tr>\n<tr class=\"bright\">\n<td class=\"tab_title\" width=\"40%\"><span class=\"no_row_id_25524\">Port ONVIF<\/span>:<\/td>\n<td class=\"tab_value\"><img decoding=\"async\" title=\"\" src=\"https:\/\/shopdelta.eu\/img\/p_table_false.png\" alt=\"\" border=\"0\" \/><\/td>\n<\/tr>\n<tr class=\"dark\">\n<td class=\"tab_title\" width=\"40%\"><span class=\"no_row_id_25525\">RTSP URL<\/span>:<\/td>\n<td class=\"tab_value\"><img decoding=\"async\" title=\"\" src=\"https:\/\/shopdelta.eu\/img\/p_table_false.png\" alt=\"\" border=\"0\" \/><\/td>\n<\/tr>\n<tr class=\"bright\">\n<td class=\"tab_title\" width=\"40%\"><span class=\"row_id_12428\">Prise de carte m\u00e9moire<\/span>:<\/td>\n<td class=\"tab_value\">Prise en charge des cartes Micro SD jusqu\u2019\u00e0 256GB (enregistrement local possible)<\/td>\n<\/tr>\n<tr class=\"dark\">\n<td class=\"tab_title\" width=\"40%\"><span class=\"row_id_2932\">Fonctions s\u00e9lectionn\u00e9es<\/span>:<\/td>\n<td class=\"tab_value\">\n<ul>\n<li>Module Wi-Fi &#8211; IEEE 802.11 b\/g\/n, Etendue : 120\u00a0m (espace ouvert)<\/li>\n<li><span class=\"article-sleep\">D\u00e9tection de mouvements<\/span><\/li>\n<li>D\u00e9tection des personnes<\/li>\n<li>Suivi intelligent des objets<\/li>\n<li>Alertes d&#8217;urgence &#8211; Transmission des alertes instantan\u00e9es activ\u00e9es par le mouvement sur votre t\u00e9l\u00e9phone mobile<\/li>\n<li>D-ZOOM &#8211; Zoom num\u00e9rique : 16x<\/li>\n<li>Full Color &#8211; mode nuit couleur<\/li>\n<li>Sir\u00e8ne d&#8217;alarme int\u00e9gr\u00e9e<\/li>\n<li>Projecteur LED<\/li>\n<li>Alarme lumineuse et sonore<\/li>\n<li>Fonction de dissuasion active<\/li>\n<li>Cloud IMOU<\/li>\n<li>Touche RESET<\/li>\n<\/ul>\n<\/td>\n<\/tr>\n<tr class=\"bright\">\n<td class=\"tab_title\" width=\"40%\"><span class=\"row_id_127\">Alimentation<\/span>:<\/td>\n<td class=\"tab_value\">12\u00a0V <span class=\"article-sleep\">DC<\/span> \/ 1\u00a0A (chargeur fourni)<\/td>\n<\/tr>\n<tr class=\"dark\">\n<td class=\"tab_title\" width=\"40%\"><span class=\"row_id_632\">Consommation d&#8217;\u00e9nergie<\/span>:<\/td>\n<td class=\"tab_value\">&lt; 6.2\u00a0W<\/td>\n<\/tr>\n<tr class=\"bright\">\n<td class=\"tab_title\" width=\"40%\"><span class=\"article-sleep\"><span class=\"row_id_143\">Classe d&#8217;\u00e9tanch\u00e9it\u00e9<\/span><\/span>:<\/td>\n<td class=\"tab_value\"><span class=\"article-sleep\">IP66<\/span><\/td>\n<\/tr>\n<tr class=\"dark\">\n<td class=\"tab_title\" width=\"40%\"><span class=\"row_id_32\">Poids<\/span>:<\/td>\n<td class=\"tab_value\">0.57\u00a0kg<\/td>\n<\/tr>\n<tr class=\"bright\">\n<td class=\"tab_title\" width=\"40%\"><span class=\"no_row_id_130\">Dimensions<\/span>:<\/td>\n<td class=\"tab_value\">\n<ul>\n<li>\n\u00d8 114\u00a0 x 145\u00a0mm ( Cam\u00e9ra )<\/li>\n<li>138\u00a0 x 122\u00a0 x 258\u00a0mm (avec support), (avec des antennes)<\/li>\n<\/ul>\n<\/td>\n<\/tr>\n<tr class=\"dark\">\n<td class=\"tab_title\" width=\"40%\"><span class=\"row_id_4365\">Langues<\/span>:<\/td>\n<td class=\"tab_value\"><img decoding=\"async\" title=\"\" src=\"https:\/\/shopdelta.eu\/img\/p_table_false.png\" alt=\"\" border=\"0\" \/><\/td>\n<\/tr>\n<tr class=\"bright\">\n<td class=\"tab_title\" width=\"40%\"><span class=\"row_id_22236\">Fabricant\/Marque<\/span>:<\/td>\n<td class=\"tab_value\">DAHUA \/ IMOU<\/td>\n<\/tr>\n<tr class=\"dark\">\n<td class=\"tab_title\" width=\"40%\"><span class=\"row_id_22124\">Garantie<\/span>:<\/td>\n<td class=\"tab_value\">2 ans<\/td>\n<\/tr>\n<\/tbody>\n<\/table>\n","protected":false},"excerpt":{"rendered":"<div class=\"flex flex-grow flex-col gap-3\">\n<div class=\"min-h-[20px] flex flex-col items-start gap-4 whitespace-pre-wrap\">\n<div class=\"markdown prose w-full break-words dark:prose-invert dark\">\n<p>Les cam\u00e9ras de la s\u00e9rie IMOU sont con\u00e7ues pour simplifier la configuration et l&#8217;utilisation. De plus, gr\u00e2ce \u00e0 une plateforme utilisateur conviviale IMOU, les dispositifs de la s\u00e9rie IMOU permettent \u00e0 tout le monde de construire facilement et efficacement un syst\u00e8me de vid\u00e9osurveillance.<\/p>\n<p>L&#8217;utilisation de la cam\u00e9ra est tr\u00e8s facile via des appareils mobiles (Android \/ iOS), ce qui permet aux utilisateurs de l&#8217;utiliser de mani\u00e8re confortable et \u00e0 distance, ainsi que de g\u00e9rer la cam\u00e9ra. Le module Wi-Fi utilis\u00e9 permet de communiquer \u00e0 distance avec la cam\u00e9ra jusqu&#8217;\u00e0 une distance maximale de 120 m. La cam\u00e9ra est conforme \u00e0 la classe d&#8217;\u00e9tanch\u00e9it\u00e9 IP66.<\/p>\n<p>De plus, la cam\u00e9ra est \u00e9quip\u00e9e d&#8217;une fonction de dissuasion active des intrus au moyen d&#8217;un projecteur LED de lumi\u00e8re blanche qui s&#8217;active gr\u00e2ce au mouvement et au son de l&#8217;alarme.<\/p>\n<p>Attention ! Les appareils de la s\u00e9rie IMOU n&#8217;ont pas d&#8217;interface web. Pour optimiser les performances des cam\u00e9ras de la s\u00e9rie IMOU, il est recommand\u00e9 d&#8217;utiliser des cartes m\u00e9moires Micro SD de DAHUA.<\/p>\n<\/div>\n<\/div>\n<\/div>\n","protected":false},"featured_media":22997,"comment_status":"open","ping_status":"closed","template":"","meta":{"om_disable_all_campaigns":false,"_monsterinsights_skip_tracking":false,"_monsterinsights_sitenote_active":false,"_monsterinsights_sitenote_note":"","_monsterinsights_sitenote_category":0},"product_cat":[741],"product_tag":[1009,1011,885,1012,1013,1010,1093],"class_list":{"0":"post-22996","1":"product","2":"type-product","3":"status-publish","4":"has-post-thumbnail","6":"product_cat-imou","7":"product_tag-imou","8":"product_tag-imou-dahua","9":"product_tag-imou-maroc","10":"product_tag-imou-prix","11":"product_tag-imou-rabatt","12":"product_tag-imou-tanger","13":"product_tag-onstuck","14":"ts_product_brand-imou","16":"first","17":"instock","18":"shipping-taxable","19":"purchasable","20":"product-type-simple","21":"add-to-wishlist-after_add_to_cart"},"aioseo_notices":[],"_links":{"self":[{"href":"https:\/\/tthcompany.ma\/index.php\/wp-json\/wp\/v2\/product\/22996","targetHints":{"allow":["GET"]}}],"collection":[{"href":"https:\/\/tthcompany.ma\/index.php\/wp-json\/wp\/v2\/product"}],"about":[{"href":"https:\/\/tthcompany.ma\/index.php\/wp-json\/wp\/v2\/types\/product"}],"replies":[{"embeddable":true,"href":"https:\/\/tthcompany.ma\/index.php\/wp-json\/wp\/v2\/comments?post=22996"}],"wp:featuredmedia":[{"embeddable":true,"href":"https:\/\/tthcompany.ma\/index.php\/wp-json\/wp\/v2\/media\/22997"}],"wp:attachment":[{"href":"https:\/\/tthcompany.ma\/index.php\/wp-json\/wp\/v2\/media?parent=22996"}],"wp:term":[{"taxonomy":"product_cat","embeddable":true,"href":"https:\/\/tthcompany.ma\/index.php\/wp-json\/wp\/v2\/product_cat?post=22996"},{"taxonomy":"product_tag","embeddable":true,"href":"https:\/\/tthcompany.ma\/index.php\/wp-json\/wp\/v2\/product_tag?post=22996"}],"curies":[{"name":"wp","href":"https:\/\/api.w.org\/{rel}","templated":true}]}}