{"id":22602,"date":"2023-02-09T16:49:35","date_gmt":"2023-02-09T16:49:35","guid":{"rendered":"https:\/\/tthcompany.ma\/?post_type=product&#038;p=22602"},"modified":"2023-09-18T13:27:07","modified_gmt":"2023-09-18T13:27:07","slug":"wd40purx","status":"publish","type":"product","link":"https:\/\/tthcompany.ma\/index.php\/product\/wd40purx\/","title":{"rendered":"WD40PURX"},"content":{"rendered":"<table id=\"productDetails_techSpec_section_1\" class=\"a-keyvalue prodDetTable\" role=\"presentation\">\n<tbody>\n<tr>\n<th class=\"a-color-secondary a-size-base prodDetSectionEntry\">Marque<\/th>\n<td class=\"a-size-base prodDetAttrValue\">\u200eWestern Digital<\/td>\n<\/tr>\n<tr>\n<th class=\"a-color-secondary a-size-base prodDetSectionEntry\">Num\u00e9ro du mod\u00e8le de l&#8217;article<\/th>\n<td class=\"a-size-base prodDetAttrValue\">\u200eWD40PURZ<\/td>\n<\/tr>\n<tr>\n<th class=\"a-color-secondary a-size-base prodDetSectionEntry\">s\u00e9ries<\/th>\n<td class=\"a-size-base prodDetAttrValue\">\u200eWD40PURX Purple<\/td>\n<\/tr>\n<tr>\n<th class=\"a-color-secondary a-size-base prodDetSectionEntry\">Couleur<\/th>\n<td class=\"a-size-base prodDetAttrValue\">\u200eViolet<\/td>\n<\/tr>\n<tr>\n<th class=\"a-color-secondary a-size-base prodDetSectionEntry\">Garantie constructeur<\/th>\n<td class=\"a-size-base prodDetAttrValue\">\u200ePas de Garantie<\/td>\n<\/tr>\n<tr>\n<th class=\"a-color-secondary a-size-base prodDetSectionEntry\">Taille de la m\u00e9moire vive<\/th>\n<td class=\"a-size-base prodDetAttrValue\">\u200e4 Go<\/td>\n<\/tr>\n<tr>\n<th class=\"a-color-secondary a-size-base prodDetSectionEntry\">Vitesse de rotation du disque dur<\/th>\n<td class=\"a-size-base prodDetAttrValue\">\u200e5400 tr\/min<\/td>\n<\/tr>\n<tr>\n<th class=\"a-color-secondary a-size-base prodDetSectionEntry\">Taille du disque dur<\/th>\n<td class=\"a-size-base prodDetAttrValue\">\u200e4000 Go<\/td>\n<\/tr>\n<tr>\n<th class=\"a-color-secondary a-size-base prodDetSectionEntry\">Technologie du disque dur<\/th>\n<td class=\"a-size-base prodDetAttrValue\">\u200eDisque dur m\u00e9canique<\/td>\n<\/tr>\n<tr>\n<th class=\"a-color-secondary a-size-base prodDetSectionEntry\">Taille de l&#8217;\u00e9cran<\/th>\n<td class=\"a-size-base prodDetAttrValue\">\u200e3.5 Pouces<\/td>\n<\/tr>\n<tr>\n<th class=\"a-color-secondary a-size-base prodDetSectionEntry\">Bluetooth<\/th>\n<td class=\"a-size-base prodDetAttrValue\">\u200eNon<\/td>\n<\/tr>\n<tr>\n<th class=\"a-color-secondary a-size-base prodDetSectionEntry\">Interface du mat\u00e9riel informatique<\/th>\n<td class=\"a-size-base prodDetAttrValue\">\u200eSATA 6.0 Gb\/s<\/td>\n<\/tr>\n<tr>\n<th class=\"a-color-secondary a-size-base prodDetSectionEntry\">Type de connecteur<\/th>\n<td class=\"a-size-base prodDetAttrValue\">\u200eSATA<\/td>\n<\/tr>\n<tr>\n<th class=\"a-color-secondary a-size-base prodDetSectionEntry\">Compatibilit\u00e9 du p\u00e9riph\u00e9rique<\/th>\n<td class=\"a-size-base prodDetAttrValue\">\u200eHDD<\/td>\n<\/tr>\n<tr>\n<th class=\"a-color-secondary a-size-base prodDetSectionEntry\">Dimensions de l&#8217;article L x L x H<\/th>\n<td class=\"a-size-base prodDetAttrValue\">\u200e14.7 x 10.2 x 2.5 centim\u00e8tres<\/td>\n<\/tr>\n<tr>\n<th class=\"a-color-secondary a-size-base prodDetSectionEntry\">Poids du produit<\/th>\n<td class=\"a-size-base prodDetAttrValue\">\u200e450 Grammes<\/td>\n<\/tr>\n<tr>\n<th class=\"a-color-secondary a-size-base prodDetSectionEntry\">Divers<\/th>\n<td class=\"a-size-base prodDetAttrValue\">\u200eIntelliPower^Plage de temp\u00e9rature de fonctionnement : 0 \u00e0 65 \u00b0C<\/td>\n<\/tr>\n<tr>\n<th class=\"a-color-secondary a-size-base prodDetSectionEntry\">Disponibilit\u00e9 des pi\u00e8ces d\u00e9tach\u00e9es<\/th>\n<td class=\"a-size-base prodDetAttrValue\">\u200eInformation indisponible sur les pi\u00e8ces d\u00e9tach\u00e9es<\/td>\n<\/tr>\n<tr>\n<th class=\"a-color-secondary a-size-base prodDetSectionEntry\">Mises \u00e0 jour logicielles garanties jusqu\u2019\u00e0<\/th>\n<td class=\"a-size-base prodDetAttrValue\">\u200eInformation non disponible<\/td>\n<\/tr>\n<\/tbody>\n<\/table>\n","protected":false},"excerpt":{"rendered":"<h4 class=\"a-size-base-plus a-text-bold\">\u00c0 propos de cet article<\/h4>\n<ul class=\"a-unordered-list a-vertical a-spacing-mini\">\n<li><span class=\"a-list-item\"> Description du produit: Western Digital Purple 4TB <\/span><\/li>\n<li><span class=\"a-list-item\"> Taille: 4 To <\/span><\/li>\n<li><span class=\"a-list-item\"> Style: Bulk <\/span><\/li>\n<li><span class=\"a-list-item\"> Interface du disque dur: S\u00e9rie ATA III <\/span><\/li>\n<li><span class=\"a-list-item\"> Capacit\u00e9 disque dur: 4000 Go <\/span><\/li>\n<li><span class=\"a-list-item\"> Disque dur. taille: 3.5&#8243; <\/span><\/li>\n<li><span class=\"a-list-item\"> Consommation d&#8217;\u00e9nergie (mode veille): 0,7 W <\/span><\/li>\n<\/ul>\n<div class=\"a-row a-expander-container a-expander-inline-container\">\n<div class=\"a-expander-content a-expander-extend-content a-expander-content-expanded\" aria-expanded=\"true\">\n<ul class=\"a-unordered-list a-vertical a-spacing-none\">\n<li><span class=\"a-list-item\">Consommation \u00e9lectrique (Lecture): 3,3 W<\/span><\/li>\n<li><span class=\"a-list-item\">Consommation \u00e9lectrique (Ecriture): 3,3 W<\/span><\/li>\n<li><span class=\"a-list-item\">Largeur: 10,2 cm<\/span><\/li>\n<li><span class=\"a-list-item\">Hauteur: 2,61 cm<\/span><\/li>\n<li><span class=\"a-list-item\">Profondeur: 14,7 cm<\/span><\/li>\n<li><span class=\"a-list-item\">Garantie limit\u00e9e de 3 ans<\/span><\/li>\n<\/ul>\n<\/div>\n<\/div>\n","protected":false},"featured_media":22603,"comment_status":"open","ping_status":"closed","template":"","meta":{"om_disable_all_campaigns":false,"_monsterinsights_skip_tracking":false,"_monsterinsights_sitenote_active":false,"_monsterinsights_sitenote_note":"","_monsterinsights_sitenote_category":0},"product_cat":[294],"product_tag":[404,229,336,195,501,218,240,196,272,994,197,499,219,220,241,200,277,223,747],"class_list":{"0":"post-22602","1":"product","2":"type-product","3":"status-publish","4":"has-post-thumbnail","6":"product_cat-disques-durs","7":"product_tag-camera-du-maroc","8":"product_tag-dahua-agadir","9":"product_tag-dahua-casabalannca","10":"product_tag-dahua-fes","11":"product_tag-dahua-guelmim","12":"product_tag-dahua-hoceima","13":"product_tag-dahua-jadida","14":"product_tag-dahua-kenitra","15":"product_tag-dahua-laayoune","16":"product_tag-dahua-m","17":"product_tag-dahua-maroc","18":"product_tag-dahua-marrakche","19":"product_tag-dahua-meknas","20":"product_tag-dahua-nador","21":"product_tag-dahua-oujda","22":"product_tag-dahua-rabat","23":"product_tag-dahua-taza","24":"product_tag-disque-dur","25":"product_tag-disque-dur-6tb","26":"ts_product_brand-western-digital","28":"first","29":"instock","30":"shipping-taxable","31":"purchasable","32":"product-type-simple","33":"add-to-wishlist-after_add_to_cart"},"aioseo_notices":[],"_links":{"self":[{"href":"https:\/\/tthcompany.ma\/index.php\/wp-json\/wp\/v2\/product\/22602","targetHints":{"allow":["GET"]}}],"collection":[{"href":"https:\/\/tthcompany.ma\/index.php\/wp-json\/wp\/v2\/product"}],"about":[{"href":"https:\/\/tthcompany.ma\/index.php\/wp-json\/wp\/v2\/types\/product"}],"replies":[{"embeddable":true,"href":"https:\/\/tthcompany.ma\/index.php\/wp-json\/wp\/v2\/comments?post=22602"}],"wp:featuredmedia":[{"embeddable":true,"href":"https:\/\/tthcompany.ma\/index.php\/wp-json\/wp\/v2\/media\/22603"}],"wp:attachment":[{"href":"https:\/\/tthcompany.ma\/index.php\/wp-json\/wp\/v2\/media?parent=22602"}],"wp:term":[{"taxonomy":"product_cat","embeddable":true,"href":"https:\/\/tthcompany.ma\/index.php\/wp-json\/wp\/v2\/product_cat?post=22602"},{"taxonomy":"product_tag","embeddable":true,"href":"https:\/\/tthcompany.ma\/index.php\/wp-json\/wp\/v2\/product_tag?post=22602"}],"curies":[{"name":"wp","href":"https:\/\/api.w.org\/{rel}","templated":true}]}}