{"id":22596,"date":"2023-02-09T14:34:23","date_gmt":"2023-02-09T14:34:23","guid":{"rendered":"https:\/\/tthcompany.ma\/?post_type=product&#038;p=22596"},"modified":"2023-02-09T14:38:56","modified_gmt":"2023-02-09T14:38:56","slug":"hac-t2a51p-s2","status":"publish","type":"product","link":"https:\/\/tthcompany.ma\/index.php\/product\/hac-t2a51p-s2\/","title":{"rendered":"HAC-T2A51P-S2"},"content":{"rendered":"<div id=\"div_left\">\n<div class=\"div-drop\">\n<table id=\"table001\" class=\"NEW-TABLE TableOverride-1 tab-drag\">\n<tbody>\n<tr>\n<td colspan=\"60\">\n<h2><span style=\"font-size: 14pt;\">Cam\u00e9ra<\/span><\/h2>\n<\/td>\n<\/tr>\n<tr>\n<td colspan=\"18\">Capteur d&#8217;image<\/td>\n<td colspan=\"42\">CMOS 1 \/ 2,7 &#8220;<\/td>\n<\/tr>\n<tr>\n<td colspan=\"18\">Pixels efficaces<\/td>\n<td colspan=\"42\">2592 (H) \u00d7 1944 (V), 5 MP<\/td>\n<\/tr>\n<tr>\n<td colspan=\"18\">Syst\u00e8me de num\u00e9risation<\/td>\n<td colspan=\"42\">Progressive<\/td>\n<\/tr>\n<tr>\n<td colspan=\"18\">Vitesse d&#8217;obturation \u00e9lectronique<\/td>\n<td colspan=\"42\">PAL: 1\/25 ~ 1 \/ 100000s<\/p>\n<p>NTSC: 1\/30 ~ 1 \/ 100000s<\/td>\n<\/tr>\n<tr>\n<td colspan=\"18\">Illumination minimum<\/td>\n<td colspan=\"42\">0.04Lux \/ F2.0, 30IRE, 0Lux IR activ\u00e9<\/td>\n<\/tr>\n<tr>\n<td colspan=\"18\">Rapport S \/ N<\/td>\n<td colspan=\"42\">Plus de 65 dB<\/td>\n<\/tr>\n<tr>\n<td colspan=\"18\">Distance IR<\/td>\n<td colspan=\"42\">Jusqu&#8217;\u00e0 20 m (66 pieds)<\/td>\n<\/tr>\n<tr>\n<td colspan=\"18\">Contr\u00f4le marche \/ arr\u00eat IR<\/td>\n<td colspan=\"42\">Auto \/ Manuel<\/td>\n<\/tr>\n<tr>\n<td colspan=\"60\">\n<h2><span style=\"font-size: 14pt;\">Lentille<\/span><\/h2>\n<\/td>\n<\/tr>\n<tr>\n<td colspan=\"18\">Type de lentille<\/td>\n<td colspan=\"42\">Objectif fixe \/ Iris fixe<\/td>\n<\/tr>\n<tr>\n<td colspan=\"18\">Type de montage<\/td>\n<td colspan=\"42\">Embarquement<\/td>\n<\/tr>\n<tr>\n<td colspan=\"18\">Distance focale<\/td>\n<td colspan=\"42\">3,6 mm (2,8 mm, 6 mm en option)<\/td>\n<\/tr>\n<tr>\n<td colspan=\"18\">Ouverture maximale<\/td>\n<td colspan=\"42\">F1.85<\/td>\n<\/tr>\n<tr>\n<td colspan=\"18\">Angle de vue<\/td>\n<td colspan=\"42\">H: 77,5 \u00b0 (93 \u00b0, 49 \u00b0)<\/p>\n<p>v: 56,5 \u00b0 (68 \u00b0, 37 \u00b0)<\/td>\n<\/tr>\n<tr>\n<td colspan=\"18\">Contr\u00f4le de la mise au point<\/td>\n<td colspan=\"42\">N \/ A<\/td>\n<\/tr>\n<tr>\n<td colspan=\"18\">Distance de mise au point rapproch\u00e9e<\/td>\n<td colspan=\"42\">1400 mm (800 mm, 2500 mm)<\/p>\n<p>55,12 pouces (31,50\u00a0pouces\u00a0<span lang=\"zh-CN\">,\u00a0<\/span>98,43 pouces)<\/td>\n<\/tr>\n<tr>\n<td colspan=\"60\">\n<h2><span style=\"font-size: 14pt;\">Distance DORI<\/span><\/h2>\n<\/td>\n<\/tr>\n<tr>\n<td colspan=\"60\">Remarque: la distance DORI est une \u00abproximit\u00e9 g\u00e9n\u00e9rale\u00bb de la distance qui permet de localiser facilement la cam\u00e9ra adapt\u00e9e \u00e0 vos besoins.\u00a0La distance DORI est calcul\u00e9e en fonction des sp\u00e9cifications du capteur et du r\u00e9sultat du test de laboratoire conform\u00e9ment \u00e0 la norme EN 62676-4 qui d\u00e9finit respectivement les crit\u00e8res de d\u00e9tection, d&#8217;observation, de reconnaissance et d&#8217;identification.<\/td>\n<\/tr>\n<tr>\n<td colspan=\"18\"><\/td>\n<td colspan=\"21\">DORI<\/p>\n<p>D\u00e9finition<\/td>\n<td colspan=\"21\">Distance<\/td>\n<\/tr>\n<tr>\n<td colspan=\"18\">D\u00e9tecter<\/td>\n<td colspan=\"21\">25 px \/ m<\/p>\n<p>(8px \/ pi)<\/td>\n<td colspan=\"21\">2,8 mm: 63 m (207 pieds)<\/p>\n<p>3,6 mm: 80 m (262 pieds)<\/p>\n<p>6 mm: 120 m (394 pieds)<\/td>\n<\/tr>\n<tr>\n<td colspan=\"18\">Observer<\/td>\n<td colspan=\"21\">63 px \/ m<\/p>\n<p>(19 px \/ pi)<\/td>\n<td colspan=\"21\">2,8 mm: 25 m (83 pieds)<\/p>\n<p>3,6 mm: 32 m (105 pieds)<\/p>\n<p>6 mm: 48 m (157 pieds)<\/td>\n<\/tr>\n<tr>\n<td colspan=\"18\">Reconna\u00eetre<\/td>\n<td colspan=\"21\">125 px \/ m<\/p>\n<p>(38 px \/ pi)<\/td>\n<td colspan=\"21\">2,8 mm: 13 m (41 pieds)<\/p>\n<p>3,6 mm: 16 m (52 \u200b\u200bpieds)<\/p>\n<p>6 mm: 24 m (79 pieds)<\/td>\n<\/tr>\n<tr>\n<td colspan=\"18\">Identifier<\/td>\n<td colspan=\"21\">250 ppm<\/p>\n<p>(76 px \/ pi)<\/td>\n<td colspan=\"21\">2,8 mm: 6 mm (21 pieds)<\/p>\n<p>3,6 mm: 8 m (26 pieds)<\/p>\n<p>6 mm: 12 m (39 pieds)<\/td>\n<\/tr>\n<tr>\n<td colspan=\"60\">\n<h2><span style=\"font-size: 14pt;\">Pan \/ Tilt \/ Rotation<\/span><\/h2>\n<\/td>\n<\/tr>\n<tr>\n<td colspan=\"18\">Pan \/ Tilt \/ Rotation<\/td>\n<td colspan=\"42\">Pan: 0 \u00b0 ~ 360 \u00b0<\/p>\n<p>Inclinaison: 0 \u00b0 ~ 78 \u00b0<\/p>\n<p>Rotation: 0 \u00b0 ~ 360 \u00b0<\/td>\n<\/tr>\n<tr>\n<td colspan=\"60\">\n<h2><span style=\"font-size: 14pt;\">Vid\u00e9o<\/span><\/h2>\n<\/td>\n<\/tr>\n<tr>\n<td colspan=\"18\">R\u00e9solution<\/td>\n<td colspan=\"42\">5 MP (2592 \u00d7 1944)<\/td>\n<\/tr>\n<tr>\n<td colspan=\"18\">Fr\u00e9quence d&#8217;images<\/td>\n<td colspan=\"42\">20fps \u00e0 5MP,\u00a025 \/ 30fps \u00e0\u00a04MP, 25\/30\u00a0\u00e0 1080P<\/td>\n<\/tr>\n<tr>\n<td colspan=\"18\">Sortie vid\u00e9o<\/td>\n<td colspan=\"42\">Sortie vid\u00e9o haute d\u00e9finition BNC 1 canal \/ sortie vid\u00e9o CVBS (peut basculer)<\/td>\n<\/tr>\n<tr>\n<td colspan=\"18\">Jour Nuit<\/td>\n<td colspan=\"42\">Auto (ICR) \/ Manuel<\/td>\n<\/tr>\n<tr>\n<td colspan=\"18\">Menu OSD<\/td>\n<td colspan=\"42\">Multi-langue<\/td>\n<\/tr>\n<tr>\n<td colspan=\"18\">Mode BLC<\/td>\n<td colspan=\"42\">BLC \/ HLC \/ DWDR<\/td>\n<\/tr>\n<tr>\n<td colspan=\"18\">WDR<\/td>\n<td colspan=\"42\">DWDR<\/td>\n<\/tr>\n<tr>\n<td colspan=\"18\">Gain Contro\u00a0l<\/td>\n<td colspan=\"42\">AGC<\/td>\n<\/tr>\n<tr>\n<td colspan=\"18\">R\u00e9duction de bruit<\/td>\n<td colspan=\"42\">2D<\/td>\n<\/tr>\n<tr>\n<td colspan=\"18\">Balance des blancs<\/td>\n<td colspan=\"42\">Auto \/ Manuel<\/td>\n<\/tr>\n<tr>\n<td colspan=\"18\">IR intelligent<\/td>\n<td colspan=\"42\">Auto \/ Manuel<\/td>\n<\/tr>\n<\/tbody>\n<\/table>\n<\/div>\n<\/div>\n<div id=\"div_left\">\n<div class=\"div-drop\">\n<table id=\"table002\" class=\"NEW-TABLE TableOverride-1 tab-drag\" style=\"width: 100%; height: 1023px;\">\n<tbody>\n<tr style=\"height: 55px;\">\n<td style=\"height: 55px;\" colspan=\"60\">\n<h2><span style=\"font-size: 14pt;\">Certifications<\/span><\/h2>\n<\/td>\n<\/tr>\n<tr style=\"height: 94px;\">\n<td style=\"height: 94px;\" colspan=\"18\">Certifications<\/td>\n<td style=\"height: 94px;\" colspan=\"42\">CE (EN55032, EN55024, EN50130-4)<\/p>\n<p>FCC (CFR 47 FCC partie 15 sous-partie B, ANSI C63.4-2014)<\/td>\n<\/tr>\n<tr style=\"height: 55px;\">\n<td style=\"height: 55px;\" colspan=\"60\">\n<h2><span style=\"font-size: 14pt;\">Interface<\/span><\/h2>\n<\/td>\n<\/tr>\n<tr style=\"height: 55px;\">\n<td style=\"height: 55px;\" colspan=\"18\">Interface audio<\/td>\n<td style=\"height: 55px;\" colspan=\"42\">N \/ A<\/td>\n<\/tr>\n<tr style=\"height: 55px;\">\n<td style=\"height: 55px;\" colspan=\"60\">\n<h2><span style=\"font-size: 14pt;\">\u00c9lectrique<\/span><\/h2>\n<\/td>\n<\/tr>\n<tr style=\"height: 55px;\">\n<td style=\"height: 55px;\" colspan=\"18\">Source de courant<\/td>\n<td style=\"height: 55px;\" colspan=\"42\">12 V CC \u00b1 30%<\/td>\n<\/tr>\n<tr style=\"height: 55px;\">\n<td style=\"height: 55px;\" colspan=\"18\">Consommation d&#8217;\u00e9nergie<\/td>\n<td style=\"height: 55px;\" colspan=\"42\">Max.\u00a03,9 W (12 V CC, IR activ\u00e9)<\/td>\n<\/tr>\n<tr style=\"height: 64px;\">\n<td style=\"height: 64px;\" colspan=\"60\">\n<h2><span style=\"font-size: 14pt;\">Environnement<\/span><\/h2>\n<\/td>\n<\/tr>\n<tr style=\"height: 118px;\">\n<td style=\"height: 118px;\" colspan=\"18\">Des conditions de fonctionnement<\/td>\n<td style=\"height: 118px;\" colspan=\"42\">-40 \u00b0 C ~ + 60 \u00b0 C (-40 \u00b0 F ~ + 140 \u00b0 F) \/ Moins de 95% HR<\/p>\n<p>* Le d\u00e9marrage doit \u00eatre effectu\u00e9 \u00e0 une temp\u00e9rature sup\u00e9rieure \u00e0 -40 \u00b0 C (-40 \u00b0 F)<\/td>\n<\/tr>\n<tr style=\"height: 55px;\">\n<td style=\"height: 55px;\" colspan=\"18\">Conditions de stockage<\/td>\n<td style=\"height: 55px;\" colspan=\"42\">-40 \u00b0 C ~ + 60 \u00b0 C (-40 \u00b0 F ~ + 140 \u00b0 F) \/ Moins de 95% HR<\/td>\n<\/tr>\n<tr style=\"height: 78px;\">\n<td style=\"height: 78px;\" colspan=\"18\">Protection contre les infiltrations et r\u00e9sistance au vandalisme<\/td>\n<td style=\"height: 78px;\" colspan=\"42\">IP67<\/td>\n<\/tr>\n<tr style=\"height: 64px;\">\n<td style=\"height: 64px;\" colspan=\"60\">\n<h2><span style=\"font-size: 14pt;\">Construction<\/span><\/h2>\n<\/td>\n<\/tr>\n<tr style=\"height: 55px;\">\n<td style=\"height: 55px;\" colspan=\"18\">Enveloppe<\/td>\n<td style=\"height: 55px;\" colspan=\"42\">Aluminium<\/td>\n<\/tr>\n<tr style=\"height: 55px;\">\n<td style=\"height: 55px;\" colspan=\"18\">Dimensions<\/td>\n<td style=\"height: 55px;\" colspan=\"42\">94 mm \u00d7 94 mm \u00d7 78 mm (3,7 &#8220;\u00d7 3,7&#8243; \u00d7 3,07 &#8221;\u00a0)<\/td>\n<\/tr>\n<tr style=\"height: 55px;\">\n<td style=\"height: 55px;\" colspan=\"18\">Poids net<\/td>\n<td style=\"height: 55px;\" colspan=\"42\">0,27 kg (0,60 livre)<\/td>\n<\/tr>\n<tr style=\"height: 55px;\">\n<td style=\"height: 55px;\" colspan=\"18\">Poids brut<\/td>\n<td style=\"height: 55px;\" colspan=\"42\">0,34 kg (0,75 lb)<\/td>\n<\/tr>\n<\/tbody>\n<\/table>\n<\/div>\n<\/div>\n<div id=\"gtx-trans\" style=\"position: absolute; left: 44px; top: 4.16435px;\">\n<div class=\"gtx-trans-icon\"><\/div>\n<\/div>\n","protected":false},"excerpt":{"rendered":"<h1><span style=\"font-family: georgia, palatino, serif; color: #000000;\"><strong><span style=\"font-size: 10pt;\">Cam\u00e9ra Dahua 5MP Cooper oculaire IR HDCVI<\/span><\/strong><\/span><\/h1>\n<ul>\n<li>Max. 20fps @ 5MP<\/li>\n<li>\u00a0Sortie HD et SD commutable<\/li>\n<li>Objectif fixe 3,6 mm (2,8 mm, 6 mm en option)<\/li>\n<li>Max. Longueur IR 20m, Smart IR<\/li>\n<li>\u00a0IP67, DC12V<\/li>\n<\/ul>\n","protected":false},"featured_media":19225,"comment_status":"open","ping_status":"closed","template":"","meta":{"om_disable_all_campaigns":false,"_monsterinsights_skip_tracking":false,"_monsterinsights_sitenote_active":false,"_monsterinsights_sitenote_note":"","_monsterinsights_sitenote_category":0},"product_cat":[516,234,771,186],"product_tag":[205,260,261,262,210,263,264,211,228,212,213,265,214,229,266,193,267,216,268,195,218,269,196,270,271,272,197,198,199,220,273,241,200,274,275,201,276,277,222,278,279,280,281,282,772,283,284,285,286,224,225,287,288,289,226,290,291,292],"class_list":{"0":"post-22596","1":"product","2":"type-product","3":"status-publish","4":"has-post-thumbnail","6":"product_cat-cameras-5mp-cameras-hdcvi","7":"product_cat-cameras-hdcvi","8":"product_cat-cooper-cameras-5mp-cameras-hdcvi","9":"product_cat-produits-hdcvi","10":"product_tag-alarme","11":"product_tag-camera-de-surveillance-tanger","12":"product_tag-camera-ip-dahua","13":"product_tag-camera-maroc","14":"product_tag-camera-surveillance-afrique","15":"product_tag-camera-surveillance-avec-un-bon-prix","16":"product_tag-camera-surveillance-casablanca","17":"product_tag-camera-surveillance-dahua","18":"product_tag-camera-surveillance-maroc","19":"product_tag-camera-surveillance-tanger","20":"product_tag-camera-dahua","21":"product_tag-control-dacces-tanger","22":"product_tag-dahua-afrique","23":"product_tag-dahua-agadir","24":"product_tag-dahua-azrou","25":"product_tag-dahua-casablanca","26":"product_tag-dahua-dakhla","27":"product_tag-dahua-el-jadida","28":"product_tag-dahua-errachidia","29":"product_tag-dahua-fes","30":"product_tag-dahua-hoceima","31":"product_tag-dahua-ifrane","32":"product_tag-dahua-kenitra","33":"product_tag-dahua-khemisset","34":"product_tag-dahua-khouribga","35":"product_tag-dahua-laayoune","36":"product_tag-dahua-maroc","37":"product_tag-dahua-marrakech","38":"product_tag-dahua-meknes","39":"product_tag-dahua-nador","40":"product_tag-dahua-ouarzazate","41":"product_tag-dahua-oujda","42":"product_tag-dahua-rabat","43":"product_tag-dahua-safi","44":"product_tag-dahua-settat","45":"product_tag-dahua-tanger","46":"product_tag-dahua-taroudant","47":"product_tag-dahua-taza","48":"product_tag-dahua-tetouan","49":"product_tag-dahua-tiflet","50":"product_tag-dahua-tiznit","51":"product_tag-desenfumage-tanger","52":"product_tag-detection-incendie","53":"product_tag-distributeur-dahua","54":"product_tag-hac-t2a51","55":"product_tag-installation-alarme","56":"product_tag-installations-camera-de-surveillance-maroc","57":"product_tag-moniteur-dimage","58":"product_tag-pack-camera-de-surveillance","59":"product_tag-pack-camera-de-surveillance-dahua","60":"product_tag-pointeuse","61":"product_tag-porte-automatiques","62":"product_tag-portes-coup-feu-tanger","63":"product_tag-skydome-tanger","64":"product_tag-smart-lock","65":"product_tag-sprinkler-tanger","66":"product_tag-travaux-d-incendie-tanger","67":"product_tag-video-surveillance-tanger","68":"ts_product_brand-dahua","70":"first","71":"instock","72":"shipping-taxable","73":"purchasable","74":"product-type-simple","75":"add-to-wishlist-after_add_to_cart"},"aioseo_notices":[],"_links":{"self":[{"href":"https:\/\/tthcompany.ma\/index.php\/wp-json\/wp\/v2\/product\/22596","targetHints":{"allow":["GET"]}}],"collection":[{"href":"https:\/\/tthcompany.ma\/index.php\/wp-json\/wp\/v2\/product"}],"about":[{"href":"https:\/\/tthcompany.ma\/index.php\/wp-json\/wp\/v2\/types\/product"}],"replies":[{"embeddable":true,"href":"https:\/\/tthcompany.ma\/index.php\/wp-json\/wp\/v2\/comments?post=22596"}],"wp:featuredmedia":[{"embeddable":true,"href":"https:\/\/tthcompany.ma\/index.php\/wp-json\/wp\/v2\/media\/19225"}],"wp:attachment":[{"href":"https:\/\/tthcompany.ma\/index.php\/wp-json\/wp\/v2\/media?parent=22596"}],"wp:term":[{"taxonomy":"product_cat","embeddable":true,"href":"https:\/\/tthcompany.ma\/index.php\/wp-json\/wp\/v2\/product_cat?post=22596"},{"taxonomy":"product_tag","embeddable":true,"href":"https:\/\/tthcompany.ma\/index.php\/wp-json\/wp\/v2\/product_tag?post=22596"}],"curies":[{"name":"wp","href":"https:\/\/api.w.org\/{rel}","templated":true}]}}