{"id":22520,"date":"2023-02-01T15:03:58","date_gmt":"2023-02-01T15:03:58","guid":{"rendered":"https:\/\/tthcompany.ma\/?post_type=product&#038;p=22520"},"modified":"2023-09-26T14:50:12","modified_gmt":"2023-09-26T14:50:12","slug":"pfm922i-5eun-c","status":"publish","type":"product","link":"https:\/\/tthcompany.ma\/index.php\/product\/pfm922i-5eun-c\/","title":{"rendered":"PFM922I-5EUN-C"},"content":{"rendered":"<table id=\"table001\" class=\"NEW-TABLE TableOverride-1 tab-drag\">\n<tbody>\n<tr>\n<td colspan=\"60\">Conductor<\/td>\n<\/tr>\n<tr>\n<td colspan=\"18\">Material<\/td>\n<td colspan=\"42\">CCA (Copper content: 22%\u201331%)<\/td>\n<\/tr>\n<tr>\n<td colspan=\"18\">Diameter<\/td>\n<td colspan=\"42\">0.5 mm \u00b1 0.01 mm<\/td>\n<\/tr>\n<tr>\n<td colspan=\"18\">Wire Gauge<\/td>\n<td colspan=\"42\">24 AWG<\/td>\n<\/tr>\n<tr>\n<td colspan=\"60\">Insulation<\/td>\n<\/tr>\n<tr>\n<td colspan=\"18\">Material<\/td>\n<td colspan=\"42\">HDPE<\/td>\n<\/tr>\n<tr>\n<td colspan=\"18\">Thickness<\/td>\n<td colspan=\"42\">0.18 mm<\/td>\n<\/tr>\n<tr>\n<td colspan=\"18\">Diameter<\/td>\n<td colspan=\"42\">0.90 mm \u00b1 0.06 mm<\/td>\n<\/tr>\n<tr>\n<td colspan=\"18\">Color<\/td>\n<td colspan=\"42\">Blue, white\/blue; orange, white\/orange; green, white\/green; brown, white\/brown<\/td>\n<\/tr>\n<tr>\n<td colspan=\"60\">Rip Cord<\/td>\n<\/tr>\n<tr>\n<td colspan=\"18\">Material<\/td>\n<td colspan=\"42\">Polyester fiber<\/td>\n<\/tr>\n<tr>\n<td colspan=\"18\">Specification<\/td>\n<td colspan=\"42\">500D<\/td>\n<\/tr>\n<tr>\n<td colspan=\"60\">Sheath<\/td>\n<\/tr>\n<tr>\n<td colspan=\"18\">Material<\/td>\n<td colspan=\"42\">FR-PVC (ROHS compliant)<\/td>\n<\/tr>\n<tr>\n<td colspan=\"18\">Min. Average Thickness<\/td>\n<td colspan=\"42\">0.5 mm<\/td>\n<\/tr>\n<tr>\n<td colspan=\"18\">Diameter<\/td>\n<td colspan=\"42\">5.1 mm \u00b1 0.3 mm<\/td>\n<\/tr>\n<tr>\n<td colspan=\"18\">Color<\/td>\n<td colspan=\"42\">Orange<\/td>\n<\/tr>\n<tr>\n<td colspan=\"60\">Electrical<\/td>\n<\/tr>\n<tr>\n<td colspan=\"18\">Max. DC Resistance of a Single Conductor<\/td>\n<td colspan=\"42\">14.5 \u03a9\/100 m (14.5 \u03a9\/328.08 ft)<\/td>\n<\/tr>\n<tr>\n<td colspan=\"18\">Min. Insulation Resistance<\/td>\n<td colspan=\"42\">5000 M\u03a9\/km<\/td>\n<\/tr>\n<tr>\n<td colspan=\"18\">Max. DC Resistance Unbalance<\/td>\n<td colspan=\"42\">2% (pair intra), 4% (pairs inter)<\/td>\n<\/tr>\n<tr>\n<td colspan=\"18\">Max. Mutual Capacitance<\/td>\n<td colspan=\"42\">5.6 nF\/100 m (5.6 nF\/328.08 ft)<\/td>\n<\/tr>\n<tr>\n<td colspan=\"18\">Dielectric Strength<\/td>\n<td colspan=\"42\">No breakdown with 1kV DC for 1 min<\/td>\n<\/tr>\n<tr>\n<td colspan=\"60\">Mechanical<\/td>\n<\/tr>\n<tr>\n<td colspan=\"18\">Tensile Strength<\/td>\n<td colspan=\"42\">Sheath \u226513.5 MPa, insulation \u226516 MPa<\/td>\n<\/tr>\n<tr>\n<td colspan=\"18\">Elongation at Break<\/td>\n<td colspan=\"42\">Sheath \u2265150%, insulation \u2265300%<\/td>\n<\/tr>\n<tr>\n<td colspan=\"18\">Installation Bending Radius<\/td>\n<td colspan=\"42\">&gt;8 times of the outer cable diameter<\/td>\n<\/tr>\n<tr>\n<td colspan=\"18\">Conductor Elongation at Break<\/td>\n<td colspan=\"42\">\u22658%<\/td>\n<\/tr>\n<tr>\n<td colspan=\"60\">Environmental<\/td>\n<\/tr>\n<tr>\n<td colspan=\"18\">Shrinkage of Insulation<\/td>\n<td colspan=\"42\">\u22645%<\/td>\n<\/tr>\n<tr>\n<td colspan=\"18\">Color Migration Resistance of Insulation<\/td>\n<td colspan=\"42\">No migration<\/td>\n<\/tr>\n<tr>\n<td colspan=\"18\">Sheath Tensile Strength and Elongation at Break after Aging<\/td>\n<td colspan=\"42\">\u226512.5 MPa, \u2265100%<\/td>\n<\/tr>\n<tr>\n<td colspan=\"18\">Low Temperature Bending Test<\/td>\n<td colspan=\"42\">No cracking after the test<\/td>\n<\/tr>\n<tr>\n<td colspan=\"18\">Heat Shock Test<\/td>\n<td colspan=\"42\">No cracking after the test<\/td>\n<\/tr>\n<tr>\n<td colspan=\"18\">Operation Temperature<\/td>\n<td colspan=\"42\">\u201320 \u00b0C to +60 \u00b0C (\u20134 \u00b0F to +140 \u00b0F)<\/td>\n<\/tr>\n<tr>\n<td colspan=\"18\">Installation Temperature<\/td>\n<td colspan=\"42\">0 \u00b0C to +50 \u00b0C (32 \u00b0F to 122 \u00b0F)<\/td>\n<\/tr>\n<tr>\n<td colspan=\"18\">Storage Temperature and Humidity<\/td>\n<td colspan=\"42\">\u201310 \u00b0C to +40 \u00b0C (14 \u00b0F to 104 \u00b0F), &lt;60% (RH)<\/td>\n<\/tr>\n<tr>\n<td colspan=\"60\">Security<\/td>\n<\/tr>\n<tr>\n<td colspan=\"18\">Vertical Fire Propagation Test<\/td>\n<td colspan=\"42\">Comply with IEC 60332-2-2<\/td>\n<\/tr>\n<tr>\n<td colspan=\"60\">Packaging<\/td>\n<\/tr>\n<tr>\n<td colspan=\"18\">Cable Length<\/td>\n<td colspan=\"42\">305.0 m \u00b1 2 m (1000.66 ft \u00b1 6.56 ft)<\/td>\n<\/tr>\n<tr>\n<td colspan=\"18\">Net Weight<\/td>\n<td colspan=\"42\">6.2 kg \u00b1 0.5 kg (13.67 lb \u00b1 1.1 lb)<\/td>\n<\/tr>\n<tr>\n<td colspan=\"18\">Gross Weight<\/td>\n<td colspan=\"42\">7.0 kg \u00b1 0.5 kg (15.43 lb \u00b1 1.1 lb)<\/td>\n<\/tr>\n<tr>\n<td colspan=\"18\">Inner Carton Dimensions<\/td>\n<td colspan=\"42\">364 mm \u00d7 216 mm \u00d7 364 mm (14.33&#8243; \u00d7 8.5&#8243; \u00d7 14.33&#8243;) (L \u00d7 W \u00d7 H)<\/td>\n<\/tr>\n<tr>\n<td colspan=\"18\">Packaging Dimensions<\/td>\n<td colspan=\"42\">447 mm \u00d7 382 mm \u00d7 386 mm (17.6&#8243; \u00d7 15.04&#8243; \u00d7 15.2&#8243;) (L \u00d7 W \u00d7 H)<\/td>\n<\/tr>\n<tr>\n<td colspan=\"18\">Packaging Method<\/td>\n<td colspan=\"42\">305.0 m (1000.66 ft) per carton, and 2 cartons per transport package<\/td>\n<\/tr>\n<tr>\n<td colspan=\"60\">Compliance<\/td>\n<\/tr>\n<tr>\n<td colspan=\"18\">Executive Standards<\/td>\n<td colspan=\"42\">Q\/DXJ 067-2019<\/td>\n<\/tr>\n<\/tbody>\n<\/table>\n","protected":false},"excerpt":{"rendered":"<p class=\"text\" data-v-6f7ca0da=\"\">305m UTP CAT5e Cable<\/p>\n<div data-v-6f7ca0da=\"\">&gt; 305 m (1000 ft)\/carton UTP CA5e, power over Ethernet, compatible with one cable.<br \/>\n&gt; Manufacturing excellence.<br \/>\n&gt; Customized PVC outer sheath, equipped with certain flame retardancy.<br \/>\n&gt; Top-notch quality commitment for 10 years.<\/div>\n","protected":false},"featured_media":22521,"comment_status":"open","ping_status":"closed","template":"","meta":{"om_disable_all_campaigns":false,"_monsterinsights_skip_tracking":false,"_monsterinsights_sitenote_active":false,"_monsterinsights_sitenote_note":"","_monsterinsights_sitenote_category":0},"product_cat":[583,859],"product_tag":[972,968,970,834,973,336,195,197,241,201,971,1093],"class_list":{"0":"post-22520","1":"product","2":"type-product","3":"status-publish","4":"has-post-thumbnail","6":"product_cat-accessoires","7":"product_cat-cables","8":"product_tag-accessories","9":"product_tag-cables","10":"product_tag-cables-dahua","11":"product_tag-dahua-benin","12":"product_tag-dahua-cabl","13":"product_tag-dahua-casabalannca","14":"product_tag-dahua-fes","15":"product_tag-dahua-maroc","16":"product_tag-dahua-oujda","17":"product_tag-dahua-tanger","18":"product_tag-network-cable","19":"product_tag-onstuck","20":"ts_product_brand-dahua","22":"first","23":"instock","24":"shipping-taxable","25":"purchasable","26":"product-type-simple","27":"add-to-wishlist-after_add_to_cart"},"aioseo_notices":[],"_links":{"self":[{"href":"https:\/\/tthcompany.ma\/index.php\/wp-json\/wp\/v2\/product\/22520","targetHints":{"allow":["GET"]}}],"collection":[{"href":"https:\/\/tthcompany.ma\/index.php\/wp-json\/wp\/v2\/product"}],"about":[{"href":"https:\/\/tthcompany.ma\/index.php\/wp-json\/wp\/v2\/types\/product"}],"replies":[{"embeddable":true,"href":"https:\/\/tthcompany.ma\/index.php\/wp-json\/wp\/v2\/comments?post=22520"}],"wp:featuredmedia":[{"embeddable":true,"href":"https:\/\/tthcompany.ma\/index.php\/wp-json\/wp\/v2\/media\/22521"}],"wp:attachment":[{"href":"https:\/\/tthcompany.ma\/index.php\/wp-json\/wp\/v2\/media?parent=22520"}],"wp:term":[{"taxonomy":"product_cat","embeddable":true,"href":"https:\/\/tthcompany.ma\/index.php\/wp-json\/wp\/v2\/product_cat?post=22520"},{"taxonomy":"product_tag","embeddable":true,"href":"https:\/\/tthcompany.ma\/index.php\/wp-json\/wp\/v2\/product_tag?post=22520"}],"curies":[{"name":"wp","href":"https:\/\/api.w.org\/{rel}","templated":true}]}}