{"id":22515,"date":"2023-02-01T11:34:17","date_gmt":"2023-02-01T11:34:17","guid":{"rendered":"https:\/\/tthcompany.ma\/?post_type=product&#038;p=22515"},"modified":"2023-12-14T08:22:27","modified_gmt":"2023-12-14T08:22:27","slug":"hdw1200trqp-a-s5","status":"publish","type":"product","link":"https:\/\/tthcompany.ma\/index.php\/product\/hdw1200trqp-a-s5\/","title":{"rendered":"HDW1200TRQP-A-S5"},"content":{"rendered":"<table id=\"table001\" class=\"NEW-TABLE TableOverride-1 tab-drag\">\n<tbody>\n<tr>\n<td colspan=\"60\">Camera<\/td>\n<\/tr>\n<tr>\n<td colspan=\"18\">Image Sensor<\/td>\n<td colspan=\"42\">1\/2.7 inch CMOS<\/td>\n<\/tr>\n<tr>\n<td colspan=\"18\">Max. Resolution<\/td>\n<td colspan=\"42\">1920(H)\u00d71080(V)<\/td>\n<\/tr>\n<tr>\n<td colspan=\"18\">Pixel<\/td>\n<td colspan=\"42\">2MP<\/td>\n<\/tr>\n<tr>\n<td colspan=\"18\">Scanning System<\/td>\n<td colspan=\"42\">Progressive<\/td>\n<\/tr>\n<tr>\n<td colspan=\"18\">Electronic Shutter Speed<\/td>\n<td colspan=\"42\">PAL: 1\/25s\u20131\/100000s<br \/>\nNTSC: 1\/30s\u20131\/100000s<\/td>\n<\/tr>\n<tr>\n<td colspan=\"18\">S\/N Ratio<\/td>\n<td colspan=\"42\">&gt;65dB<\/td>\n<\/tr>\n<tr>\n<td colspan=\"18\">Min. Illumination<\/td>\n<td colspan=\"42\">0.02 Lux\/F1.9, 30IRE, 0 Lux IR on<\/td>\n<\/tr>\n<tr>\n<td colspan=\"18\">Illumination Distance<\/td>\n<td colspan=\"42\">25 m (82.0 ft)<\/td>\n<\/tr>\n<tr>\n<td colspan=\"18\">Illuminator On\/Off Control<\/td>\n<td colspan=\"42\">Auto; manual<\/td>\n<\/tr>\n<tr>\n<td colspan=\"18\">Illuminator Number<\/td>\n<td colspan=\"42\">2 (IR)<\/td>\n<\/tr>\n<tr>\n<td colspan=\"18\">Pan\/Tilt\/Rotation Range<\/td>\n<td colspan=\"42\">Pan: 0\u00b0\u2013360\u00b0<br \/>\nTilt: 0\u00b0\u201378\u00b0<br \/>\nRotation: 0\u00b0\u2013360\u00b0<\/td>\n<\/tr>\n<tr>\n<td colspan=\"60\">Lens<\/td>\n<\/tr>\n<tr>\n<td colspan=\"18\">Lens Type<\/td>\n<td colspan=\"42\">Fixed-focal<\/td>\n<\/tr>\n<tr>\n<td colspan=\"18\">Mount Type<\/td>\n<td colspan=\"42\">M12<\/td>\n<\/tr>\n<tr>\n<td colspan=\"18\">Focal Length<\/td>\n<td colspan=\"42\">2.8 mm; 3.6 mm<\/td>\n<\/tr>\n<tr>\n<td colspan=\"18\">Max. Aperture<\/td>\n<td colspan=\"42\">2.8 mm: F1.9<\/p>\n<p>3.6 mm: F2.0<\/td>\n<\/tr>\n<tr>\n<td colspan=\"18\">Field of View<\/td>\n<td colspan=\"42\">2.8 mm: H: 101\u00b0; V: 54\u00b0 ; D: 119\u00b0<\/p>\n<p>3.6 mm: H: 84\u00b0; V: 45\u00b0; D: 100\u00b0<\/td>\n<\/tr>\n<tr>\n<td colspan=\"18\">Iris Type<\/td>\n<td colspan=\"42\">Fixed iris<\/td>\n<\/tr>\n<tr>\n<td colspan=\"18\">Close Focus Distance<\/td>\n<td colspan=\"42\">2.8 mm: 0.5 m (1.64 ft)<\/p>\n<p>3.6 mm: 0.8 m (2.62 ft)<\/td>\n<\/tr>\n<tr>\n<td colspan=\"18\" rowspan=\"3\">DORI Distance<\/td>\n<td colspan=\"8\">Lens<\/td>\n<td colspan=\"8\">Detect<\/td>\n<td colspan=\"8\">Observe<\/td>\n<td colspan=\"8\">Recognize<\/td>\n<td colspan=\"10\">Identify<\/td>\n<\/tr>\n<tr>\n<td colspan=\"8\">2.8 mm<\/td>\n<td colspan=\"8\">38.6 m (126.6 ft)<\/td>\n<td colspan=\"8\">15.4 m (50.5 ft)<\/td>\n<td colspan=\"8\">7.7 m<\/p>\n<p>(25.3 ft)<\/td>\n<td colspan=\"10\">3.9 m<\/p>\n<p>(12.8 ft)<\/td>\n<\/tr>\n<tr>\n<td colspan=\"8\">3.6 mm<\/td>\n<td colspan=\"8\">49.7 m (163.1 ft)<\/td>\n<td colspan=\"8\">19.9 m (65.3 ft)<\/td>\n<td colspan=\"8\">9.9 m<\/p>\n<p>(32.5 ft)<\/td>\n<td colspan=\"10\">5 m<\/p>\n<p>(16.4 ft)<\/td>\n<\/tr>\n<tr>\n<td colspan=\"60\">Video<\/td>\n<\/tr>\n<tr>\n<td colspan=\"18\">Frame Rate<\/td>\n<td colspan=\"42\">CVI: 1080P@25\/30fps; 720P@25\/30fps; 720P@50\/60fps;<br \/>\nAHD: 1080P@25\/30fps; 720P@25\/30fps;<br \/>\nTVI: 1080P@25\/30fps; 720P@25\/30fps; 720P@50\/60fps;<br \/>\nCVBS: 960H<\/td>\n<\/tr>\n<tr>\n<td colspan=\"18\">Resolution<\/td>\n<td colspan=\"42\">1080P (1920\u00d71080); 720P (1280\u00d7720); 960H (960\u00d7 576\/960\u00d7480)<\/td>\n<\/tr>\n<tr>\n<td colspan=\"18\">Day\/Night<\/td>\n<td colspan=\"42\">Auto switch by ICR<\/td>\n<\/tr>\n<tr>\n<td colspan=\"18\">BLC<\/td>\n<td colspan=\"42\">BLC\/HLC\/DWDR<\/td>\n<\/tr>\n<tr>\n<td colspan=\"18\">WDR<\/td>\n<td colspan=\"42\">DWDR<\/td>\n<\/tr>\n<tr>\n<td colspan=\"18\">White Balance<\/td>\n<td colspan=\"42\">Auto; manual<\/td>\n<\/tr>\n<tr>\n<td colspan=\"18\">Gain Control<\/td>\n<td colspan=\"42\">Auto; manual<\/td>\n<\/tr>\n<tr>\n<td colspan=\"18\">Noise Reduction<\/td>\n<td colspan=\"42\">2D NR<\/td>\n<\/tr>\n<tr>\n<td colspan=\"18\">Smart IR<\/td>\n<td colspan=\"42\">Yes<\/td>\n<\/tr>\n<tr>\n<td colspan=\"18\">Mirror<\/td>\n<td colspan=\"42\">Off\/On<\/td>\n<\/tr>\n<tr>\n<td colspan=\"18\">Privacy Masking<\/td>\n<td colspan=\"42\">Off\/On (8 area, rectangle)<\/td>\n<\/tr>\n<tr>\n<td colspan=\"60\">Certifications<\/td>\n<\/tr>\n<tr>\n<td colspan=\"18\">Certifications<\/td>\n<td colspan=\"42\">CE (EN55032:2015, EN 61000-3-2:2014, EN 61000-3-3:2013, EN55024:2010+A1:2015, EN 55035:2017, EN50130-4:2011+A1:2014)<br \/>\nFCC (CFR 47 FCC Part 15 subpartB, ANSI C63.4-2014)<br \/>\nUL (UL60950-1+CAN\/CSA C22.2 No.60950-1)<\/td>\n<\/tr>\n<tr>\n<td colspan=\"60\">Port<\/td>\n<\/tr>\n<tr>\n<td colspan=\"18\">Video Output<\/td>\n<td colspan=\"42\">Video output choices of CVI\/TVI\/AHD\/CVBS by one BNC port<\/td>\n<\/tr>\n<tr>\n<td colspan=\"18\">Audio Interface<\/td>\n<td colspan=\"42\">Built-in Mic (-A)<\/td>\n<\/tr>\n<tr>\n<td colspan=\"60\">Power<\/td>\n<\/tr>\n<tr>\n<td colspan=\"18\">Power Supply<\/td>\n<td colspan=\"42\">12V \u00b130% DC<\/td>\n<\/tr>\n<tr>\n<td colspan=\"18\">Power Consumption<\/td>\n<td colspan=\"42\">Max 2.6 W (12V DC, IR on)<\/td>\n<\/tr>\n<tr>\n<td colspan=\"60\">Environment<\/td>\n<\/tr>\n<tr>\n<td colspan=\"18\">Operating Temperature<\/td>\n<td colspan=\"42\">-40\u00b0C to +50\u00b0C (-40\u00b0F to 122\u00b0F);&lt;95% (non-condensation)<\/td>\n<\/tr>\n<tr>\n<td colspan=\"18\">Storage Temperature<\/td>\n<td colspan=\"42\">-40\u00b0C to +50\u00b0C (-40\u00b0F to 122\u00b0F);&lt;95% (non-condensation)<\/td>\n<\/tr>\n<tr>\n<td colspan=\"18\">Protection Grade<\/td>\n<td colspan=\"42\">IP50<\/td>\n<\/tr>\n<tr>\n<td colspan=\"60\">Structure<\/td>\n<\/tr>\n<tr>\n<td colspan=\"18\">Casing<\/td>\n<td colspan=\"42\">Plastic<\/td>\n<\/tr>\n<tr>\n<td colspan=\"18\">Dimensions<\/td>\n<td colspan=\"42\">\u03a697.1 mm \u00d7 93.0 mm (\u03a63.82&#8243; \u00d7 3.66&#8243;)<\/td>\n<\/tr>\n<tr>\n<td colspan=\"18\">Net Weight<\/td>\n<td colspan=\"42\">0.17 Kg (0.37lb)<\/td>\n<\/tr>\n<tr>\n<td colspan=\"18\">Gross Weight<\/td>\n<td colspan=\"42\">0.23 Kg (0.51lb)<\/td>\n<\/tr>\n<\/tbody>\n<\/table>\n","protected":false},"excerpt":{"rendered":"<div class=\"el-col el-col-24 el-col-xs-24 el-col-sm-12 el-col-md-12 el-col-lg-12\" data-v-6f7ca0da=\"\">\n<div class=\"text-wrapper text-wrapper--spe\" data-v-6f7ca0da=\"\">\n<h3 class=\"title\" data-v-6f7ca0da=\"\">HAC-HDW1200TRQ(-A)<\/h3>\n<p class=\"text\" data-v-6f7ca0da=\"\">2MP HDCVI Quick-to-install IR Eyeball Camera<\/p>\n<div data-v-6f7ca0da=\"\">\n<p>* The parameters and datasheets below can only be applied to 1200-S5 series<\/p>\n<p>&gt; Max 30fps@1080P<\/p>\n<p>&gt; Quick-to-install eyeball saves installation time<\/p>\n<p>&gt; Built-in mic (-A)<\/p>\n<p>&gt; CVI\/CVBS\/AHD\/TVI switchable<\/p>\n<p>&gt; 3.6mm fixed lens (2.8mm optional)<\/p>\n<p>&gt; Max. IR length 25m, Smart IR<\/p>\n<p>&gt; IP50, DC12V<\/p>\n<p><img decoding=\"async\" src=\"https:\/\/www.dahuasecurity.com\/asset\/upload\/uploads\/image\/20200618\/20200618161605_16573.png\" alt=\"\" \/><\/p>\n<\/div>\n<\/div>\n<\/div>\n","protected":false},"featured_media":22516,"comment_status":"open","ping_status":"closed","template":"","meta":{"om_disable_all_campaigns":false,"_monsterinsights_skip_tracking":false,"_monsterinsights_sitenote_active":false,"_monsterinsights_sitenote_note":"","_monsterinsights_sitenote_category":0},"product_cat":[421,251,234,765,186],"product_tag":[409,306,208,261,209,228,213,229,410,336,195,197,241,201,893],"class_list":{"0":"post-22515","1":"product","2":"type-product","3":"status-publish","4":"has-post-thumbnail","6":"product_cat-2mp","7":"product_cat-cameras-2mp","8":"product_cat-cameras-hdcvi","9":"product_cat-cooper","10":"product_cat-produits-hdcvi","11":"product_tag-2mp","12":"product_tag-camera-2mp","13":"product_tag-camera-ip","14":"product_tag-camera-ip-dahua","15":"product_tag-camera-surveillance","16":"product_tag-camera-surveillance-maroc","17":"product_tag-camera-dahua","18":"product_tag-dahua-agadir","19":"product_tag-dahua-camera-2mp","20":"product_tag-dahua-casabalannca","21":"product_tag-dahua-fes","22":"product_tag-dahua-maroc","23":"product_tag-dahua-oujda","24":"product_tag-dahua-tanger","25":"product_tag-maroc-dahua","26":"ts_product_brand-dahua","28":"first","29":"instock","30":"shipping-taxable","31":"purchasable","32":"product-type-simple","33":"add-to-wishlist-after_add_to_cart"},"aioseo_notices":[],"_links":{"self":[{"href":"https:\/\/tthcompany.ma\/index.php\/wp-json\/wp\/v2\/product\/22515","targetHints":{"allow":["GET"]}}],"collection":[{"href":"https:\/\/tthcompany.ma\/index.php\/wp-json\/wp\/v2\/product"}],"about":[{"href":"https:\/\/tthcompany.ma\/index.php\/wp-json\/wp\/v2\/types\/product"}],"replies":[{"embeddable":true,"href":"https:\/\/tthcompany.ma\/index.php\/wp-json\/wp\/v2\/comments?post=22515"}],"wp:featuredmedia":[{"embeddable":true,"href":"https:\/\/tthcompany.ma\/index.php\/wp-json\/wp\/v2\/media\/22516"}],"wp:attachment":[{"href":"https:\/\/tthcompany.ma\/index.php\/wp-json\/wp\/v2\/media?parent=22515"}],"wp:term":[{"taxonomy":"product_cat","embeddable":true,"href":"https:\/\/tthcompany.ma\/index.php\/wp-json\/wp\/v2\/product_cat?post=22515"},{"taxonomy":"product_tag","embeddable":true,"href":"https:\/\/tthcompany.ma\/index.php\/wp-json\/wp\/v2\/product_tag?post=22515"}],"curies":[{"name":"wp","href":"https:\/\/api.w.org\/{rel}","templated":true}]}}