{"id":22214,"date":"2023-01-09T16:02:42","date_gmt":"2023-01-09T16:02:42","guid":{"rendered":"https:\/\/tthcompany.ma\/?post_type=product&#038;p=22214"},"modified":"2023-09-26T11:34:44","modified_gmt":"2023-09-26T11:34:44","slug":"ipc-hfw71242h-z","status":"publish","type":"product","link":"https:\/\/tthcompany.ma\/index.php\/product\/ipc-hfw71242h-z\/","title":{"rendered":"IPC-HFW71242HP-Z"},"content":{"rendered":"<table id=\"table001\" class=\"NEW-TABLE TableOverride-1 tab-drag\">\n<tbody>\n<tr>\n<td colspan=\"60\">Camera<\/td>\n<\/tr>\n<tr>\n<td colspan=\"18\">Image Sensor<\/td>\n<td colspan=\"42\">1\/1.7\u201d12Megapixel progressive CMOS<\/td>\n<\/tr>\n<tr>\n<td colspan=\"18\">Max. Resolution<\/td>\n<td colspan=\"42\">4000 (H) \u00d7 3000 (V)<\/td>\n<\/tr>\n<tr>\n<td colspan=\"18\">ROM<\/td>\n<td colspan=\"42\">4 GB<\/td>\n<\/tr>\n<tr>\n<td colspan=\"18\">RAM<\/td>\n<td colspan=\"42\">2 GB<\/td>\n<\/tr>\n<tr>\n<td colspan=\"18\">Scanning System<\/td>\n<td colspan=\"42\">Progressive<\/td>\n<\/tr>\n<tr>\n<td colspan=\"18\">Electronic Shutter Speed<\/td>\n<td colspan=\"42\">Auto\/Manual 1\/3 s\u20131\/100,000 s<\/td>\n<\/tr>\n<tr>\n<td colspan=\"18\">Min. Illumination<\/td>\n<td colspan=\"42\">0.01 Lux@F1.8 (Color,30IRE)<\/p>\n<p>0.001 Lux@F1.8 (B\/W,30IRE)<\/p>\n<p>0 Lux (Illuminator on)<\/td>\n<\/tr>\n<tr>\n<td colspan=\"18\">S\/N Ratio<\/td>\n<td colspan=\"42\">&gt;56 dB<\/td>\n<\/tr>\n<tr>\n<td colspan=\"18\">Illumination Distance<\/td>\n<td colspan=\"42\">60 m (196.9 ft) (IR LED)<\/td>\n<\/tr>\n<tr>\n<td colspan=\"18\">Illuminator On\/Off Control<\/td>\n<td colspan=\"42\">Auto\/Manual<\/td>\n<\/tr>\n<tr>\n<td colspan=\"18\">Illuminator Number<\/td>\n<td colspan=\"42\">4 (IR LED)<\/td>\n<\/tr>\n<tr>\n<td colspan=\"18\">Pan\/Tilt\/Rotation Range<\/td>\n<td colspan=\"42\">Pan: 0\u00b0\u2013360\u00b0<br \/>\nTilt: 0\u00b0\u201390\u00b0<br \/>\nRotation: 0\u00b0\u2013360\u00b0<\/td>\n<\/tr>\n<tr>\n<td colspan=\"60\">Lens<\/td>\n<\/tr>\n<tr>\n<td colspan=\"18\">Lens Type<\/td>\n<td colspan=\"42\">Motorized vari-focal<\/td>\n<\/tr>\n<tr>\n<td colspan=\"18\">Mount Type<\/td>\n<td colspan=\"42\">\u03c614<\/td>\n<\/tr>\n<tr>\n<td colspan=\"18\">Focal Length<\/td>\n<td colspan=\"42\">2.7 mm-12 mm<\/td>\n<\/tr>\n<tr>\n<td colspan=\"18\">Max. Aperture<\/td>\n<td colspan=\"42\">F1.8<\/td>\n<\/tr>\n<tr>\n<td colspan=\"18\">Field of View<\/td>\n<td colspan=\"42\">Horizontal: 103\u00b0\u201344\u00b0<br \/>\nVertical: 75\u00b0\u201333\u00b0<br \/>\nDiagonal: 135\u00b0\u201355\u00b0<\/td>\n<\/tr>\n<tr>\n<td colspan=\"18\">Iris Type<\/td>\n<td colspan=\"42\">Auto<\/td>\n<\/tr>\n<tr>\n<td colspan=\"18\">Close Focus Distance<\/td>\n<td colspan=\"42\">1.2 m (3.9 ft)<\/td>\n<\/tr>\n<tr>\n<td colspan=\"18\" rowspan=\"3\">DORI Distance<\/td>\n<td colspan=\"8\">Lens<\/td>\n<td colspan=\"8\">Detect<\/td>\n<td colspan=\"8\">Observe<\/td>\n<td colspan=\"8\">Recognize<\/td>\n<td colspan=\"10\">Identify<\/td>\n<\/tr>\n<tr>\n<td colspan=\"8\">W<\/td>\n<td colspan=\"8\">93 m<\/p>\n<p>(305.1 ft)<\/td>\n<td colspan=\"8\">37 m<\/p>\n<p>(121.4 ft)<\/td>\n<td colspan=\"8\">18 m<\/p>\n<p>(59.1 ft)<\/td>\n<td colspan=\"10\">9 m<\/p>\n<p>(29.5 ft)<\/td>\n<\/tr>\n<tr>\n<td colspan=\"8\">T<\/td>\n<td colspan=\"8\">205 m (672.6 ft)<\/td>\n<td colspan=\"8\">82 m<\/p>\n<p>(269.0 ft)<\/td>\n<td colspan=\"8\">41 m<\/p>\n<p>(134.5 ft)<\/td>\n<td colspan=\"10\">20 m<\/p>\n<p>(65.6 ft)<\/td>\n<\/tr>\n<tr>\n<td colspan=\"60\">Smart event<\/td>\n<\/tr>\n<tr>\n<td colspan=\"18\">IVS<\/td>\n<td colspan=\"42\">Abandoned object; missing object<\/td>\n<\/tr>\n<tr>\n<td colspan=\"60\">Professional, intelligent<\/td>\n<\/tr>\n<tr>\n<td colspan=\"18\">IVS (Perimeter Protection)<\/td>\n<td colspan=\"42\">Tripwire; intrusion; fast moving (the three functions support the classification and accurate detection of vehicle and human); loitering detection; people gathering; parking detection<\/td>\n<\/tr>\n<tr>\n<td colspan=\"18\">Face Detection<\/td>\n<td colspan=\"42\">Face detection; track; optimization; snapshot; face enhancement; face exposure; face attribute extract, 6 attributes and 8 expressions: Gender, age, glasses, expressions (anger, calm, happiness, sadness, disgust, surprise, confusion and fear), mask, beard; face matting setting: face, single inch photo; three snapshot methods: real-time snapshot, optimization snapshot, quality priority; face angle filter; optimization time setting; Support Duration Optimal,Non-living Filtering<\/td>\n<\/tr>\n<tr>\n<td colspan=\"18\">Face Recognition<\/td>\n<td colspan=\"42\">There are two models: General mode and counting mode.<\/p>\n<p>General mode: Face detection; track; snapshot; snapshot optimization; face enhancement; face exposure; face attribute extraction including 6 attributes (gender, age, glasses, expressions, mask and beard) and 8 expressions (anger, calm, happiness, sadness, disgust, surprise, confusion and fear); supports up to 5 face databases with 50,000 face pictures in total; supports non-living filtering<\/p>\n<p>Counting mode: Offers advanced customer counter, filtering of specified face database, and exporting of reports before and after removing duplicate faces.<\/td>\n<\/tr>\n<tr>\n<td colspan=\"18\">Face and Body Detection<\/td>\n<td colspan=\"42\">There are two modes: General mode and PPE Detection.<\/p>\n<p>General mode: Supports enabling face detection and human detection at the same time, and alarms can be triggered.<\/p>\n<p>PPE Detection: Supports PPE detection, can detect attributes including face mask, safety helmet, glasses, and safety vest, top color and bottom color, and determine whether PPE requirements are met. Alarms can be triggered according to the alarm settings.<\/td>\n<\/tr>\n<tr>\n<td colspan=\"18\">People Counting<\/td>\n<td colspan=\"42\">Support tripwire number counting, people counting in area, and displaying and outputting yearly\/monthly\/daily reports.<br \/>\nSupport queue management, and displaying and outputting monthly\/daily reports.<br \/>\nSupport 4 tripwire rules configuration, people counting in 4 areas, and 4 queue management functions.<\/td>\n<\/tr>\n<tr>\n<td colspan=\"18\">ANPR<\/td>\n<td colspan=\"42\">ANPR, track, priority, snapshot<\/p>\n<p>Vehicle attributes: License plate, vehicle type, vehicle color<\/p>\n<p>Other attributes: Seat belt, smoking, phoning<\/td>\n<\/tr>\n<tr>\n<td colspan=\"18\">Video Metadata<\/td>\n<td colspan=\"42\">Vehicle detection, non-motor vehicle detection, face Supports human body, human face, motor vehicle and non-motor vehicle image capture, attributes extraction, counting targets by directions (A&gt;B, B&gt;A, or A&lt; &gt;B), and exporting the report.<\/td>\n<\/tr>\n<tr>\n<td colspan=\"18\">Intelligent Search<\/td>\n<td colspan=\"42\">Work together with Smart NVR to perform refine intelligent search, event extraction and merging to event videos.<\/td>\n<\/tr>\n<tr>\n<td colspan=\"60\">Video<\/td>\n<\/tr>\n<tr>\n<td colspan=\"18\">Video Compression<\/td>\n<td colspan=\"42\">H.265; H.264; H.264H; H.264B; MJPEG (only supported by the sub stream)<\/td>\n<\/tr>\n<tr>\n<td colspan=\"18\">Smart Codec<\/td>\n<td colspan=\"42\">Smart H.264+<br \/>\nSmart H.265+<\/td>\n<\/tr>\n<tr>\n<td colspan=\"18\">Video Frame Rate<\/td>\n<td colspan=\"42\">Main stream: 4000 \u00d7 3000 @1-25\/30 fps<br \/>\nSub stream: 704 \u00d7 576@1-25fps, 704 \u00d7 480@1-30fpsThird stream: 1920 \u00d7 1080 @1-25\/30 fps<br \/>\nFourth stream: 1920 \u00d7 1080 @1-25\/30 fps<br \/>\nFifth stream: 704 \u00d7 576 @1-25 fps; 704 \u00d7 480 @1-30 fps<\/td>\n<\/tr>\n<tr>\n<td colspan=\"18\">Stream Capability<\/td>\n<td colspan=\"42\">5 streams<\/td>\n<\/tr>\n<tr>\n<td colspan=\"18\">Resolution<\/td>\n<td colspan=\"42\">12M (4000 \u00d7 3000); 8M (3840 \u00d7 2160); 6M (3072 \u00d7 2048); 5M (3072 \u00d7 1728); 5M (2592 \u00d7 1944); 4M (2688 \u00d7 1520); 3M (2048 \u00d7 1536); 3M (2304 \u00d7 1296); 2M (1920 \u00d7 1080); 1.3M (1280 \u00d7 960); 720P (1280 \u00d7 720); D1 (704 \u00d7 576\/704 \u00d7 480); CIF (352 \u00d7 288\/352 \u00d7 240); VGA (640 \u00d7 480)<\/td>\n<\/tr>\n<tr>\n<td colspan=\"18\">Bit Rate Control<\/td>\n<td colspan=\"42\">CBR\/VBR<\/td>\n<\/tr>\n<tr>\n<td colspan=\"18\">Video Bit Rate<\/td>\n<td colspan=\"42\">H.264: 32 kbps\u201316384 kbps<br \/>\nH.265: 32 kbps\u201314080 kbps<\/td>\n<\/tr>\n<tr>\n<td colspan=\"18\">Day\/Night<\/td>\n<td colspan=\"42\">Auto (ICR)\/Color\/B\/W<\/td>\n<\/tr>\n<tr>\n<td colspan=\"18\">BLC<\/td>\n<td colspan=\"42\">Yes<\/td>\n<\/tr>\n<tr>\n<td colspan=\"18\">HLC<\/td>\n<td colspan=\"42\">Yes<\/td>\n<\/tr>\n<tr>\n<td colspan=\"18\">DWDR<\/td>\n<td colspan=\"42\">Yes<\/td>\n<\/tr>\n<tr>\n<td colspan=\"18\">White Balance<\/td>\n<td colspan=\"42\">Auto\/natural\/street lamp\/outdoor\/manual\/regional custom<\/td>\n<\/tr>\n<tr>\n<td colspan=\"18\">Gain Control<\/td>\n<td colspan=\"42\">Auto\/Manual<\/td>\n<\/tr>\n<tr>\n<td colspan=\"18\">Noise Reduction<\/td>\n<td colspan=\"42\">3D NR<\/td>\n<\/tr>\n<tr>\n<td colspan=\"18\">Motion Detection<\/td>\n<td colspan=\"42\">OFF\/ON (4 areas, rectangular)<\/td>\n<\/tr>\n<tr>\n<td colspan=\"18\">Region of Interest (RoI)<\/td>\n<td colspan=\"42\">Yes (4 areas)<\/td>\n<\/tr>\n<tr>\n<td colspan=\"18\">Smart Illumination<\/td>\n<td colspan=\"42\">Yes<\/td>\n<\/tr>\n<tr>\n<td colspan=\"18\">Defog<\/td>\n<td colspan=\"42\">Yes<\/td>\n<\/tr>\n<tr>\n<td colspan=\"18\">Image Rotation<\/td>\n<td colspan=\"42\">0\u00b0\/90\u00b0\/180\u00b0\/270\u00b0 (Supports 90\u00b0\/270\u00b0 with 2688 \u00d7 1520 resolution and lower)<\/td>\n<\/tr>\n<tr>\n<td colspan=\"18\">Mirror<\/td>\n<td colspan=\"42\">Yes<\/td>\n<\/tr>\n<tr>\n<td colspan=\"18\">Privacy Masking<\/td>\n<td colspan=\"42\">8 areas<\/td>\n<\/tr>\n<tr>\n<td colspan=\"60\">Audio<\/td>\n<\/tr>\n<tr>\n<td colspan=\"18\">Audio Compression<\/td>\n<td colspan=\"42\">G.711A; G.711Mu; G.726; G.723<\/td>\n<\/tr>\n<tr>\n<td colspan=\"60\">Alarm<\/td>\n<\/tr>\n<tr>\n<td colspan=\"18\">Alarm Event<\/td>\n<td colspan=\"42\">No SD card; SD card full; SD card error; network disconnection; IP conflict; illegal access; motion detection; video tampering; tripwire; intrusion; fast moving; abandoned object; missing object; loitering detection; people gathering; parking detection; scene changing; audio detection; voltage detection; defocus detection; external alarm; face detection; video metadata; ANPR; people counting in area; stay alarm; people counting; people counting exception detection; queue management;safety exception<\/td>\n<\/tr>\n<tr>\n<td colspan=\"60\">Network<\/td>\n<\/tr>\n<tr>\n<td colspan=\"18\">Network<\/td>\n<td colspan=\"42\">RJ-45 (10\/100\/1000 Base-T)<\/td>\n<\/tr>\n<tr>\n<td colspan=\"18\">SDK and API<\/td>\n<td colspan=\"42\">Yes<\/td>\n<\/tr>\n<tr>\n<td colspan=\"18\">Cyber Security<\/td>\n<td colspan=\"42\">Video encryption; firmware encryption; configuration encryption; Digest; WSSE; account lockout; security logs; IP\/MAC filtering; generation and importing of X.509 certification; syslog; HTTPS; 802.1x; trusted boot; trusted execution; trusted upgrade<\/td>\n<\/tr>\n<tr>\n<td colspan=\"18\">Protocol<\/td>\n<td colspan=\"42\">IPv4; IPv6; HTTP; HTTPS; TCP; UDP; ARP; RTP; RTSP; RTCP; RTMP; SMTP; FTP; SFTP; DHCP; DNS; DDNS; QoS; UPnP; NTP; Multicast; ICMP; IGMP; NFS; SAMBA; PPPoE; 802.1x; SNMP; Bonjour<\/td>\n<\/tr>\n<tr>\n<td colspan=\"18\">Interoperability<\/td>\n<td colspan=\"42\">ONVIF (Profile S\/Profile G\/Profile T); CGI; Milestone; Genetec; P2P;RTMP<\/td>\n<\/tr>\n<tr>\n<td colspan=\"18\">User\/Host<\/td>\n<td colspan=\"42\">20 (Total bandwidth: 240 M.)<\/td>\n<\/tr>\n<tr>\n<td colspan=\"18\">Storage<\/td>\n<td colspan=\"42\">FTP; SFTP; Micro SD card (support max. 256 G); NAS<\/td>\n<\/tr>\n<tr>\n<td colspan=\"18\">Browser<\/td>\n<td colspan=\"42\">IE: IE9 and later<br \/>\nChrome: Chrome 42 and later<br \/>\nFirefox: Firefox 48.0.2 and later<\/td>\n<\/tr>\n<tr>\n<td colspan=\"18\">Management Software<\/td>\n<td colspan=\"42\">Smart PSS; DSS; DMSS<\/td>\n<\/tr>\n<tr>\n<td colspan=\"18\">Mobile Phone<\/td>\n<td colspan=\"42\">IOS; Android<\/td>\n<\/tr>\n<tr>\n<td colspan=\"60\">Certification<\/td>\n<\/tr>\n<tr>\n<td colspan=\"18\">Certifications<\/td>\n<td colspan=\"42\">CE-LVD: EN62368-1,EN60950-22 (optional)<\/p>\n<p>CE-EMC: Electromagnetic Compatibility Directive 2014\/30\/EU<\/p>\n<p>FCC: 47 CFR FCC Part 15, Subpart B<\/p>\n<p>UL\/CUL: UL62368-1 &amp; CAN\/CSA C22.2 No. 62368-1-14,UL 50E NEMA Type 4X (optional)<\/td>\n<\/tr>\n<tr>\n<td colspan=\"60\">Port<\/td>\n<\/tr>\n<tr>\n<td colspan=\"18\">RS-485<\/td>\n<td colspan=\"42\">1 (baud rate range: 1200 bps\u2013115200 bps)<\/td>\n<\/tr>\n<tr>\n<td colspan=\"18\">Audio Input<\/td>\n<td colspan=\"42\">1 channel (3.5mm JACK port)<\/td>\n<\/tr>\n<tr>\n<td colspan=\"18\">Audio Output<\/td>\n<td colspan=\"42\">1 channel (3.5mm JACK port)<\/td>\n<\/tr>\n<tr>\n<td colspan=\"18\">Alarm Input<\/td>\n<td colspan=\"42\">3 channels in: 5mA 3V\u20135V DC<\/td>\n<\/tr>\n<tr>\n<td colspan=\"18\">Alarm Output<\/td>\n<td colspan=\"42\">2 channels out: 1,000mA 30V DC\/500mA 50V DC<\/td>\n<\/tr>\n<tr>\n<td colspan=\"60\">Power<\/td>\n<\/tr>\n<tr>\n<td colspan=\"18\">Power Supply<\/td>\n<td colspan=\"42\">12V DC\/24V AC\/POE+(802.3at); ePoE<\/td>\n<\/tr>\n<tr>\n<td colspan=\"18\">Power Consumption<\/td>\n<td colspan=\"42\">Basic power consumption: 4.9W (12V DC); 6.53W (24V AC active power); 6.3W (PoE)<\/p>\n<p>Max. power consumption: 15.2W (12V DC); 19.32W(24V AC active power); 18.9W (PoE)<\/td>\n<\/tr>\n<tr>\n<td colspan=\"60\">Environment<\/td>\n<\/tr>\n<tr>\n<td colspan=\"18\">Operating Conditions<\/td>\n<td colspan=\"42\">\u201340\u00b0C to +65\u00b0C (\u201340\u00b0F to +149\u00b0F)\/Less than 95% RH<\/td>\n<\/tr>\n<tr>\n<td colspan=\"18\">Storage Conditions<\/td>\n<td colspan=\"42\">\u201340\u00b0C to +65\u00b0C (\u201340\u00b0F to +149\u00b0F)<\/td>\n<\/tr>\n<tr>\n<td colspan=\"18\">Protection Grade<\/td>\n<td colspan=\"42\">IP67, IK10, Anti-Corrosion Protection: NEMA 4X (optional)<\/td>\n<\/tr>\n<tr>\n<td colspan=\"60\">Structure<\/td>\n<\/tr>\n<tr>\n<td colspan=\"18\">Casing<\/td>\n<td colspan=\"42\">Metal + plastic<\/td>\n<\/tr>\n<tr>\n<td colspan=\"18\">Dimensions<\/td>\n<td colspan=\"42\">340.1 mm \u00d7 138.3 mm \u00d7 134 mm (13.39&#8243; \u00d7 5.44&#8243; \u00d7 5.28&#8243;) (L \u00d7 W \u00d7 H)<\/td>\n<\/tr>\n<tr>\n<td colspan=\"18\">Net Weight<\/td>\n<td colspan=\"42\">1600 g (3.53 lb)<\/td>\n<\/tr>\n<tr>\n<td colspan=\"18\">Gross Weight<\/td>\n<td colspan=\"42\">2400 g (5.29 lb)<\/td>\n<\/tr>\n<\/tbody>\n<\/table>\n","protected":false},"excerpt":{"rendered":"<div class=\"el-col el-col-24 el-col-xs-24 el-col-sm-12 el-col-md-12 el-col-lg-12\" data-v-6f7ca0da=\"\">\n<div class=\"text-wrapper text-wrapper--spe\" data-v-6f7ca0da=\"\">\n<p class=\"text\" data-v-6f7ca0da=\"\">12MP IR Bullet WizMind Network Camera<\/p>\n<div data-v-6f7ca0da=\"\">\n<p>&gt; 12MP 1\/1.7\u201d CMOS image sensor, high image definition<\/p>\n<p>&gt; Outputs max. 12MP (4000 \u00d7 3000) @25\/30 fps<\/p>\n<p>&gt; H.265 codec, high compression rate, ultra-low bit rate<\/p>\n<p>&gt; Built-in IR LED, max. IR distance: 60 m<\/p>\n<p>&gt; Rotation mode, DWDR; 3D NR, HLC, BLC, digital watermarking<\/p>\n<p>&gt; ROI, SVC, SMART H.264+\/H.265+, flexible coding, applicable to various bandwidth and storage environments<\/p>\n<p>&gt; Perimeter Protection , Face Detection , Video Metadata , ANPR , People Counting , Queue Management<\/p>\n<p>&gt; Alarm: 3 in, 2 out; audio: 1 in, 1 out; RS-485; BNC; supports max. 256 G SD card<\/p>\n<p>&gt; 24V AC\/12V DC\/PoE power supply (the power ports are different depending on the power supply); 12V DC power output, max. current 165mA; easy for installation<\/p>\n<p>&gt; IP67, IK10 protection<\/p>\n<p>&gt; Anti-corrosion coating(optional)<\/p>\n<p>&gt; Five streams for three-channel HD video<\/p>\n<p><img decoding=\"async\" src=\"https:\/\/www.dahuasecurity.com\/asset\/upload\/uploads\/image\/20210705\/20210705175254_64507.png\" alt=\"\" \/><\/p>\n<\/div>\n<\/div>\n<\/div>\n","protected":false},"featured_media":22215,"comment_status":"open","ping_status":"closed","template":"","meta":{"om_disable_all_campaigns":false,"_monsterinsights_skip_tracking":false,"_monsterinsights_sitenote_active":false,"_monsterinsights_sitenote_note":"","_monsterinsights_sitenote_category":0},"product_cat":[793,899,303],"product_tag":[261,213,193,195,218,197,201,277,1093],"class_list":{"0":"post-22214","1":"product","2":"type-product","3":"status-publish","4":"has-post-thumbnail","6":"product_cat-12mp-fisheye","7":"product_cat-cameras-12mp-cameras-ip","8":"product_cat-cameras-ip","9":"product_tag-camera-ip-dahua","10":"product_tag-camera-dahua","11":"product_tag-dahua-casablanca","12":"product_tag-dahua-fes","13":"product_tag-dahua-hoceima","14":"product_tag-dahua-maroc","15":"product_tag-dahua-tanger","16":"product_tag-dahua-taza","17":"product_tag-onstuck","18":"ts_product_brand-dahua","20":"first","21":"instock","22":"shipping-taxable","23":"purchasable","24":"product-type-simple","25":"add-to-wishlist-after_add_to_cart"},"aioseo_notices":[],"_links":{"self":[{"href":"https:\/\/tthcompany.ma\/index.php\/wp-json\/wp\/v2\/product\/22214","targetHints":{"allow":["GET"]}}],"collection":[{"href":"https:\/\/tthcompany.ma\/index.php\/wp-json\/wp\/v2\/product"}],"about":[{"href":"https:\/\/tthcompany.ma\/index.php\/wp-json\/wp\/v2\/types\/product"}],"replies":[{"embeddable":true,"href":"https:\/\/tthcompany.ma\/index.php\/wp-json\/wp\/v2\/comments?post=22214"}],"wp:featuredmedia":[{"embeddable":true,"href":"https:\/\/tthcompany.ma\/index.php\/wp-json\/wp\/v2\/media\/22215"}],"wp:attachment":[{"href":"https:\/\/tthcompany.ma\/index.php\/wp-json\/wp\/v2\/media?parent=22214"}],"wp:term":[{"taxonomy":"product_cat","embeddable":true,"href":"https:\/\/tthcompany.ma\/index.php\/wp-json\/wp\/v2\/product_cat?post=22214"},{"taxonomy":"product_tag","embeddable":true,"href":"https:\/\/tthcompany.ma\/index.php\/wp-json\/wp\/v2\/product_tag?post=22214"}],"curies":[{"name":"wp","href":"https:\/\/api.w.org\/{rel}","templated":true}]}}