{"id":21784,"date":"2022-12-28T10:31:37","date_gmt":"2022-12-28T10:31:37","guid":{"rendered":"https:\/\/tthcompany.ma\/?post_type=product&#038;p=21784"},"modified":"2023-09-26T10:54:37","modified_gmt":"2023-09-26T10:54:37","slug":"ipc-hdbw5241rp-ase","status":"publish","type":"product","link":"https:\/\/tthcompany.ma\/index.php\/product\/ipc-hdbw5241rp-ase\/","title":{"rendered":"IPC-HDBW5241RP-ASE"},"content":{"rendered":"<table id=\"table001\" class=\"NEW-TABLE TableOverride-1 tab-drag\">\n<tbody>\n<tr>\n<td colspan=\"60\">Camera<\/td>\n<\/tr>\n<tr>\n<td colspan=\"18\">Image Sensor<\/td>\n<td colspan=\"42\">1\/2.8&#8243; CMOS<\/td>\n<\/tr>\n<tr>\n<td colspan=\"18\">Max. Resolution<\/td>\n<td colspan=\"42\">1920 (H) \u00d7 1080 (V)<\/td>\n<\/tr>\n<tr>\n<td colspan=\"18\">ROM<\/td>\n<td colspan=\"42\">128 MB<\/td>\n<\/tr>\n<tr>\n<td colspan=\"18\">RAM<\/td>\n<td colspan=\"42\">512 MB<\/td>\n<\/tr>\n<tr>\n<td colspan=\"18\">Scanning System<\/td>\n<td colspan=\"42\">Progressive<\/td>\n<\/tr>\n<tr>\n<td colspan=\"18\">Electronic Shutter Speed<\/td>\n<td colspan=\"42\">Auto\/Manual 1\/3 s\u20131\/100,000 s<\/td>\n<\/tr>\n<tr>\n<td colspan=\"18\">Min. Illumination<\/td>\n<td colspan=\"42\">0.002 lux@F1.6 (Color, 30 IRE)<br \/>\n0.0002 lux@F1.6 (B\/W, 30 IRE)<br \/>\n0 lux (Illuminator on)<\/td>\n<\/tr>\n<tr>\n<td colspan=\"18\">S\/N Ratio<\/td>\n<td colspan=\"42\"><span lang=\"zh-CN\">&gt;56 dB<\/span><\/td>\n<\/tr>\n<tr>\n<td colspan=\"18\">Illumination Distance<\/td>\n<td colspan=\"42\">50 m (164.04 ft) (IR)<\/td>\n<\/tr>\n<tr>\n<td colspan=\"18\">Illuminator On\/Off Control<\/td>\n<td colspan=\"42\">Auto; manual<\/td>\n<\/tr>\n<tr>\n<td colspan=\"18\">Illuminator Number<\/td>\n<td colspan=\"42\">1 (IR LED)<\/td>\n<\/tr>\n<tr>\n<td colspan=\"18\">Pan\/Tilt\/Rotation Range<\/td>\n<td colspan=\"42\">Pan: 0\u00b0\u2013360\u00b0<br \/>\nTilt: 0\u00b0\u201378\u00b0<br \/>\nRotation: 0\u00b0\u2013360\u00b0<\/td>\n<\/tr>\n<tr>\n<td colspan=\"60\">Lens<\/td>\n<\/tr>\n<tr>\n<td colspan=\"18\">Lens Type<\/td>\n<td colspan=\"42\">Fixed-focal<\/td>\n<\/tr>\n<tr>\n<td colspan=\"18\">Lens Mount<\/td>\n<td colspan=\"42\">M12<\/td>\n<\/tr>\n<tr>\n<td colspan=\"18\">Focal Length<\/td>\n<td colspan=\"42\">2.8 mm; 3.6 mm; 6 mm<\/td>\n<\/tr>\n<tr>\n<td colspan=\"18\">Max. Aperture<\/td>\n<td colspan=\"42\">F1.6<\/td>\n<\/tr>\n<tr>\n<td colspan=\"18\">Field of View<\/td>\n<td colspan=\"42\">2.8 mm: Horizontal: 106\u00b0; Vertical: 57\u00b0; Diagonal: 126\u00b0<br \/>\n3.6 mm: Horizontal: 87\u00b0; Vertical: 46\u00b0; Diagonal: 104\u00b0<br \/>\n6 mm: Horizontal: 53\u00b0; Vertical: 30\u00b0; Diagonal: 60\u00b0<\/td>\n<\/tr>\n<tr>\n<td colspan=\"18\">Iris Control<\/td>\n<td colspan=\"42\">Fixed<\/td>\n<\/tr>\n<tr>\n<td colspan=\"18\">Close Focus Distance<\/td>\n<td colspan=\"42\">2.8 mm: 0.6 m (1.97 ft)<br \/>\n3.6 mm: 1.2 m (3.94 ft)<br \/>\n6 mm: 2.5 m (8.20 ft)<\/td>\n<\/tr>\n<tr>\n<td colspan=\"18\" rowspan=\"4\">DORI Distance<\/td>\n<td colspan=\"8\">Lens<\/td>\n<td colspan=\"8\">Detect<\/td>\n<td colspan=\"8\">Observe<\/td>\n<td colspan=\"8\">Recognize<\/td>\n<td colspan=\"10\">Identify<\/td>\n<\/tr>\n<tr>\n<td colspan=\"8\">2.8 mm<\/td>\n<td colspan=\"8\">38.6 m (126.64 ft)<\/td>\n<td colspan=\"8\">15.4 m (50.52 ft)<\/td>\n<td colspan=\"8\">7.7 m<\/p>\n<p>(25.26 ft)<\/td>\n<td colspan=\"10\">3.9 m<\/p>\n<p>(12.80 ft)<\/td>\n<\/tr>\n<tr>\n<td colspan=\"8\">3.6 mm<\/td>\n<td colspan=\"8\">55.2 m (181.10 ft)<\/td>\n<td colspan=\"8\">22.1 m (72.51 ft)<\/td>\n<td colspan=\"8\">11.0 m (36.09 ft)<\/td>\n<td colspan=\"10\">5.5 m<\/p>\n<p>(18.04 ft)<\/td>\n<\/tr>\n<tr>\n<td colspan=\"8\">6 mm<\/td>\n<td colspan=\"8\">82.8 m (271.65 ft)<\/td>\n<td colspan=\"8\">33.1 m (108.60 ft)<\/td>\n<td colspan=\"8\">16.6 m (54.46 ft)<\/td>\n<td colspan=\"10\">8.3 m<\/p>\n<p>(27.23 ft)<\/td>\n<\/tr>\n<tr>\n<td colspan=\"60\">Smart Event<\/td>\n<\/tr>\n<tr>\n<td colspan=\"18\">IVS<\/td>\n<td colspan=\"42\">Abandoned object; missing object<\/td>\n<\/tr>\n<tr>\n<td colspan=\"18\">Heat Map<\/td>\n<td colspan=\"42\">Yes<\/td>\n<\/tr>\n<tr>\n<td colspan=\"60\">Professional, intelligent<\/td>\n<\/tr>\n<tr>\n<td colspan=\"18\">IVS (Perimeter Protection)<\/td>\n<td colspan=\"42\">Intrusion, tripwire, fast moving (the three functions support the classification and accurate detection of vehicle and human); loitering detection, people gathering, and parking detection<\/td>\n<\/tr>\n<tr>\n<td colspan=\"18\">SMD 3.0<\/td>\n<td colspan=\"42\">Less false alarm, longer detection distance<\/td>\n<\/tr>\n<tr>\n<td colspan=\"18\">Face Detection<\/td>\n<td colspan=\"42\">Face detection; track; snapshot; snapshot optimization; optimal face snapshot upload; face enhancement; face exposure; face snapshot set as face, one-inch photo or custom; 3 snapshot strategies (real-time snapshot, optimization snapshot and quality first); face angle filter; optimization time setting<\/td>\n<\/tr>\n<tr>\n<td colspan=\"18\">People Counting<\/td>\n<td colspan=\"42\">Support the counting of enter number, leave number and pass number, and displaying and outputting yearly\/monthly\/daily reports.<\/p>\n<p>Support the counting of number in area, and 4 rules configuration. Count number of people or stay time and link alarm.<\/p>\n<p>Support queue management, and 4 rules configuration. Count number of people or stay time and link alarm.<\/td>\n<\/tr>\n<tr>\n<td colspan=\"18\">Smart Search<\/td>\n<td colspan=\"42\">Work together with Smart NVR to perform refine intelligent search, event extraction and merging to event videos<\/td>\n<\/tr>\n<tr>\n<td colspan=\"60\">Video<\/td>\n<\/tr>\n<tr>\n<td colspan=\"18\">Video Compression<\/td>\n<td colspan=\"42\">H.265; H.264; H.264H; H.264B; MJPEG (Only supported by the sub stream)<\/td>\n<\/tr>\n<tr>\n<td colspan=\"18\">Smart Codec<\/td>\n<td colspan=\"42\">Smart H.265+; Smart H.264+<\/td>\n<\/tr>\n<tr>\n<td colspan=\"18\">AI Coding<\/td>\n<td colspan=\"42\">AI H.265; AI H.264<\/td>\n<\/tr>\n<tr>\n<td colspan=\"18\">Video Frame Rate<\/td>\n<td colspan=\"42\">Main stream: 1080p@(1\u201325\/30 fps)<br \/>\nSub stream: D1@(1\u201325\/30 fps)<br \/>\nThird stream: 1080p@(1\u201325\/30 fps)<br \/>\n*The values above are the max. frame rates of each stream; for multiple streams, the values will be subjected to the total encoding capacity.<\/td>\n<\/tr>\n<tr>\n<td colspan=\"18\">Stream Capability<\/td>\n<td colspan=\"42\">3 streams<\/td>\n<\/tr>\n<tr>\n<td colspan=\"18\">Resolution<\/td>\n<td colspan=\"42\">1080p (1920 \u00d7 1080); 1.3M (1280 \u00d7 960); 720p (1280 \u00d7 720); D1 (704 \u00d7 576\/704 \u00d7 480); VGA (640 \u00d7 480); CIF (352 \u00d7 288\/352 \u00d7 240)<\/td>\n<\/tr>\n<tr>\n<td colspan=\"18\">Bit Rate Control<\/td>\n<td colspan=\"42\">CBR\/VBR<\/td>\n<\/tr>\n<tr>\n<td colspan=\"18\">Video Bit Rate<\/td>\n<td colspan=\"42\">H.264: 3 kbps\u201320480 kbps<br \/>\nH.265: 3 kbps\u201320480 kbps<\/td>\n<\/tr>\n<tr>\n<td colspan=\"18\">Day\/Night<\/td>\n<td colspan=\"42\">Auto(ICR)\/Color\/B\/W<\/td>\n<\/tr>\n<tr>\n<td colspan=\"18\">BLC<\/td>\n<td colspan=\"42\">Yes<\/td>\n<\/tr>\n<tr>\n<td colspan=\"18\">HLC<\/td>\n<td colspan=\"42\">Yes<\/td>\n<\/tr>\n<tr>\n<td colspan=\"18\">WDR<\/td>\n<td colspan=\"42\">120 dB<\/td>\n<\/tr>\n<tr>\n<td colspan=\"18\">Scene Self-adaptation (SSA)<\/td>\n<td colspan=\"42\">Yes<\/td>\n<\/tr>\n<tr>\n<td colspan=\"18\">White Balance<\/td>\n<td colspan=\"42\">Auto; natural; street lamp; outdoor; manual; regional custom<\/td>\n<\/tr>\n<tr>\n<td colspan=\"18\">Gain Control<\/td>\n<td colspan=\"42\">Auto; manual<\/td>\n<\/tr>\n<tr>\n<td colspan=\"18\">Noise Reduction<\/td>\n<td colspan=\"42\">3D NR<\/td>\n<\/tr>\n<tr>\n<td colspan=\"18\">Motion Detection<\/td>\n<td colspan=\"42\">OFF\/ON (4 areas, rectangular)<\/td>\n<\/tr>\n<tr>\n<td colspan=\"18\">Region of Interest (RoI)<\/td>\n<td colspan=\"42\">Yes (4 areas)<\/td>\n<\/tr>\n<tr>\n<td colspan=\"18\">Defog<\/td>\n<td colspan=\"42\">Yes<\/td>\n<\/tr>\n<tr>\n<td colspan=\"18\">Image Rotation<\/td>\n<td colspan=\"42\">0\u00b0\/90\u00b0\/180\u00b0\/270\u00b0<\/td>\n<\/tr>\n<tr>\n<td colspan=\"18\">Mirror<\/td>\n<td colspan=\"42\">Yes<\/td>\n<\/tr>\n<tr>\n<td colspan=\"18\">Privacy Masking<\/td>\n<td colspan=\"42\">8 areas<\/td>\n<\/tr>\n<tr>\n<td colspan=\"60\">Audio<\/td>\n<\/tr>\n<tr>\n<td colspan=\"18\">Audio Compression<\/td>\n<td colspan=\"42\">PCM; G.711a; G.711Mu; G.726; G.723<\/td>\n<\/tr>\n<tr>\n<td colspan=\"60\">Alarm<\/td>\n<\/tr>\n<tr>\n<td colspan=\"18\">Alarm Event<\/td>\n<td colspan=\"42\">No SD card; SD card full; SD card error; network disconnection; IP conflict; illegal access; voltage detection; motion detection; video tampering; tripwire; intrusion; fast moving; abandoned object; missing object; loitering detection; people gathering; parking detection; scene changing; audio detection; external alarm; face detection; SMD; people counting in area; stay detection; people counting; security exception<\/td>\n<\/tr>\n<tr>\n<td colspan=\"60\">Network<\/td>\n<\/tr>\n<tr>\n<td colspan=\"18\">Network Port<\/td>\n<td colspan=\"42\">RJ-45 (10\/100 Base-T)<\/td>\n<\/tr>\n<tr>\n<td colspan=\"18\">SDK and API<\/td>\n<td colspan=\"42\">Yes<\/td>\n<\/tr>\n<tr>\n<td colspan=\"18\">Cyber Security<\/td>\n<td colspan=\"42\">Video encryption; Firmware encryption; Configuration encryption; Digest; WSSE; Account lockout; Security logs; IP\/MAC filtering; Generation and importing of X.509 certification; syslog; HTTPS; 802.1x; Trusted boot; Trusted execution; Trusted upgrade<\/td>\n<\/tr>\n<tr>\n<td colspan=\"18\">Network Protocol<\/td>\n<td colspan=\"42\">IPv4; IPv6; HTTP; HTTPS; TCP; UDP; ARP; RTP; RTSP; RTCP; RTMP; SMTP; FTP; SFTP; DHCP; DNS; DDNS; QoS; UPnP; NTP; Multicast; ICMP; IGMP; NFS; SAMBA; PPPoE; 802.1x; SNMP<\/td>\n<\/tr>\n<tr>\n<td colspan=\"18\">Interoperability<\/td>\n<td colspan=\"42\">ONVIF (Profile S\/Profile G\/Profile T); CGI; Milestone; P2P<\/td>\n<\/tr>\n<tr>\n<td colspan=\"18\">User\/Host<\/td>\n<td colspan=\"42\">20 (Total bandwidth: 80 M)<\/td>\n<\/tr>\n<tr>\n<td colspan=\"18\">Storage<\/td>\n<td colspan=\"42\">FTP; SFTP; Micro SD card (support max. 256 GB); NAS<\/td>\n<\/tr>\n<tr>\n<td colspan=\"18\">Browser<\/td>\n<td colspan=\"42\">IE: IE 8 and later<br \/>\nChrome<br \/>\nFirefox<\/td>\n<\/tr>\n<tr>\n<td colspan=\"18\">Management Software<\/td>\n<td colspan=\"42\">Smart PSS; DSS; DMSS<\/td>\n<\/tr>\n<tr>\n<td colspan=\"18\">Mobile Client<\/td>\n<td colspan=\"42\">iOS; Android<\/td>\n<\/tr>\n<tr>\n<td colspan=\"60\">Certification<\/td>\n<\/tr>\n<tr>\n<td colspan=\"18\">Certifications<\/td>\n<td colspan=\"42\">CE-LVD: EN60950-1<br \/>\nCE-EMC: Electromagnetic Compatibility Directive 2014\/30\/EU<br \/>\nFCC: 47 CFR FCC Part 15, Subpart B<br \/>\nUL\/CUL:<br \/>\nUL60950-1<br \/>\nCAN\/CSA C22.2 No.60950-1-07<\/td>\n<\/tr>\n<tr>\n<td colspan=\"60\">Port<\/td>\n<\/tr>\n<tr>\n<td colspan=\"18\">Audio Input<\/td>\n<td colspan=\"42\">1 channel (RCA port)<\/td>\n<\/tr>\n<tr>\n<td colspan=\"18\">Audio Output<\/td>\n<td colspan=\"42\">1 channel (RCA port)<\/td>\n<\/tr>\n<tr>\n<td colspan=\"18\">Alarm Input<\/td>\n<td colspan=\"42\">1 channel in: 5 mA 3\u20135 VDC<\/td>\n<\/tr>\n<tr>\n<td colspan=\"18\">Alarm Output<\/td>\n<td colspan=\"42\">1 channel out: 300 mA 12 VDC<\/td>\n<\/tr>\n<tr>\n<td colspan=\"60\">Power<\/td>\n<\/tr>\n<tr>\n<td colspan=\"18\">Power Supply<\/td>\n<td colspan=\"42\">12 VDC\/PoE (802.3af)\/ePoE<\/td>\n<\/tr>\n<tr>\n<td colspan=\"18\">Power Consumption<\/td>\n<td colspan=\"42\">Basic: 2.3 W (12 VDC); 2.8 W (PoE)<br \/>\nMax. (H.265 + three streams + intelligence on + IR on ): 4.8 W (12 VDC); 5.5 W (PoE)<\/td>\n<\/tr>\n<tr>\n<td colspan=\"60\">Environment<\/td>\n<\/tr>\n<tr>\n<td colspan=\"18\">Operating Temperature<\/td>\n<td colspan=\"42\">\u201340 \u00b0C to +60 \u00b0C (\u201340 \u00b0F to +140 \u00b0F)<\/td>\n<\/tr>\n<tr>\n<td colspan=\"18\">Operating Humidity<\/td>\n<td colspan=\"42\">\u226495%<\/td>\n<\/tr>\n<tr>\n<td colspan=\"18\">Storage Temperature<\/td>\n<td colspan=\"42\">\u201340 \u00b0C to +60 \u00b0C (\u201340 \u00b0F to +140 \u00b0F)<\/td>\n<\/tr>\n<tr>\n<td colspan=\"18\">Protection<\/td>\n<td colspan=\"42\">IP67; IK10<\/td>\n<\/tr>\n<tr>\n<td colspan=\"60\">Structure<\/td>\n<\/tr>\n<tr>\n<td colspan=\"18\">Casing<\/td>\n<td colspan=\"42\">Metal + plastic<\/td>\n<\/tr>\n<tr>\n<td colspan=\"18\">Product Dimensions<\/td>\n<td colspan=\"42\">\u03a6122 mm \u00d7 88.9 mm (4.80&#8243; \u00d7 \u03a63.50&#8243;)<\/td>\n<\/tr>\n<tr>\n<td colspan=\"18\">Net Weight<\/td>\n<td colspan=\"42\">455 g (1.00 lb)<\/td>\n<\/tr>\n<tr>\n<td colspan=\"18\">Gross Weight<\/td>\n<td colspan=\"42\">615 g (1.36 lb)<\/td>\n<\/tr>\n<\/tbody>\n<\/table>\n","protected":false},"excerpt":{"rendered":"<p class=\"text\" data-v-6f7ca0da=\"\">2MP IR Fixed-focal Dome WizMind Network Camera<\/p>\n<div data-v-6f7ca0da=\"\">\n<p>&gt; 2-MP 1\/2.8&#8243; CMOS image sensor, low luminance, and high definition image.<\/p>\n<p>&gt; Outputs max. 2 MP (1920 \u00d7 1080)@30 fps.<\/p>\n<p>&gt; H.265 codec, high compression rate, ultra-low bit rate.<\/p>\n<p>&gt; Built-in IR LED, and the max. illumination distance is 50 m.<\/p>\n<p>&gt; ROI, SVC, SMART H.264 +\/H.265+, AI H.264\/H.265, flexible coding, applicable to various bandwidth and storage environments.<\/p>\n<p>&gt; Rotation mode, WDR, 3D NR, HLC, BLC, digital watermarking, applicable to various monitoring scenes.<\/p>\n<p>&gt; Intelligent monitoring: Intrusion, tripwire, fast moving (the three functions support the classification and accurate detection of vehicle and human); abandoned object, missing object, loitering detection, people gathering, parking detection, heat map and face detection.<\/p>\n<p>&gt; Abnormality detection: Motion detection, video tampering, scene changing, audio detection, no SD card, SD card full, SD card error, network disconnection, IP conflict, illegal access, and voltage detection.<\/p>\n<p>&gt; Alarm: 1 in, 1 out; audio: 1 in, 1 out; supports max. 256 G Micro SD card.<\/p>\n<p>&gt; 12 VDC\/PoE power supply, easy for installation.<\/p>\n<p>&gt; ePoE; IP67 and IK10 protection.<\/p>\n<p>&gt; SMD 3.0.<\/p>\n<p><img decoding=\"async\" src=\"https:\/\/www.dahuasecurity.com\/asset\/upload\/uploads\/image\/20200729\/20200729105533_67822.png\" alt=\"\" \/><\/p>\n<\/div>\n","protected":false},"featured_media":21785,"comment_status":"open","ping_status":"closed","template":"","meta":{"om_disable_all_campaigns":false,"_monsterinsights_skip_tracking":false,"_monsterinsights_sitenote_active":false,"_monsterinsights_sitenote_note":"","_monsterinsights_sitenote_category":0},"product_cat":[421,522,785],"product_tag":[409,883,773,261,213,229,336,195,198,201,222,1093,884],"class_list":{"0":"post-21784","1":"product","2":"type-product","3":"status-publish","4":"has-post-thumbnail","6":"product_cat-2mp","7":"product_cat-audio-cameras-2mp","8":"product_cat-serie-pro-2mp-zoom","9":"product_tag-2mp","10":"product_tag-5-series","11":"product_tag-camera-de-surveillance-dahua","12":"product_tag-camera-ip-dahua","13":"product_tag-camera-dahua","14":"product_tag-dahua-agadir","15":"product_tag-dahua-casabalannca","16":"product_tag-dahua-fes","17":"product_tag-dahua-marrakech","18":"product_tag-dahua-tanger","19":"product_tag-dahua-tetouan","20":"product_tag-onstuck","21":"product_tag-wizmind-series","22":"ts_product_brand-dahua","24":"first","25":"instock","26":"shipping-taxable","27":"purchasable","28":"product-type-simple","29":"add-to-wishlist-after_add_to_cart"},"aioseo_notices":[],"_links":{"self":[{"href":"https:\/\/tthcompany.ma\/index.php\/wp-json\/wp\/v2\/product\/21784","targetHints":{"allow":["GET"]}}],"collection":[{"href":"https:\/\/tthcompany.ma\/index.php\/wp-json\/wp\/v2\/product"}],"about":[{"href":"https:\/\/tthcompany.ma\/index.php\/wp-json\/wp\/v2\/types\/product"}],"replies":[{"embeddable":true,"href":"https:\/\/tthcompany.ma\/index.php\/wp-json\/wp\/v2\/comments?post=21784"}],"wp:featuredmedia":[{"embeddable":true,"href":"https:\/\/tthcompany.ma\/index.php\/wp-json\/wp\/v2\/media\/21785"}],"wp:attachment":[{"href":"https:\/\/tthcompany.ma\/index.php\/wp-json\/wp\/v2\/media?parent=21784"}],"wp:term":[{"taxonomy":"product_cat","embeddable":true,"href":"https:\/\/tthcompany.ma\/index.php\/wp-json\/wp\/v2\/product_cat?post=21784"},{"taxonomy":"product_tag","embeddable":true,"href":"https:\/\/tthcompany.ma\/index.php\/wp-json\/wp\/v2\/product_tag?post=21784"}],"curies":[{"name":"wp","href":"https:\/\/api.w.org\/{rel}","templated":true}]}}