{"id":21779,"date":"2022-12-27T13:14:19","date_gmt":"2022-12-27T13:14:19","guid":{"rendered":"https:\/\/tthcompany.ma\/?post_type=product&#038;p=21779"},"modified":"2022-12-27T13:18:30","modified_gmt":"2022-12-27T13:18:30","slug":"ipc-hdbw3241rp-zs-s2","status":"publish","type":"product","link":"https:\/\/tthcompany.ma\/index.php\/product\/ipc-hdbw3241rp-zs-s2\/","title":{"rendered":"IPC-HDBW3241RP-ZS-S2"},"content":{"rendered":"<div id=\"div_left\">\n<div class=\"div-drop\">\n<table id=\"table001\" class=\"NEW-TABLE TableOverride-1 tab-drag\" style=\"width: 100%;\">\n<tbody>\n<tr>\n<td style=\"width: 488.996%;\" colspan=\"60\">\n<h2><span style=\"font-size: 14pt;\">Cam\u00e9ra<\/span><\/h2>\n<\/td>\n<\/tr>\n<tr>\n<td style=\"width: 14.7521%;\" colspan=\"18\">Capteur d&#8217;image<\/td>\n<td style=\"width: 474.244%;\" colspan=\"42\">CMOS progressif 1 \/ 2,8 &#8220;2 m\u00e9gapixels<\/td>\n<\/tr>\n<tr>\n<td style=\"width: 14.7521%;\" colspan=\"18\">Max.\u00a0R\u00e9solution<\/td>\n<td style=\"width: 474.244%;\" colspan=\"42\">1920 (H) \u00d7 1080 (V)<\/td>\n<\/tr>\n<tr>\n<td style=\"width: 14.7521%;\" colspan=\"18\">ROM<\/td>\n<td style=\"width: 474.244%;\" colspan=\"42\">128 Mo<\/td>\n<\/tr>\n<tr>\n<td style=\"width: 14.7521%;\" colspan=\"18\">RAM<\/td>\n<td style=\"width: 474.244%;\" colspan=\"42\">256 Mo<\/td>\n<\/tr>\n<tr>\n<td style=\"width: 14.7521%;\" colspan=\"18\">Syst\u00e8me de num\u00e9risation<\/td>\n<td style=\"width: 474.244%;\" colspan=\"42\">Progressive<\/td>\n<\/tr>\n<tr>\n<td style=\"width: 14.7521%;\" colspan=\"18\">Vitesse d&#8217;obturation \u00e9lectronique<\/td>\n<td style=\"width: 474.244%;\" colspan=\"42\">Auto \/ Manuel 1\/3 s \u2013 1\/100000 s<\/td>\n<\/tr>\n<tr>\n<td style=\"width: 14.7521%;\" colspan=\"18\">Min.\u00a0\u00c9clairage<\/td>\n<td style=\"width: 474.244%;\" colspan=\"42\">0,002 Lux@F1,5<\/td>\n<\/tr>\n<tr>\n<td style=\"width: 14.7521%;\" colspan=\"18\">Rapport S \/ N<\/td>\n<td style=\"width: 474.244%;\" colspan=\"42\">&gt; 56 dB<\/td>\n<\/tr>\n<tr>\n<td style=\"width: 14.7521%;\" colspan=\"18\">Distance d&#8217;\u00e9clairage<\/td>\n<td style=\"width: 474.244%;\" colspan=\"42\">40 m (131,23 pieds)<\/td>\n<\/tr>\n<tr>\n<td style=\"width: 14.7521%;\" colspan=\"18\">Contr\u00f4le marche \/ arr\u00eat de l&#8217;illuminateur<\/td>\n<td style=\"width: 474.244%;\" colspan=\"42\">Auto \/ Manuel<\/td>\n<\/tr>\n<tr>\n<td style=\"width: 14.7521%;\" colspan=\"18\">Num\u00e9ro de l&#8217;illuminateur<\/td>\n<td style=\"width: 474.244%;\" colspan=\"42\">2 (LED IR)<\/td>\n<\/tr>\n<tr>\n<td style=\"width: 14.7521%;\" colspan=\"18\">Plage de panoramique \/ inclinaison \/ rotation<\/td>\n<td style=\"width: 474.244%;\" colspan=\"42\">Pan\u00a0: 0 \u00b0 -355 \u00b0;\u00a0Inclinaison\u00a0: 0 \u00b0 \u201375 \u00b0;\u00a0Rotation\u00a0: 0 \u00b0 \u2013355 \u00b0<\/td>\n<\/tr>\n<tr>\n<td style=\"width: 488.996%;\" colspan=\"60\">\n<h2><span style=\"font-size: 14pt;\">Lentille<\/span><\/h2>\n<\/td>\n<\/tr>\n<tr>\n<td style=\"width: 14.7521%;\" colspan=\"18\">Type de lentille<\/td>\n<td style=\"width: 474.244%;\" colspan=\"42\">Vari-focale motoris\u00e9e<\/td>\n<\/tr>\n<tr>\n<td style=\"width: 14.7521%;\" colspan=\"18\">Type de montage<\/td>\n<td style=\"width: 474.244%;\" colspan=\"42\">\u03c614<\/td>\n<\/tr>\n<tr>\n<td style=\"width: 14.7521%;\" colspan=\"18\">Distance focale<\/td>\n<td style=\"width: 474.244%;\" colspan=\"42\">2,7 mm \u2013 13,5 mm<\/td>\n<\/tr>\n<tr>\n<td style=\"width: 14.7521%;\" colspan=\"18\">Max.\u00a0Ouverture<\/td>\n<td style=\"width: 474.244%;\" colspan=\"42\">F1.5<\/td>\n<\/tr>\n<tr>\n<td style=\"width: 14.7521%;\" colspan=\"18\">Champ de vision<\/td>\n<td style=\"width: 474.244%;\" colspan=\"42\">Horizontale: 108 \u00b0 -28 \u00b0<br \/>\nVerticale: 57 \u00b0 -16 \u00b0<br \/>\nDiagonale: 130 \u00b0 -33 \u00b0<\/td>\n<\/tr>\n<tr>\n<td style=\"width: 14.7521%;\" colspan=\"18\">Type d&#8217;iris<\/td>\n<td style=\"width: 474.244%;\" colspan=\"42\">Fix\u00e9<\/td>\n<\/tr>\n<tr>\n<td style=\"width: 14.7521%;\" colspan=\"18\">Distance de mise au point rapproch\u00e9e<\/td>\n<td style=\"width: 474.244%;\" colspan=\"42\">0,8 m (2,6 pieds)<\/td>\n<\/tr>\n<tr>\n<td style=\"width: 14.7521%;\" colspan=\"18\" rowspan=\"3\">Distance DORI<\/td>\n<td style=\"width: 40.6288%;\" colspan=\"8\">Lentille<\/td>\n<td style=\"width: 77.63%;\" colspan=\"8\">D\u00e9tecter<\/td>\n<td style=\"width: 118.501%;\" colspan=\"8\">Observer<\/td>\n<td style=\"width: 151.511%;\" colspan=\"8\">Reconna\u00eetre<\/td>\n<td style=\"width: 85.9734%;\" colspan=\"10\">Identifier<\/td>\n<\/tr>\n<tr>\n<td style=\"width: 40.6288%;\" colspan=\"8\">W<\/td>\n<td style=\"width: 77.63%;\" colspan=\"8\">44,1 m<\/p>\n<p>(144,7 pi)<\/td>\n<td style=\"width: 118.501%;\" colspan=\"8\">17,6 m<\/p>\n<p>(57,7 pi)<\/td>\n<td style=\"width: 151.511%;\" colspan=\"8\">8,8 m<\/p>\n<p>(28,9 pi)<\/td>\n<td style=\"width: 85.9734%;\" colspan=\"10\">4,4 m<\/p>\n<p>(14,4 pi)<\/td>\n<\/tr>\n<tr>\n<td style=\"width: 40.6288%;\" colspan=\"8\">T<\/td>\n<td style=\"width: 77.63%;\" colspan=\"8\">153,1 m (502,3 pi)<\/td>\n<td style=\"width: 118.501%;\" colspan=\"8\">61,2 m<\/p>\n<p>(200,8 pi)<\/td>\n<td style=\"width: 151.511%;\" colspan=\"8\">30,6 m<\/p>\n<p>(82,9 pi)<\/td>\n<td style=\"width: 85.9734%;\" colspan=\"10\">15,3 m<\/p>\n<p>(50,2 pi)<\/td>\n<\/tr>\n<tr>\n<td style=\"width: 488.996%;\" colspan=\"60\">Professionnel, intelligent<\/td>\n<\/tr>\n<tr>\n<td style=\"width: 14.7521%;\" colspan=\"18\">Protection p\u00e9rim\u00e9trique<\/td>\n<td style=\"width: 474.244%;\" colspan=\"42\">Tripwire;\u00a0intrusion (reconnaissance de l&#8217;homme et du v\u00e9hicule)<\/td>\n<\/tr>\n<tr>\n<td style=\"width: 14.7521%;\" colspan=\"18\">Recherche intelligente<\/td>\n<td style=\"width: 474.244%;\" colspan=\"42\">Travaillez avec Smart NVR pour affiner la recherche intelligente, l&#8217;extraction d&#8217;\u00e9v\u00e9nements et la fusion avec des vid\u00e9os d&#8217;\u00e9v\u00e9nements<\/td>\n<\/tr>\n<tr>\n<td style=\"width: 488.996%;\" colspan=\"60\">Vid\u00e9o<\/td>\n<\/tr>\n<tr>\n<td style=\"width: 14.7521%;\" colspan=\"18\">Compression de vid\u00e9o<\/td>\n<td style=\"width: 474.244%;\" colspan=\"42\">H.265;\u00a0H.264;\u00a0H.264H;\u00a0H.264B;\u00a0MJPEG<\/td>\n<\/tr>\n<tr>\n<td style=\"width: 14.7521%;\" colspan=\"18\">Codec intelligent<\/td>\n<td style=\"width: 474.244%;\" colspan=\"42\">Oui<\/td>\n<\/tr>\n<tr>\n<td style=\"width: 14.7521%;\" colspan=\"18\">Frame rate vid\u00e9o<\/td>\n<td style=\"width: 474.244%;\" colspan=\"42\">Flux principal (1920 \u00d7 1080 \u00e0 1\u201325 \/ 30 ips)<br \/>\nsous-flux (704 \u00d7 576 \u00e0 1 \u00e0 25 ips \/ 704 \u00d7 480 \u00e0 1 \u00e0 30 ips)<br \/>\ntroisi\u00e8me flux (1280 \u00d7 720 \u00e0 1 \u00e0 25\/30 ips)<\/td>\n<\/tr>\n<tr>\n<td style=\"width: 14.7521%;\" colspan=\"18\">Capacit\u00e9 de flux<\/td>\n<td style=\"width: 474.244%;\" colspan=\"42\">3 flux<\/td>\n<\/tr>\n<tr>\n<td style=\"width: 14.7521%;\" colspan=\"18\">R\u00e9solution<\/td>\n<td style=\"width: 474.244%;\" colspan=\"42\">1080p (1920 \u00d7 1080);\u00a01,3 M (1 280 \u00d7 960);\u00a0720p (1280 \u00d7 720);\u00a0D1 (704 \u00d7 576\/704 \u00d7 480);\u00a0VGA (640 \u00d7 480);\u00a0CIF (352 \u00d7 288\/352 \u00d7 240)<\/td>\n<\/tr>\n<tr>\n<td style=\"width: 14.7521%;\" colspan=\"18\">Contr\u00f4le du d\u00e9bit binaire<\/td>\n<td style=\"width: 474.244%;\" colspan=\"42\">CBR \/ VBR<\/td>\n<\/tr>\n<tr>\n<td style=\"width: 14.7521%;\" colspan=\"18\">Bitrate vid\u00e9o<\/td>\n<td style=\"width: 474.244%;\" colspan=\"42\">H.264: 3 Kbps \u2013 8192 Kbps<br \/>\nH.265: 3 Kbps \u2013 8192 Kbps<\/td>\n<\/tr>\n<tr>\n<td style=\"width: 14.7521%;\" colspan=\"18\">Jour Nuit<\/td>\n<td style=\"width: 474.244%;\" colspan=\"42\">Auto (ICR) \/ Couleur \/ N \/ B<\/td>\n<\/tr>\n<tr>\n<td style=\"width: 14.7521%;\" colspan=\"18\">BLC<\/td>\n<td style=\"width: 474.244%;\" colspan=\"42\">Oui<\/td>\n<\/tr>\n<tr>\n<td style=\"width: 14.7521%;\" colspan=\"18\">HLC<\/td>\n<td style=\"width: 474.244%;\" colspan=\"42\">Oui<\/td>\n<\/tr>\n<tr>\n<td style=\"width: 14.7521%;\" colspan=\"18\">WDR<\/td>\n<td style=\"width: 474.244%;\" colspan=\"42\">120 dB<\/td>\n<\/tr>\n<tr>\n<td style=\"width: 14.7521%;\" colspan=\"18\">Balance des blancs<\/td>\n<td style=\"width: 474.244%;\" colspan=\"42\">Auto \/ naturel \/ lampadaire \/ ext\u00e9rieur \/ manuel \/ personnalis\u00e9 r\u00e9gional<\/td>\n<\/tr>\n<tr>\n<td style=\"width: 14.7521%;\" colspan=\"18\">Prendre le contr\u00f4le<\/td>\n<td style=\"width: 474.244%;\" colspan=\"42\">Auto \/ Manuel<\/td>\n<\/tr>\n<tr>\n<td style=\"width: 14.7521%;\" colspan=\"18\">R\u00e9duction de bruit<\/td>\n<td style=\"width: 474.244%;\" colspan=\"42\">DNR 3D<\/td>\n<\/tr>\n<tr>\n<td style=\"width: 14.7521%;\" colspan=\"18\">D\u00e9tection de mouvement<\/td>\n<td style=\"width: 474.244%;\" colspan=\"42\">OFF \/ ON (4 zones, rectangulaire)<\/td>\n<\/tr>\n<tr>\n<td style=\"width: 14.7521%;\" colspan=\"18\">R\u00e9gion d&#8217;int\u00e9r\u00eat (RoI)<\/td>\n<td style=\"width: 474.244%;\" colspan=\"42\">Oui (4 zones)<\/td>\n<\/tr>\n<tr>\n<td style=\"width: 14.7521%;\" colspan=\"18\">\u00c9clairage intelligent<\/td>\n<td style=\"width: 474.244%;\" colspan=\"42\">Oui<\/td>\n<\/tr>\n<tr>\n<td style=\"width: 14.7521%;\" colspan=\"18\">Rotation d&#8217;image<\/td>\n<td style=\"width: 474.244%;\" colspan=\"42\">0 \u00b0 \/ 90 \u00b0 \/ 180 \u00b0 \/ 270 \u00b0 (Prise en charge de 90 \u00b0 \/ 270 \u00b0 avec une r\u00e9solution de 1920 \u00d7 1080 et inf\u00e9rieure.)<\/td>\n<\/tr>\n<tr>\n<td style=\"width: 14.7521%;\" colspan=\"18\">Miroir<\/td>\n<td style=\"width: 474.244%;\" colspan=\"42\">Oui<\/td>\n<\/tr>\n<tr>\n<td style=\"width: 14.7521%;\" colspan=\"18\">Masquage de confidentialit\u00e9<\/td>\n<td style=\"width: 474.244%;\" colspan=\"42\">4 zones<\/td>\n<\/tr>\n<tr>\n<td style=\"width: 488.996%;\" colspan=\"60\">\n<h2><span style=\"font-size: 14pt;\">Alarme<\/span><\/h2>\n<\/td>\n<\/tr>\n<tr>\n<td style=\"width: 14.7521%;\" colspan=\"18\">\u00c9v\u00e9nement d&#8217;alarme<\/td>\n<td style=\"width: 474.244%;\" colspan=\"42\">Pas de carte SD;\u00a0Carte SD pleine;\u00a0Erreur de carte SD;\u00a0moins de temps de service de la carte SD (prise en charge de la carte \u00e0 puce);\u00a0d\u00e9connexion du r\u00e9seau;\u00a0Conflit IP;\u00a0acc\u00e8s ill\u00e9gal;\u00a0d\u00e9tection de tension;\u00a0Exception de s\u00e9curit\u00e9;\u00a0d\u00e9tection de mouvement, changement de sc\u00e8ne;\u00a0changement d&#8217;intensit\u00e9;\u00a0tripwire;\u00a0intrusion;\u00a0SMD<\/td>\n<\/tr>\n<tr>\n<td style=\"width: 488.996%;\" colspan=\"60\">\n<h2><span style=\"font-size: 14pt;\">R\u00e9seau<\/span><\/h2>\n<\/td>\n<\/tr>\n<tr>\n<td style=\"width: 14.7521%;\" colspan=\"18\">R\u00e9seau<\/td>\n<td style=\"width: 474.244%;\" colspan=\"42\">RJ-45 (10\/100 Base-T)<\/td>\n<\/tr>\n<tr>\n<td style=\"width: 14.7521%;\" colspan=\"18\">SDK et API<\/td>\n<td style=\"width: 474.244%;\" colspan=\"42\">Oui<\/td>\n<\/tr>\n<tr>\n<td style=\"width: 14.7521%;\" colspan=\"18\">Protocole<\/td>\n<td style=\"width: 474.244%;\" colspan=\"42\">IPv4; IPv6; HTTP; HTTPS; TCP; UDP; ARP; RTP; RTSP; RTCP;<\/p>\n<p>RTMP; SMTP; FTP; SFTP; DHCP; DNS; DDNS; QoS; UPnP; NTP; Multidiffusion; ICMP; IGMP; NFS; PPPoE; 802.1x; SNMP<\/td>\n<\/tr>\n<tr>\n<td style=\"width: 14.7521%;\" colspan=\"18\">Interop\u00e9rabilit\u00e9<\/td>\n<td style=\"width: 474.244%;\" colspan=\"42\">ONVIF (Profil S \/ Profil G); CGI; P2P; Milestone; Genetec<\/td>\n<\/tr>\n<tr>\n<td style=\"width: 14.7521%;\" colspan=\"18\">Auto-adaptation de sc\u00e8ne<\/td>\n<td style=\"width: 474.244%;\" colspan=\"42\">Oui<\/td>\n<\/tr>\n<tr>\n<td style=\"width: 14.7521%;\" colspan=\"18\">Utilisateur \/ h\u00f4te<\/td>\n<td style=\"width: 474.244%;\" colspan=\"42\">20 (bande passante totale: 64 M)<\/td>\n<\/tr>\n<tr>\n<td style=\"width: 14.7521%;\" colspan=\"18\">Espace de rangement<\/td>\n<td style=\"width: 474.244%;\" colspan=\"42\">FTP;\u00a0SFTP;\u00a0Carte Micro SD (prise en charge max. 256 G);\u00a0Dahua Cloud;\u00a0NAS<\/td>\n<\/tr>\n<tr>\n<td style=\"width: 14.7521%;\" colspan=\"18\">Navigateur<\/td>\n<td style=\"width: 474.244%;\" colspan=\"42\">IE: IE8, IE9, IE11<\/p>\n<p>Chrome<\/p>\n<p>Firefox<\/td>\n<\/tr>\n<tr>\n<td style=\"width: 14.7521%;\" colspan=\"18\">Logiciel de gestion<\/td>\n<td style=\"width: 474.244%;\" colspan=\"42\">Smart PSS, DSS, DMSS<\/td>\n<\/tr>\n<tr>\n<td style=\"width: 14.7521%;\" colspan=\"18\">T\u00e9l\u00e9phone portable<\/td>\n<td style=\"width: 474.244%;\" colspan=\"42\">IOS;\u00a0Android<\/td>\n<\/tr>\n<tr>\n<td style=\"width: 488.996%;\" colspan=\"60\">\n<h2><span style=\"font-size: 14pt;\">Certification<\/span><\/h2>\n<\/td>\n<\/tr>\n<tr>\n<td style=\"width: 14.7521%;\" colspan=\"18\">Certifications<\/td>\n<td style=\"width: 474.244%;\" colspan=\"42\">CE-LVD: EN62368-1<br \/>\nCE-EMC: Directive de compatibilit\u00e9 \u00e9lectromagn\u00e9tique\u00a02014\/30\u00a0\/ EU<br \/>\nFCC: 47 CFR FCC Part 15, Subpart B<br \/>\nUL \/ CUL: UL60950-1 CAN \/ CSA C22.2 No.60950-1-07<\/td>\n<\/tr>\n<tr>\n<td style=\"width: 488.996%;\" colspan=\"60\">\n<h2><span style=\"font-size: 14pt;\">Puissance<\/span><\/h2>\n<\/td>\n<\/tr>\n<tr>\n<td style=\"width: 14.7521%;\" colspan=\"18\">Source de courant<\/td>\n<td style=\"width: 474.244%;\" colspan=\"42\">12 V CC \/ PoE (802.3af)<\/td>\n<\/tr>\n<tr>\n<td style=\"width: 14.7521%;\" colspan=\"18\">Consommation d&#8217;\u00e9nergie<\/td>\n<td style=\"width: 474.244%;\" colspan=\"42\">&lt;8 W<\/td>\n<\/tr>\n<tr>\n<td style=\"width: 488.996%;\" colspan=\"60\">Environnement<\/td>\n<\/tr>\n<\/tbody>\n<\/table>\n<\/div>\n<\/div>\n<div id=\"div_left\">\n<div class=\"div-drop\">\n<table id=\"table003\" class=\"NEW-TABLE TableOverride-1 tab-drag\">\n<tbody>\n<tr>\n<td colspan=\"18\">Des conditions de fonctionnement<\/td>\n<td colspan=\"42\">-30 \u00b0 C \u00e0 + 60 \u00b0 C (-22 \u00b0 F \u00e0 + 140 \u00b0 F) \/ moins de 95%<\/td>\n<\/tr>\n<tr>\n<td colspan=\"18\">Conditions de stockage<\/td>\n<td colspan=\"42\">-40 \u00b0 C \u00e0 + 60 \u00b0 C (-40 \u00b0 F \u00e0 + 140 \u00b0 F)<\/td>\n<\/tr>\n<tr>\n<td colspan=\"18\">Classe de protection<\/td>\n<td colspan=\"42\">IP67;\u00a0IK10<\/td>\n<\/tr>\n<tr>\n<td colspan=\"60\">\n<h2><span style=\"font-size: 14pt;\">Structure<\/span><\/h2>\n<\/td>\n<\/tr>\n<tr>\n<td colspan=\"18\">Enveloppe<\/td>\n<td colspan=\"42\">M\u00e9tal<\/td>\n<\/tr>\n<tr>\n<td colspan=\"18\">Dimensions<\/td>\n<td colspan=\"42\">\u03a6122 mm \u00d7 88,9 mm (\u03a64,8 &#8220;\u00d7 3,5&#8221;)<\/td>\n<\/tr>\n<tr>\n<td colspan=\"18\">Poids net<\/td>\n<td colspan=\"42\">492 g (1,1 livre)<\/td>\n<\/tr>\n<tr>\n<td colspan=\"18\">Poids brut<\/td>\n<td colspan=\"42\">663 g (1,5 livre)<\/td>\n<\/tr>\n<\/tbody>\n<\/table>\n<\/div>\n<\/div>\n","protected":false},"excerpt":{"rendered":"<h1><span style=\"color: #000000; font-family: georgia, palatino, serif;\"><strong><span style=\"font-size: 10pt;\">Cam\u00e9ra r\u00e9seau WizSense \u00e0 d\u00f4me variable infrarouge 2MP<\/span><\/strong><\/span><\/h1>\n<ul>\n<li>2MP, capteur d&#8217;image CMOS 1 \/ 2,8 \u201d, faible \u00e9clairement, haute d\u00e9finition d&#8217;image<\/li>\n<li>Sorties max. 2MP (1920 \u00d7 1080) \u00e0 30 ips<\/li>\n<li>Codec H.265, taux de compression \u00e9lev\u00e9, faible d\u00e9bit binaire<\/li>\n<li>LED IR int\u00e9gr\u00e9e, max. Distance IR: 40 m<\/li>\n<li>ROI, SMART H.264 + \/ H.265 +, codage flexible, applicable \u00e0 divers environnements de bande passante et de stockage<\/li>\n<li>Mode de rotation, WDR, 3D DNR, HLC, BLC, filigrane num\u00e9rique, applicable \u00e0 diverses sc\u00e8nes de surveillance<\/li>\n<li>D\u00e9tection intelligente: Intrusion, tripwire (prend en charge la classification et la d\u00e9tection pr\u00e9cise du v\u00e9hicule et de l&#8217;homme)<\/li>\n<li>D\u00e9tection d&#8217;anomalies: d\u00e9tection de mouvement, sabotage vid\u00e9o, changement de sc\u00e8ne, pas de carte SD, carte SD pleine, erreur de carte SD, d\u00e9connexion du r\u00e9seau, conflit IP, acc\u00e8s ill\u00e9gal, d\u00e9tection de tension<\/li>\n<li>Prend en charge max. Carte Micro SD 256 G<\/li>\n<li>Alimentation 12V DC \/ POE<\/li>\n<li>Protection IP67, IK10<\/li>\n<li>SMD Plus<\/li>\n<\/ul>\n<p><img decoding=\"async\" class=\"alignnone size-medium wp-image-6181\" src=\"http:\/\/tthcompany.com\/wp-content\/uploads\/2020\/12\/20200522113019_52687-300x32.png\" alt=\"\" width=\"300\" height=\"32\" \/><\/p>\n","protected":false},"featured_media":19455,"comment_status":"closed","ping_status":"closed","template":"","meta":{"om_disable_all_campaigns":false,"_monsterinsights_skip_tracking":false,"_monsterinsights_sitenote_active":false,"_monsterinsights_sitenote_note":"","_monsterinsights_sitenote_category":0},"product_cat":[304,305,303,302,820],"product_tag":[409,456,773,261,213,336,193],"class_list":{"0":"post-21779","1":"product","2":"type-product","3":"status-publish","4":"has-post-thumbnail","6":"product_cat-camera-fixe","7":"product_cat-cameras-2mp-camera-fixe","8":"product_cat-cameras-ip","9":"product_cat-produits-ip","10":"product_cat-wizsense-cameras-2mp-camera-fixe","11":"product_tag-2mp","12":"product_tag-camera-2-mp","13":"product_tag-camera-de-surveillance-dahua","14":"product_tag-camera-ip-dahua","15":"product_tag-camera-dahua","16":"product_tag-dahua-casabalannca","17":"product_tag-dahua-casablanca","18":"ts_product_brand-dahua","20":"first","21":"instock","22":"shipping-taxable","23":"purchasable","24":"product-type-simple","25":"add-to-wishlist-after_add_to_cart"},"aioseo_notices":[],"_links":{"self":[{"href":"https:\/\/tthcompany.ma\/index.php\/wp-json\/wp\/v2\/product\/21779","targetHints":{"allow":["GET"]}}],"collection":[{"href":"https:\/\/tthcompany.ma\/index.php\/wp-json\/wp\/v2\/product"}],"about":[{"href":"https:\/\/tthcompany.ma\/index.php\/wp-json\/wp\/v2\/types\/product"}],"replies":[{"embeddable":true,"href":"https:\/\/tthcompany.ma\/index.php\/wp-json\/wp\/v2\/comments?post=21779"}],"wp:featuredmedia":[{"embeddable":true,"href":"https:\/\/tthcompany.ma\/index.php\/wp-json\/wp\/v2\/media\/19455"}],"wp:attachment":[{"href":"https:\/\/tthcompany.ma\/index.php\/wp-json\/wp\/v2\/media?parent=21779"}],"wp:term":[{"taxonomy":"product_cat","embeddable":true,"href":"https:\/\/tthcompany.ma\/index.php\/wp-json\/wp\/v2\/product_cat?post=21779"},{"taxonomy":"product_tag","embeddable":true,"href":"https:\/\/tthcompany.ma\/index.php\/wp-json\/wp\/v2\/product_tag?post=21779"}],"curies":[{"name":"wp","href":"https:\/\/api.w.org\/{rel}","templated":true}]}}