{"id":21777,"date":"2022-12-27T11:01:37","date_gmt":"2022-12-27T11:01:37","guid":{"rendered":"https:\/\/tthcompany.ma\/?post_type=product&#038;p=21777"},"modified":"2022-12-27T11:03:27","modified_gmt":"2022-12-27T11:03:27","slug":"ipc-hdbw2431rp-zs-s2","status":"publish","type":"product","link":"https:\/\/tthcompany.ma\/index.php\/product\/ipc-hdbw2431rp-zs-s2\/","title":{"rendered":"IPC-HDBW2431RP-ZS-S2"},"content":{"rendered":"<table class=\"spec\">\n<tbody>\n<tr>\n<td>Principales caract\u00e9ristiques<\/td>\n<td><\/td>\n<\/tr>\n<tr>\n<td>Capteur d&#8217;image<\/td>\n<td>CMOS progressif 1\/3 &#8220;4 m\u00e9gapixels<\/td>\n<\/tr>\n<tr>\n<td>Vitesse d&#8217;obturation \u00e9lectronique<\/td>\n<td>Auto\/Manual, 1\/3(4)~1\/100000s<\/td>\n<\/tr>\n<tr>\n<td>Minimum Illumination<\/td>\n<td>0.03Lux \/ F1.4 (Couleur, 1 \/ 3s, 30IRE) 0.3Lux \/ F1.4 (Couleur, 1 \/ 30s, 30IRE) 0Lux \/ F1.4 (IR activ\u00e9)<\/td>\n<\/tr>\n<tr>\n<td>IR Distance<\/td>\n<td>jusqu&#8217;\u00e0 50m<\/td>\n<\/tr>\n<tr>\n<td>IR activ\u00e9 \/ d\u00e9sactiv\u00e9<\/td>\n<td>Control Auto\/ Manual<\/td>\n<\/tr>\n<tr>\n<td>IR LEDs<\/td>\n<td>2<\/td>\n<\/tr>\n<tr>\n<td>Type de lentille<\/td>\n<td>Motoris\u00e9<\/td>\n<\/tr>\n<tr>\n<td>Distance focale<\/td>\n<td>2,7 mm \u00e0 13,5 mm<\/td>\n<\/tr>\n<tr>\n<td>Max. Aperture<\/td>\n<td>F1.4<\/td>\n<\/tr>\n<tr>\n<td>Angle of View H<\/td>\n<td>104\u00b0~28\u00b0<\/td>\n<\/tr>\n<tr>\n<td>Contr\u00f4le de la mise au point<\/td>\n<td>Motoris\u00e9<\/td>\n<\/tr>\n<tr>\n<td>Compression<\/td>\n<td>H.265 + \/ H.265 \/ H.264 + \/ H.264<\/td>\n<\/tr>\n<tr>\n<td>IR intelligent<\/td>\n<td>Soutien<\/td>\n<\/tr>\n<tr>\n<td>Carte Micro SD<\/td>\n<td>jusqu&#8217;\u00e0 128 Go<\/td>\n<\/tr>\n<tr>\n<td>Web Viewer<\/td>\n<td>IE, Chrome, Firefox, Safari<\/td>\n<\/tr>\n<tr>\n<td>Logiciel de gestion<\/td>\n<td>Smart PSS, DSS, DMSS<\/td>\n<\/tr>\n<tr>\n<td>T\u00e9l\u00e9phone intelligent<\/td>\n<td>IOS, Android<\/td>\n<\/tr>\n<tr>\n<td>Source de courant<\/td>\n<td>DC12V PoE (802.3af) (Classe 0)<\/td>\n<\/tr>\n<tr>\n<td>Des conditions de fonctionnement<\/td>\n<td>-30 \u00b0 C \u00e0 + 60 \u00b0 C<\/td>\n<\/tr>\n<tr>\n<td>Ingress Protection<\/td>\n<td>IP67<\/td>\n<\/tr>\n<tr>\n<td>R\u00e9sistance au vandalisme<\/td>\n<td>IK10<\/td>\n<\/tr>\n<tr>\n<td>Enveloppe<\/td>\n<td>M\u00e9tal<\/td>\n<\/tr>\n<\/tbody>\n<\/table>\n","protected":false},"excerpt":{"rendered":"<p><span style=\"color: #000000;\"><strong>Cam\u00e9ra r\u00e9seau \u00e0 d\u00f4me infrarouge WDR<\/strong><\/span><\/p>\n<ul>\n<li>4MP 1\/3 \u201d4 M\u00e9gapixels CMOS progressif<\/li>\n<li>Codage double flux H.265 et H.264 20 ips \u00e0 4 M (2688 \u00d7 1520) et 25\/30 ips \u00e0 3 M (2304 \u00d7 1296)<\/li>\n<li>WDR (120 dB), jour \/ nuit (ICR), 3DNR, AWB, AGC, BLC<\/li>\n<li>Surveillance de r\u00e9seau multiple: visionneuse Web, CMS (DSS \/ PSS) et emplacement pour carte Micro<\/li>\n<li>SD DMSS , jusqu&#8217;\u00e0 128 Go<\/li>\n<li>Objectif varifocal 2,8 ~ 12 mm<\/li>\n<li>LED IR max. Longueur 50 m<\/li>\n<li>IP67, IK10, PoE<\/li>\n<\/ul>\n","protected":false},"featured_media":19125,"comment_status":"open","ping_status":"closed","template":"","meta":{"om_disable_all_campaigns":false,"_monsterinsights_skip_tracking":false,"_monsterinsights_sitenote_active":false,"_monsterinsights_sitenote_note":"","_monsterinsights_sitenote_category":0},"product_cat":[748,303,302,786,445],"product_tag":[773,213,336,197,201,222],"class_list":{"0":"post-21777","1":"product","2":"type-product","3":"status-publish","4":"has-post-thumbnail","6":"product_cat-4mp-zoom","7":"product_cat-cameras-ip","8":"product_cat-produits-ip","9":"product_cat-serie-lite-4mp-zoom","10":"product_cat-zoom-cameras-ip","11":"product_tag-camera-de-surveillance-dahua","12":"product_tag-camera-dahua","13":"product_tag-dahua-casabalannca","14":"product_tag-dahua-maroc","15":"product_tag-dahua-tanger","16":"product_tag-dahua-tetouan","17":"ts_product_brand-dahua","19":"first","20":"instock","21":"shipping-taxable","22":"purchasable","23":"product-type-simple","24":"add-to-wishlist-after_add_to_cart"},"aioseo_notices":[],"_links":{"self":[{"href":"https:\/\/tthcompany.ma\/index.php\/wp-json\/wp\/v2\/product\/21777","targetHints":{"allow":["GET"]}}],"collection":[{"href":"https:\/\/tthcompany.ma\/index.php\/wp-json\/wp\/v2\/product"}],"about":[{"href":"https:\/\/tthcompany.ma\/index.php\/wp-json\/wp\/v2\/types\/product"}],"replies":[{"embeddable":true,"href":"https:\/\/tthcompany.ma\/index.php\/wp-json\/wp\/v2\/comments?post=21777"}],"wp:featuredmedia":[{"embeddable":true,"href":"https:\/\/tthcompany.ma\/index.php\/wp-json\/wp\/v2\/media\/19125"}],"wp:attachment":[{"href":"https:\/\/tthcompany.ma\/index.php\/wp-json\/wp\/v2\/media?parent=21777"}],"wp:term":[{"taxonomy":"product_cat","embeddable":true,"href":"https:\/\/tthcompany.ma\/index.php\/wp-json\/wp\/v2\/product_cat?post=21777"},{"taxonomy":"product_tag","embeddable":true,"href":"https:\/\/tthcompany.ma\/index.php\/wp-json\/wp\/v2\/product_tag?post=21777"}],"curies":[{"name":"wp","href":"https:\/\/api.w.org\/{rel}","templated":true}]}}