{"id":21763,"date":"2022-12-26T16:29:08","date_gmt":"2022-12-26T16:29:08","guid":{"rendered":"https:\/\/tthcompany.ma\/?post_type=product&#038;p=21763"},"modified":"2022-12-26T16:29:08","modified_gmt":"2022-12-26T16:29:08","slug":"hac-me1509thp-a-pv-s2","status":"publish","type":"product","link":"https:\/\/tthcompany.ma\/index.php\/product\/hac-me1509thp-a-pv-s2\/","title":{"rendered":"HAC-ME1509THP-A-PV-S2"},"content":{"rendered":"<table id=\"table001\" class=\"NEW-TABLE TableOverride-1 tab-drag\">\n<tbody>\n<tr>\n<td colspan=\"60\">Camera<\/td>\n<\/tr>\n<tr>\n<td colspan=\"18\">Pixel<\/td>\n<td colspan=\"42\">5MP<\/td>\n<\/tr>\n<tr>\n<td colspan=\"18\">Image Sensor<\/td>\n<td colspan=\"42\">5MP CMOS<\/td>\n<\/tr>\n<tr>\n<td colspan=\"18\">Max. Resolution<\/td>\n<td colspan=\"42\">2880 (H) \u00d7 1620 (V)<\/td>\n<\/tr>\n<tr>\n<td colspan=\"18\">Scanning System<\/td>\n<td colspan=\"42\">Progressive<\/td>\n<\/tr>\n<tr>\n<td colspan=\"18\">Electronic Shutter Speed<\/td>\n<td colspan=\"42\">PAL: 1\/3 s\u20131\/100000 s<br \/>\nNTSC: 1\/4 s\u20131\/100000 s<\/td>\n<\/tr>\n<tr>\n<td colspan=\"18\">Min. Illumination<\/td>\n<td colspan=\"42\">0.001 lux@F1.0 (Color, 30 IRE)<br \/>\n0.0001 lux@F1.0 (B\/W, 30 IRE)<br \/>\n0 lux (Illuminator on)<\/td>\n<\/tr>\n<tr>\n<td colspan=\"18\">S\/N Ratio<\/td>\n<td colspan=\"42\">&gt;65 dB<\/td>\n<\/tr>\n<tr>\n<td colspan=\"18\">Illumination Distance<\/td>\n<td colspan=\"42\">IR: 40 m (131.23 ft)<br \/>\nWarm light: 40 m (131.23 ft)<\/td>\n<\/tr>\n<tr>\n<td colspan=\"18\">Illuminator On\/Off Control<\/td>\n<td colspan=\"42\">Auto; manual<\/td>\n<\/tr>\n<tr>\n<td colspan=\"18\" rowspan=\"2\">Illuminator Number<\/td>\n<td colspan=\"42\">2 (IR light)<\/td>\n<\/tr>\n<tr>\n<td colspan=\"42\">2 (Warm light)<\/td>\n<\/tr>\n<tr>\n<td colspan=\"18\">Pan\/Tilt\/Rotation Range<\/td>\n<td colspan=\"42\"><span lang=\"zh-CN\">Pan: 0\u00b0\u2013360\u00b0<br \/>\nTilt: 0\u00b0\u201390\u00b0<br \/>\nRotation: 0\u00b0\u2013360\u00b0<\/span><\/td>\n<\/tr>\n<tr>\n<td colspan=\"60\">Lens<\/td>\n<\/tr>\n<tr>\n<td colspan=\"18\">Lens Type<\/td>\n<td colspan=\"42\">Fixed-focal<\/td>\n<\/tr>\n<tr>\n<td colspan=\"18\">Lens Mount<\/td>\n<td colspan=\"42\">M12<\/td>\n<\/tr>\n<tr>\n<td colspan=\"18\">Focal Length<\/td>\n<td colspan=\"42\">2.8 mm; 3.6 mm<\/td>\n<\/tr>\n<tr>\n<td colspan=\"18\">Max. Aperture<\/td>\n<td colspan=\"42\">F1.0<\/td>\n<\/tr>\n<tr>\n<td colspan=\"18\">Field of View<\/td>\n<td colspan=\"42\">2.8 mm: H: 111\u00b0; V: 57\u00b0; D: 131\u00b0<br \/>\n3.6 mm: H: 89\u00b0; V: 47\u00b0; D: 104\u00b0<\/td>\n<\/tr>\n<tr>\n<td colspan=\"18\">Iris Control<\/td>\n<td colspan=\"42\">Fixed<\/td>\n<\/tr>\n<tr>\n<td colspan=\"18\">Close Focus Distance<\/td>\n<td colspan=\"42\">2.8 mm: 1.5 m (4.92 ft)<br \/>\n3.6 mm: 2.2 m (7.22 ft)<\/td>\n<\/tr>\n<tr>\n<td colspan=\"18\" rowspan=\"3\">DORI Distance<\/td>\n<td colspan=\"8\">Lens<\/td>\n<td colspan=\"8\">Detect<\/td>\n<td colspan=\"8\">Observe<\/td>\n<td colspan=\"8\">Recognize<\/td>\n<td colspan=\"10\">Identify<\/td>\n<\/tr>\n<tr>\n<td colspan=\"8\">2.8 mm<\/td>\n<td colspan=\"8\">66.0 m<\/p>\n<p>(216.54 ft)<\/td>\n<td colspan=\"8\">26.4 m<\/p>\n<p>(86.61 ft)<\/td>\n<td colspan=\"8\">13.2 m<\/p>\n<p>(43.31 ft)<\/td>\n<td colspan=\"10\">6.6 m<\/p>\n<p>(21.65 ft)<\/td>\n<\/tr>\n<tr>\n<td colspan=\"8\">3.6 mm<\/td>\n<td colspan=\"8\">78.0 m<\/p>\n<p>(255.91 ft)<\/td>\n<td colspan=\"8\">31.2 m<\/p>\n<p>(102.36 ft)<\/td>\n<td colspan=\"8\">15.6 m<\/p>\n<p>(51.18 ft)<\/td>\n<td colspan=\"10\">7.8 m<\/p>\n<p>(25.59 ft)<\/td>\n<\/tr>\n<tr>\n<td colspan=\"60\">Video<\/td>\n<\/tr>\n<tr>\n<td colspan=\"18\">Video Frame Rate<\/td>\n<td colspan=\"42\">CVI:<br \/>\nPAL: 5M@25 fps; 4M@25 fps; 1080p@25 fps<br \/>\nNTSC: 5M@25 fps; 4M@30 fps; 1080p@30 fps;<br \/>\nAHD:<br \/>\nPAL: 4M@25 fps;<br \/>\nNTSC: 4M@30 fps;<br \/>\nTVI:<br \/>\nPAL: 4M@25 fps;<br \/>\nNTSC: 4M@30 fps;<br \/>\nCVBS:<br \/>\nPAL: 960H;<br \/>\nNTSC: 960H<\/td>\n<\/tr>\n<tr>\n<td colspan=\"18\">Resolution<\/td>\n<td colspan=\"42\">5M (2880 \u00d7 1620);<br \/>\n4M (2560 \u00d7 1440);<br \/>\n1080p (1920 \u00d7 1080);<br \/>\n960H (960 \u00d7 576\/960 \u00d7 480)<\/td>\n<\/tr>\n<tr>\n<td colspan=\"18\">Day\/Night<\/td>\n<td colspan=\"42\">Auto (ICR)\/Color\/B\/W<\/td>\n<\/tr>\n<tr>\n<td colspan=\"18\">BLC<\/td>\n<td colspan=\"42\">BLC; HLC; WDR; HLC-Pro<\/td>\n<\/tr>\n<tr>\n<td colspan=\"18\">WDR<\/td>\n<td colspan=\"42\">120dB<\/td>\n<\/tr>\n<tr>\n<td colspan=\"18\">White Balance<\/td>\n<td colspan=\"42\">Auto; Area white balance<\/td>\n<\/tr>\n<tr>\n<td colspan=\"18\">Gain Control<\/td>\n<td colspan=\"42\">Auto; manual<\/td>\n<\/tr>\n<tr>\n<td colspan=\"18\">Noise Reduction<\/td>\n<td colspan=\"42\">3D NR<\/td>\n<\/tr>\n<tr>\n<td colspan=\"18\">Illumination Mode<\/td>\n<td colspan=\"42\">Smart IR&amp;WL; WL Mode; IR Mode<\/td>\n<\/tr>\n<tr>\n<td colspan=\"18\">Defog<\/td>\n<td colspan=\"42\">Electronic defog<\/td>\n<\/tr>\n<tr>\n<td colspan=\"18\">Digital Zoom<\/td>\n<td colspan=\"42\">4\u00d7<\/td>\n<\/tr>\n<tr>\n<td colspan=\"18\">Mirror<\/td>\n<td colspan=\"42\">Yes<\/td>\n<\/tr>\n<tr>\n<td colspan=\"18\">Privacy Masking<\/td>\n<td colspan=\"42\">Off\/On (8 areas, rectangle)<\/td>\n<\/tr>\n<tr>\n<td colspan=\"60\">Active Deterrence<\/td>\n<\/tr>\n<tr>\n<td colspan=\"18\">Sound Warning<\/td>\n<td colspan=\"42\">Audio 1: Alarm<br \/>\nAudio 2: No parking here<br \/>\nAudio 3: Private land no entry.<br \/>\nAudio 4: Warning zone keep off<br \/>\nAudio 5: Welcome<br \/>\nVolume: high\/medium\/low;<br \/>\nduration: 5 s\u201360 s; 110 dB<\/td>\n<\/tr>\n<tr>\n<td colspan=\"18\">Red\/Blue Light Warning<\/td>\n<td colspan=\"42\">Flash: 5 s\u201360 s; frequency: high\/medium\/low<\/td>\n<\/tr>\n<tr>\n<td colspan=\"60\">Certification<\/td>\n<\/tr>\n<tr>\n<td colspan=\"18\">Certifications<\/td>\n<td colspan=\"42\">CE (EN55032:2015, EN61000-3-2:2014, EN61000-3-3:2013, EN55024:2010+A1:2015, EN55035:2017, EN50130-4:2011+A1:2014, EN62368-1:2014+A11:2017)<br \/>\nFCC (CFR 47 FCC Part 15 subpartB, ANSI C63.4-2014)<br \/>\nUL (UL62368-1+CAN\/CSA C22.2 No.62368-1-14)<\/td>\n<\/tr>\n<tr>\n<td colspan=\"60\">Port<\/td>\n<\/tr>\n<tr>\n<td colspan=\"18\">Video Output<\/td>\n<td colspan=\"42\">Video output choices of CVI\/TVI\/AHD\/CVBS by one BNC port<\/td>\n<\/tr>\n<tr>\n<td colspan=\"18\">Audio Input<\/td>\n<td colspan=\"42\">One channel built-in MIC<\/td>\n<\/tr>\n<tr>\n<td colspan=\"18\">Alarm Output<\/td>\n<td colspan=\"42\">1 channel<\/td>\n<\/tr>\n<tr>\n<td colspan=\"60\">Power<\/td>\n<\/tr>\n<tr>\n<td colspan=\"18\">Power Supply<\/td>\n<td colspan=\"42\">12 VDC \u00b1 30% (It is recommended to use a power adapter to supply the power for one camera)<\/td>\n<\/tr>\n<tr>\n<td colspan=\"18\">Power Consumption<\/td>\n<td colspan=\"42\">Max 10.5W (12 VDC, LED on)<\/td>\n<\/tr>\n<tr>\n<td colspan=\"60\">Environment<\/td>\n<\/tr>\n<tr>\n<td colspan=\"18\">Operating Temperature<\/td>\n<td colspan=\"42\">\u201340 \u00b0C to +60 \u00b0C (\u201340 \u00b0F to 140 \u00b0F)<\/td>\n<\/tr>\n<tr>\n<td colspan=\"18\">Operating Humidity<\/td>\n<td colspan=\"42\">&lt;95% (RH), non-condensing<\/td>\n<\/tr>\n<tr>\n<td colspan=\"18\">Storage Temperature<\/td>\n<td colspan=\"42\">\u201340 \u00b0C to +60 \u00b0C (\u201340 \u00b0F to 140 \u00b0F)<\/td>\n<\/tr>\n<tr>\n<td colspan=\"18\">Protection<\/td>\n<td colspan=\"42\">IP67<\/td>\n<\/tr>\n<tr>\n<td colspan=\"60\">Structure<\/td>\n<\/tr>\n<tr>\n<td colspan=\"18\">Casing Material<\/td>\n<td colspan=\"42\">Metal front cover + plastic rear barrel + metal bracket<\/td>\n<\/tr>\n<tr>\n<td colspan=\"18\">Product Dimensions<\/td>\n<td colspan=\"42\">240.7 mm \u00d7 \u03a690.7 mm (9.48&#8243; \u00d7 \u03a63.57&#8243;)<\/td>\n<\/tr>\n<tr>\n<td colspan=\"18\">Packaging Dimensions<\/td>\n<td colspan=\"42\">299 mm \u00d7 119 mm \u00d7 111 mm (11.77&#8243; \u00d7 4.69&#8243; \u00d7 4.37&#8243;)<\/td>\n<\/tr>\n<tr>\n<td colspan=\"18\">Net Weight<\/td>\n<td colspan=\"42\">0.48 kg (1.06 lb)<\/td>\n<\/tr>\n<tr>\n<td colspan=\"18\">Gross Weight<\/td>\n<td colspan=\"42\">0.74 kg (1.63 lb)<\/td>\n<\/tr>\n<tr>\n<td colspan=\"18\">Installation<\/td>\n<td colspan=\"42\">Wall mount; ceiling mount; vertical pole mount<\/td>\n<\/tr>\n<\/tbody>\n<\/table>\n","protected":false},"excerpt":{"rendered":"<p class=\"text\" data-v-6f7ca0da=\"\">5MP Smart Dual Illuminators Active Deterrence HDCVI Bullet Camera<\/p>\n<div data-v-6f7ca0da=\"\">\n<p>* The parameters and datasheets below can only be applied to ME1509-S2 series.Intelligent Voice Alarm function which can be used with Scheduled AI of AI XVR is only available for TiOC 2.0 camera.<\/p>\n<p>* In order to use the 5 MP 16:9 HDCVI camera, the firmware of XVR must be upgraded to V4.001.0000001.0.R.200908 or later version.<\/p>\n<p>&gt; Max 25 fps@5 MP (16:9 video output).<\/p>\n<p>&gt; 120 dB true WDR, 3D NR.<\/p>\n<p>&gt; Smart Dual Illuminators.<\/p>\n<p>&gt; Protection Against Red-Blue Light Interference.<\/p>\n<p>&gt; Active deterrence with red blue light, siren and alarm out interface.<\/p>\n<p>&gt; 40 m illumination distance.<\/p>\n<p>&gt; Super Adapt.<\/p>\n<p>&gt; Built-in MIC.<\/p>\n<p>&gt; 3.6 mm fixed lens (2.8 mm optional).<\/p>\n<p>&gt; CVI\/CVBS\/AHD\/TVI switchable.<\/p>\n<p>&gt; IP67, 12 VDC.<\/p>\n<p><img decoding=\"async\" src=\"https:\/\/material.dahuasecurity.com\/asset\/upload\/uploads\/image\/20220520\/20220520173639_99408.png\" alt=\"\" \/><\/p>\n<\/div>\n","protected":false},"featured_media":21764,"comment_status":"open","ping_status":"closed","template":"","meta":{"om_disable_all_campaigns":false,"_monsterinsights_skip_tracking":false,"_monsterinsights_sitenote_active":false,"_monsterinsights_sitenote_note":"","_monsterinsights_sitenote_category":0},"product_cat":[657,825],"product_tag":[309,336,201],"class_list":{"0":"post-21763","1":"product","2":"type-product","3":"status-publish","4":"has-post-thumbnail","6":"product_cat-5mp","7":"product_cat-tioc","8":"product_tag-camera-5mp","9":"product_tag-dahua-casabalannca","10":"product_tag-dahua-tanger","11":"ts_product_brand-dahua","13":"first","14":"instock","15":"shipping-taxable","16":"purchasable","17":"product-type-simple","18":"add-to-wishlist-after_add_to_cart"},"aioseo_notices":[],"_links":{"self":[{"href":"https:\/\/tthcompany.ma\/index.php\/wp-json\/wp\/v2\/product\/21763","targetHints":{"allow":["GET"]}}],"collection":[{"href":"https:\/\/tthcompany.ma\/index.php\/wp-json\/wp\/v2\/product"}],"about":[{"href":"https:\/\/tthcompany.ma\/index.php\/wp-json\/wp\/v2\/types\/product"}],"replies":[{"embeddable":true,"href":"https:\/\/tthcompany.ma\/index.php\/wp-json\/wp\/v2\/comments?post=21763"}],"wp:featuredmedia":[{"embeddable":true,"href":"https:\/\/tthcompany.ma\/index.php\/wp-json\/wp\/v2\/media\/21764"}],"wp:attachment":[{"href":"https:\/\/tthcompany.ma\/index.php\/wp-json\/wp\/v2\/media?parent=21763"}],"wp:term":[{"taxonomy":"product_cat","embeddable":true,"href":"https:\/\/tthcompany.ma\/index.php\/wp-json\/wp\/v2\/product_cat?post=21763"},{"taxonomy":"product_tag","embeddable":true,"href":"https:\/\/tthcompany.ma\/index.php\/wp-json\/wp\/v2\/product_tag?post=21763"}],"curies":[{"name":"wp","href":"https:\/\/api.w.org\/{rel}","templated":true}]}}