{"id":19696,"date":"2022-08-17T10:44:06","date_gmt":"2022-08-17T10:44:06","guid":{"rendered":"https:\/\/tthcompany.ma\/?post_type=product&#038;p=19696"},"modified":"2023-09-26T10:59:51","modified_gmt":"2023-09-26T10:59:51","slug":"ipc-hdbw71242h-z","status":"publish","type":"product","link":"https:\/\/tthcompany.ma\/index.php\/product\/ipc-hdbw71242h-z\/","title":{"rendered":"IPC-HDBW71242HP-Z"},"content":{"rendered":"<div class=\"tab-right\" data-v-d7dbfa06=\"\">\n<div class=\"table-content\" data-v-d7dbfa06=\"\">\n<div id=\"div_left\">\n<div class=\"div-drop\">\n<table id=\"table001\" class=\"NEW-TABLE TableOverride-1 tab-drag\">\n<tbody>\n<tr>\n<td colspan=\"60\">Cam\u00e9ra<\/td>\n<\/tr>\n<tr>\n<td colspan=\"18\">Capteur d&#8217;image<\/td>\n<td colspan=\"42\">CMOS progressif 1\/1,7&#8243; 12 m\u00e9gapixels<\/td>\n<\/tr>\n<tr>\n<td colspan=\"18\">Max.\u00a0R\u00e9solution<\/td>\n<td colspan=\"42\">4000 (H) \u00d7 3000 (V)<\/td>\n<\/tr>\n<tr>\n<td colspan=\"18\">ROM<\/td>\n<td colspan=\"42\">4 GO<\/td>\n<\/tr>\n<tr>\n<td colspan=\"18\">RAM<\/td>\n<td colspan=\"42\">2 Go<\/td>\n<\/tr>\n<tr>\n<td colspan=\"18\">Syst\u00e8me de num\u00e9risation<\/td>\n<td colspan=\"42\">Progressive<\/td>\n<\/tr>\n<tr>\n<td colspan=\"18\">Vitesse d&#8217;obturation \u00e9lectronique<\/td>\n<td colspan=\"42\">Auto\/Manuel 1\/3 s\u20131\/100 000 s<\/td>\n<\/tr>\n<tr>\n<td colspan=\"18\">Min.\u00a0\u00c9clairage<\/td>\n<td colspan=\"42\">0.01 Lux@F1.8 (Couleur, 30IRE)<\/p>\n<p>0,001 Lux@F1.8 (N\/B, 30IRE)<\/p>\n<p>0 lux (illuminateur allum\u00e9)<\/td>\n<\/tr>\n<tr>\n<td colspan=\"18\">Rapport signal\/bruit<\/td>\n<td colspan=\"42\">&gt; 56 dB<\/td>\n<\/tr>\n<tr>\n<td colspan=\"18\">Distance d&#8217;\u00e9clairage<\/td>\n<td colspan=\"42\">40 m (131,2 pieds) (DEL IR)<\/td>\n<\/tr>\n<tr>\n<td colspan=\"18\">Contr\u00f4le marche\/arr\u00eat de l&#8217;illuminateur<\/td>\n<td colspan=\"42\">Automatique\/Manuel<\/td>\n<\/tr>\n<tr>\n<td colspan=\"18\">Num\u00e9ro d&#8217;illuminateur<\/td>\n<td colspan=\"42\">3 (LED IR)<\/td>\n<\/tr>\n<tr>\n<td colspan=\"18\">Plage de panoramique\/inclinaison\/rotation<\/td>\n<td colspan=\"42\">Panoramique : 0\u00b0\u2013355\u00b0<\/p>\n<p>Inclinaison : 0\u00b0\u201380\u00b0<\/p>\n<p>Rotation : 0\u00b0\u2013355\u00b0<\/td>\n<\/tr>\n<tr>\n<td colspan=\"60\">Lentille<\/td>\n<\/tr>\n<tr>\n<td colspan=\"18\">Type de lentille<\/td>\n<td colspan=\"42\">Varifocale motoris\u00e9e<\/td>\n<\/tr>\n<tr>\n<td colspan=\"18\">Type de montage<\/td>\n<td colspan=\"42\">\u03c614<\/td>\n<\/tr>\n<tr>\n<td colspan=\"18\">Distance focale<\/td>\n<td colspan=\"42\">2,7 mm-12 mm<\/td>\n<\/tr>\n<tr>\n<td colspan=\"18\">Max.\u00a0Ouverture<\/td>\n<td colspan=\"42\">F1.8<\/td>\n<\/tr>\n<tr>\n<td colspan=\"18\">Champ de vision<\/td>\n<td colspan=\"42\">Horizontale : 103\u00b0\u201344\u00b0<br \/>\nVerticale : 75\u00b0\u201333\u00b0<br \/>\nDiagonale : 135\u00b0\u201355\u00b0<\/td>\n<\/tr>\n<tr>\n<td colspan=\"18\">Type de diaphragme<\/td>\n<td colspan=\"42\">Auto<\/td>\n<\/tr>\n<tr>\n<td colspan=\"18\">Distance de mise au point rapproch\u00e9e<\/td>\n<td colspan=\"42\">1,2 m (3,9 pieds)<\/td>\n<\/tr>\n<tr>\n<td colspan=\"18\" rowspan=\"3\">DORI Distance<\/td>\n<td colspan=\"8\">Lentille<\/td>\n<td colspan=\"8\">D\u00e9tecter<\/td>\n<td colspan=\"8\">Observer<\/td>\n<td colspan=\"8\">Reconna\u00eetre<\/td>\n<td colspan=\"10\">Identifier<\/td>\n<\/tr>\n<tr>\n<td colspan=\"8\">O<\/td>\n<td colspan=\"8\">97 m\u00e8tres<\/p>\n<p>(318,2 pieds)<\/td>\n<td colspan=\"8\">38 m\u00e8tres<\/p>\n<p>(124,7 pieds)<\/td>\n<td colspan=\"8\">19 m<\/p>\n<p>(62,3 pieds)<\/td>\n<td colspan=\"10\">9 m\u00e8tres<\/p>\n<p>(29,5 pieds)<\/td>\n<\/tr>\n<tr>\n<td colspan=\"8\">J<\/td>\n<td colspan=\"8\">205 m (672,6 pieds)<\/td>\n<td colspan=\"8\">82 m\u00e8tres<\/p>\n<p>(269,0 pieds)<\/td>\n<td colspan=\"8\">41 m<\/p>\n<p>(134,5 pieds)<\/td>\n<td colspan=\"10\">20 m\u00e8tres<\/p>\n<p>(65,6 pieds)<\/td>\n<\/tr>\n<tr>\n<td colspan=\"60\">\u00c9v\u00e9nement intelligent<\/td>\n<\/tr>\n<tr>\n<td colspan=\"18\">SVI<\/td>\n<td colspan=\"42\">Objet abandonn\u00e9\u00a0;\u00a0objet manquant<\/td>\n<\/tr>\n<tr>\n<td colspan=\"60\">Professionnel, intelligent<\/td>\n<\/tr>\n<tr>\n<td colspan=\"18\">IVS (protection p\u00e9rim\u00e9trique)<\/td>\n<td colspan=\"42\">Tripwire\u00a0;\u00a0intrusion;\u00a0d\u00e9placement rapide (les trois fonctions prennent en charge la classification et la d\u00e9tection pr\u00e9cise du v\u00e9hicule et de l&#8217;humain);\u00a0d\u00e9tection de vagabondage\u00a0;\u00a0rassemblement de personnes\u00a0;\u00a0d\u00e9tection de stationnement<\/td>\n<\/tr>\n<tr>\n<td colspan=\"18\">D\u00e9tection facial<\/td>\n<td colspan=\"42\">D\u00e9tection facial;\u00a0Piste;\u00a0optimisation;\u00a0instantan\u00e9;\u00a0am\u00e9lioration du visage;\u00a0exposition du visage\u00a0;\u00a0extrait d&#8217;attributs du visage, 6 attributs et 8 expressions : Sexe, \u00e2ge, lunettes, expressions (col\u00e8re, calme, bonheur, tristesse, d\u00e9go\u00fbt, surprise, confusion et peur), masque, barbe ;\u00a0r\u00e9glage du tapis de visage\u00a0: visage, photo d&#8217;un pouce\u00a0;\u00a0trois m\u00e9thodes d&#8217;instantan\u00e9\u00a0: instantan\u00e9 en temps r\u00e9el, instantan\u00e9 d&#8217;optimisation, priorit\u00e9 de qualit\u00e9\u00a0;\u00a0filtre d&#8217;angle de visage\u00a0;\u00a0r\u00e9glage du temps d&#8217;optimisation\u00a0;\u00a0Dur\u00e9e de prise en charge Filtrage optimal et non vivant<\/td>\n<\/tr>\n<tr>\n<td colspan=\"18\">Reconnaissance de visage<\/td>\n<td colspan=\"42\">Il existe deux mod\u00e8les : le mode g\u00e9n\u00e9ral et le mode comptage.<\/p>\n<p>Mode g\u00e9n\u00e9ral\u00a0: d\u00e9tection de visage\u00a0;\u00a0Piste;\u00a0instantan\u00e9;\u00a0optimisation des instantan\u00e9s\u00a0;\u00a0am\u00e9lioration du visage;\u00a0exposition du visage\u00a0;\u00a0extraction des attributs du visage comprenant 6 attributs (sexe, \u00e2ge, lunettes, expressions, masque et barbe) et 8 expressions (col\u00e8re, calme, bonheur, tristesse, d\u00e9go\u00fbt, surprise, confusion et peur)\u00a0;\u00a0prend en charge jusqu&#8217;\u00e0 5 bases de donn\u00e9es de visages avec 50 000 images de visages au total ;\u00a0prend en charge le filtrage non vivant<\/p>\n<p>Mode de comptage\u00a0: offre un compteur client avanc\u00e9, le filtrage de la base de donn\u00e9es de visages sp\u00e9cifi\u00e9e et l&#8217;exportation de rapports avant et apr\u00e8s la suppression des visages en double.<\/td>\n<\/tr>\n<tr>\n<td colspan=\"18\">D\u00e9tection du visage et du corps<\/td>\n<td colspan=\"42\">Il existe deux modes\u00a0: le mode g\u00e9n\u00e9ral et la d\u00e9tection d&#8217;EPI.<\/p>\n<p>Mode g\u00e9n\u00e9ral\u00a0: prend en charge l&#8217;activation simultan\u00e9e de la d\u00e9tection des visages et de la d\u00e9tection humaine, et les alarmes peuvent \u00eatre d\u00e9clench\u00e9es.<\/p>\n<p>D\u00e9tection des EPI\u00a0: prend en charge la d\u00e9tection des EPI, peut d\u00e9tecter des attributs tels que le masque facial, le casque de s\u00e9curit\u00e9, les lunettes et le gilet de s\u00e9curit\u00e9, la couleur du haut et la couleur du bas, et d\u00e9terminer si les exigences en mati\u00e8re d&#8217;EPI sont respect\u00e9es.\u00a0Les alarmes peuvent \u00eatre d\u00e9clench\u00e9es en fonction des param\u00e8tres d&#8217;alarme.<\/td>\n<\/tr>\n<tr>\n<td colspan=\"18\">Comptage de personnes<\/td>\n<td colspan=\"42\">Prend en charge le comptage du nombre de fils de d\u00e9clenchement, le comptage des personnes dans la zone et l&#8217;affichage et la sortie de rapports annuels\/mensuels\/quotidiens.<br \/>\nPrend en charge la gestion des files d&#8217;attente, ainsi que l&#8217;affichage et la production de rapports mensuels\/quotidiens.<br \/>\nPrend en charge la configuration de 4 r\u00e8gles de d\u00e9clenchement, le comptage de personnes dans 4 zones et 4 fonctions de gestion de file d&#8217;attente.<\/td>\n<\/tr>\n<tr>\n<td colspan=\"18\">RAPAN<\/td>\n<td colspan=\"42\">ANPR, piste, priorit\u00e9, instantan\u00e9<\/p>\n<p>Attributs du v\u00e9hicule\u00a0: plaque d&#8217;immatriculation, type de v\u00e9hicule, couleur du v\u00e9hicule<\/p>\n<p>Autres attributs\u00a0: ceinture de s\u00e9curit\u00e9, tabagisme, t\u00e9l\u00e9phone<\/td>\n<\/tr>\n<tr>\n<td colspan=\"18\">M\u00e9tadonn\u00e9es vid\u00e9o<\/td>\n<td colspan=\"42\">Prend en charge la capture d&#8217;images du corps humain, du visage humain, des v\u00e9hicules \u00e0 moteur et des v\u00e9hicules non motoris\u00e9s, l&#8217;extraction d&#8217;attributs, le comptage des cibles par direction (A&gt;B, B&gt;A ou A&lt;&gt;B) et l&#8217;exportation du rapport.<\/td>\n<\/tr>\n<tr>\n<td colspan=\"18\">Recherche intelligente<\/td>\n<td colspan=\"42\">Travaillez avec Smart NVR pour affiner la recherche intelligente, l&#8217;extraction d&#8217;\u00e9v\u00e9nements et la fusion avec des vid\u00e9os d&#8217;\u00e9v\u00e9nements.<\/td>\n<\/tr>\n<tr>\n<td colspan=\"60\">Vid\u00e9o<\/td>\n<\/tr>\n<tr>\n<td colspan=\"18\">Compression de vid\u00e9o<\/td>\n<td colspan=\"42\">H.265\u00a0;\u00a0H.264\u00a0;\u00a0H.264H\u00a0;\u00a0H.264B\u00a0;\u00a0MJPEG (uniquement pris en charge par le sous-flux)<\/td>\n<\/tr>\n<tr>\n<td colspan=\"18\">Codec intelligent<\/td>\n<td colspan=\"42\">Intelligent H.264+<br \/>\nIntelligent H.265+<\/td>\n<\/tr>\n<tr>\n<td colspan=\"18\">Frame rate vid\u00e9o<\/td>\n<td colspan=\"42\">Flux principal : 4000 \u00d7 3000 \u00e0 1-25\/30 ips<br \/>\nFlux secondaire : 704 \u00d7 576 \u00e0 1-25 ips ;\u00a0704 \u00d7 480 \u00e0 1-30 ipsTroisi\u00e8me flux : 1920 \u00d7 1080 \u00e0 1-25\/30 ips<br \/>\nQuatri\u00e8me flux : 1920 \u00d7 1080 \u00e0 1-25\/30 ips<br \/>\nCinqui\u00e8me flux : 704 \u00d7 576 \u00e0 1-25 ips ;\u00a0704 \u00d7 480 \u00e0 1-30 ips<\/td>\n<\/tr>\n<tr>\n<td colspan=\"18\">Capacit\u00e9 de flux<\/td>\n<td colspan=\"42\">5 flux<\/td>\n<\/tr>\n<tr>\n<td colspan=\"18\">R\u00e9solution<\/td>\n<td colspan=\"42\">12M (4000 \u00d7 3000);\u00a08M (3840 \u00d7 2160);\u00a06M (3072 \u00d7 2048);\u00a05M (3072 \u00d7 1728);\u00a05M (2592 \u00d7 1944);\u00a04M (2688 \u00d7 1520);\u00a03M (2048 \u00d7 1536);\u00a03M (2304 \u00d7 1296);\u00a02M (1920 \u00d7 1080);\u00a01.3M (1280 \u00d7 960);\u00a0720P (1280 \u00d7 720);\u00a0D1 (704 \u00d7 576\/704 \u00d7 480);\u00a0CAF (352 \u00d7 288\/352 \u00d7 240);\u00a0VGA (640 \u00d7 480)<\/td>\n<\/tr>\n<tr>\n<td colspan=\"18\">Contr\u00f4le du d\u00e9bit binaire<\/td>\n<td colspan=\"42\">CBR\/VBR<\/td>\n<\/tr>\n<tr>\n<td colspan=\"18\">Bitrate vid\u00e9o<\/td>\n<td colspan=\"42\">H.264\u00a0:\u00a032\u00a0kbit\/s\u201316\u00a0384\u00a0kbit\/s<br \/>\nH.265\u00a0:\u00a032\u00a0kbit\/s\u201314\u00a0080\u00a0kbit\/s<\/td>\n<\/tr>\n<tr>\n<td colspan=\"18\">Jour Nuit<\/td>\n<td colspan=\"42\">Auto (ICR)\/Couleur\/N\/B<\/td>\n<\/tr>\n<tr>\n<td colspan=\"18\">BLC<\/td>\n<td colspan=\"42\">Oui<\/td>\n<\/tr>\n<tr>\n<td colspan=\"18\">CLH<\/td>\n<td colspan=\"42\">Oui<\/td>\n<\/tr>\n<tr>\n<td colspan=\"18\">DWDR<\/td>\n<td colspan=\"42\">Oui<\/td>\n<\/tr>\n<tr>\n<td colspan=\"18\">Balance des blancs<\/td>\n<td colspan=\"42\">Auto\/naturel\/r\u00e9verb\u00e8re\/ext\u00e9rieur\/manuel\/personnalis\u00e9 r\u00e9gional<\/td>\n<\/tr>\n<tr>\n<td colspan=\"18\">Prendre le contr\u00f4le<\/td>\n<td colspan=\"42\">Automatique\/Manuel<\/td>\n<\/tr>\n<tr>\n<td colspan=\"18\">R\u00e9duction de bruit<\/td>\n<td colspan=\"42\">NR 3D<\/td>\n<\/tr>\n<tr>\n<td colspan=\"18\">D\u00e9tection de mouvement<\/td>\n<td colspan=\"42\">OFF\/ON (4 zones, rectangulaire)<\/td>\n<\/tr>\n<tr>\n<td colspan=\"18\">R\u00e9gion d&#8217;int\u00e9r\u00eat (RoI)<\/td>\n<td colspan=\"42\">Oui (4 zones)<\/td>\n<\/tr>\n<tr>\n<td colspan=\"18\">\u00c9clairage intelligent<\/td>\n<td colspan=\"42\">Oui<\/td>\n<\/tr>\n<tr>\n<td colspan=\"18\">D\u00e9sembuage<\/td>\n<td colspan=\"42\">Oui<\/td>\n<\/tr>\n<tr>\n<td colspan=\"18\">Rotation des images<\/td>\n<td colspan=\"42\">0\u00b0\/90\u00b0\/180\u00b0\/270\u00b0 (Prend en charge 90\u00b0\/270\u00b0 avec une r\u00e9solution de 2688 \u00d7 1520 et moins)<\/td>\n<\/tr>\n<tr>\n<td colspan=\"18\">Miroir<\/td>\n<td colspan=\"42\">Oui<\/td>\n<\/tr>\n<tr>\n<td colspan=\"18\">Masquage de confidentialit\u00e9<\/td>\n<td colspan=\"42\">8 zones<\/td>\n<\/tr>\n<tr>\n<td colspan=\"60\">l&#8217;audio<\/td>\n<\/tr>\n<tr>\n<td colspan=\"18\">Compression audio<\/td>\n<td colspan=\"42\">G.711A\u00a0;\u00a0G.711Mu\u00a0;\u00a0G.726\u00a0;\u00a0G.723<\/td>\n<\/tr>\n<tr>\n<td colspan=\"60\">Alarme<\/td>\n<\/tr>\n<tr>\n<td colspan=\"18\">\u00c9v\u00e9nement d&#8217;alarme<\/td>\n<td colspan=\"42\">Pas de carte SD\u00a0;\u00a0Carte SD pleine\u00a0;\u00a0erreur de carte SD\u00a0;\u00a0d\u00e9connexion du r\u00e9seau\u00a0;\u00a0conflit IP\u00a0;\u00a0acc\u00e8s ill\u00e9gal;\u00a0d\u00e9tection de mouvement;\u00a0falsification vid\u00e9o\u00a0;\u00a0fil-pi\u00e8ge\u00a0;\u00a0intrusion;\u00a0d\u00e9placement rapide;\u00a0objet abandonn\u00e9;\u00a0objet manquant\u00a0;\u00a0d\u00e9tection de vagabondage\u00a0;\u00a0rassemblement de personnes\u00a0;\u00a0d\u00e9tection de stationnement\u00a0;\u00a0changement de sc\u00e8ne\u00a0;\u00a0d\u00e9tection audio\u00a0;\u00a0d\u00e9tection de d\u00e9focalisation\u00a0;\u00a0alarme externe\u00a0;\u00a0d\u00e9tection facial;\u00a0personnes comptant dans la zone\u00a0;\u00a0restez alarm\u00e9\u00a0;\u00a0comptage de personnes\u00a0;\u00a0comptage de personnes d\u00e9tection d&#8217;exception\u00a0;\u00a0exception de s\u00e9curit\u00e9\u00a0;\u00a0gestion des files d&#8217;attente\u00a0;\u00a0d\u00e9tection du visage et du corps\u00a0;\u00a0d\u00e9tection du visage et du corps (alarme d&#8217;attributs de correspondance)\u00a0;\u00a0d\u00e9tection du visage et du corps (alarme d&#8217;incompatibilit\u00e9 d&#8217;attributs)\u00a0;\u00a0reconnaissance de visage<\/td>\n<\/tr>\n<tr>\n<td colspan=\"60\">R\u00e9seau<\/td>\n<\/tr>\n<tr>\n<td colspan=\"18\">R\u00e9seau<\/td>\n<td colspan=\"42\">RJ-45 (10\/100\/1000 Base-T)<\/td>\n<\/tr>\n<tr>\n<td colspan=\"18\">SDK et API<\/td>\n<td colspan=\"42\">Oui<\/td>\n<\/tr>\n<tr>\n<td colspan=\"18\">La cyber-s\u00e9curit\u00e9<\/td>\n<td colspan=\"42\">Cryptage vid\u00e9o\u00a0;\u00a0cryptage du micrologiciel\u00a0;\u00a0cryptage de la configuration\u00a0;\u00a0Dig\u00e9rer;\u00a0PSES\u00a0;\u00a0verrouillage de compte\u00a0;\u00a0journaux de s\u00e9curit\u00e9\u00a0;\u00a0filtrage IP\/MAC\u00a0;\u00a0g\u00e9n\u00e9ration et importation de la certification X.509\u00a0;\u00a0journal syst\u00e8me\u00a0;\u00a0HTTPS\u00a0;\u00a0802.1x\u00a0;\u00a0d\u00e9marrage de confiance\u00a0;\u00a0ex\u00e9cution fiable\u00a0;\u00a0mise \u00e0 niveau de confiance<\/td>\n<\/tr>\n<tr>\n<td colspan=\"18\">Protocole<\/td>\n<td colspan=\"42\">IPv4\u00a0;\u00a0IPv6\u00a0;\u00a0HTTP\u00a0;\u00a0HTTPS\u00a0;\u00a0TCP\u00a0;\u00a0UDP\u00a0;\u00a0ARP\u00a0;\u00a0RTP\u00a0;\u00a0RTSP\u00a0;\u00a0RTCP\u00a0;\u00a0RTMP\u00a0;\u00a0SMTP\u00a0;\u00a0FTP\u00a0;\u00a0SFTP\u00a0;\u00a0DHCP\u00a0;\u00a0DNS\u00a0;\u00a0DDNS\u00a0;\u00a0qualit\u00e9 de service\u00a0;\u00a0UPnP\u00a0;\u00a0NTP\u00a0;\u00a0multidiffusion\u00a0;\u00a0ICMP\u00a0;\u00a0IGMP\u00a0;\u00a0NFS\u00a0;\u00a0SAMBA;\u00a0PPPoE\u00a0;\u00a0802.1x\u00a0;\u00a0SNMP\u00a0;\u00a0Bonjour<\/td>\n<\/tr>\n<tr>\n<td colspan=\"18\">Interop\u00e9rabilit\u00e9<\/td>\n<td colspan=\"42\">ONVIF (Profil S\/Profil G\/Profil T) ;\u00a0CGI\u00a0;\u00a0Jalon;\u00a0G\u00e9n\u00e9tec\u00a0;\u00a0P2P;RTMP<\/td>\n<\/tr>\n<tr>\n<td colspan=\"18\">Utilisateur\/H\u00f4te<\/td>\n<td colspan=\"42\">20 (Bande passante totale : 240 M)<\/td>\n<\/tr>\n<tr>\n<td colspan=\"18\">Stockage<\/td>\n<td colspan=\"42\">FTP\u00a0;\u00a0SFTP\u00a0;\u00a0Carte Micro SD (prise en charge max. 256 G);\u00a0NAS<\/td>\n<\/tr>\n<tr>\n<td colspan=\"18\">Navigateur<\/td>\n<td colspan=\"42\">IE : IE9 et versions ult\u00e9rieures<br \/>\nChrome : Chrome 42 et versions ult\u00e9rieures<br \/>\nFirefox : Firefox 48.0.2 et versions ult\u00e9rieures<\/td>\n<\/tr>\n<tr>\n<td colspan=\"18\">Logiciel de gestion<\/td>\n<td colspan=\"42\">PSS intelligent\u00a0;\u00a0SSD\u00a0;\u00a0DMSS<\/td>\n<\/tr>\n<tr>\n<td colspan=\"18\">T\u00e9l\u00e9phone mobile<\/td>\n<td colspan=\"42\">IOS\u00a0;\u00a0Android<\/td>\n<\/tr>\n<tr>\n<td colspan=\"18\">Certificat<\/td>\n<td colspan=\"42\"><\/td>\n<\/tr>\n<tr>\n<td colspan=\"18\">Certificats<\/td>\n<td colspan=\"42\">CE-LVD : EN62368-1,EN60950-22 (en option)<br \/>\nCE-EMC : Directive de compatibilit\u00e9 \u00e9lectromagn\u00e9tique 2014\/30\/EU<br \/>\nFCC : 47 CFR FCC Part 15, Subpart B<br \/>\nUL\/CUL : UL60950-1 CAN\/CSA C22.2 Non .60950-1-07,UL 50E NEMA Type 4X (en option)<\/td>\n<\/tr>\n<tr>\n<td colspan=\"60\">Port<\/td>\n<\/tr>\n<tr>\n<td colspan=\"18\">RS-485<\/td>\n<td colspan=\"42\">1 (plage de d\u00e9bit en bauds\u00a0: 1\u00a0200\u00a0bits\/s \u00e0 115\u00a0200\u00a0bits\/s)<\/td>\n<\/tr>\n<tr>\n<td colspan=\"18\">Entr\u00e9e audio<\/td>\n<td colspan=\"42\">1 canal (borne 3 broches avec d\u00e9gagement de 2,54\u00a0mm\u00a0; avec c\u00e2ble audio)<\/td>\n<\/tr>\n<tr>\n<td colspan=\"18\">Sortie audio<\/td>\n<td colspan=\"42\">1 canal (borne 3 broches avec d\u00e9gagement de 2,54\u00a0mm\u00a0; avec c\u00e2ble audio)<\/td>\n<\/tr>\n<tr>\n<td colspan=\"18\">Entr\u00e9e d&#8217;alarme<\/td>\n<td colspan=\"42\">3 canaux d&#8217;entr\u00e9e : 5mA 3V\u20135V DC<\/td>\n<\/tr>\n<tr>\n<td colspan=\"18\">Sortie d&#8217;alarme<\/td>\n<td colspan=\"42\">2 canaux de sortie : 1 000 mA 30 V CC\/500 mA 50 V CC<\/td>\n<\/tr>\n<tr>\n<td colspan=\"60\">Pouvoir<\/td>\n<\/tr>\n<tr>\n<td colspan=\"18\">Source de courant<\/td>\n<td colspan=\"42\">12\u00a0V\u00a0CC\/24\u00a0V CA\/POE+ (802.3at)\u00a0;\u00a0ePoE<\/td>\n<\/tr>\n<tr>\n<td colspan=\"18\">Consommation d&#8217;\u00e9nergie<\/td>\n<td colspan=\"42\">Consommation \u00e9lectrique de base : 6,1 W (12 V CC) ;\u00a06,1 W (puissance active 24 V CA) ;\u00a05,4 W (PoE)<\/p>\n<p>Max.\u00a0consommation \u00e9lectrique : 17,9 W (12 V CC) ;\u00a017,1 W (puissance active 24 V CA) ;\u00a016,8\u00a0W (PoE)<\/td>\n<\/tr>\n<tr>\n<td colspan=\"60\">Environnement<\/td>\n<\/tr>\n<tr>\n<td colspan=\"18\">Des conditions de fonctionnement<\/td>\n<td colspan=\"42\">\u201340\u00b0C \u00e0 +60\u00b0C (\u201340\u00b0F \u00e0 +140\u00b0F) \/Moins de 95% HR<\/td>\n<\/tr>\n<tr>\n<td colspan=\"18\">Conditions de stockage<\/td>\n<td colspan=\"42\">\u201340\u00b0C \u00e0 +60\u00b0C (\u201340\u00b0F \u00e0 +140\u00b0F)<\/td>\n<\/tr>\n<tr>\n<td colspan=\"18\">Degr\u00e9 de protection<\/td>\n<td colspan=\"42\">IP67, IK10, protection anti-corrosion : NEMA 4X (en option)<\/td>\n<\/tr>\n<tr>\n<td colspan=\"60\">Structure<\/td>\n<\/tr>\n<tr>\n<td colspan=\"18\">Enveloppe<\/td>\n<td colspan=\"42\">M\u00e9tal + plastique<\/td>\n<\/tr>\n<tr>\n<td colspan=\"18\">Dimensions<\/td>\n<td colspan=\"42\">129,1 mm \u00d7 \u03a6157,9 mm (5,08&#8243; \u00d7 \u03a66,22&#8243;)<\/td>\n<\/tr>\n<tr>\n<td colspan=\"18\">Poids net<\/td>\n<td colspan=\"42\">1\u00a0500 g (3,31 livres)<\/td>\n<\/tr>\n<tr>\n<td colspan=\"18\">Poids brut<\/td>\n<td colspan=\"42\">1600 g (3,53 livres)<\/td>\n<\/tr>\n<\/tbody>\n<\/table>\n<\/div>\n<\/div>\n<\/div>\n<\/div>\n","protected":false},"excerpt":{"rendered":"<h1 class=\"text\" data-gtm-vis-has-fired-10552706_181=\"1\" data-gtm-vis-first-on-screen-10552706_184=\"523\" data-gtm-vis-first-on-screen-10552706_192=\"525\" data-gtm-vis-first-on-screen-10552706_193=\"528\" data-gtm-vis-first-on-screen-10552706_194=\"531\" data-gtm-vis-has-fired-10552706_195=\"1\" data-gtm-vis-first-on-screen-10552706_196=\"539\" data-gtm-vis-first-on-screen-10552706_217=\"540\" data-gtm-vis-recent-on-screen-10552706_196=\"670156\" data-gtm-vis-total-visible-time-10552706_196=\"100\" data-gtm-vis-has-fired-10552706_196=\"1\" data-gtm-vis-recent-on-screen-10552706_194=\"670156\" data-gtm-vis-total-visible-time-10552706_194=\"100\" data-gtm-vis-has-fired-10552706_194=\"1\" data-gtm-vis-recent-on-screen-10552706_193=\"670157\" data-gtm-vis-total-visible-time-10552706_193=\"100\" data-gtm-vis-has-fired-10552706_193=\"1\" data-gtm-vis-recent-on-screen-10552706_217=\"670158\" data-gtm-vis-total-visible-time-10552706_217=\"100\" data-gtm-vis-has-fired-10552706_217=\"1\" data-gtm-vis-recent-on-screen-10552706_192=\"670159\" data-gtm-vis-total-visible-time-10552706_192=\"100\" data-gtm-vis-has-fired-10552706_192=\"1\" data-gtm-vis-recent-on-screen-10552706_184=\"670159\" data-gtm-vis-total-visible-time-10552706_184=\"100\" data-gtm-vis-has-fired-10552706_184=\"1\"><span style=\"font-size: 12pt;\"><strong>Cam\u00e9ra r\u00e9seau WizMind \u00e0 d\u00f4me IR 12MP<\/strong><\/span><\/h1>\n<div data-v-5fe8c490=\"\">\n<ul>\n<li>Capteur d&#8217;image CMOS 12MP 1\/1.7&#8243;, haute d\u00e9finition d&#8217;image<\/li>\n<li>Sorties max. 12MP (4000 \u00d7 3000) \u00e0 25\/30 ips<\/li>\n<li>Codec H.265, taux de compression \u00e9lev\u00e9, d\u00e9bit binaire ultra-faible<\/li>\n<li>LED IR int\u00e9gr\u00e9e, max. Port\u00e9e infrarouge\u00a0: 40\u00a0m<\/li>\n<li>Mode rotation, DWDR, 3D NR, HLC, BLC, filigrane num\u00e9rique<\/li>\n<li>ROI, SVC, SMART H.264+\/H.265+, codage flexible, applicable \u00e0 divers environnements de bande passante et de stockage<\/li>\n<li>Protection p\u00e9rim\u00e9trique , D\u00e9tection faciale , M\u00e9tadonn\u00e9es vid\u00e9o , ANPR , Comptage de personnes , Gestion des files d&#8217;attente<\/li>\n<li>Alarme : 3 entr\u00e9es, 2 sorties ; audio : 1 entr\u00e9e, 1 sortie ;\u00a0RS-485\u00a0;\u00a0BNC\u00a0;\u00a0prend en charge max.\u00a0Carte SD 256 Go<\/li>\n<li>Alimentation 24V AC\/12V DC\/PoE; Sortie d&#8217;alimentation 12 V CC, max.\u00a0courant 165mA;\u00a0facile pour l&#8217;installation.<\/li>\n<li>Indice de protection IP67, IK10<\/li>\n<li>Rev\u00eatement anti-corrosion (en option)<\/li>\n<li>Cinq flux pour une vid\u00e9o HD \u00e0 trois canaux<\/li>\n<\/ul>\n<p><img decoding=\"async\" class=\"alignnone size-medium wp-image-8763\" src=\"http:\/\/tthcompany.com\/wp-content\/uploads\/2022\/02\/20210706101334_79228-300x77.png\" alt=\"\" width=\"300\" height=\"77\" \/><\/p>\n<\/div>\n","protected":false},"featured_media":19725,"comment_status":"closed","ping_status":"closed","template":"","meta":{"om_disable_all_campaigns":false,"_monsterinsights_skip_tracking":false,"_monsterinsights_sitenote_active":false,"_monsterinsights_sitenote_note":"","_monsterinsights_sitenote_category":0},"product_cat":[689,303,302,822,445],"product_tag":[1093],"class_list":{"0":"post-19696","1":"product","2":"type-product","3":"status-publish","4":"has-post-thumbnail","6":"product_cat-12mp-zoom","7":"product_cat-cameras-ip","8":"product_cat-produits-ip","9":"product_cat-wizmind","10":"product_cat-zoom-cameras-ip","11":"product_tag-onstuck","12":"ts_product_brand-dahua","14":"first","15":"instock","16":"shipping-taxable","17":"purchasable","18":"product-type-simple","19":"add-to-wishlist-after_add_to_cart"},"aioseo_notices":[],"_links":{"self":[{"href":"https:\/\/tthcompany.ma\/index.php\/wp-json\/wp\/v2\/product\/19696","targetHints":{"allow":["GET"]}}],"collection":[{"href":"https:\/\/tthcompany.ma\/index.php\/wp-json\/wp\/v2\/product"}],"about":[{"href":"https:\/\/tthcompany.ma\/index.php\/wp-json\/wp\/v2\/types\/product"}],"replies":[{"embeddable":true,"href":"https:\/\/tthcompany.ma\/index.php\/wp-json\/wp\/v2\/comments?post=19696"}],"wp:featuredmedia":[{"embeddable":true,"href":"https:\/\/tthcompany.ma\/index.php\/wp-json\/wp\/v2\/media\/19725"}],"wp:attachment":[{"href":"https:\/\/tthcompany.ma\/index.php\/wp-json\/wp\/v2\/media?parent=19696"}],"wp:term":[{"taxonomy":"product_cat","embeddable":true,"href":"https:\/\/tthcompany.ma\/index.php\/wp-json\/wp\/v2\/product_cat?post=19696"},{"taxonomy":"product_tag","embeddable":true,"href":"https:\/\/tthcompany.ma\/index.php\/wp-json\/wp\/v2\/product_tag?post=19696"}],"curies":[{"name":"wp","href":"https:\/\/api.w.org\/{rel}","templated":true}]}}