{"id":19694,"date":"2022-08-17T10:44:06","date_gmt":"2022-08-17T10:44:06","guid":{"rendered":"https:\/\/tthcompany.ma\/?post_type=product&#038;p=19694"},"modified":"2022-12-24T10:04:59","modified_gmt":"2022-12-24T10:04:59","slug":"ipc-hfw3449t1-as-pv-s3","status":"publish","type":"product","link":"https:\/\/tthcompany.ma\/index.php\/product\/ipc-hfw3449t1-as-pv-s3\/","title":{"rendered":"IPC-HFW3449T1-AS-PV-S3"},"content":{"rendered":"<table id=\"table001\" class=\"NEW-TABLE TableOverride-1 tab-drag\">\n<tbody>\n<tr>\n<td colspan=\"60\">Cam\u00e9ra<\/td>\n<\/tr>\n<tr>\n<td colspan=\"18\">Capteur d&#8217;image<\/td>\n<td colspan=\"42\">CMOS 1\/2,7&#8243;<\/td>\n<\/tr>\n<tr>\n<td colspan=\"18\">Max.\u00a0R\u00e9solution<\/td>\n<td colspan=\"42\">2688 (H) \u00d7 1520 (V)<\/td>\n<\/tr>\n<tr>\n<td colspan=\"18\">ROM<\/td>\n<td colspan=\"42\">128 Mo<\/td>\n<\/tr>\n<tr>\n<td colspan=\"18\">RAM<\/td>\n<td colspan=\"42\">512 Mo<\/td>\n<\/tr>\n<tr>\n<td colspan=\"18\">Syst\u00e8me de num\u00e9risation<\/td>\n<td colspan=\"42\">Progressive<\/td>\n<\/tr>\n<tr>\n<td colspan=\"18\">Vitesse d&#8217;obturation \u00e9lectronique<\/td>\n<td colspan=\"42\">Auto\/Manuel 1\/3 s\u20131\/100 000 s<\/td>\n<\/tr>\n<tr>\n<td colspan=\"18\">Min.\u00a0\u00c9clairage<\/td>\n<td colspan=\"42\">0,003 lux@F1.0 (Couleur, 30 IRE)<br \/>\n0,0003 lux@F1.0 (N\/B, 30 IRE)<br \/>\n0 lux (illuminateur activ\u00e9)<\/td>\n<\/tr>\n<tr>\n<td colspan=\"18\">Rapport signal\/bruit<\/td>\n<td colspan=\"42\"><span lang=\"zh-CN\">\ufe65 56 dB<\/span><\/td>\n<\/tr>\n<tr>\n<td colspan=\"18\">Distance d&#8217;\u00e9clairage<\/td>\n<td colspan=\"42\">30 m (98,43 pieds) (IR)<br \/>\n30 m (98,43 pieds) (lumi\u00e8re chaude)<\/td>\n<\/tr>\n<tr>\n<td colspan=\"18\">Contr\u00f4le marche\/arr\u00eat de l&#8217;illuminateur<\/td>\n<td colspan=\"42\">Automatique\/Manuel<\/td>\n<\/tr>\n<tr>\n<td colspan=\"18\">Num\u00e9ro d&#8217;illuminateur<\/td>\n<td colspan=\"42\">2 (LED IR)<br \/>\n2 (lumi\u00e8re chaude)<\/td>\n<\/tr>\n<tr>\n<td colspan=\"18\">Plage de panoramique\/inclinaison\/rotation<\/td>\n<td colspan=\"42\">Panoramique : 0\u00b0\u2013360\u00b0<br \/>\nInclinaison : 0\u00b0\u201390\u00b0<br \/>\nRotation : 0\u00b0\u2013360\u00b0<\/td>\n<\/tr>\n<tr>\n<td colspan=\"60\">Lentille<\/td>\n<\/tr>\n<tr>\n<td colspan=\"18\">Type de lentille<\/td>\n<td colspan=\"42\">Focale fixe<\/td>\n<\/tr>\n<tr>\n<td colspan=\"18\">Type de montage<\/td>\n<td colspan=\"42\">M12<\/td>\n<\/tr>\n<tr>\n<td colspan=\"18\">Distance focale<\/td>\n<td colspan=\"42\">2,8 mm;\u00a03,6 millim\u00e8tres<\/td>\n<\/tr>\n<tr>\n<td colspan=\"18\">Champ de vision<\/td>\n<td colspan=\"42\">2,8 mm : Horizontale : 101\u00b0\u00d7 Verticale : 53\u00b0\u00d7 Diagonale : 120\u00b0<br \/>\n3,6 mm : Horizontale : 82\u00b0\u00d7 Verticale : 44\u00b0\u00d7 Diagonale : 96\u00b0<\/td>\n<\/tr>\n<tr>\n<td colspan=\"18\">Type de diaphragme<\/td>\n<td colspan=\"42\">Fix\u00e9<\/td>\n<\/tr>\n<tr>\n<td colspan=\"18\">Distance de mise au point rapproch\u00e9e<\/td>\n<td colspan=\"42\">2,8 mm : 1,5 m (4,92 pieds)<br \/>\n3,6 mm : 2,2 m (7,22 pieds)<\/td>\n<\/tr>\n<tr>\n<td colspan=\"18\" rowspan=\"3\">DORI Distance<\/td>\n<td colspan=\"8\">Lentille<\/td>\n<td colspan=\"8\">D\u00e9tecter<\/td>\n<td colspan=\"8\">Observer<\/td>\n<td colspan=\"8\">Reconna\u00eetre<\/td>\n<td colspan=\"10\">Identifier<\/td>\n<\/tr>\n<tr>\n<td colspan=\"8\">2,8 millim\u00e8tres<\/td>\n<td colspan=\"8\">66,0 m (216,54 pi)<\/td>\n<td colspan=\"8\">26,4 m<\/p>\n<p>(86,61 pieds)<\/td>\n<td colspan=\"8\">13,2 m<\/p>\n<p>(43,31 pieds)<\/td>\n<td colspan=\"10\">6,6 m<\/p>\n<p>(21,65 pieds)<\/td>\n<\/tr>\n<tr>\n<td colspan=\"8\">3,6 millim\u00e8tres<\/td>\n<td colspan=\"8\">78,0 m (255,91 pieds)<\/td>\n<td colspan=\"8\">31,2 m<\/p>\n<p>( 102,36 pieds)<\/td>\n<td colspan=\"8\">15,6 m<\/p>\n<p>(51,18 pieds\u00a0<span lang=\"zh-CN\">)<\/span><\/td>\n<td colspan=\"10\">7,8 m<\/p>\n<p>(25,59 pieds)<\/td>\n<\/tr>\n<tr>\n<td colspan=\"60\">Professionnel, intelligent<\/td>\n<\/tr>\n<tr>\n<td colspan=\"18\">IVS (protection p\u00e9rim\u00e9trique)<\/td>\n<td colspan=\"42\">Tripwire\u00a0;\u00a0intrusion (soutenir la classification et la d\u00e9tection pr\u00e9cise du v\u00e9hicule et de l&#8217;homme)<\/td>\n<\/tr>\n<tr>\n<td colspan=\"18\">CMS 3.0<\/td>\n<td colspan=\"42\">Moins de fausses alarmes, distance de d\u00e9tection plus longue<\/td>\n<\/tr>\n<tr>\n<td colspan=\"18\">Recherche intelligente<\/td>\n<td colspan=\"42\">Travaillez avec Smart NVR pour affiner la recherche intelligente, l&#8217;extraction d&#8217;\u00e9v\u00e9nements et la fusion avec des vid\u00e9os d&#8217;\u00e9v\u00e9nements<\/td>\n<\/tr>\n<tr>\n<td colspan=\"60\">Vid\u00e9o<\/td>\n<\/tr>\n<tr>\n<td colspan=\"18\">Compression de vid\u00e9o<\/td>\n<td colspan=\"42\">H.265\u00a0;\u00a0H.264\u00a0;\u00a0H.264H\u00a0;\u00a0H.264B\u00a0;\u00a0MJPEG (uniquement pris en charge par le sous-flux)<\/td>\n<\/tr>\n<tr>\n<td colspan=\"18\">Codec intelligent<\/td>\n<td colspan=\"42\">H.265+ intelligent\u00a0;\u00a0H.264+ intelligent<\/td>\n<\/tr>\n<tr>\n<td colspan=\"18\">Codage IA<\/td>\n<td colspan=\"42\">AI H.265\u00a0;\u00a0AI H.264<\/td>\n<\/tr>\n<tr>\n<td colspan=\"18\">Frame rate vid\u00e9o<\/td>\n<td colspan=\"42\">Flux principal : 2688 \u00d7 1520@(1 ips\u201330 ips)<br \/>\nFlux secondaire : 704 \u00d7 576@(1 ips\u201325 ips)\/704 \u00d7 480@(1 ips\u201330 ips)Troisi\u00e8me flux :1920 \u00d7 1080@(1 ips\u201330 ips)<br \/>\n*Les valeurs ci-dessus sont les max.\u00a0fr\u00e9quences d&#8217;images de chaque flux\u00a0;\u00a0pour plusieurs flux, les valeurs seront soumises \u00e0 la capacit\u00e9 d&#8217;encodage totale<\/td>\n<\/tr>\n<tr>\n<td colspan=\"18\">Capacit\u00e9 de flux<\/td>\n<td colspan=\"42\">3 flux<\/td>\n<\/tr>\n<tr>\n<td colspan=\"18\">R\u00e9solution<\/td>\n<td colspan=\"42\">4M (2688 \u00d7 1520\/2560 \u00d7 1440);\u00a03M (2304 \u00d7 1296);\u00a01080p (1920 \u00d7 1080);\u00a0720p (1280 \u00d7 720);\u00a0D1 (704 \u00d7 576\/704 \u00d7 480);\u00a0CAF (352 \u00d7 288\/352 \u00d7 240)<\/td>\n<\/tr>\n<tr>\n<td colspan=\"18\">Contr\u00f4le du d\u00e9bit binaire<\/td>\n<td colspan=\"42\">CBR\/VBR<\/td>\n<\/tr>\n<tr>\n<td colspan=\"18\">Bitrate vid\u00e9o<\/td>\n<td colspan=\"42\">H.264\u00a0:\u00a03\u00a0kbit\/s\u201320\u00a0480\u00a0kbit\/s<br \/>\nH.265\u00a0:\u00a03\u00a0kbit\/s\u201320\u00a0480\u00a0kbit\/s<\/td>\n<\/tr>\n<tr>\n<td colspan=\"18\">Jour Nuit<\/td>\n<td colspan=\"42\">Auto (ICR)\/Couleur\/N\/B<\/td>\n<\/tr>\n<tr>\n<td colspan=\"18\">BLC<\/td>\n<td colspan=\"42\">Oui<\/td>\n<\/tr>\n<tr>\n<td colspan=\"18\">CLH<\/td>\n<td colspan=\"42\">Oui<\/td>\n<\/tr>\n<tr>\n<td colspan=\"18\">WDR<\/td>\n<td colspan=\"42\">120 dB<\/td>\n<\/tr>\n<tr>\n<td colspan=\"18\">Sc\u00e8ne Auto-adaptation<\/td>\n<td colspan=\"42\">Oui<\/td>\n<\/tr>\n<tr>\n<td colspan=\"18\">Balance des blancs<\/td>\n<td colspan=\"42\">Auto;\u00a0Naturel;\u00a0r\u00e9verb\u00e8re;\u00a0Ext\u00e9rieur;\u00a0Manuel;\u00a0coutume r\u00e9gionale<\/td>\n<\/tr>\n<tr>\n<td colspan=\"18\">Prendre le contr\u00f4le<\/td>\n<td colspan=\"42\">Auto;\u00a0Manuel<\/td>\n<\/tr>\n<tr>\n<td colspan=\"18\">R\u00e9duction de bruit<\/td>\n<td colspan=\"42\">NR 3D<\/td>\n<\/tr>\n<tr>\n<td colspan=\"18\">D\u00e9tection de mouvement<\/td>\n<td colspan=\"42\">OFF\/ON (4 zones)<\/td>\n<\/tr>\n<tr>\n<td colspan=\"18\">R\u00e9gion d&#8217;int\u00e9r\u00eat (RoI)<\/td>\n<td colspan=\"42\">Oui (4 zones)<\/td>\n<\/tr>\n<tr>\n<td colspan=\"18\">\u00c9clairage intelligent<\/td>\n<td colspan=\"42\">Oui<\/td>\n<\/tr>\n<tr>\n<td colspan=\"18\">D\u00e9sembuage<\/td>\n<td colspan=\"42\">Oui<\/td>\n<\/tr>\n<tr>\n<td colspan=\"18\">Rotation des images<\/td>\n<td colspan=\"42\">0\u00b0\/90\u00b0\/180\u00b0\/270\u00b0 (Prend en charge 90\u00b0\/270\u00b0 avec une r\u00e9solution de 2688 \u00d7 1520 et moins)<\/td>\n<\/tr>\n<tr>\n<td colspan=\"18\">Miroir<\/td>\n<td colspan=\"42\">Oui<\/td>\n<\/tr>\n<tr>\n<td colspan=\"18\">Masquage de confidentialit\u00e9<\/td>\n<td colspan=\"42\">8 domaines<\/td>\n<\/tr>\n<tr>\n<td colspan=\"60\">l&#8217;audio<\/td>\n<\/tr>\n<tr>\n<td colspan=\"18\">Micro int\u00e9gr\u00e9<\/td>\n<td colspan=\"42\">Oui<\/td>\n<\/tr>\n<tr>\n<td colspan=\"18\">Compression audio<\/td>\n<td colspan=\"42\">PCM\u00a0;\u00a0G.711a\u00a0;\u00a0G.711Mu\u00a0;\u00a0G.726\u00a0;\u00a0G.723<\/td>\n<\/tr>\n<tr>\n<td colspan=\"60\">Alarme<\/td>\n<\/tr>\n<tr>\n<td colspan=\"18\">\u00c9v\u00e9nement d&#8217;alarme<\/td>\n<td colspan=\"42\">Pas de carte SD\u00a0;\u00a0Carte SD pleine\u00a0;\u00a0erreur de carte SD\u00a0;\u00a0d\u00e9connexion du r\u00e9seau\u00a0;\u00a0conflit IP\u00a0;\u00a0acc\u00e8s ill\u00e9gal;\u00a0d\u00e9tection de mouvement;\u00a0falsification vid\u00e9o\u00a0;\u00a0fil-pi\u00e8ge\u00a0;\u00a0intrusion;\u00a0changement de sc\u00e8ne\u00a0;\u00a0d\u00e9tection audio\u00a0;\u00a0d\u00e9tection de tension\u00a0;\u00a0alarme externe\u00a0;\u00a0CMS\u00a0;\u00a0Exception de s\u00e9curit\u00e9<\/td>\n<\/tr>\n<tr>\n<td colspan=\"60\">R\u00e9seau<\/td>\n<\/tr>\n<tr>\n<td colspan=\"18\">R\u00e9seau<\/td>\n<td colspan=\"42\">RJ-45 (10\/100 Base-T)<\/td>\n<\/tr>\n<tr>\n<td colspan=\"18\">SDK et API<\/td>\n<td colspan=\"42\">Oui<\/td>\n<\/tr>\n<tr>\n<td colspan=\"18\">La cyber-s\u00e9curit\u00e9<\/td>\n<td colspan=\"42\">Cryptage vid\u00e9o\u00a0;\u00a0cryptage du micrologiciel\u00a0;\u00a0cryptage de la configuration\u00a0;\u00a0Dig\u00e9rer;\u00a0PSES\u00a0;\u00a0verrouillage de compte\u00a0;\u00a0journaux de s\u00e9curit\u00e9\u00a0;\u00a0filtrage IP\/MAC\u00a0;\u00a0g\u00e9n\u00e9ration et importation de la certification X.509\u00a0;\u00a0journal syst\u00e8me\u00a0;\u00a0HTTPS\u00a0;\u00a0802.1x\u00a0;\u00a0d\u00e9marrage de confiance\u00a0;\u00a0ex\u00e9cution fiable\u00a0;\u00a0mise \u00e0 niveau de confiance<\/td>\n<\/tr>\n<tr>\n<td colspan=\"18\">Protocole<\/td>\n<td colspan=\"42\">IPv4\u00a0;\u00a0IPv6\u00a0;\u00a0HTTP\u00a0;\u00a0TCP\u00a0;\u00a0UDP\u00a0;\u00a0ARP\u00a0;\u00a0RTP\u00a0;\u00a0RTSP\u00a0;\u00a0RTCP\u00a0;\u00a0RTMP\u00a0;\u00a0SMTP\u00a0;\u00a0FTP\u00a0;\u00a0SFTP\u00a0;\u00a0DHCP\u00a0;\u00a0DNS\u00a0;\u00a0DDNS\u00a0;\u00a0qualit\u00e9 de service\u00a0;\u00a0UPnP\u00a0;\u00a0NTP\u00a0;\u00a0multidiffusion\u00a0;\u00a0ICMP\u00a0;\u00a0IGMP\u00a0;\u00a0NFS\u00a0;\u00a0SAMBA;\u00a0PPPoE\u00a0;\u00a0SNMP<\/td>\n<\/tr>\n<tr>\n<td colspan=\"18\">Interop\u00e9rabilit\u00e9<\/td>\n<td colspan=\"42\">ONVIF (Profil S\/Profil G\/Profil T) ;\u00a0CGI\u00a0;\u00a0P2P\u00a0;\u00a0Jalon<\/td>\n<\/tr>\n<tr>\n<td colspan=\"18\">Utilisateur\/H\u00f4te<\/td>\n<td colspan=\"42\">20 (Bande passante totale : 72 M)<\/td>\n<\/tr>\n<tr>\n<td colspan=\"18\">Stockage<\/td>\n<td colspan=\"42\">FTP\u00a0;\u00a0SFTP\u00a0;\u00a0Carte Micro SD (prise en charge max. 256 G);\u00a0NAS<\/td>\n<\/tr>\n<tr>\n<td colspan=\"18\">Navigateur<\/td>\n<td colspan=\"42\">Internet Explorer\u00a0: IE8\/9\/11<br \/>\nChrome<br \/>\nFirefox<\/td>\n<\/tr>\n<tr>\n<td colspan=\"18\">Logiciel de gestion<\/td>\n<td colspan=\"42\">PSS intelligent\u00a0;\u00a0SSD\u00a0;\u00a0DMSS<\/td>\n<\/tr>\n<tr>\n<td colspan=\"18\">T\u00e9l\u00e9phone mobile<\/td>\n<td colspan=\"42\">iOS\u00a0;\u00a0Android<\/td>\n<\/tr>\n<tr>\n<td colspan=\"60\">Certificat<\/td>\n<\/tr>\n<tr>\n<td colspan=\"18\">Certificat<\/td>\n<td colspan=\"42\">CE-LVD\u00a0: EN 62368-1\u00a0;<\/p>\n<p>CE-EMC : Directive Compatibilit\u00e9 Electromagn\u00e9tique 2014\/30\/UE ;<\/p>\n<p>FCC : 47 CFR FCC partie 15, sous-partie B ;<\/p>\n<p>UL\/CUL\u00a0: UL62368-1 et CAN\/CSA C22.2 n\u00b0\u00a062368-1-14\u00a0;<\/td>\n<\/tr>\n<tr>\n<td colspan=\"60\">Port<\/td>\n<\/tr>\n<tr>\n<td colspan=\"18\">Entr\u00e9e audio<\/td>\n<td colspan=\"42\">1 canal (prise RCA)<\/td>\n<\/tr>\n<tr>\n<td colspan=\"18\">Sortie audio<\/td>\n<td colspan=\"42\">1 canal (prise RCA)<\/td>\n<\/tr>\n<tr>\n<td colspan=\"18\">Entr\u00e9e d&#8217;alarme<\/td>\n<td colspan=\"42\">1 canal d&#8217;entr\u00e9e : 5mA 3V\u20135 VDC<\/td>\n<\/tr>\n<tr>\n<td colspan=\"18\">Sortie d&#8217;alarme<\/td>\n<td colspan=\"42\">1 canal de sortie\u00a0: 300\u00a0mA 12\u00a0VDC<\/td>\n<\/tr>\n<tr>\n<td colspan=\"60\">Pouvoir<\/td>\n<\/tr>\n<tr>\n<td colspan=\"18\">Source de courant<\/td>\n<td colspan=\"42\">12 VCC\/PoE (802.3af)<\/td>\n<\/tr>\n<tr>\n<td colspan=\"18\">Consommation d&#8217;\u00e9nergie<\/td>\n<td colspan=\"42\">Basique : 2,4 W (12 VCC) ;\u00a03,1 W (PoE)<br \/>\nMax.\u00a0(H.265+flux principal\/intensit\u00e9 IR+lumi\u00e8re chaude allum\u00e9e)\u00a0: 7,9\u00a0W (12\u00a0VDC)\u00a0;\u00a09,7 W (PoE)<\/td>\n<\/tr>\n<tr>\n<td colspan=\"60\">Environnement<\/td>\n<\/tr>\n<tr>\n<td colspan=\"18\">Des conditions de fonctionnement<\/td>\n<td colspan=\"42\">\u201340 \u00b0C \u00e0 +60 \u00b0C (\u201340 \u00b0F \u00e0 +140 \u00b0F)\/Moins de 95 % HR<\/td>\n<\/tr>\n<tr>\n<td colspan=\"18\">Conditions de stockage<\/td>\n<td colspan=\"42\">\u201340 \u00b0C \u00e0 +60 \u00b0C (\u201340 \u00b0F \u00e0 +140 \u00b0F)<\/td>\n<\/tr>\n<tr>\n<td colspan=\"18\">Degr\u00e9 de protection<\/td>\n<td colspan=\"42\">IP67<\/td>\n<\/tr>\n<tr>\n<td colspan=\"60\">Structure<\/td>\n<\/tr>\n<tr>\n<td colspan=\"18\">Enveloppe<\/td>\n<td colspan=\"42\">M\u00e9tal + plastique<\/td>\n<\/tr>\n<tr>\n<td colspan=\"18\">Dimensions<\/td>\n<td colspan=\"42\">288,4 mm \u00d7 94,4 mm \u00d7 84,7 mm<br \/>\n(11,4&#8243; \u00d7 3,7&#8243; \u00d7 3,3&#8243;) (L \u00d7 l \u00d7 H)<\/td>\n<\/tr>\n<tr>\n<td colspan=\"18\">Poids net<\/td>\n<td colspan=\"42\">1,0 kg (2,20 livres)<\/td>\n<\/tr>\n<tr>\n<td colspan=\"18\">Poids brut<\/td>\n<td colspan=\"42\">1,23 kg (2,71 livres)<\/td>\n<\/tr>\n<\/tbody>\n<\/table>\n","protected":false},"excerpt":{"rendered":"<h1 class=\"text\" data-gtm-vis-recent-on-screen-10552706_184=\"390\" data-gtm-vis-first-on-screen-10552706_184=\"390\" data-gtm-vis-total-visible-time-10552706_184=\"100\" data-gtm-vis-has-fired-10552706_184=\"1\" data-gtm-vis-recent-on-screen-10552706_217=\"391\" data-gtm-vis-first-on-screen-10552706_217=\"391\" data-gtm-vis-total-visible-time-10552706_217=\"100\" data-gtm-vis-has-fired-10552706_217=\"1\"><span style=\"font-size: 12pt;\">4MP Smart Dual Illumination Active Dissuasion Bullet \u00e0 focale fixe Cam\u00e9ra r\u00e9seau WizSense<\/span><\/h1>\n<ul>\n<li>Capteur d&#8217;image CMOS 4MP 1\/2,7&#8243;, faible luminance et haute d\u00e9finition<\/li>\n<li>Sorties max. 4 MP (2688 \u00d7 1520) \u00e0 25\/30 ips.<\/li>\n<li>Codec H.265, taux de compression \u00e9lev\u00e9, d\u00e9bit binaire ultra-faible.<\/li>\n<li>Lumi\u00e8re chaude int\u00e9gr\u00e9e et LED IR, la distance d&#8217;\u00e9clairage IR maximale est de 30 m<\/li>\n<li>ROI, SMART H.264+\/H.265+, AI H.264\/H.265, codage flexible, applicable<\/li>\n<li>Mode rotation, WDR , 3D NR, HLC, BLC, filigrane num\u00e9rique, applicable<\/li>\n<li>Surveillance intelligente : Intrusion, tripwire (les deux fonctions prennent en charge la<br \/>\nD\u00e9tection d&#8217;anomalie : D\u00e9tection de mouvement, masquage de confidentialit\u00e9, sc\u00e8ne<br \/>\nAlarme : 1 entr\u00e9e, 1 sortie ; audio : 1 entr\u00e9e, 1 sortie ; prend en charge jusqu&#8217;\u00e0 256 Go Micro SD<\/li>\n<li>alimentation 12 VCC\/PoE.<\/li>\n<li>Protection IP67.<\/li>\n<li>Alarme sonore et lumineuse (feux rouges et bleus).CMS 3.0.<\/li>\n<li>Armement\/d\u00e9sarmement en un clic via l&#8217;entr\u00e9e d&#8217;alarme.<\/li>\n<\/ul>\n<p>&nbsp;<\/p>\n","protected":false},"featured_media":19723,"comment_status":"closed","ping_status":"closed","template":"","meta":{"om_disable_all_campaigns":false,"_monsterinsights_skip_tracking":false,"_monsterinsights_sitenote_active":false,"_monsterinsights_sitenote_note":"","_monsterinsights_sitenote_category":0},"product_cat":[827,319,860,303,302,826,790],"product_tag":[],"class_list":{"0":"post-19694","1":"product","2":"type-product","3":"status-publish","4":"has-post-thumbnail","6":"product_cat-camera-de-dissuasion-active","7":"product_cat-cameras-4mp-camera-fixe","8":"product_cat-cameras-de-surveillance","9":"product_cat-cameras-ip","10":"product_cat-produits-ip","11":"product_cat-tioc-cameras-ip","12":"product_cat-wizsense","14":"first","15":"instock","16":"shipping-taxable","17":"purchasable","18":"product-type-simple","19":"add-to-wishlist-after_add_to_cart"},"aioseo_notices":[],"_links":{"self":[{"href":"https:\/\/tthcompany.ma\/index.php\/wp-json\/wp\/v2\/product\/19694","targetHints":{"allow":["GET"]}}],"collection":[{"href":"https:\/\/tthcompany.ma\/index.php\/wp-json\/wp\/v2\/product"}],"about":[{"href":"https:\/\/tthcompany.ma\/index.php\/wp-json\/wp\/v2\/types\/product"}],"replies":[{"embeddable":true,"href":"https:\/\/tthcompany.ma\/index.php\/wp-json\/wp\/v2\/comments?post=19694"}],"wp:featuredmedia":[{"embeddable":true,"href":"https:\/\/tthcompany.ma\/index.php\/wp-json\/wp\/v2\/media\/19723"}],"wp:attachment":[{"href":"https:\/\/tthcompany.ma\/index.php\/wp-json\/wp\/v2\/media?parent=19694"}],"wp:term":[{"taxonomy":"product_cat","embeddable":true,"href":"https:\/\/tthcompany.ma\/index.php\/wp-json\/wp\/v2\/product_cat?post=19694"},{"taxonomy":"product_tag","embeddable":true,"href":"https:\/\/tthcompany.ma\/index.php\/wp-json\/wp\/v2\/product_tag?post=19694"}],"curies":[{"name":"wp","href":"https:\/\/api.w.org\/{rel}","templated":true}]}}