{"id":19689,"date":"2022-08-17T10:44:05","date_gmt":"2022-08-17T10:44:05","guid":{"rendered":"https:\/\/tthcompany.ma\/?post_type=product&#038;p=19689"},"modified":"2022-12-24T11:06:52","modified_gmt":"2022-12-24T11:06:52","slug":"xvr5216an-4kl-i2","status":"publish","type":"product","link":"https:\/\/tthcompany.ma\/index.php\/product\/xvr5216an-4kl-i2\/","title":{"rendered":"XVR5216AN-4KL-I2"},"content":{"rendered":"<div id=\"div_left\">\n<div class=\"div-drop\">\n<table id=\"table001\" class=\"NEW-TABLE TableOverride-1 tab-drag\">\n<tbody>\n<tr>\n<td colspan=\"60\">Syst\u00e8me<\/td>\n<\/tr>\n<tr>\n<td colspan=\"18\">Processeur principal<\/td>\n<td colspan=\"42\">Processeur int\u00e9gr\u00e9<\/td>\n<\/tr>\n<tr>\n<td colspan=\"18\">Syst\u00e8me op\u00e9rateur<\/td>\n<td colspan=\"42\">Linux embarqu\u00e9<\/td>\n<\/tr>\n<tr>\n<td colspan=\"60\">Protection p\u00e9rim\u00e9trique<\/td>\n<\/tr>\n<tr>\n<td colspan=\"18\">Performance<\/td>\n<td colspan=\"42\">2 canaux , 10\u00a0<span lang=\"zh-CN\">IVS\u00a0<\/span>pour chaque canal<\/td>\n<\/tr>\n<tr>\n<td colspan=\"18\">Classement des objets<\/td>\n<td colspan=\"42\">Reconnaissance secondaire humain\/v\u00e9hicule pour les fils-pi\u00e8ges et les intrusions<\/td>\n<\/tr>\n<tr>\n<td colspan=\"18\">Recherche IA<\/td>\n<td colspan=\"42\">Recherche par classification de cible (Humain, V\u00e9hicule)<\/td>\n<\/tr>\n<tr>\n<td colspan=\"60\">Reconnaissance de visage<\/td>\n<\/tr>\n<tr>\n<td colspan=\"18\" rowspan=\"2\">Performance<\/td>\n<td colspan=\"42\">Max 12 images de visage\/sec de traitement<\/td>\n<\/tr>\n<tr>\n<td colspan=\"42\">Reconnaissance faciale du flux vid\u00e9o \u00e0 2 canaux, ne prend en charge que la cam\u00e9ra analogique<\/td>\n<\/tr>\n<tr>\n<td colspan=\"18\">Mode \u00e9tranger<\/td>\n<td colspan=\"42\">D\u00e9tecter les visages des \u00e9trangers (pas dans la base de donn\u00e9es des visages de l&#8217;appareil).\u00a0Le seuil de similarit\u00e9 peut \u00eatre d\u00e9fini manuellement.<\/td>\n<\/tr>\n<tr>\n<td colspan=\"18\">Recherche IA<\/td>\n<td colspan=\"42\">Jusqu&#8217;\u00e0 8 images de visage cible sont recherch\u00e9es en m\u00eame temps, un seuil de similarit\u00e9 peut \u00eatre d\u00e9fini pour chaque image de visage cible.<\/td>\n<\/tr>\n<tr>\n<td colspan=\"18\">Gestion de base de donn\u00e9es<\/td>\n<td colspan=\"42\">Jusqu&#8217;\u00e0 10 bases de donn\u00e9es de visages avec 20 000 images de visages au total.\u00a0Le nom, le sexe, l&#8217;anniversaire, l&#8217;adresse, le type de certificat, le num\u00e9ro de certificat, les pays\u00aeions et l&#8217;\u00e9tat peuvent \u00eatre ajout\u00e9s \u00e0 chaque image de visage.<\/td>\n<\/tr>\n<tr>\n<td colspan=\"18\">Application de base de donn\u00e9es<\/td>\n<td colspan=\"42\">Chaque base de donn\u00e9es peut \u00eatre appliqu\u00e9e ind\u00e9pendamment aux canaux vid\u00e9o.<\/td>\n<\/tr>\n<tr>\n<td colspan=\"18\">\u00c9v\u00e9nements d\u00e9clencheurs<\/td>\n<td colspan=\"42\">Buzzer, invites vocales, e-mail, instantan\u00e9, enregistrement, sortie d&#8217;alarme, activation PTZ, etc.<\/td>\n<\/tr>\n<tr>\n<td colspan=\"60\">CMS Plus<\/td>\n<\/tr>\n<tr>\n<td colspan=\"18\">Performance<\/td>\n<td colspan=\"42\">16 canaux<\/td>\n<\/tr>\n<tr>\n<td colspan=\"18\">Recherche IA<\/td>\n<td colspan=\"42\">Recherche par classification de cible (Humain, V\u00e9hicule)<\/td>\n<\/tr>\n<tr>\n<td colspan=\"60\">Vid\u00e9o et audio<\/td>\n<\/tr>\n<tr>\n<td colspan=\"18\">Entr\u00e9e cam\u00e9ra analogique<\/td>\n<td colspan=\"42\">16 canaux, BNC<\/td>\n<\/tr>\n<tr>\n<td colspan=\"18\">Entr\u00e9e cam\u00e9ra HDCVI<\/td>\n<td colspan=\"42\">4K, 6MP, 5MP, 4MP, 1080P@25\/30fps, 720P@50\/60fps,<\/p>\n<p>720P@25\/30fps<\/td>\n<\/tr>\n<tr>\n<td colspan=\"18\">Entr\u00e9e cam\u00e9ra AHD<\/td>\n<td colspan=\"42\">4K, 5MP, 4MP, 3MP, 1080P@25\/30, 720P@25\/30fps<\/td>\n<\/tr>\n<tr>\n<td colspan=\"18\">Entr\u00e9e cam\u00e9ra TVI<\/td>\n<td colspan=\"42\">4K, 5MP, 4MP, 3MP, 1080P@25\/30, 720P@25\/30fps<\/td>\n<\/tr>\n<tr>\n<td colspan=\"18\">Entr\u00e9e cam\u00e9ra CVBS<\/td>\n<td colspan=\"42\">PAL\/NTSC<\/td>\n<\/tr>\n<tr>\n<td colspan=\"18\">Entr\u00e9e cam\u00e9ra IP<\/td>\n<td colspan=\"42\">16+16 canaux, chaque canal jusqu&#8217;\u00e0 8MP<\/td>\n<\/tr>\n<tr>\n<td colspan=\"18\">Entr\u00e9e\/sortie audio<\/td>\n<td colspan=\"42\">1\/1, RCA<\/td>\n<\/tr>\n<tr>\n<td colspan=\"18\">Conversation bidirectionnelle<\/td>\n<td colspan=\"42\">R\u00e9utiliser les entr\u00e9es\/sorties audio, RCA<\/td>\n<\/tr>\n<tr>\n<td colspan=\"60\">Enregistrement<\/td>\n<\/tr>\n<tr>\n<td colspan=\"18\">Compression<\/td>\n<td colspan=\"42\">Codage AI\/H.265+\/H.265\/H.264+\/H.264<\/td>\n<\/tr>\n<tr>\n<td colspan=\"18\">R\u00e9solution<\/td>\n<td colspan=\"42\">4K, 6MP, 5MP, 4K-N, 4MP, 3MP, 4M-N, 1080P, 720P, 960H, D1, CIF<\/td>\n<\/tr>\n<tr>\n<td colspan=\"18\">Taux d&#8217;enregistrement<\/td>\n<td colspan=\"42\">Flux principal\u00a0: tous les canaux 4K (1\u00a0ips \u00e0 7\u00a0ips)\u00a0;\u00a06MP (1fps\u2013<\/p>\n<p>10fps);\u00a05MP (1fps\u201312fps);\u00a04K-N, 4MP\/3MP (1fps\u201315fps);<\/p>\n<p>4M-N\/1080P\/720P\/960H\/D1\/CIF (1fps\u201325\/30fps);<\/p>\n<p>Sous-flux\u00a0: 960\u00a0H (1\u00a0fps \u00e0 15\u00a0fps)\u00a0;<\/p>\n<p>D1\/CIF(1fps\u201325\/30fps)<\/td>\n<\/tr>\n<tr>\n<td colspan=\"18\">D\u00e9bit binaire<\/td>\n<td colspan=\"42\">32 Kbps\u20136144 Kbps par canal<\/td>\n<\/tr>\n<tr>\n<td colspan=\"18\">Mode d&#8217;enregistrement<\/td>\n<td colspan=\"42\">Manuel, Horaire (G\u00e9n\u00e9ral, Continu), MD (D\u00e9tection vid\u00e9o\u00a0: d\u00e9tection de mouvement, perte vid\u00e9o, sabotage), Alarme, Arr\u00eat<\/td>\n<\/tr>\n<\/tbody>\n<\/table>\n<\/div>\n<\/div>\n<div id=\"div_left\">\n<div class=\"div-drop\">\n<table id=\"table002\" class=\"NEW-TABLE TableOverride-1 tab-drag\">\n<tbody>\n<tr>\n<td colspan=\"18\">Intervalle d&#8217;enregistrement<\/td>\n<td colspan=\"42\">1 \u2013 60 min (par d\u00e9faut : 60 min), Pr\u00e9-enregistrement : 1 s\u201330 s, Post-enregistrement : 10 s\u2013300 s<\/td>\n<\/tr>\n<tr>\n<td colspan=\"18\">Compression audio<\/td>\n<td colspan=\"42\">G.711A, G.711U, PCM<\/td>\n<\/tr>\n<tr>\n<td colspan=\"18\">Taux d&#8217;\u00e9chantillonnage audio<\/td>\n<td colspan=\"42\">8 KHz, 16 bits par canal<\/td>\n<\/tr>\n<tr>\n<td colspan=\"18\">Bitrate audio<\/td>\n<td colspan=\"42\">64 Kbps par canal<\/td>\n<\/tr>\n<tr>\n<td colspan=\"60\">Affichage<\/td>\n<\/tr>\n<tr>\n<td colspan=\"18\">Interface<\/td>\n<td colspan=\"42\">1 HDMI, 1 VGA<\/td>\n<\/tr>\n<tr>\n<td colspan=\"18\">R\u00e9solution<\/td>\n<td colspan=\"42\">HDMI : 3840 \u00d7 2160, 1920 \u00d7 1080, 1280 \u00d7 1024, 1280 \u00d7 720<\/p>\n<p>VGA : 1920 \u00d7 1080, 1280 \u00d7 1024, 1280 \u00d7 720<\/td>\n<\/tr>\n<tr>\n<td colspan=\"18\">Affichage multi-\u00e9cran<\/td>\n<td colspan=\"42\">Lorsque le mode d&#8217;extension IP n&#8217;est pas activ\u00e9\u00a0: 1\/4\/8\/9\/16<\/p>\n<p>Lorsque le mode d&#8217;extension IP est activ\u00e9\u00a0: 1\/4\/8\/9\/16\/25\/36<\/td>\n<\/tr>\n<tr>\n<td colspan=\"18\">OSD<\/td>\n<td colspan=\"42\">Titre de la cam\u00e9ra, heure, perte vid\u00e9o, verrouillage de la cam\u00e9ra, d\u00e9tection de mouvement, enregistrement<\/td>\n<\/tr>\n<tr>\n<td colspan=\"60\">R\u00e9seau<\/td>\n<\/tr>\n<tr>\n<td colspan=\"18\">Interface<\/td>\n<td colspan=\"42\">1 port RJ-45 (1000 Mo)<\/td>\n<\/tr>\n<tr>\n<td colspan=\"18\">Fonction r\u00e9seau<\/td>\n<td colspan=\"42\">HTTP, HTTPS, TCP\/IP, IPv4\/IPv6, Wi-Fi, 3G\/4G, SNMP, UPnP, RTSP, UDP, SMTP, NTP, DHCP, DNS, Filtre IP, PPPoE, DDNS, FTP, Serveur d&#8217;alarme, P2P, Recherche IP (prend en charge la cam\u00e9ra IP Dahua, DVR, NVS, etc.)<\/td>\n<\/tr>\n<tr>\n<td colspan=\"18\">Max.\u00a0Acc\u00e8s utilisateur<\/td>\n<td colspan=\"42\">128 utilisateurs<\/td>\n<\/tr>\n<tr>\n<td colspan=\"18\">T\u00e9l\u00e9phone intelligent<\/td>\n<td colspan=\"42\">iPhone, iPad, Andro\u00efd<\/td>\n<\/tr>\n<tr>\n<td colspan=\"18\">Interop\u00e9rabilit\u00e9<\/td>\n<td colspan=\"42\">ONVIF 16.12, conforme CGI<\/td>\n<\/tr>\n<tr>\n<td colspan=\"60\">D\u00e9tection vid\u00e9o et alarme<\/td>\n<\/tr>\n<tr>\n<td colspan=\"18\">\u00c9v\u00e9nements d\u00e9clencheurs<\/td>\n<td colspan=\"42\">Enregistrement, PTZ, Tour, Vid\u00e9o Push, Email, FTP, Instantan\u00e9, Buzzer et Screen Tips<\/td>\n<\/tr>\n<tr>\n<td colspan=\"18\">D\u00e9tection vid\u00e9o<\/td>\n<td colspan=\"42\">D\u00e9tection de mouvement, zones MD : 396 (22 \u00d7 18), perte vid\u00e9o, sabotage et diagnostic<\/td>\n<\/tr>\n<tr>\n<td colspan=\"18\">Entr\u00e9e d&#8217;alarme<\/td>\n<td colspan=\"42\">N \/ A<\/td>\n<\/tr>\n<tr>\n<td colspan=\"18\">Sortie relais<\/td>\n<td colspan=\"42\">N \/ A<\/td>\n<\/tr>\n<tr>\n<td colspan=\"60\">Lecture et sauvegarde<\/td>\n<\/tr>\n<tr>\n<td colspan=\"18\">Relecture<\/td>\n<td colspan=\"42\">1\/4\/9\/16<\/td>\n<\/tr>\n<tr>\n<td colspan=\"18\">Mode de recherche<\/td>\n<td colspan=\"42\">Heure\/date, alarme, MD et recherche exacte (pr\u00e9cise \u00e0 la seconde pr\u00e8s)<\/td>\n<\/tr>\n<tr>\n<td colspan=\"18\">Fonction de lecture<\/td>\n<td colspan=\"42\">Lecture, Pause, Arr\u00eat, Rembobinage, Lecture rapide, Lecture lente, Fichier suivant, Fichier pr\u00e9c\u00e9dent, Appareil photo suivant, Appareil photo pr\u00e9c\u00e9dent, Plein \u00e9cran, R\u00e9p\u00e9ter, Al\u00e9atoire, S\u00e9lection de sauvegarde, Zoom num\u00e9rique<\/td>\n<\/tr>\n<tr>\n<td colspan=\"18\">Mode de sauvegarde<\/td>\n<td colspan=\"42\">P\u00e9riph\u00e9rique USB\/R\u00e9seau<\/td>\n<\/tr>\n<tr>\n<td colspan=\"60\">Stockage<\/td>\n<\/tr>\n<tr>\n<td colspan=\"18\">Disque dur interne<\/td>\n<td colspan=\"42\">2 ports SATA, jusqu&#8217;\u00e0 10 To de capacit\u00e9 pour chaque disque<\/td>\n<\/tr>\n<tr>\n<td colspan=\"18\">eSATA<\/td>\n<td colspan=\"42\">N \/ A<\/td>\n<\/tr>\n<tr>\n<td colspan=\"60\">Interface auxiliaire<\/td>\n<\/tr>\n<tr>\n<td colspan=\"18\">USB<\/td>\n<td colspan=\"42\">2 ports USB (1 USB 2.0, 1 USB 3.0)<\/td>\n<\/tr>\n<tr>\n<td colspan=\"18\">RS485<\/td>\n<td colspan=\"42\">1 port, pour le contr\u00f4le PTZ<\/td>\n<\/tr>\n<tr>\n<td colspan=\"18\">RS232<\/td>\n<td colspan=\"42\">N \/ A<\/td>\n<\/tr>\n<tr>\n<td colspan=\"60\">\u00c9lectrique<\/td>\n<\/tr>\n<tr>\n<td colspan=\"18\">Source de courant<\/td>\n<td colspan=\"42\">CC 12V\/5A<\/td>\n<\/tr>\n<tr>\n<td colspan=\"18\">Consommation d&#8217;\u00e9nergie<\/p>\n<p>(Sans disque dur)<\/td>\n<td colspan=\"42\">&lt;15W<\/td>\n<\/tr>\n<\/tbody>\n<\/table>\n<\/div>\n<\/div>\n<div id=\"div_left\">\n<div class=\"div-drop\">\n<table id=\"table004\" class=\"NEW-TABLE TableOverride-1 tab-drag\">\n<tbody>\n<tr>\n<td colspan=\"60\">Construction<\/td>\n<\/tr>\n<tr>\n<td colspan=\"18\">Dimensions<\/td>\n<td colspan=\"42\">1U, 375 mm \u00d7 288 mm \u00d7 53 mm<\/p>\n<p>(14,76&#8221; \u00d7 11,30&#8221; \u00d7 2,09&#8221;)<\/td>\n<\/tr>\n<tr>\n<td colspan=\"18\">Poids net<\/p>\n<p>(sans disque dur)<\/td>\n<td colspan=\"42\">1,8 kg (4,0 livres)<\/td>\n<\/tr>\n<tr>\n<td colspan=\"18\">Poids brut<\/td>\n<td colspan=\"42\"><span lang=\"zh-CN\">3,1 kg (6,8 livres)<\/span><\/td>\n<\/tr>\n<tr>\n<td colspan=\"18\">Installation<\/td>\n<td colspan=\"42\">Installation de bureau<\/td>\n<\/tr>\n<tr>\n<td colspan=\"60\">Environnement<\/td>\n<\/tr>\n<tr>\n<td colspan=\"18\">Des conditions de fonctionnement<\/td>\n<td colspan=\"42\">-10\u00b0C \u00e0 +55\u00b0C (+14\u00b0F \u00e0 +131\u00b0F), 0\u201390% HR<\/td>\n<\/tr>\n<tr>\n<td colspan=\"18\">Conditions de stockage<\/td>\n<td colspan=\"42\">-20\u00b0C \u00e0 +70\u00b0C (-4\u00b0F \u00e0 +158\u00b0F) , 0\u201390% HR<\/td>\n<\/tr>\n<tr>\n<td colspan=\"60\">Assistance tierce<\/td>\n<\/tr>\n<tr>\n<td colspan=\"18\">Assistance tierce<\/td>\n<td colspan=\"42\">Dahua, Arecont Vision, AXIS, Bosch, Brickcom, Canon, CP Plus, Dynacolor, Honeywell, Panasonic, Pelco, Samsung, Sanyo, Sony, Videotec, Vivotek, etc.<\/td>\n<\/tr>\n<tr>\n<td colspan=\"60\">Certificats<\/td>\n<\/tr>\n<tr>\n<td colspan=\"18\" rowspan=\"2\">Certificats<\/td>\n<td colspan=\"42\">FCC\u00a0: partie\u00a015, sous-partie\u00a0B<\/td>\n<\/tr>\n<tr>\n<td colspan=\"42\">CE : CE-LVD : EN 60950-1\/CEI 60950-1<\/p>\n<p>CE-CEM\u00a0: EN 61000-3-2, EN 61000-3-3, EN 55032, EN 50130, EN 55024<\/td>\n<\/tr>\n<\/tbody>\n<\/table>\n<\/div>\n<\/div>\n","protected":false},"excerpt":{"rendered":"<h1 class=\"text\"><span style=\"font-size: 12pt;\"><strong>Enregistreur vid\u00e9o num\u00e9rique WizSense Penta-brid 16 canaux 4K-N\/5MP 1U 2 disques durs<\/strong><\/span><\/h1>\n<div data-v-5fe8c490=\"\">\n<ul>\n<li>Compression vid\u00e9o double flux H.265+\/H.265<\/li>\n<li>Prend en charge les entr\u00e9es vid\u00e9o HDCVI\/AHD\/TVI\/CVBS\/IP<\/li>\n<li>Max 32 canaux d&#8217;entr\u00e9es de cam\u00e9ra IP, chaque canal jusqu&#8217;\u00e0 8MP ; Bande passante entrante maximale de 128 Mbps<\/li>\n<li>Jusqu&#8217;\u00e0 2 canaux de flux vid\u00e9o (canal analogique) Protection p\u00e9rim\u00e9trique<\/li>\n<li>Jusqu&#8217;\u00e0 16 canaux de flux vid\u00e9o (canal analogique) SMD Plus<\/li>\n<li>Jusqu&#8217;\u00e0 2 canaux de flux vid\u00e9o (canal analogique) reconnaissance du visage humain<\/li>\n<li>Fonctionnalit\u00e9s IoT &amp; PDV<\/li>\n<\/ul>\n<p><img decoding=\"async\" class=\"alignnone size-medium wp-image-8735\" src=\"http:\/\/tthcompany.com\/wp-content\/uploads\/2022\/01\/20200429193730_37106-300x72.png\" alt=\"\" width=\"300\" height=\"72\" \/><\/p>\n<\/div>\n","protected":false},"featured_media":19719,"comment_status":"closed","ping_status":"closed","template":"","meta":{"om_disable_all_campaigns":false,"_monsterinsights_skip_tracking":false,"_monsterinsights_sitenote_active":false,"_monsterinsights_sitenote_note":"","_monsterinsights_sitenote_category":0},"product_cat":[186,187,401,861],"product_tag":[],"class_list":{"0":"post-19689","1":"product","2":"type-product","3":"status-publish","4":"has-post-thumbnail","6":"product_cat-produits-hdcvi","7":"product_cat-xvr","8":"product_cat-xvr-4k","9":"product_cat-xvr-intelligent","11":"first","12":"instock","13":"shipping-taxable","14":"purchasable","15":"product-type-simple","16":"add-to-wishlist-after_add_to_cart"},"aioseo_notices":[],"_links":{"self":[{"href":"https:\/\/tthcompany.ma\/index.php\/wp-json\/wp\/v2\/product\/19689","targetHints":{"allow":["GET"]}}],"collection":[{"href":"https:\/\/tthcompany.ma\/index.php\/wp-json\/wp\/v2\/product"}],"about":[{"href":"https:\/\/tthcompany.ma\/index.php\/wp-json\/wp\/v2\/types\/product"}],"replies":[{"embeddable":true,"href":"https:\/\/tthcompany.ma\/index.php\/wp-json\/wp\/v2\/comments?post=19689"}],"wp:featuredmedia":[{"embeddable":true,"href":"https:\/\/tthcompany.ma\/index.php\/wp-json\/wp\/v2\/media\/19719"}],"wp:attachment":[{"href":"https:\/\/tthcompany.ma\/index.php\/wp-json\/wp\/v2\/media?parent=19689"}],"wp:term":[{"taxonomy":"product_cat","embeddable":true,"href":"https:\/\/tthcompany.ma\/index.php\/wp-json\/wp\/v2\/product_cat?post=19689"},{"taxonomy":"product_tag","embeddable":true,"href":"https:\/\/tthcompany.ma\/index.php\/wp-json\/wp\/v2\/product_tag?post=19689"}],"curies":[{"name":"wp","href":"https:\/\/api.w.org\/{rel}","templated":true}]}}