{"id":19687,"date":"2022-08-17T10:44:05","date_gmt":"2022-08-17T10:44:05","guid":{"rendered":"https:\/\/tthcompany.ma\/?post_type=product&#038;p=19687"},"modified":"2022-08-17T10:44:12","modified_gmt":"2022-08-17T10:44:12","slug":"ipc-hdbw2531e-s-s2","status":"publish","type":"product","link":"https:\/\/tthcompany.ma\/index.php\/product\/ipc-hdbw2531e-s-s2\/","title":{"rendered":"IPC-HDBW2531E-S-S2"},"content":{"rendered":"<table id=\"table001\" class=\"NEW-TABLE TableOverride-1 tab-drag\">\n<tbody>\n<tr>\n<td colspan=\"60\">Cam\u00e9ra<\/td>\n<\/tr>\n<tr>\n<td colspan=\"18\">Capteur d&#8217;image<\/td>\n<td colspan=\"42\">CMOS progressif 1\/2,7&#8243; 5 m\u00e9gapixels<\/td>\n<\/tr>\n<tr>\n<td colspan=\"18\">Max.\u00a0R\u00e9solution<\/td>\n<td colspan=\"42\">2592 (H) \u00d7 1944 (V)<\/td>\n<\/tr>\n<tr>\n<td colspan=\"18\">ROM<\/td>\n<td colspan=\"42\">128 Mo<\/td>\n<\/tr>\n<tr>\n<td colspan=\"18\">RAM<\/td>\n<td colspan=\"42\">256 Mo<\/td>\n<\/tr>\n<tr>\n<td colspan=\"18\">Syst\u00e8me de num\u00e9risation<\/td>\n<td colspan=\"42\">Progressive<\/td>\n<\/tr>\n<tr>\n<td colspan=\"18\">Vitesse d&#8217;obturation \u00e9lectronique<\/td>\n<td colspan=\"42\">Auto\/Manuel 1\/3 s\u20131\/100000 s<\/td>\n<\/tr>\n<tr>\n<td colspan=\"18\">Min.\u00a0\u00c9clairage<\/td>\n<td colspan=\"42\">0,008 Lux @ F1.6<\/td>\n<\/tr>\n<tr>\n<td colspan=\"18\">Rapport S\/B<\/td>\n<td colspan=\"42\">&gt; 56 dB<\/td>\n<\/tr>\n<tr>\n<td colspan=\"18\">Distance d&#8217;\u00e9clairage<\/td>\n<td colspan=\"42\">30 m (98,43 pi)<\/td>\n<\/tr>\n<tr>\n<td colspan=\"18\">Contr\u00f4le marche\/arr\u00eat de l&#8217;illuminateur<\/td>\n<td colspan=\"42\">Auto\/Manuel<\/td>\n<\/tr>\n<tr>\n<td colspan=\"18\">Num\u00e9ro de l&#8217;illuminateur<\/td>\n<td colspan=\"42\">3 (LED infrarouge)<\/td>\n<\/tr>\n<tr>\n<td colspan=\"18\">Plage de panoramique\/inclinaison\/rotation<\/td>\n<td colspan=\"42\">Panoramique : 0\u00b0\u2013355\u00b0<br \/>\nInclinaison : 0\u00b0\u201365\u00b0Rotation : 0\u00b0\u2013355\u00b0<\/td>\n<\/tr>\n<tr>\n<td colspan=\"60\">Lentille<\/td>\n<\/tr>\n<tr>\n<td colspan=\"18\">Type d&#8217;objectif<\/td>\n<td colspan=\"42\">Fix\u00e9<\/td>\n<\/tr>\n<tr>\n<td colspan=\"18\">Type de monture<\/td>\n<td colspan=\"42\">M12<\/td>\n<\/tr>\n<tr>\n<td colspan=\"18\">Distance focale<\/td>\n<td colspan=\"42\">2,8 mm<br \/>\n3,6 mm<\/td>\n<\/tr>\n<tr>\n<td colspan=\"18\">Max.\u00a0Ouverture<\/td>\n<td colspan=\"42\">F1.6<\/p>\n<p>F1.6<\/td>\n<\/tr>\n<tr>\n<td colspan=\"18\">Champ de vision<\/td>\n<td colspan=\"42\">2,8 mm\u00a0:<\/p>\n<p>Horizontal 103,0\u00b0 \u00d7 Vertical 71,0\u00b0 \u00d7 Diagonale 132,0\u00b0<\/p>\n<p>3,6 millim\u00e8tres :<\/p>\n<p>Horizontal : 84,0\u00b0 \u00d7 Vertical 58,0\u00b0 \u00d7 Diagonale 110,0\u00b0<\/td>\n<\/tr>\n<tr>\n<td colspan=\"18\">Type d&#8217;iris<\/td>\n<td colspan=\"42\">Fix\u00e9<\/td>\n<\/tr>\n<tr>\n<td colspan=\"18\">Distance de mise au point rapproch\u00e9e<\/td>\n<td colspan=\"42\">2,8 mm : 0,9 m (2,95 pi)<br \/>\n3,6 mm : 1,6 m (5,25 pi)<\/td>\n<\/tr>\n<tr>\n<td colspan=\"18\" rowspan=\"3\">Distance de DORI<\/td>\n<td colspan=\"8\">Lentille<\/td>\n<td colspan=\"8\">D\u00e9tecter<\/td>\n<td colspan=\"8\">Observer<\/td>\n<td colspan=\"8\">Reconna\u00eetre<\/td>\n<td colspan=\"10\">Identifier<\/td>\n<\/tr>\n<tr>\n<td colspan=\"8\">2,8 mm<\/td>\n<td colspan=\"8\">56 m<br \/>\n(183,73 pi)<\/td>\n<td colspan=\"8\">22,4 m<br \/>\n(73,49 pi)<\/td>\n<td colspan=\"8\">11,2 m<br \/>\n(36,75 pi)<\/td>\n<td colspan=\"10\">5,6 m<br \/>\n(19,37 pi)<\/td>\n<\/tr>\n<tr>\n<td colspan=\"8\">3,6 mm<\/td>\n<td colspan=\"8\">80 m<br \/>\n(262,47 pi)<\/td>\n<td colspan=\"8\">32 m<br \/>\n(104,99 pi)<\/td>\n<td colspan=\"8\">16 m<br \/>\n(52,49 pi)<\/td>\n<td colspan=\"10\">8 m<br \/>\n(26,25 pi)<\/td>\n<\/tr>\n<tr>\n<td colspan=\"60\">\u00c9v\u00e9nement intelligent<\/td>\n<\/tr>\n<tr>\n<td colspan=\"18\">IVS<\/td>\n<td colspan=\"42\">fil de d\u00e9clenchement\u00a0;\u00a0intrusion<\/td>\n<\/tr>\n<tr>\n<td colspan=\"60\">Vid\u00e9o<\/td>\n<\/tr>\n<tr>\n<td colspan=\"18\">Compression de vid\u00e9o<\/td>\n<td colspan=\"42\">H.265\u00a0;\u00a0H.264\u00a0;\u00a0H.264B\u00a0;\u00a0MJPEG (uniquement pris en charge<\/p>\n<p>par le sous-flux)<\/td>\n<\/tr>\n<tr>\n<td colspan=\"18\">Codec intelligent<\/td>\n<td colspan=\"42\">Intelligent H.265+\/ Intelligent H.264+<\/td>\n<\/tr>\n<tr>\n<td colspan=\"18\">Frame rate vid\u00e9o<\/td>\n<td colspan=\"42\">Flux principal :<br \/>\n2592 \u00d7 1944 (1 ips-20 ips)<br \/>\n2688 \u00d7 1520 (1 ips-25\/30 ips)<br \/>\nFlux secondaire :<br \/>\n704 \u00d7 576 (1 ips-25 ips)<br \/>\n704 \u00d7 480 (1 ips-30 ips)<\/td>\n<\/tr>\n<tr>\n<td colspan=\"18\">Capacit\u00e9 de flux<\/td>\n<td colspan=\"42\">2 flux<\/td>\n<\/tr>\n<tr>\n<td colspan=\"18\">R\u00e9solution<\/td>\n<td colspan=\"42\">2592 \u00d7 1944 (2592 \u00d7 1944);\u00a02688\u00d71520(2688\u00d71520);\u00a03M (2048 \u00d7 1536);\u00a02304 \u00d7 1296 (2304 \u00d7 1296);\u00a01080p (1920 \u00d7 1080);\u00a01,3M (1280 \u00d7 960);\u00a0720p(1280\u00d7720) ;\u00a0D1 (704 \u00d7 576\/704 \u00d7 480);\u00a0VGA (640 \u00d7 480);\u00a0CAF (352\u00d7288\/352\u00d7240)<\/td>\n<\/tr>\n<tr>\n<td colspan=\"18\">Contr\u00f4le du d\u00e9bit binaire<\/td>\n<td colspan=\"42\">CBR\/VBR<\/td>\n<\/tr>\n<tr>\n<td colspan=\"18\">Bitrate vid\u00e9o<\/td>\n<td colspan=\"42\">H.264\u00a0: 32\u00a0Kbit\/s \u00e0 8192\u00a0Kbit\/s<\/p>\n<p>H.265\u00a0: 12\u00a0Kbit\/s\u20138192\u00a0Kbit\/s<\/td>\n<\/tr>\n<tr>\n<td colspan=\"18\">Jour Nuit<\/td>\n<td colspan=\"42\">Auto(ICR)\/Couleur\/N\/B<\/td>\n<\/tr>\n<tr>\n<td colspan=\"18\">BLC<\/td>\n<td colspan=\"42\">Oui<\/td>\n<\/tr>\n<tr>\n<td colspan=\"18\">HLC<\/td>\n<td colspan=\"42\">Oui<\/td>\n<\/tr>\n<tr>\n<td colspan=\"18\">WDR<\/td>\n<td colspan=\"42\">120 dB<\/td>\n<\/tr>\n<tr>\n<td colspan=\"18\">Balance des blancs<\/td>\n<td colspan=\"42\">Auto\/naturel\/lampadaire\/ext\u00e9rieur\/manuel\/personnalis\u00e9 r\u00e9gional<\/td>\n<\/tr>\n<tr>\n<td colspan=\"18\">Prendre le contr\u00f4le<\/td>\n<td colspan=\"42\">Auto\/Manuel<\/td>\n<\/tr>\n<tr>\n<td colspan=\"18\">R\u00e9duction de bruit<\/td>\n<td colspan=\"42\">NR 3D<\/td>\n<\/tr>\n<tr>\n<td colspan=\"18\">D\u00e9tection de mouvement<\/td>\n<td colspan=\"42\">OFF\/ON (4 zones, rectangulaire)<\/td>\n<\/tr>\n<tr>\n<td colspan=\"18\">R\u00e9gion d&#8217;int\u00e9r\u00eat (RoI)<\/td>\n<td colspan=\"42\">Oui (4 domaines)<\/td>\n<\/tr>\n<tr>\n<td colspan=\"18\">\u00c9clairage intelligent<\/td>\n<td colspan=\"42\">Oui<\/td>\n<\/tr>\n<tr>\n<td colspan=\"18\">Rotation de l&#8217;image<\/td>\n<td colspan=\"42\">0\u00b0\/90\u00b0\/180\u00b0\/270\u00b0 (Prend en charge 90\u00b0\/270\u00b0 avec une r\u00e9solution de 2592 \u00d7 1944 et inf\u00e9rieure.)<\/td>\n<\/tr>\n<tr>\n<td colspan=\"18\">Miroir<\/td>\n<td colspan=\"42\">Oui<\/td>\n<\/tr>\n<tr>\n<td colspan=\"18\">Masquage de confidentialit\u00e9<\/td>\n<td colspan=\"42\">4 zones<\/td>\n<\/tr>\n<tr>\n<td colspan=\"60\">Alarme<\/td>\n<\/tr>\n<tr>\n<td colspan=\"18\">\u00c9v\u00e9nement d&#8217;alarme<\/td>\n<td colspan=\"42\">Pas de carte SD\u00a0;\u00a0Carte SD pleine\u00a0;\u00a0erreur de carte SD\u00a0;\u00a0d\u00e9connexion du r\u00e9seau\u00a0;\u00a0conflit IP\u00a0;\u00a0d\u00e9tection de mouvement;\u00a0falsification vid\u00e9o;\u00a0fil-pi\u00e8ge;\u00a0intrusion;\u00a0acc\u00e8s ill\u00e9gal;\u00a0d\u00e9tection de tension;\u00a0exception de s\u00e9curit\u00e9<\/td>\n<\/tr>\n<tr>\n<td colspan=\"60\">R\u00e9seau<\/td>\n<\/tr>\n<tr>\n<td colspan=\"18\">R\u00e9seau<\/td>\n<td colspan=\"42\">RJ-45 (10\/100 Base-T)<\/td>\n<\/tr>\n<tr>\n<td colspan=\"18\">SDK et API<\/td>\n<td colspan=\"42\">Oui<\/td>\n<\/tr>\n<tr>\n<td colspan=\"18\">La cyber-s\u00e9curit\u00e9<\/td>\n<td colspan=\"42\">Cryptage vid\u00e9o\u00a0;\u00a0cryptage du micrologiciel\u00a0;\u00a0chiffrement de la configuration\u00a0;\u00a0Dig\u00e9rer;\u00a0WSSE\u00a0;\u00a0verrouillage de compte\u00a0;\u00a0journaux de s\u00e9curit\u00e9\u00a0;\u00a0filtrage IP\/MAC\u00a0;\u00a0g\u00e9n\u00e9ration et importation de la certification X.509\u00a0;\u00a0journal syst\u00e8me\u00a0;\u00a0HTTPS\u00a0;\u00a0802.1x\u00a0;\u00a0d\u00e9marrage de confiance\u00a0;\u00a0ex\u00e9cution fiable\u00a0;\u00a0mise \u00e0 niveau de confiance<\/td>\n<\/tr>\n<tr>\n<td colspan=\"18\">Protocole<\/td>\n<td colspan=\"42\">IPv4\u00a0;\u00a0IPv6\u00a0;\u00a0HTTP\u00a0;\u00a0TCP\u00a0;\u00a0UDP\u00a0;\u00a0ARP\u00a0;\u00a0RTP ;\u00a0RTSP\u00a0;\u00a0RTCP\u00a0;\u00a0RTMP\u00a0;\u00a0SMTP\u00a0;\u00a0FTP\u00a0;\u00a0SFTP\u00a0;\u00a0DHCP\u00a0;\u00a0DNS\u00a0;\u00a0DDNS\u00a0;\u00a0qualit\u00e9 de service\u00a0;\u00a0UPnP\u00a0;\u00a0NTP\u00a0;\u00a0Multidiffusion\u00a0;\u00a0ICMP;\u00a0IGMP\u00a0;\u00a0NFS\u00a0;\u00a0PPPoE\u00a0;\u00a0Bonjour<\/td>\n<\/tr>\n<tr>\n<td colspan=\"18\">Interop\u00e9rabilit\u00e9<\/td>\n<td colspan=\"42\">ONVIF(Profil S\/Profil G\/Profil T);CGI;\u00a0P2P\u00a0;\u00a0Jalon;\u00a0Genetec<\/td>\n<\/tr>\n<tr>\n<td colspan=\"18\">Utilisateur\/H\u00f4te<\/td>\n<td colspan=\"42\">20<\/td>\n<\/tr>\n<tr>\n<td colspan=\"18\">Stockage<\/td>\n<td colspan=\"42\">FTP\u00a0;\u00a0Carte Micro SD (prise en charge max. 256 G);\u00a0NAS\u00a0;\u00a0SFTP<\/td>\n<\/tr>\n<tr>\n<td colspan=\"18\">Navigateur<\/td>\n<td colspan=\"42\">C&#8217;EST \u00c0 DIRE<\/p>\n<p>Chrome<\/p>\n<p>Firefox<\/td>\n<\/tr>\n<tr>\n<td colspan=\"18\">Logiciel de gestion<\/td>\n<td colspan=\"42\">SPS intelligent\u00a0;\u00a0SSD\u00a0;\u00a0DMSS<\/td>\n<\/tr>\n<tr>\n<td colspan=\"18\">T\u00e9l\u00e9phone mobile<\/td>\n<td colspan=\"42\">IOS\u00a0;\u00a0Android<\/td>\n<\/tr>\n<tr>\n<td colspan=\"60\">Attestation<\/td>\n<\/tr>\n<tr>\n<td colspan=\"18\">Certifications<\/td>\n<td colspan=\"42\">CE-LVD :\u00a0EN62368-1<br \/>\nCE-EMC : Directive de compatibilit\u00e9 \u00e9lectromagn\u00e9tique 2014\/30\/UE<br \/>\nFCC : 47 CFR FCC Partie 15, sous-partie B<br \/>\nUL\/CUL : UL60950-1 CAN\/CSA C22.2 No.60950-1-07<\/td>\n<\/tr>\n<tr>\n<td colspan=\"60\">Pouvoir<\/td>\n<\/tr>\n<tr>\n<td colspan=\"18\">Source de courant<\/td>\n<td colspan=\"42\">12 V CC\/PoE (802.3af)<\/td>\n<\/tr>\n<tr>\n<td colspan=\"18\">Consommation d&#8217;\u00e9nergie<\/td>\n<td colspan=\"42\">&lt; 6,1 W<\/td>\n<\/tr>\n<tr>\n<td colspan=\"60\">Environnement<\/td>\n<\/tr>\n<tr>\n<td colspan=\"18\">Consommation d&#8217;\u00e9nergie<\/td>\n<td colspan=\"42\">-40\u00b0C \u00e0 +60\u00b0C (-40\u00b0F \u00e0 +140\u00b0F)\/moins de \u2264 95% RH<\/td>\n<\/tr>\n<tr>\n<td colspan=\"18\">Temp\u00e9rature de stockage<\/td>\n<td colspan=\"42\">-40\u00b0C \u00e0 +60\u00b0C (-40\u00b0F \u00e0 +140\u00b0F)<\/td>\n<\/tr>\n<tr>\n<td colspan=\"18\">protection<\/td>\n<td colspan=\"42\">IP67, IK10<\/td>\n<\/tr>\n<tr>\n<td colspan=\"60\">Structure<\/td>\n<\/tr>\n<tr>\n<td colspan=\"18\">Enveloppe<\/td>\n<td colspan=\"42\">M\u00e9tal<\/td>\n<\/tr>\n<tr>\n<td colspan=\"18\">Dimensions<\/td>\n<td colspan=\"42\">81 mm \u00d7 109,9 mm (3,19&#8243; \u00d7 \u03a64,33&#8243;)<\/td>\n<\/tr>\n<tr>\n<td colspan=\"18\">Poids net<\/td>\n<td colspan=\"42\">0,350 kg (0,77 lb)<\/td>\n<\/tr>\n<tr>\n<td colspan=\"18\">Poids brut<\/td>\n<td colspan=\"42\">0,491 kg (1,08 lb)<\/td>\n<\/tr>\n<\/tbody>\n<\/table>\n","protected":false},"excerpt":{"rendered":"<h1 class=\"text\" data-gtm-vis-recent-on-screen-10552706_195=\"566\" data-gtm-vis-first-on-screen-10552706_195=\"566\" data-gtm-vis-total-visible-time-10552706_195=\"100\" data-gtm-vis-has-fired-10552706_195=\"1\" data-gtm-vis-recent-on-screen-10552706_196=\"685\" data-gtm-vis-first-on-screen-10552706_196=\"685\" data-gtm-vis-total-visible-time-10552706_196=\"100\" data-gtm-vis-has-fired-10552706_196=\"1\" data-gtm-vis-recent-on-screen-10552706_217=\"688\" data-gtm-vis-first-on-screen-10552706_217=\"688\" data-gtm-vis-total-visible-time-10552706_217=\"100\" data-gtm-vis-has-fired-10552706_217=\"1\" data-gtm-vis-recent-on-screen-10552706_184=\"691\" data-gtm-vis-first-on-screen-10552706_184=\"691\" data-gtm-vis-total-visible-time-10552706_184=\"100\" data-gtm-vis-has-fired-10552706_184=\"1\" data-gtm-vis-recent-on-screen-10552706_192=\"692\" data-gtm-vis-first-on-screen-10552706_192=\"692\" data-gtm-vis-total-visible-time-10552706_192=\"100\" data-gtm-vis-has-fired-10552706_192=\"1\" data-gtm-vis-recent-on-screen-10552706_181=\"694\" data-gtm-vis-first-on-screen-10552706_181=\"694\" data-gtm-vis-total-visible-time-10552706_181=\"100\" data-gtm-vis-has-fired-10552706_181=\"1\" data-gtm-vis-recent-on-screen-10552706_194=\"695\" data-gtm-vis-first-on-screen-10552706_194=\"695\" data-gtm-vis-total-visible-time-10552706_194=\"100\" data-gtm-vis-has-fired-10552706_194=\"1\" data-gtm-vis-recent-on-screen-10552706_193=\"696\" data-gtm-vis-first-on-screen-10552706_193=\"696\" data-gtm-vis-total-visible-time-10552706_193=\"100\" data-gtm-vis-has-fired-10552706_193=\"1\"><span style=\"font-size: 12pt;\"><strong>Cam\u00e9ra r\u00e9seau d\u00f4me \u00e0 focale fixe IR Lite 5MP<\/strong><\/span><\/h1>\n<div data-v-5fe8c490=\"\">\n<ul>\n<li>5MP, capteur d&#8217;image CMOS 1\/2,7&#8243;, faible \u00e9clairement, haute d\u00e9finition d&#8217;image<\/li>\n<li>Sorties max. 5MP (2592 \u00d7 1944) \u00e0 20 ips et prend en charge 2688 \u00d7 1520 (2688 \u00d7 1520) \u00e0 25\/30 ips<\/li>\n<li>Codec H.265, taux de compression \u00e9lev\u00e9, d\u00e9bit binaire ultra-faible<\/li>\n<li>LED IR int\u00e9gr\u00e9e, distance IR max : 30 m<\/li>\n<li>ROI, SMART H.264+\/H.265+, codage flexible, applicable \u00e0 divers environnements de bande passante et de stockage<\/li>\n<li>Mode rotation, WDR, 3D NR, HLC, BLC, filigrane num\u00e9rique, applicable \u00e0 diverses sc\u00e8nes de surveillance<\/li>\n<li>D\u00e9tection intelligente : Intrusion, fil-pi\u00e8ge<\/li>\n<li>D\u00e9tection d&#8217;anomalies : d\u00e9tection de mouvement, falsification vid\u00e9o, pas de carte SD, carte SD pleine, erreur de carte SD, r\u00e9seau d\u00e9connect\u00e9, conflit IP, acc\u00e8s ill\u00e9gal, d\u00e9tection de tension<\/li>\n<li>Prend en charge max. Carte Micro SD de 256 Go<\/li>\n<li>Alimentation 12V DC\/PoE<\/li>\n<li>IP67, protection IK10<\/li>\n<\/ul>\n<p><img decoding=\"async\" class=\"alignnone size-medium wp-image-8680\" src=\"http:\/\/tthcompany.com\/wp-content\/uploads\/2021\/12\/20201113135136_83070-300x32.png\" alt=\"\" width=\"300\" height=\"32\" \/><\/p>\n<\/div>\n","protected":false},"featured_media":19717,"comment_status":"closed","ping_status":"closed","template":"","meta":{"om_disable_all_campaigns":false,"_monsterinsights_skip_tracking":false,"_monsterinsights_sitenote_active":false,"_monsterinsights_sitenote_note":"","_monsterinsights_sitenote_category":0},"product_cat":[483,303,302,484],"product_tag":[],"class_list":{"0":"post-19687","1":"product","2":"type-product","3":"status-publish","4":"has-post-thumbnail","6":"product_cat-cameras-5mp","7":"product_cat-cameras-ip","8":"product_cat-produits-ip","9":"product_cat-serie-lite-cameras-5mp","11":"first","12":"instock","13":"shipping-taxable","14":"purchasable","15":"product-type-simple","16":"add-to-wishlist-after_add_to_cart"},"aioseo_notices":[],"_links":{"self":[{"href":"https:\/\/tthcompany.ma\/index.php\/wp-json\/wp\/v2\/product\/19687","targetHints":{"allow":["GET"]}}],"collection":[{"href":"https:\/\/tthcompany.ma\/index.php\/wp-json\/wp\/v2\/product"}],"about":[{"href":"https:\/\/tthcompany.ma\/index.php\/wp-json\/wp\/v2\/types\/product"}],"replies":[{"embeddable":true,"href":"https:\/\/tthcompany.ma\/index.php\/wp-json\/wp\/v2\/comments?post=19687"}],"wp:featuredmedia":[{"embeddable":true,"href":"https:\/\/tthcompany.ma\/index.php\/wp-json\/wp\/v2\/media\/19717"}],"wp:attachment":[{"href":"https:\/\/tthcompany.ma\/index.php\/wp-json\/wp\/v2\/media?parent=19687"}],"wp:term":[{"taxonomy":"product_cat","embeddable":true,"href":"https:\/\/tthcompany.ma\/index.php\/wp-json\/wp\/v2\/product_cat?post=19687"},{"taxonomy":"product_tag","embeddable":true,"href":"https:\/\/tthcompany.ma\/index.php\/wp-json\/wp\/v2\/product_tag?post=19687"}],"curies":[{"name":"wp","href":"https:\/\/api.w.org\/{rel}","templated":true}]}}