{"id":19685,"date":"2022-08-17T10:44:05","date_gmt":"2022-08-17T10:44:05","guid":{"rendered":"https:\/\/tthcompany.ma\/?post_type=product&#038;p=19685"},"modified":"2022-12-24T11:07:27","modified_gmt":"2022-12-24T11:07:27","slug":"nvr5216-5232-16p-4ks2e","status":"publish","type":"product","link":"https:\/\/tthcompany.ma\/index.php\/product\/nvr5216-5232-16p-4ks2e\/","title":{"rendered":"NVR5216\/5232-16P-4KS2E"},"content":{"rendered":"<table id=\"table001\" class=\"NEW-TABLE TableOverride-1 tab-drag\">\n<tbody>\n<tr>\n<td colspan=\"60\">Syst\u00e8me<\/td>\n<\/tr>\n<tr>\n<td colspan=\"18\">Processeur principal<\/td>\n<td colspan=\"42\">Microprocesseur industriel embarqu\u00e9<\/td>\n<\/tr>\n<tr>\n<td colspan=\"18\">Syst\u00e8me op\u00e9rateur<\/td>\n<td colspan=\"42\">Linux embarqu\u00e9<\/td>\n<\/tr>\n<tr>\n<td colspan=\"18\">Interface d&#8217;op\u00e9ration<\/td>\n<td colspan=\"42\">La toile;\u00a0interface graphique locale<\/td>\n<\/tr>\n<tr>\n<td colspan=\"60\">Protection p\u00e9rim\u00e9trique par cam\u00e9ra<\/td>\n<\/tr>\n<tr>\n<td colspan=\"18\">Performance<\/td>\n<td colspan=\"42\">16\/20 canaux<\/td>\n<\/tr>\n<tr>\n<td colspan=\"18\">Recherche IA<\/td>\n<td colspan=\"42\">Rechercher des images par canal, heure et type d&#8217;\u00e9v\u00e9nement<\/td>\n<\/tr>\n<tr>\n<td colspan=\"60\">Reconnaissance faciale par cam\u00e9ra<\/td>\n<\/tr>\n<tr>\n<td colspan=\"18\">Performance<\/td>\n<td colspan=\"42\">14 cha\u00eenes<\/td>\n<\/tr>\n<tr>\n<td colspan=\"18\">Attributs du visage<\/td>\n<td colspan=\"42\">6 attributs : Genre ;\u00a0\u00e2ge;\u00a0lunettes;\u00a0expression;\u00a0masque buccal;\u00a0barbe<\/td>\n<\/tr>\n<tr>\n<td colspan=\"18\">Recherche IA<\/td>\n<td colspan=\"42\">Rechercher des images par canal, heure et attributs de visage<\/td>\n<\/tr>\n<tr>\n<td colspan=\"60\">SMD Plus par cam\u00e9ra<\/td>\n<\/tr>\n<tr>\n<td colspan=\"18\">Performance<\/td>\n<td colspan=\"42\">16\/32 canaux<\/td>\n<\/tr>\n<tr>\n<td colspan=\"18\">Recherche IA<\/td>\n<td colspan=\"42\">Recherche par classification cible (humain, v\u00e9hicule)<\/td>\n<\/tr>\n<tr>\n<td colspan=\"60\">M\u00e9tadonn\u00e9es vid\u00e9o par cam\u00e9ra<\/td>\n<\/tr>\n<tr>\n<td colspan=\"18\">Performance<\/td>\n<td colspan=\"42\">16 canaux<\/td>\n<\/tr>\n<tr>\n<td colspan=\"18\">Corps humain<\/td>\n<td colspan=\"42\">Sommet;\u00a0couleur sup\u00e9rieure;\u00a0bas;\u00a0couleur du bas;\u00a0chapeau;\u00a0sac;\u00a0genre;\u00a0\u00e2ge;\u00a0parapluie<\/td>\n<\/tr>\n<tr>\n<td colspan=\"18\">V\u00e9hicule<\/td>\n<td colspan=\"42\">N\u00b0 de plaque\u00a0;\u00a0taper;\u00a0Couleur;\u00a0Type de v\u00e9hicule;\u00a0logo;\u00a0couleur de la plaque;\u00a0ornement;\u00a0appel;\u00a0ceinture de s\u00e9curit\u00e9;\u00a0R\u00e9gion<\/td>\n<\/tr>\n<tr>\n<td colspan=\"18\">V\u00e9hicule non motoris\u00e9<\/td>\n<td colspan=\"42\">Taper;\u00a0Couleur;\u00a0nombre de passagers;\u00a0casque<\/td>\n<\/tr>\n<tr>\n<td colspan=\"18\">Recherche IA<\/td>\n<td colspan=\"42\">Prend en charge la recherche de vid\u00e9o cible par m\u00e9tadonn\u00e9es<\/td>\n<\/tr>\n<tr>\n<td colspan=\"60\">ANPR par cam\u00e9ra<\/td>\n<\/tr>\n<tr>\n<td colspan=\"18\">Performance<\/td>\n<td colspan=\"42\">4 canaux<\/td>\n<\/tr>\n<tr>\n<td colspan=\"60\">Analyse st\u00e9r\u00e9o par cam\u00e9ra<\/td>\n<\/tr>\n<tr>\n<td colspan=\"18\">Performance<\/td>\n<td colspan=\"42\">16 canaux<\/td>\n<\/tr>\n<tr>\n<td colspan=\"18\">Recherche IA<\/td>\n<td colspan=\"42\">Recherche par classification de cible (d\u00e9tection de chute ; d\u00e9tection d&#8217;approche de personnes ; d\u00e9tection d&#8217;exception de n\u00b0 de personnes ; d\u00e9tection de personnes en s\u00e9jour ; d\u00e9tection de violence)<\/td>\n<\/tr>\n<tr>\n<td colspan=\"60\">Vid\u00e9o<\/td>\n<\/tr>\n<tr>\n<td colspan=\"18\">Canal d&#8217;acc\u00e8s<\/td>\n<td colspan=\"42\">16\/32<\/td>\n<\/tr>\n<tr>\n<td colspan=\"18\">Bande passante du r\u00e9seau<\/td>\n<td colspan=\"42\">320 Mbps pour l&#8217;acc\u00e8s, 320 Mbps pour le stockage et 320 Mbps pour le transfert<\/td>\n<\/tr>\n<tr>\n<td colspan=\"18\">R\u00e9solution<\/td>\n<td colspan=\"42\">12MP, 8MP, 6MP, 5MP, 4MP, 3MP, 1080p, 1,3MP, 720p, D1 et plus<\/td>\n<\/tr>\n<tr>\n<td colspan=\"18\">Capacit\u00e9 de d\u00e9codage<\/td>\n<td colspan=\"42\">16 canaux @ 1080P (30 ips)<\/td>\n<\/tr>\n<tr>\n<td colspan=\"18\">Sortie vid\u00e9o<\/td>\n<td colspan=\"42\">HDMI1\u00a0: 3840 \u00d7 2160\u00a0;\u00a01920 \u00d7 1080\u00a0;\u00a01280 \u00d7 1024\u00a0;\u00a01280 \u00d7 720<br \/>\nVGA1\u00a0: 1920 \u00d7 1080\u00a0;\u00a01280 \u00d7 1024\u00a0;\u00a01280 \u00d7 720<\/td>\n<\/tr>\n<tr>\n<td colspan=\"18\">Affichage multi-\u00e9crans<\/td>\n<td colspan=\"42\">16 canaux : 1\/4\/8\/9\/16<br \/>\n32 canaux : 1\/4\/8\/9\/16\/25\/36<\/td>\n<\/tr>\n<tr>\n<td colspan=\"18\">Acc\u00e8s \u00e0 la cam\u00e9ra tierce<\/td>\n<td colspan=\"42\">Panasonic, Sony, Samsung, Axis, Pelco, Arecont, ONVIF, Canon et plus<\/td>\n<\/tr>\n<tr>\n<td colspan=\"60\">Compression<\/td>\n<\/tr>\n<tr>\n<td colspan=\"18\">Vid\u00e9o<\/td>\n<td colspan=\"42\">H.265+ intelligent\u00a0;\u00a0H.264+ intelligent\u00a0;\u00a0H.265\u00a0;\u00a0H.264\u00a0;\u00a0MJPEG<\/td>\n<\/tr>\n<tr>\n<td colspan=\"18\">l&#8217;audio<\/td>\n<td colspan=\"42\">PCM\u00a0;\u00a0G.711A\u00a0;\u00a0G.711U\u00a0;\u00a0G.726<\/td>\n<\/tr>\n<tr>\n<td colspan=\"60\">R\u00e9seau<\/td>\n<\/tr>\n<tr>\n<td colspan=\"18\">Protocole r\u00e9seau<\/td>\n<td colspan=\"42\">HTTP\u00a0;\u00a0HTTPS\u00a0;\u00a0TCP\/IP\u00a0;\u00a0IPv4\/IPv6\u00a0;\u00a0UPnP\u00a0;\u00a0SNMP\u00a0;\u00a0RTSP\u00a0;\u00a0UDP\u00a0;\u00a0SMTP\u00a0;\u00a0NTP\u00a0;\u00a0DHCP\u00a0;\u00a0DNS\u00a0;\u00a0Filtre IP\u00a0;\u00a0PPPoE\u00a0;\u00a0DDNS\u00a0;\u00a0FTP\u00a0;\u00a0Serveur d&#8217;alarme\u00a0;\u00a0Recherche IP (prend en charge les cam\u00e9ras IP Dahua, DVR, NVS, etc.) ;\u00a0P2P<\/td>\n<\/tr>\n<tr>\n<td colspan=\"18\">Acc\u00e8s au t\u00e9l\u00e9phone portable<\/td>\n<td colspan=\"42\">Android;\u00a0iOS<\/td>\n<\/tr>\n<tr>\n<td colspan=\"18\">Interop\u00e9rabilit\u00e9<\/td>\n<td colspan=\"42\">ONVIF (profil T\/S\/G) ;\u00a0CGI\u00a0;\u00a0SDK<\/td>\n<\/tr>\n<tr>\n<td colspan=\"18\">Navigateur<\/td>\n<td colspan=\"42\">Chrome;\u00a0IE9 ou version ult\u00e9rieure\u00a0;\u00a0Firefox<\/td>\n<\/tr>\n<tr>\n<td colspan=\"60\">Lecture d&#8217;enregistrement<\/td>\n<\/tr>\n<tr>\n<td colspan=\"18\">Lecture multicanal<\/td>\n<td colspan=\"42\">1\/4\/9\/16<\/td>\n<\/tr>\n<tr>\n<td colspan=\"18\">Mode d&#8217;enregistrement<\/td>\n<td colspan=\"42\">Manuel;\u00a0horaire (g\u00e9n\u00e9ral\u00a0; MD\u00a0; alarme\u00a0; MD et alarme\u00a0; intelligent\u00a0; POS)<\/td>\n<\/tr>\n<tr>\n<td colspan=\"18\">M\u00e9thode de stockage<\/td>\n<td colspan=\"42\">Disque dur local et r\u00e9seau<\/td>\n<\/tr>\n<tr>\n<td colspan=\"18\">Sauvegarde<\/td>\n<td colspan=\"42\">p\u00e9riph\u00e9rique USB<\/td>\n<\/tr>\n<tr>\n<td colspan=\"18\">Fonction de lecture<\/td>\n<td colspan=\"42\">1. Jouer\u00a0;\u00a0pause;\u00a0arr\u00eater;\u00a0avance rapide;\u00a0retour rapide\u00a0;\u00a0rembobiner;\u00a0lecture par image<br \/>\n2. Plein \u00e9cran ;\u00a0sauvegarde (couper\/fichier) ;\u00a0agrandir partiellement\u00a0;\u00a0marche\/arr\u00eat du son<\/td>\n<\/tr>\n<tr>\n<td colspan=\"60\">Espace de rangement<\/td>\n<\/tr>\n<tr>\n<td colspan=\"18\">Groupe de disques<\/td>\n<td colspan=\"42\">Oui<\/td>\n<\/tr>\n<tr>\n<td colspan=\"60\">Alarme<\/td>\n<\/tr>\n<tr>\n<td colspan=\"18\">Alarme g\u00e9n\u00e9rale<\/td>\n<td colspan=\"42\">D\u00e9tection de mouvement;\u00a0masquage de confidentialit\u00e9;\u00a0perte vid\u00e9o\u00a0;\u00a0alarme locale\u00a0;\u00a0alarme PIR\u00a0;\u00a0alarme IPC<\/td>\n<\/tr>\n<tr>\n<td colspan=\"18\">Alarme d&#8217;anomalie<\/td>\n<td colspan=\"42\">Appareil photo hors ligne\u00a0;\u00a0erreur de stockage\u00a0;\u00a0stockage complet;\u00a0conflit IP\u00a0;\u00a0conflit MAC\u00a0;\u00a0verrouillage de connexion\u00a0;\u00a0anomalie de s\u00e9curit\u00e9 du r\u00e9seau<\/td>\n<\/tr>\n<tr>\n<td colspan=\"18\">Alarme intelligente<\/td>\n<td colspan=\"42\">Protection p\u00e9rim\u00e9trique;\u00a0d\u00e9tection facial;\u00a0reconnaissance de visage;\u00a0CMS\u00a0;\u00a0m\u00e9tadonn\u00e9es vid\u00e9o (humaine\u00a0; v\u00e9hicule \u00e0 moteur\u00a0; v\u00e9hicule non motoris\u00e9)\u00a0;\u00a0ANPR;\u00a0comptage de personnes\u00a0;\u00a0analyse st\u00e9r\u00e9o;\u00a0r\u00e9partition des foules;<\/p>\n<p>carte de chaleur<\/td>\n<\/tr>\n<tr>\n<td colspan=\"18\">Liaison d&#8217;alarme<\/td>\n<td colspan=\"42\">Enregistrer;\u00a0instantan\u00e9;\u00a0Sortie d&#8217;alarme externe IPC\u00a0;\u00a0avertisseur sonore;\u00a0Journal;\u00a0pr\u00e9r\u00e9gl\u00e9\u00a0;\u00a0e-mail<\/td>\n<\/tr>\n<tr>\n<td colspan=\"60\">Port externe<\/td>\n<\/tr>\n<tr>\n<td colspan=\"18\">Entr\u00e9e audio<\/td>\n<td colspan=\"42\">1 canal, connecteur RCA<\/td>\n<\/tr>\n<tr>\n<td colspan=\"18\">Sortie audio<\/td>\n<td colspan=\"42\">1 canal, connecteur RCA, qui prend en charge la sortie interphone vocal<\/td>\n<\/tr>\n<tr>\n<td colspan=\"18\">Disque dur<\/td>\n<td colspan=\"42\">2 ports SATA III, jusqu&#8217;\u00e0 10 To pour un seul disque dur.\u00a0La capacit\u00e9 maximale du disque dur varie en fonction de la temp\u00e9rature ambiante<\/td>\n<\/tr>\n<tr>\n<td colspan=\"18\">Entr\u00e9e d&#8217;alarme<\/td>\n<td colspan=\"42\">4 canaux<\/td>\n<\/tr>\n<tr>\n<td colspan=\"18\">Sortie d&#8217;alarme<\/td>\n<td colspan=\"42\">2 canaux<\/td>\n<\/tr>\n<tr>\n<td colspan=\"18\">RS-232<\/td>\n<td colspan=\"42\">1 canal, utilis\u00e9 pour d\u00e9boguer et transmettre des donn\u00e9es s\u00e9rie<\/td>\n<\/tr>\n<tr>\n<td colspan=\"18\">RS-485<\/td>\n<td colspan=\"42\">1 canal, utilis\u00e9 pour contr\u00f4ler PTZ, et il prend en charge plusieurs protocoles<\/td>\n<\/tr>\n<tr>\n<td colspan=\"18\">USB<\/td>\n<td colspan=\"42\">1 port USB 2.0 avant, 1 port USB 3.0 arri\u00e8re<\/td>\n<\/tr>\n<tr>\n<td colspan=\"18\">HDMI<\/td>\n<td colspan=\"42\">1<\/td>\n<\/tr>\n<tr>\n<td colspan=\"18\">VGA<\/td>\n<td colspan=\"42\">1<\/td>\n<\/tr>\n<tr>\n<td colspan=\"18\">R\u00e9seau<\/td>\n<td colspan=\"42\">1 port Ethernet auto-adaptatif RJ-45 10\/100\/1000 Mbps<\/td>\n<\/tr>\n<tr>\n<td colspan=\"18\">PoE<\/td>\n<td colspan=\"42\">16 ports (IEEE802.3af\/at)<br \/>\n1\u00a0\u00e0\u00a08 ports prennent en charge ePoE et EoC<\/td>\n<\/tr>\n<tr>\n<td colspan=\"60\">Param\u00e8tre g\u00e9n\u00e9ral<\/td>\n<\/tr>\n<tr>\n<td colspan=\"18\">Source de courant<\/td>\n<td colspan=\"42\">Simple, 100 V\u2013240 V CA, 50 Hz\u201360 Hz<\/td>\n<\/tr>\n<tr>\n<td colspan=\"18\">Consommation d&#8217;\u00e9nergie<\/td>\n<td colspan=\"42\">NVR\u00a0: &lt; 15,2 W (sans disque dur)<br \/>\nPoE\u00a0: 25,5 W maximum pour<br \/>\nune puissance nominale totale de\u00a0130 W \u00e0 un seul port\u00a0, contr\u00f4le \u00e0 80\u00a0% pour la protection<\/td>\n<\/tr>\n<tr>\n<td colspan=\"18\">Poids net<\/td>\n<td colspan=\"42\">2,7 kg (6,0 lb) (sans disque dur)<\/td>\n<\/tr>\n<tr>\n<td colspan=\"18\">Poids brut<\/td>\n<td colspan=\"42\">4 kg (8,8 lb) (sans disque dur)<\/td>\n<\/tr>\n<tr>\n<td colspan=\"18\">dimensions du produit<\/td>\n<td colspan=\"42\">375,0 mm \u00d7 327,4 mm \u00d7 53,0 mm (14,8&#8243; \u00d7 12,9&#8243; \u00d7 2,1&#8243;)<\/td>\n<\/tr>\n<tr>\n<td colspan=\"18\">Dimensions de l&#8217;emballage<\/td>\n<td colspan=\"42\">429 mm \u00d7 137 mm \u00d7 360 mm (16,9&#8243; \u00d7 14,2&#8243; \u00d7 5,4&#8243;)<\/td>\n<\/tr>\n<tr>\n<td colspan=\"18\">Temp\u00e9rature de fonctionnement<\/td>\n<td colspan=\"42\">-10\u00b0C \u00e0 +55\u00b0C (+14\u00b0F \u00e0 +131\u00b0F)<\/td>\n<\/tr>\n<tr>\n<td colspan=\"18\">Temp\u00e9rature de stockage<\/td>\n<td colspan=\"42\">0\u00b0C \u00e0 +40\u00b0C (+32\u00b0F \u00e0 +104\u00b0F)<\/td>\n<\/tr>\n<tr>\n<td colspan=\"18\">humidit\u00e9 d&#8217;exploitation<\/td>\n<td colspan=\"42\">10\u00a0% \u00e0 93\u00a0% (HR)<\/td>\n<\/tr>\n<tr>\n<td colspan=\"18\">Humidit\u00e9 de stockage<\/td>\n<td colspan=\"42\">30\u00a0% \u00e0 85\u00a0% (HR)<\/td>\n<\/tr>\n<tr>\n<td colspan=\"18\">Altitude de fonctionnement<\/td>\n<td colspan=\"42\">3 000 m (9 843 pi)<\/td>\n<\/tr>\n<tr>\n<td colspan=\"18\">Certifications<\/td>\n<td colspan=\"42\">CE\u00a0: EN55032\u00a0;\u00a0EN55024\u00a0;\u00a0EN50130-4\u00a0;\u00a0EN60950-1<br \/>\nFCC : Partie 15 Sous-partie B ;\u00a0ANSI C63.4-2014<br \/>\nUL : UL 60950-1<\/td>\n<\/tr>\n<\/tbody>\n<\/table>\n","protected":false},"excerpt":{"rendered":"<h1 class=\"text\" data-gtm-vis-has-fired-10552706_181=\"1\" data-gtm-vis-recent-on-screen-10552706_184=\"460\" data-gtm-vis-first-on-screen-10552706_184=\"460\" data-gtm-vis-total-visible-time-10552706_184=\"100\" data-gtm-vis-has-fired-10552706_184=\"1\" data-gtm-vis-recent-on-screen-10552706_192=\"461\" data-gtm-vis-first-on-screen-10552706_192=\"461\" data-gtm-vis-total-visible-time-10552706_192=\"100\" data-gtm-vis-has-fired-10552706_192=\"1\" data-gtm-vis-recent-on-screen-10552706_193=\"462\" data-gtm-vis-first-on-screen-10552706_193=\"462\" data-gtm-vis-total-visible-time-10552706_193=\"100\" data-gtm-vis-has-fired-10552706_193=\"1\" data-gtm-vis-recent-on-screen-10552706_194=\"462\" data-gtm-vis-first-on-screen-10552706_194=\"462\" data-gtm-vis-total-visible-time-10552706_194=\"100\" data-gtm-vis-has-fired-10552706_194=\"1\" data-gtm-vis-has-fired-10552706_195=\"1\" data-gtm-vis-recent-on-screen-10552706_196=\"464\" data-gtm-vis-first-on-screen-10552706_196=\"464\" data-gtm-vis-total-visible-time-10552706_196=\"100\" data-gtm-vis-has-fired-10552706_196=\"1\" data-gtm-vis-recent-on-screen-10552706_217=\"466\" data-gtm-vis-first-on-screen-10552706_217=\"466\" data-gtm-vis-total-visible-time-10552706_217=\"100\" data-gtm-vis-has-fired-10552706_217=\"1\"><span style=\"font-size: 12pt;\"><strong>Enregistreur vid\u00e9o r\u00e9seau 16\/32 canaux 1U 2 disques durs 16PoE 4K et H.265 Pro<\/strong><\/span><\/h1>\n<ul>\n<li>Acc\u00e8s vid\u00e9o IP 16\/32 canaux<\/li>\n<li>Smart H.265+\/Smart H.264+\/H.265\/H.264\/MJPEG ; Commutateur automatique H.265<\/li>\n<li>Bande passante entrante max 320 Mbps<\/li>\n<li>R\u00e9solution jusqu&#8217;\u00e0 24MP pour l&#8217;affichage et la lecture en direct<\/li>\n<li>Correction fisheye \u00e0 1 canal (AI par NVR)<\/li>\n<li>AI par cam\u00e9ra : protection p\u00e9rim\u00e9trique ; d\u00e9tection et reconnaissance des visages ; CMS Plus ; m\u00e9tadonn\u00e9es vid\u00e9o ; ANPR; comptage de personnes ; analyse st\u00e9r\u00e9o; r\u00e9partition des foules; carte de chaleur<\/li>\n<li>Prise en charge IPC UPnP, 16 ports PoE<\/li>\n<\/ul>\n","protected":false},"featured_media":19715,"comment_status":"closed","ping_status":"closed","template":"","meta":{"om_disable_all_campaigns":false,"_monsterinsights_skip_tracking":false,"_monsterinsights_sitenote_active":false,"_monsterinsights_sitenote_note":"","_monsterinsights_sitenote_category":0},"product_cat":[334,490],"product_tag":[],"class_list":{"0":"post-19685","1":"product","2":"type-product","3":"status-publish","4":"has-post-thumbnail","6":"product_cat-nvr-dahua","7":"product_cat-nvr-serie-pro","9":"first","10":"instock","11":"shipping-taxable","12":"purchasable","13":"product-type-simple","14":"add-to-wishlist-after_add_to_cart"},"aioseo_notices":[],"_links":{"self":[{"href":"https:\/\/tthcompany.ma\/index.php\/wp-json\/wp\/v2\/product\/19685","targetHints":{"allow":["GET"]}}],"collection":[{"href":"https:\/\/tthcompany.ma\/index.php\/wp-json\/wp\/v2\/product"}],"about":[{"href":"https:\/\/tthcompany.ma\/index.php\/wp-json\/wp\/v2\/types\/product"}],"replies":[{"embeddable":true,"href":"https:\/\/tthcompany.ma\/index.php\/wp-json\/wp\/v2\/comments?post=19685"}],"wp:featuredmedia":[{"embeddable":true,"href":"https:\/\/tthcompany.ma\/index.php\/wp-json\/wp\/v2\/media\/19715"}],"wp:attachment":[{"href":"https:\/\/tthcompany.ma\/index.php\/wp-json\/wp\/v2\/media?parent=19685"}],"wp:term":[{"taxonomy":"product_cat","embeddable":true,"href":"https:\/\/tthcompany.ma\/index.php\/wp-json\/wp\/v2\/product_cat?post=19685"},{"taxonomy":"product_tag","embeddable":true,"href":"https:\/\/tthcompany.ma\/index.php\/wp-json\/wp\/v2\/product_tag?post=19685"}],"curies":[{"name":"wp","href":"https:\/\/api.w.org\/{rel}","templated":true}]}}